{"id":3755,"date":"2019-07-13T07:47:30","date_gmt":"2019-07-13T07:47:30","guid":{"rendered":"https:\/\/get-responsive.com\/dutchharvest-nieuw\/home\/"},"modified":"2022-01-30T14:48:06","modified_gmt":"2022-01-30T14:48:06","slug":"home","status":"publish","type":"page","link":"https:\/\/dutchharvest.org\/de\/","title":{"rendered":"Home"},"content":{"rendered":"<div class=\"wpb-content-wrapper\"><p>[vc_row gap=&#8220;35&#8243;][vc_column width=&#8220;1\/3&#8243;][vc_column_text]<\/p>\n<h2>Unsere Mission<\/h2>\n<p>[\/vc_column_text][vc_single_image image=&#8220;5022&#8243; img_size=&#8220;full&#8220; onclick=&#8220;custom_link&#8220; css=&#8220;.vc_custom_1571512937978{margin-top: -25px !important;}&#8220; link=&#8220;http:\/\/dutchharvest.org\/de\/uber-uns\/unsere-mission\/&#8220;][vc_column_text el_class=&#8220;.tekst-onder-afbeelding&#8220;]Hanf ist \u00fcber Jahrtausende wichtiger Rohstoff vieler Kulturen gewesen. Gerade in der heutigen Zeit k\u00f6nnen wir diese au\u00dfergew\u00f6hnliche Pflanze wieder nutzen, f\u00fcr viele nachhaltige und gesunde Produkte. <a href=\"http:\/\/dutchharvest.org\/de\/uber-uns\/unsere-mission\/\">Weiter lesen &gt;&gt;<\/a>[\/vc_column_text][vc_column_text]<\/p>\n<h2>CBD und Hanftee<\/h2>\n<p>[\/vc_column_text][vc_single_image image=&#8220;5032&#8243; img_size=&#8220;full&#8220; onclick=&#8220;custom_link&#8220; css=&#8220;.vc_custom_1571513089809{margin-top: -30px !important;}&#8220; link=&#8220;http:\/\/dutchharvest.org\/de\/hanftee\/wirkung-cbd\/&#8220;][vc_column_text el_class=&#8220;.tekst-onder-afbeelding&#8220;]Enth\u00e4lt Hanftee auch CBD? Was genau ist CBD? Welche Wirkung hat CBD? <a href=\"http:\/\/dutchharvest.org\/de\/hanftee\/wirkung-cbd\/\">Mehr info &gt;&gt;<\/a>[\/vc_column_text][\/vc_column][vc_column width=&#8220;1\/3&#8243;][vc_column_text]<\/p>\n<h2>Unsere Produkte<\/h2>\n<p>[\/vc_column_text][vc_single_image image=&#8220;5025&#8243; img_size=&#8220;full&#8220; onclick=&#8220;custom_link&#8220; css=&#8220;.vc_custom_1571513018850{margin-top: -25px !important;}&#8220; link=&#8220;http:\/\/dutchharvest.org\/de\/hanftee\/bio-hanftee\/&#8220;][vc_column_text el_class=&#8220;.tekst-onder-afbeelding&#8220;]Wir stellen Hanftee pur und in vier erlesenen Kr\u00e4utermischungen her. K\u00f6stlich, wohltuend, \u00fcberraschend und 100% biologisch. <a href=\"http:\/\/dutchharvest.org\/de\/hanftee\/bio-hanftee\/\">Alle Produkte &gt;&gt;<\/a>[\/vc_column_text][vc_column_text]<\/p>\n<h2>Hanftee kaufen<\/h2>\n<p>[\/vc_column_text][vc_single_image image=&#8220;5036&#8243; img_size=&#8220;full&#8220; onclick=&#8220;custom_link&#8220; css=&#8220;.vc_custom_1610448833072{margin-top: -30px !important;}&#8220; link=&#8220;https:\/\/dutchharvest.org\/de\/hanftee-kaufen\/store-locator\/&#8220;][vc_column_text el_class=&#8220;.tekst-onder-afbeelding&#8220;]Dutch Harvest Hanftee wird in immer mehr Gesch\u00e4ften zum Kauf angeboten. <a href=\"https:\/\/dutchharvest.org\/de\/hanftee-kaufen\/store-locator\/\">Alle Verkaufsstellen &gt;&gt;<\/a>[\/vc_column_text][\/vc_column][vc_column width=&#8220;1\/3&#8243;][vc_column_text]<\/p>\n<h2>Film aus dem Hanffeld<\/h2>\n<p>[\/vc_column_text][vc_video link=&#8220;https:\/\/vimeo.com\/499993367&#8243; css=&#8220;.vc_custom_1610537594430{margin-top: -25px !important;}&#8220;][vc_column_text el_class=&#8220;.tekst-onder-afbeelding&#8220;]Wir nehmen dich mit auf unsere Hanfplantagen. Wie sehen die Pflanzen zur Zeit aus? Wie machen wir den Hanftee? <a href=\"http:\/\/dutchharvest.org\/de\/unsere-produkte\/vom-anbau-zum-aufguss\/\">Hier ansehen &gt;&gt;<\/a>[\/vc_column_text][vc_column_text]<\/p>\n<h2>F\u00fcr H\u00e4ndler<\/h2>\n<p>[\/vc_column_text][vc_single_image image=&#8220;7300&#8243; img_size=&#8220;full&#8220; onclick=&#8220;custom_link&#8220; css=&#8220;.vc_custom_1643554083160{margin-top: -30px !important;}&#8220; link=&#8220;http:\/\/dutchharvest.org\/de\/fur-handler\/&#8220;][vc_column_text el_class=&#8220;.tekst-onder-afbeelding&#8220;]Wollen Sie Dutch Harvest in Ihrem Gesch\u00e4ft oder Caf\u00e9 verkaufen? Gerne! Sie k\u00f6nnen Dutch Harvest \u00fcber den Gro\u00dfhandel oder direkt bei uns kaufen. <a href=\"http:\/\/dutchharvest.org\/de\/fur-handler\/\">Mehr Information &gt;&gt;<\/a>[\/vc_column_text][\/vc_column][\/vc_row]<\/p>\n<\/div>","protected":false},"excerpt":{"rendered":"<p>[vc_row gap=&#8220;35&#8243;][vc_column width=&#8220;1\/3&#8243;][vc_column_text] Unsere Mission [\/vc_column_text][vc_single_image image=&#8220;5022&#8243; img_size=&#8220;full&#8220; onclick=&#8220;custom_link&#8220; css=&#8220;.vc_custom_1571512937978{margin-top: -25px !important;}&#8220; link=&#8220;http:\/\/dutchharvest.org\/de\/uber-uns\/unsere-mission\/&#8220;][vc_column_text el_class=&#8220;.tekst-onder-afbeelding&#8220;]Hanf ist \u00fcber Jahrtausende wichtiger Rohstoff vieler Kulturen gewesen. Gerade in der heutigen Zeit k\u00f6nnen wir diese au\u00dfergew\u00f6hnliche Pflanze wieder nutzen, f\u00fcr viele nachhaltige und gesunde Produkte. Weiter lesen &gt;&gt;[\/vc_column_text][vc_column_text] CBD und Hanftee [\/vc_column_text][vc_single_image image=&#8220;5032&#8243; img_size=&#8220;full&#8220; onclick=&#8220;custom_link&#8220; css=&#8220;.vc_custom_1571513089809{margin-top: -30px !important;}&#8220; link=&#8220;http:\/\/dutchharvest.org\/de\/hanftee\/wirkung-cbd\/&#8220;][vc_column_text el_class=&#8220;.tekst-onder-afbeelding&#8220;]Enth\u00e4lt&hellip;<\/p>\n","protected":false},"author":1,"featured_media":0,"parent":0,"menu_order":1,"comment_status":"closed","ping_status":"closed","template":"","meta":{"footnotes":"","_links_to":"","_links_to_target":""},"class_list":["post-3755","page","type-page","status-publish","hentry","description-off"],"yoast_head":"<!-- This site is optimized with the Yoast SEO plugin v27.4 - https:\/\/yoast.com\/product\/yoast-seo-wordpress\/ -->\n<title>Home - Dutch Harvest<\/title>\n<meta name=\"robots\" content=\"index, follow, max-snippet:-1, max-image-preview:large, max-video-preview:-1\" \/>\n<link rel=\"canonical\" href=\"https:\/\/dutchharvest.org\/de\/\" \/>\n<meta property=\"og:locale\" content=\"de_DE\" \/>\n<meta property=\"og:type\" content=\"article\" \/>\n<meta property=\"og:title\" content=\"Home - Dutch Harvest\" \/>\n<meta property=\"og:description\" content=\"[vc_row gap=&#8220;35&#8243;][vc_column width=&#8220;1\/3&#8243;][vc_column_text] Unsere Mission [\/vc_column_text][vc_single_image image=&#8220;5022&#8243; img_size=&#8220;full&#8220; onclick=&#8220;custom_link&#8220; css=&#8220;.vc_custom_1571512937978{margin-top: -25px !important;}&#8220; link=&#8220;http:\/\/dutchharvest.org\/de\/uber-uns\/unsere-mission\/&#8220;][vc_column_text el_class=&#8220;.tekst-onder-afbeelding&#8220;]Hanf ist \u00fcber Jahrtausende wichtiger Rohstoff vieler Kulturen gewesen. Gerade in der heutigen Zeit k\u00f6nnen wir diese au\u00dfergew\u00f6hnliche Pflanze wieder nutzen, f\u00fcr viele nachhaltige und gesunde Produkte. Weiter lesen &gt;&gt;[\/vc_column_text][vc_column_text] CBD und Hanftee [\/vc_column_text][vc_single_image image=&#8220;5032&#8243; img_size=&#8220;full&#8220; onclick=&#8220;custom_link&#8220; css=&#8220;.vc_custom_1571513089809{margin-top: -30px !important;}&#8220; link=&#8220;http:\/\/dutchharvest.org\/de\/hanftee\/wirkung-cbd\/&#8220;][vc_column_text el_class=&#8220;.tekst-onder-afbeelding&#8220;]Enth\u00e4lt&hellip;\" \/>\n<meta property=\"og:url\" content=\"https:\/\/dutchharvest.org\/de\/\" \/>\n<meta property=\"og:site_name\" content=\"Dutch Harvest\" \/>\n<meta property=\"article:publisher\" content=\"https:\/\/www.facebook.com\/DutchHarvestHennepThee\/\" \/>\n<meta property=\"article:modified_time\" content=\"2022-01-30T14:48:06+00:00\" \/>\n<meta name=\"twitter:card\" content=\"summary_large_image\" \/>\n<meta name=\"twitter:label1\" content=\"Gesch\u00e4tzte Lesezeit\" \/>\n\t<meta name=\"twitter:data1\" content=\"1\u00a0Minute\" \/>\n<script type=\"application\/ld+json\" class=\"yoast-schema-graph\">{\"@context\":\"https:\\\/\\\/schema.org\",\"@graph\":[{\"@type\":\"WebPage\",\"@id\":\"https:\\\/\\\/dutchharvest.org\\\/de\\\/\",\"url\":\"https:\\\/\\\/dutchharvest.org\\\/de\\\/\",\"name\":\"Home - Dutch Harvest\",\"isPartOf\":{\"@id\":\"https:\\\/\\\/dutchharvest.org\\\/de\\\/#website\"},\"datePublished\":\"2019-07-13T07:47:30+00:00\",\"dateModified\":\"2022-01-30T14:48:06+00:00\",\"breadcrumb\":{\"@id\":\"https:\\\/\\\/dutchharvest.org\\\/de\\\/#breadcrumb\"},\"inLanguage\":\"de\",\"potentialAction\":[{\"@type\":\"ReadAction\",\"target\":[\"https:\\\/\\\/dutchharvest.org\\\/de\\\/\"]}]},{\"@type\":\"BreadcrumbList\",\"@id\":\"https:\\\/\\\/dutchharvest.org\\\/de\\\/#breadcrumb\",\"itemListElement\":[{\"@type\":\"ListItem\",\"position\":1,\"name\":\"Home\",\"item\":\"https:\\\/\\\/dutchharvest.org\\\/de\\\/\"},{\"@type\":\"ListItem\",\"position\":2,\"name\":\"Home\"}]},{\"@type\":\"WebSite\",\"@id\":\"https:\\\/\\\/dutchharvest.org\\\/de\\\/#website\",\"url\":\"https:\\\/\\\/dutchharvest.org\\\/de\\\/\",\"name\":\"Dutch Harvest\",\"description\":\"Milde hennepthee van Nederlandse bodem\",\"potentialAction\":[{\"@type\":\"SearchAction\",\"target\":{\"@type\":\"EntryPoint\",\"urlTemplate\":\"https:\\\/\\\/dutchharvest.org\\\/de\\\/?s={search_term_string}\"},\"query-input\":{\"@type\":\"PropertyValueSpecification\",\"valueRequired\":true,\"valueName\":\"search_term_string\"}}],\"inLanguage\":\"de\"}]}<\/script>\n<!-- \/ Yoast SEO plugin. -->","yoast_head_json":{"title":"Home - Dutch Harvest","robots":{"index":"index","follow":"follow","max-snippet":"max-snippet:-1","max-image-preview":"max-image-preview:large","max-video-preview":"max-video-preview:-1"},"canonical":"https:\/\/dutchharvest.org\/de\/","og_locale":"de_DE","og_type":"article","og_title":"Home - Dutch Harvest","og_description":"[vc_row gap=&#8220;35&#8243;][vc_column width=&#8220;1\/3&#8243;][vc_column_text] Unsere Mission [\/vc_column_text][vc_single_image image=&#8220;5022&#8243; img_size=&#8220;full&#8220; onclick=&#8220;custom_link&#8220; css=&#8220;.vc_custom_1571512937978{margin-top: -25px !important;}&#8220; link=&#8220;http:\/\/dutchharvest.org\/de\/uber-uns\/unsere-mission\/&#8220;][vc_column_text el_class=&#8220;.tekst-onder-afbeelding&#8220;]Hanf ist \u00fcber Jahrtausende wichtiger Rohstoff vieler Kulturen gewesen. Gerade in der heutigen Zeit k\u00f6nnen wir diese au\u00dfergew\u00f6hnliche Pflanze wieder nutzen, f\u00fcr viele nachhaltige und gesunde Produkte. Weiter lesen &gt;&gt;[\/vc_column_text][vc_column_text] CBD und Hanftee [\/vc_column_text][vc_single_image image=&#8220;5032&#8243; img_size=&#8220;full&#8220; onclick=&#8220;custom_link&#8220; css=&#8220;.vc_custom_1571513089809{margin-top: -30px !important;}&#8220; link=&#8220;http:\/\/dutchharvest.org\/de\/hanftee\/wirkung-cbd\/&#8220;][vc_column_text el_class=&#8220;.tekst-onder-afbeelding&#8220;]Enth\u00e4lt&hellip;","og_url":"https:\/\/dutchharvest.org\/de\/","og_site_name":"Dutch Harvest","article_publisher":"https:\/\/www.facebook.com\/DutchHarvestHennepThee\/","article_modified_time":"2022-01-30T14:48:06+00:00","twitter_card":"summary_large_image","twitter_misc":{"Gesch\u00e4tzte Lesezeit":"1\u00a0Minute"},"schema":{"@context":"https:\/\/schema.org","@graph":[{"@type":"WebPage","@id":"https:\/\/dutchharvest.org\/de\/","url":"https:\/\/dutchharvest.org\/de\/","name":"Home - Dutch Harvest","isPartOf":{"@id":"https:\/\/dutchharvest.org\/de\/#website"},"datePublished":"2019-07-13T07:47:30+00:00","dateModified":"2022-01-30T14:48:06+00:00","breadcrumb":{"@id":"https:\/\/dutchharvest.org\/de\/#breadcrumb"},"inLanguage":"de","potentialAction":[{"@type":"ReadAction","target":["https:\/\/dutchharvest.org\/de\/"]}]},{"@type":"BreadcrumbList","@id":"https:\/\/dutchharvest.org\/de\/#breadcrumb","itemListElement":[{"@type":"ListItem","position":1,"name":"Home","item":"https:\/\/dutchharvest.org\/de\/"},{"@type":"ListItem","position":2,"name":"Home"}]},{"@type":"WebSite","@id":"https:\/\/dutchharvest.org\/de\/#website","url":"https:\/\/dutchharvest.org\/de\/","name":"Dutch Harvest","description":"Milde hennepthee van Nederlandse bodem","potentialAction":[{"@type":"SearchAction","target":{"@type":"EntryPoint","urlTemplate":"https:\/\/dutchharvest.org\/de\/?s={search_term_string}"},"query-input":{"@type":"PropertyValueSpecification","valueRequired":true,"valueName":"search_term_string"}}],"inLanguage":"de"}]}},"_links":{"self":[{"href":"https:\/\/dutchharvest.org\/de\/wp-json\/wp\/v2\/pages\/3755","targetHints":{"allow":["GET"]}}],"collection":[{"href":"https:\/\/dutchharvest.org\/de\/wp-json\/wp\/v2\/pages"}],"about":[{"href":"https:\/\/dutchharvest.org\/de\/wp-json\/wp\/v2\/types\/page"}],"author":[{"embeddable":true,"href":"https:\/\/dutchharvest.org\/de\/wp-json\/wp\/v2\/users\/1"}],"replies":[{"embeddable":true,"href":"https:\/\/dutchharvest.org\/de\/wp-json\/wp\/v2\/comments?post=3755"}],"version-history":[{"count":29,"href":"https:\/\/dutchharvest.org\/de\/wp-json\/wp\/v2\/pages\/3755\/revisions"}],"predecessor-version":[{"id":7303,"href":"https:\/\/dutchharvest.org\/de\/wp-json\/wp\/v2\/pages\/3755\/revisions\/7303"}],"wp:attachment":[{"href":"https:\/\/dutchharvest.org\/de\/wp-json\/wp\/v2\/media?parent=3755"}],"curies":[{"name":"wp","href":"https:\/\/api.w.org\/{rel}","templated":true}]}}