{"id":5260,"date":"2019-10-11T12:27:26","date_gmt":"2019-10-11T12:27:26","guid":{"rendered":"http:\/\/dutchharvest.org\/unsere-mission\/"},"modified":"2019-10-27T08:05:20","modified_gmt":"2019-10-27T08:05:20","slug":"unsere-mission","status":"publish","type":"page","link":"https:\/\/dutchharvest.org\/de\/uber-uns\/unsere-mission\/","title":{"rendered":"Unsere Mission"},"content":{"rendered":"<div class=\"wpb-content-wrapper\"><p>[vc_row gap=&#8220;35&#8243; css=&#8220;.vc_custom_1568662338310{margin-top: 50px !important;}&#8220;][vc_column width=&#8220;2\/3&#8243;][vc_column_text]<\/p>\n<h2>Die Wiederentdeckung von Hanf<\/h2>\n<p>Wir wollen unseren herrlichen, gesunden und heilsamen Hanftee mit Jedem teilen. Aber unser Mission geht weit dar\u00fcber hinaus &#8211; die Kraft von Hanf wieder zu entdecken.<\/p>\n<p>Dutch Harvest Begr\u00fcnderin Esther Molenwijk setzte sich als Nachhaltigkeitsexpertin beharrlich f\u00fcr nachhaltige, lokale Rohstoffe, gegen den Klimawandel und f\u00fcr eine zunehmend vegetarische Ern\u00e4hrung ein. Immer \u00f6fter begegnete ihr Hanf als besonders nachhaltiger Rohstoff f\u00fcr Baumaterialien, Textilien und Lebensmittel. Dennoch schien das Wissen \u00fcber diese Pflanze wenig verbreitet zu sein. Noch immer wurde Hanf in der \u00d6ffentlichkeit haupts\u00e4chlich mit Marihuana assoziiert. Sie bereiste wissenschaftliche Kongresse und besuchte Hanfbetriebe, stets angetrieben von der Frage: Wie k\u00f6nnen wir die Kraft von Hanf wieder f\u00fcr eine nachhaltige und gesunde Gesellschaft nutzen?<\/p>\n<p>Als sie feststellte, dass die Bl\u00fcten und Bl\u00e4tter von Nutzhanf noch nicht verwendet wurden, jedoch hervorragend geeignet waren f\u00fcr einen herrlichen und gesunden Tee, war die Idee schnell geboren: Hanftee als k\u00f6stliche Wiederentdeckung dieser vielseitigen Pflanze.<\/p>\n<p>Auf jeder Verpackung erz\u00e4hlen wir seitdem die Geschichte des Hanfs und tragen sie so mit jedem Paket Tee in die Welt.[\/vc_column_text][\/vc_column][vc_column width=&#8220;1\/3&#8243;][vc_single_image image=&#8220;5390&#8243; img_size=&#8220;full&#8220; onclick=&#8220;link_image&#8220;][\/vc_column][\/vc_row][vc_row gap=&#8220;35&#8243;][vc_column width=&#8220;1\/3&#8243;][vc_column_text]<\/p>\n<h2><strong>Hanf in der Geschichte<\/strong><\/h2>\n<p>[\/vc_column_text][vc_single_image image=&#8220;5169&#8243; img_size=&#8220;full&#8220; css=&#8220;.vc_custom_1570633420201{margin-top: -25px !important;}&#8220;][vc_column_text el_class=&#8220;.tekst-onder-afbeelding&#8220;]Hanf z\u00e4hlt zu den \u00e4ltesten Kulturpflanzen der Menschheit und war in vielen Kulturen wichtiger Rohstoff. In Sibirien wurden bereits vor mehr als 5000 Jahren Textilien aus Hanf hergestellt. In der traditionellen chinesischen Medizin hatte Hanf wegen seiner nat\u00fcrlichen Heilkr\u00e4fte schon vor Jahrhunderten einen festen Platz. Und nicht zuletzt wird Hanf als das Erd\u00f6l der industriellen Revolution beschreiben, dessen Aufstieg in den 1930er Jahren von der Kunststoffindustrie abrupt gestoppt wurde.[\/vc_column_text][vc_column_text]<\/p>\n<h2><strong>Geschichte des Hanfs in den Niederlanden<\/strong><\/h2>\n<p>[\/vc_column_text][vc_single_image image=&#8220;5172&#8243; img_size=&#8220;full&#8220; css=&#8220;.vc_custom_1570633487631{margin-top: -25px !important;}&#8220;][vc_column_text el_class=&#8220;.tekst-onder-afbeelding&#8220;]In den Niederlanden hatte der Hanf im 17. Jahrhunderts seine gro\u00dfe Zeit. F\u00fcr jedes Schiff der VOC (Flotte der niederl\u00e4ndischen Handelsh\u00e4user) wurden damals ca. 50 \u2013 100 Tonnen Hanf verarbeitet. Sowohl die starken Schiffstaue als auch die Segel bestanden aus Hanf. Leider waren die Verarbeitungsprozesse damals noch sehr arbeitsintensiv. Au\u00dferdem begannen Dampfmaschinen die Schifffahrt zu dominieren. Und so wurde der wertvolle Rohstoff im 18. Jahrhundert wieder fallen gelassen.[\/vc_column_text][vc_column_text]<\/p>\n<h2><strong>Hanfverbot in Amerika<\/strong><\/h2>\n<p>[\/vc_column_text][vc_single_image image=&#8220;5181&#8243; img_size=&#8220;full&#8220; css=&#8220;.vc_custom_1570633650784{margin-top: -25px !important;}&#8220;][vc_column_text el_class=&#8220;.tekst-onder-afbeelding&#8220;]In den 30er Jahren des letzten Jahrhunderts bahnte sich das erste Comeback f\u00fcr die Hanfpflanze an. Durch neue Maschinen konnten die Produktionsprozesse substantiell verbessert werden. Begeistert riefen die Tageszeitungen \u201ethe billion dollar crop\u201c aus. Doch eine starke Lobby aus f\u00fchrenden K\u00f6pfen der Textilindustrie und des Holzhandels stellte sich dem entgegen. Sie brachten den Hanf in Verruf, indem sie ihn mit den Marihuanazigaretten assoziierten, welche die farbigen Jazzmusiker rauchten. So gelang es ihnen den kostbaren Rohstoff als gef\u00e4hrliche Droge abzustempeln. Daraufhin wurde die industrielle Verarbeitung von Hanf verboten. Inzwischen wird deutlich zwischen Nutzhanf und Marihuanahanf unterschieden und so darf Nutzhanf in den meisten L\u00e4ndern wieder angebaut werden.[\/vc_column_text][\/vc_column][vc_column width=&#8220;1\/3&#8243;][vc_column_text]<\/p>\n<h2><strong>Hanfhaus in Oude Pekela (Groningen)<\/strong><\/h2>\n<p>[\/vc_column_text][vc_video link=&#8220;https:\/\/www.youtube.com\/watch?v=m5O3oIyhEQc&#8220; css=&#8220;.vc_custom_1564778185257{margin-top: -25px !important;}&#8220;][vc_column_text css=&#8220;.vc_custom_1571561720850{margin-top: -30px !important;padding-top: 0px !important;}&#8220;]2018 hat der Hanfbetrieb <a href=\"https:\/\/dunagrohempgroup.nl\/\" target=\"_blank\" rel=\"noopener noreferrer\">Dun Agro<\/a> das erste echte Hanfhaus fertiggestellt. Sowohl das Dach als auch die Mauern, alles besteht aus Hanf. Klingt das nicht vielversprechend? Eine Siedlung gebaut aus einem regionalen Rohstoff, biologisch angebaut und verarbeitet? Nachhaltiger wohnen geht nicht! Und: das Haus ist \u2013 in dieser Region von besonderer Bedeutung \u2013 sogar erdbebensicher. Sieh dir hier an, wie ein Hanfhaus gebaut wird.[\/vc_column_text][vc_column_text]<\/p>\n<h2><strong>Kleidung aus Hanf h\u00e4lt l\u00e4nger<\/strong><\/h2>\n<p>[\/vc_column_text][vc_single_image image=&#8220;5175&#8243; img_size=&#8220;full&#8220; css=&#8220;.vc_custom_1570633552464{margin-top: -25px !important;}&#8220;][vc_column_text el_class=&#8220;.tekst-onder-afbeelding&#8220;]Hanf w\u00e4chst schneller als Baumwolle, ist frei von Schadstoffen und kann sogar in den k\u00e4lteren Regionen Europas angebaut werden. Au\u00dferdem sind Stoffe aus Hanf extrem langlebig, wasserabsorbierend und hypo-allergen. W\u00e4re es nicht fantastisch, wenn Hanf sich auch in der Textilindustrie durchsetzen k\u00f6nnte? Clarent Savi hat die Qualit\u00e4t von Hanf bereits entdeckt und in seiner Marke <a href=\"https:\/\/www.hempje.com\/\" target=\"_blank\" rel=\"noopener noreferrer\">Hempje<\/a> verarbeitet.[\/vc_column_text][\/vc_column][vc_column width=&#8220;1\/3&#8243;][vc_column_text]<\/p>\n<h2><strong>Viele gute Gr\u00fcnde f\u00fcr den Hanfanbau <\/strong><\/h2>\n<p>[\/vc_column_text][vc_column_text el_class=&#8220;.tekst-onder-afbeelding&#8220;]<\/p>\n<ul>\n<li>Hanf kommt komplett ohne Pflanzenschutzmittel aus, denn er \u00fcberwuchert einfach jedes Unkraut.<\/li>\n<li>Gleichzeitig wird f\u00fcr den Anbau von Hanf kaum Wasser ben\u00f6tigt. Gelegentlich ein kleiner Regenschauer, das ist genug.<\/li>\n<li>Au\u00dferdem w\u00e4chst Hanf extrem schnell: Die Pflanzen k\u00f6nnen in 100 Tagen mehr als 3 Meter in die H\u00f6he schie\u00dfen.<\/li>\n<li>Hanf nimmt zudem besonders viel CO<sub>2<\/sub>\u00a0pro Hektar auf.<\/li>\n<li>Nicht zuletzt wurzelt die Pflanze ungew\u00f6hnlich tief und hilft so die Bodenstruktur zu verbessern.<\/li>\n<\/ul>\n<p>[\/vc_column_text][vc_column_text]<\/p>\n<h2><strong>Hanf-Kollektiv\u00a0<\/strong><\/h2>\n<p>[\/vc_column_text][vc_single_image image=&#8220;5178&#8243; img_size=&#8220;300 x 201&#8243; css=&#8220;.vc_custom_1570633607022{margin-top: -25px !important;margin-bottom: 40px !important;}&#8220;][vc_column_text el_class=&#8220;.tekst-onder-afbeelding&#8220;]Eine so traditionsreiche Pflanze, die derart nachhaltig angebaut werden kann und gleichzeitig so vielf\u00e4ltig nutzbar ist, sollte uns in der heutigen Zeit Gold wert sein. Hanf kann und sollte ein Baustein sein auf unserem Weg zu einer nachhaltigen \u00d6konomie, in der wir unsere nat\u00fcrlichen Rohstoffe besser, bewusster nutzen. In den Niederlanden gibt es zur Zeit zwei gro\u00dfe Betriebe, die Hanf anbauen und verarbeiten. Allerdings sind die M\u00f6glichkeiten seiner Verwendung noch lange nicht ausgesch\u00f6pft. Darum wurde das Hanf-Kollektiv ins Leben gerufen: um das enorme Potenzial des Rohstoffs an die \u00d6ffentlichkeit zu bringen. Auch Dutch Harvest hat sich dieser Initiative angeschlossen. <a href=\"http:\/\/www.hempcollective.nl\/\" target=\"_blank\" rel=\"noopener noreferrer\">www.hempcollective.nl<\/a>[\/vc_column_text][\/vc_column][\/vc_row][vc_row][vc_column][vc_column_text]<\/p>\n<p>[\/vc_column_text][\/vc_column][\/vc_row][vc_row][vc_column][vc_empty_space height=&#8220;80px&#8220;][\/vc_column][\/vc_row][vc_row equal_height=&#8220;yes&#8220; rtl_reverse=&#8220;yes&#8220; content_placement=&#8220;top&#8220;][vc_column width=&#8220;1\/2&#8243;][vc_row_inner content_placement=&#8220;top&#8220;][vc_column_inner width=&#8220;1\/2&#8243; offset=&#8220;vc_hidden-sm vc_hidden-xs&#8220;][vc_single_image image=&#8220;5073&#8243; img_size=&#8220;200&#215;200&#8243; alignment=&#8220;right&#8220; style=&#8220;vc_box_circle&#8220; css=&#8220;.vc_custom_1570633752786{margin-top: -20px !important;}&#8220;][\/vc_column_inner][vc_column_inner width=&#8220;1\/2&#8243; offset=&#8220;vc_hidden-sm vc_hidden-xs&#8220;][vc_column_text]<\/p>\n<h5>Nicht stoned, aber lecker<\/h5>\n<p>[\/vc_column_text][vc_column_text el_class=&#8220;.tekst-onder-afbeelding&#8220;]Und was stellt sich noch heraus: Hanf enth\u00e4lt einen besonderen Wirkstoff: CBD.[\/vc_column_text]<style type=\"text\/css\" data-type=\"the7_shortcodes-inline-css\">#default-btn-354dd53adcfef10f0b8344c00d230c75.ico-right-side > i {\n  margin-right: 0px;\n  margin-left: 8px;\n}\n#default-btn-354dd53adcfef10f0b8344c00d230c75 > i {\n  margin-right: 8px;\n}<\/style><a href=\"https:\/\/dutchharvest.org\/de\/hanftee\/wirkung-cbd\/\" class=\"default-btn-shortcode dt-btn dt-btn-l link-hover-off btn-inline-left  vc_custom_1571734467992\" id=\"default-btn-354dd53adcfef10f0b8344c00d230c75\" title=\"Werking CBD\"><span>Wirkung CBD<\/span><\/a>[\/vc_column_inner][\/vc_row_inner][\/vc_column][vc_column width=&#8220;1\/2&#8243;][vc_row_inner][vc_column_inner width=&#8220;1\/2&#8243; offset=&#8220;vc_hidden-sm vc_hidden-xs&#8220;][vc_single_image image=&#8220;5114&#8243; img_size=&#8220;200&#215;200&#8243; alignment=&#8220;right&#8220; style=&#8220;vc_box_circle&#8220; onclick=&#8220;custom_link&#8220; css=&#8220;.vc_custom_1570633766847{margin-top: -20px !important;}&#8220; link=&#8220;http:\/\/dutchharvest.org\/updates-uit-t-hennepveld\/&#8220;][\/vc_column_inner][vc_column_inner width=&#8220;1\/2&#8243; offset=&#8220;vc_hidden-sm vc_hidden-xs&#8220;][vc_column_text]<\/p>\n<h5>Updates aus dem Hanffeld<\/h5>\n<p>[\/vc_column_text][vc_column_text el_class=&#8220;.tekst-onder-afbeelding&#8220;]Wie steht es derzeit um den Hanf? Mehr erfahren \u00fcber die neusten Entwicklungen bei Dutch Harvest?[\/vc_column_text]<style type=\"text\/css\" data-type=\"the7_shortcodes-inline-css\">#default-btn-3e5108c97b6a00734fd3ed35a842729e.ico-right-side > i {\n  margin-right: 0px;\n  margin-left: 8px;\n}\n#default-btn-3e5108c97b6a00734fd3ed35a842729e > i {\n  margin-right: 8px;\n}<\/style><a href=\"https:\/\/dutchharvest.org\/de\/hanftee\/produktionsprozess\/\" class=\"default-btn-shortcode dt-btn dt-btn-l link-hover-off btn-inline-left  vc_custom_1572083915217\" id=\"default-btn-3e5108c97b6a00734fd3ed35a842729e\" title=\"updates uit \u2019t hennepveld\"><span>Updates<\/span><\/a>[\/vc_column_inner][\/vc_row_inner][\/vc_column][\/vc_row][vc_row equal_height=&#8220;yes&#8220; rtl_reverse=&#8220;yes&#8220; content_placement=&#8220;top&#8220;][vc_column width=&#8220;1\/2&#8243;][vc_row_inner content_placement=&#8220;top&#8220;][vc_column_inner width=&#8220;1\/2&#8243; offset=&#8220;vc_hidden-lg vc_hidden-md&#8220;][vc_single_image image=&#8220;5073&#8243; img_size=&#8220;200&#215;200&#8243; alignment=&#8220;center&#8220; style=&#8220;vc_box_circle&#8220; css=&#8220;.vc_custom_1570633805776{margin-top: -20px !important;}&#8220;][\/vc_column_inner][vc_column_inner width=&#8220;1\/2&#8243; offset=&#8220;vc_hidden-lg vc_hidden-md&#8220;][vc_column_text]<\/p>\n<h5 style=\"text-align: center;\">Hanftee kaufen?<\/h5>\n<p>[\/vc_column_text][vc_column_text el_class=&#8220;.tekst-onder-afbeelding&#8220;]<\/p>\n<p style=\"text-align: center;\">Dutch Harvest Hanftee wird in immer mehr Gesch\u00e4ften und Webshops angeboten.<\/p>\n<p>[\/vc_column_text]<style type=\"text\/css\" data-type=\"the7_shortcodes-inline-css\">#default-btn-2c9fb314e4d5d82bc4f592201a81db83.ico-right-side > i {\n  margin-right: 0px;\n  margin-left: 8px;\n}\n#default-btn-2c9fb314e4d5d82bc4f592201a81db83 > i {\n  margin-right: 8px;\n}<\/style><div class=\"btn-align-center\"><a href=\"https:\/\/dutchharvest.org\/de\/hanftee\/wirkung-cbd\/\" class=\"default-btn-shortcode dt-btn dt-btn-l link-hover-off  vc_custom_1572163510072\" id=\"default-btn-2c9fb314e4d5d82bc4f592201a81db83\" title=\"Werking CBD\"><span>Wirkung CBD<\/span><\/a><\/div>[vc_empty_space height=&#8220;40px&#8220;][\/vc_column_inner][\/vc_row_inner][\/vc_column][vc_column width=&#8220;1\/2&#8243;][vc_row_inner][vc_column_inner width=&#8220;1\/2&#8243; offset=&#8220;vc_hidden-lg vc_hidden-md&#8220;][vc_single_image image=&#8220;5114&#8243; img_size=&#8220;200&#215;200&#8243; alignment=&#8220;center&#8220; style=&#8220;vc_box_circle&#8220; css=&#8220;.vc_custom_1570633815913{margin-top: -20px !important;}&#8220;][\/vc_column_inner][vc_column_inner width=&#8220;1\/2&#8243; offset=&#8220;vc_hidden-lg vc_hidden-md&#8220;][vc_column_text]<\/p>\n<h5 style=\"text-align: center;\">Updates aus dem Hanffeld<\/h5>\n<p>[\/vc_column_text][vc_column_text el_class=&#8220;.tekst-onder-afbeelding&#8220;]<\/p>\n<p style=\"text-align: center;\">Wie steht es derzeit um den Hanf? Mehr erfahren \u00fcber die neusten Entwicklungen bei Dutch Harvest?<\/p>\n<p>[\/vc_column_text]<style type=\"text\/css\" data-type=\"the7_shortcodes-inline-css\">#default-btn-a1a96da74e99c83cfca99c09548fa0f4.ico-right-side > i {\n  margin-right: 0px;\n  margin-left: 8px;\n}\n#default-btn-a1a96da74e99c83cfca99c09548fa0f4 > i {\n  margin-right: 8px;\n}<\/style><div class=\"btn-align-center\"><a href=\"https:\/\/dutchharvest.org\/de\/hanftee\/produktionsprozess\/\" class=\"default-btn-shortcode dt-btn dt-btn-l link-hover-off  vc_custom_1572163517239\" id=\"default-btn-a1a96da74e99c83cfca99c09548fa0f4\" title=\"updates uit \u2019t hennepveld\"><span>Updates<\/span><\/a><\/div>[vc_empty_space height=&#8220;40px&#8220;][\/vc_column_inner][\/vc_row_inner][\/vc_column][\/vc_row]<\/p>\n<\/div>","protected":false},"excerpt":{"rendered":"<p>[vc_row gap=&#8220;35&#8243; css=&#8220;.vc_custom_1568662338310{margin-top: 50px !important;}&#8220;][vc_column width=&#8220;2\/3&#8243;][vc_column_text] Die Wiederentdeckung von Hanf Wir wollen unseren herrlichen, gesunden und heilsamen Hanftee mit Jedem teilen. Aber unser Mission geht weit dar\u00fcber hinaus &#8211; die Kraft von Hanf wieder zu entdecken. Dutch Harvest Begr\u00fcnderin Esther Molenwijk setzte sich als Nachhaltigkeitsexpertin beharrlich f\u00fcr nachhaltige, lokale Rohstoffe, gegen den Klimawandel und f\u00fcr&hellip;<\/p>\n","protected":false},"author":1,"featured_media":0,"parent":5461,"menu_order":13,"comment_status":"closed","ping_status":"closed","template":"","meta":{"footnotes":"","_links_to":"","_links_to_target":""},"class_list":["post-5260","page","type-page","status-publish","hentry","description-off"],"yoast_head":"<!-- This site is optimized with the Yoast SEO plugin v27.3 - https:\/\/yoast.com\/product\/yoast-seo-wordpress\/ -->\n<title>Dutch Harvest - Onze Unsere Mission: Die Wiederentdeckung von Hanf<\/title>\n<meta name=\"description\" content=\"Wir wollen unseren herrlichen, gesunden und heilsamen Hanftee mit Jedem teilen. Aber unsere Mission geht weit dar\u00fcber hinaus: die Kraft von Hanf wieder zu entdecken.\" \/>\n<meta name=\"robots\" content=\"index, follow, max-snippet:-1, max-image-preview:large, max-video-preview:-1\" \/>\n<link rel=\"canonical\" href=\"https:\/\/dutchharvest.org\/de\/uber-uns\/unsere-mission\/\" \/>\n<meta property=\"og:locale\" content=\"de_DE\" \/>\n<meta property=\"og:type\" content=\"article\" \/>\n<meta property=\"og:title\" content=\"Dutch Harvest - Onze Unsere Mission: Die Wiederentdeckung von Hanf\" \/>\n<meta property=\"og:description\" content=\"Wir wollen unseren herrlichen, gesunden und heilsamen Hanftee mit Jedem teilen. Aber unsere Mission geht weit dar\u00fcber hinaus: die Kraft von Hanf wieder zu entdecken.\" \/>\n<meta property=\"og:url\" content=\"https:\/\/dutchharvest.org\/de\/uber-uns\/unsere-mission\/\" \/>\n<meta property=\"og:site_name\" content=\"Dutch Harvest\" \/>\n<meta property=\"article:publisher\" content=\"https:\/\/www.facebook.com\/DutchHarvestHennepThee\/\" \/>\n<meta property=\"article:modified_time\" content=\"2019-10-27T08:05:20+00:00\" \/>\n<meta name=\"twitter:card\" content=\"summary_large_image\" \/>\n<meta name=\"twitter:label1\" content=\"Gesch\u00e4tzte Lesezeit\" \/>\n\t<meta name=\"twitter:data1\" content=\"8\u00a0Minuten\" \/>\n<script type=\"application\/ld+json\" class=\"yoast-schema-graph\">{\"@context\":\"https:\\\/\\\/schema.org\",\"@graph\":[{\"@type\":\"WebPage\",\"@id\":\"https:\\\/\\\/dutchharvest.org\\\/de\\\/uber-uns\\\/unsere-mission\\\/\",\"url\":\"https:\\\/\\\/dutchharvest.org\\\/de\\\/uber-uns\\\/unsere-mission\\\/\",\"name\":\"Dutch Harvest - Onze Unsere Mission: Die Wiederentdeckung von Hanf\",\"isPartOf\":{\"@id\":\"https:\\\/\\\/dutchharvest.org\\\/de\\\/#website\"},\"datePublished\":\"2019-10-11T12:27:26+00:00\",\"dateModified\":\"2019-10-27T08:05:20+00:00\",\"description\":\"Wir wollen unseren herrlichen, gesunden und heilsamen Hanftee mit Jedem teilen. Aber unsere Mission geht weit dar\u00fcber hinaus: die Kraft von Hanf wieder zu entdecken.\",\"breadcrumb\":{\"@id\":\"https:\\\/\\\/dutchharvest.org\\\/de\\\/uber-uns\\\/unsere-mission\\\/#breadcrumb\"},\"inLanguage\":\"de\",\"potentialAction\":[{\"@type\":\"ReadAction\",\"target\":[\"https:\\\/\\\/dutchharvest.org\\\/de\\\/uber-uns\\\/unsere-mission\\\/\"]}]},{\"@type\":\"BreadcrumbList\",\"@id\":\"https:\\\/\\\/dutchharvest.org\\\/de\\\/uber-uns\\\/unsere-mission\\\/#breadcrumb\",\"itemListElement\":[{\"@type\":\"ListItem\",\"position\":1,\"name\":\"Home\",\"item\":\"https:\\\/\\\/dutchharvest.org\\\/de\\\/\"},{\"@type\":\"ListItem\",\"position\":2,\"name\":\"Uber Uns\",\"item\":\"https:\\\/\\\/dutchharvest.org\\\/de\\\/uber-uns\\\/\"},{\"@type\":\"ListItem\",\"position\":3,\"name\":\"Unsere Mission\"}]},{\"@type\":\"WebSite\",\"@id\":\"https:\\\/\\\/dutchharvest.org\\\/de\\\/#website\",\"url\":\"https:\\\/\\\/dutchharvest.org\\\/de\\\/\",\"name\":\"Dutch Harvest\",\"description\":\"Milde hennepthee van Nederlandse bodem\",\"potentialAction\":[{\"@type\":\"SearchAction\",\"target\":{\"@type\":\"EntryPoint\",\"urlTemplate\":\"https:\\\/\\\/dutchharvest.org\\\/de\\\/?s={search_term_string}\"},\"query-input\":{\"@type\":\"PropertyValueSpecification\",\"valueRequired\":true,\"valueName\":\"search_term_string\"}}],\"inLanguage\":\"de\"}]}<\/script>\n<!-- \/ Yoast SEO plugin. -->","yoast_head_json":{"title":"Dutch Harvest - Onze Unsere Mission: Die Wiederentdeckung von Hanf","description":"Wir wollen unseren herrlichen, gesunden und heilsamen Hanftee mit Jedem teilen. Aber unsere Mission geht weit dar\u00fcber hinaus: die Kraft von Hanf wieder zu entdecken.","robots":{"index":"index","follow":"follow","max-snippet":"max-snippet:-1","max-image-preview":"max-image-preview:large","max-video-preview":"max-video-preview:-1"},"canonical":"https:\/\/dutchharvest.org\/de\/uber-uns\/unsere-mission\/","og_locale":"de_DE","og_type":"article","og_title":"Dutch Harvest - Onze Unsere Mission: Die Wiederentdeckung von Hanf","og_description":"Wir wollen unseren herrlichen, gesunden und heilsamen Hanftee mit Jedem teilen. Aber unsere Mission geht weit dar\u00fcber hinaus: die Kraft von Hanf wieder zu entdecken.","og_url":"https:\/\/dutchharvest.org\/de\/uber-uns\/unsere-mission\/","og_site_name":"Dutch Harvest","article_publisher":"https:\/\/www.facebook.com\/DutchHarvestHennepThee\/","article_modified_time":"2019-10-27T08:05:20+00:00","twitter_card":"summary_large_image","twitter_misc":{"Gesch\u00e4tzte Lesezeit":"8\u00a0Minuten"},"schema":{"@context":"https:\/\/schema.org","@graph":[{"@type":"WebPage","@id":"https:\/\/dutchharvest.org\/de\/uber-uns\/unsere-mission\/","url":"https:\/\/dutchharvest.org\/de\/uber-uns\/unsere-mission\/","name":"Dutch Harvest - Onze Unsere Mission: Die Wiederentdeckung von Hanf","isPartOf":{"@id":"https:\/\/dutchharvest.org\/de\/#website"},"datePublished":"2019-10-11T12:27:26+00:00","dateModified":"2019-10-27T08:05:20+00:00","description":"Wir wollen unseren herrlichen, gesunden und heilsamen Hanftee mit Jedem teilen. Aber unsere Mission geht weit dar\u00fcber hinaus: die Kraft von Hanf wieder zu entdecken.","breadcrumb":{"@id":"https:\/\/dutchharvest.org\/de\/uber-uns\/unsere-mission\/#breadcrumb"},"inLanguage":"de","potentialAction":[{"@type":"ReadAction","target":["https:\/\/dutchharvest.org\/de\/uber-uns\/unsere-mission\/"]}]},{"@type":"BreadcrumbList","@id":"https:\/\/dutchharvest.org\/de\/uber-uns\/unsere-mission\/#breadcrumb","itemListElement":[{"@type":"ListItem","position":1,"name":"Home","item":"https:\/\/dutchharvest.org\/de\/"},{"@type":"ListItem","position":2,"name":"Uber Uns","item":"https:\/\/dutchharvest.org\/de\/uber-uns\/"},{"@type":"ListItem","position":3,"name":"Unsere Mission"}]},{"@type":"WebSite","@id":"https:\/\/dutchharvest.org\/de\/#website","url":"https:\/\/dutchharvest.org\/de\/","name":"Dutch Harvest","description":"Milde hennepthee van Nederlandse bodem","potentialAction":[{"@type":"SearchAction","target":{"@type":"EntryPoint","urlTemplate":"https:\/\/dutchharvest.org\/de\/?s={search_term_string}"},"query-input":{"@type":"PropertyValueSpecification","valueRequired":true,"valueName":"search_term_string"}}],"inLanguage":"de"}]}},"_links":{"self":[{"href":"https:\/\/dutchharvest.org\/de\/wp-json\/wp\/v2\/pages\/5260","targetHints":{"allow":["GET"]}}],"collection":[{"href":"https:\/\/dutchharvest.org\/de\/wp-json\/wp\/v2\/pages"}],"about":[{"href":"https:\/\/dutchharvest.org\/de\/wp-json\/wp\/v2\/types\/page"}],"author":[{"embeddable":true,"href":"https:\/\/dutchharvest.org\/de\/wp-json\/wp\/v2\/users\/1"}],"replies":[{"embeddable":true,"href":"https:\/\/dutchharvest.org\/de\/wp-json\/wp\/v2\/comments?post=5260"}],"version-history":[{"count":10,"href":"https:\/\/dutchharvest.org\/de\/wp-json\/wp\/v2\/pages\/5260\/revisions"}],"predecessor-version":[{"id":5664,"href":"https:\/\/dutchharvest.org\/de\/wp-json\/wp\/v2\/pages\/5260\/revisions\/5664"}],"up":[{"embeddable":true,"href":"https:\/\/dutchharvest.org\/de\/wp-json\/wp\/v2\/pages\/5461"}],"wp:attachment":[{"href":"https:\/\/dutchharvest.org\/de\/wp-json\/wp\/v2\/media?parent=5260"}],"curies":[{"name":"wp","href":"https:\/\/api.w.org\/{rel}","templated":true}]}}