{"id":5263,"date":"2019-10-11T13:09:21","date_gmt":"2019-10-11T13:09:21","guid":{"rendered":"http:\/\/dutchharvest.org\/unser-team\/"},"modified":"2020-07-06T12:52:15","modified_gmt":"2020-07-06T12:52:15","slug":"team","status":"publish","type":"page","link":"https:\/\/dutchharvest.org\/de\/uber-uns\/team\/","title":{"rendered":"Unser Team"},"content":{"rendered":"<div class=\"wpb-content-wrapper\"><p>[vc_row css=&#8220;.vc_custom_1564911879435{margin-top: -35px !important;}&#8220;][vc_column][vc_column_text]<\/p>\n<h1>Dutch Harvest entstand aus Begeisterung und Erstaunen.<\/h1>\n<p>Begeisterung f\u00fcr die Vielseitigkeit der Hanfpflanze und Erstaunen \u00fcber deren Unbekanntheit. F\u00fcge die Liebe f\u00fcr Tee hinzu, voil\u00e1: Das ist Dutch Harvest Hanftee![\/vc_column_text][\/vc_column][\/vc_row][vc_row gap=&#8220;35&#8243; css=&#8220;.vc_custom_1564579386635{margin-top: -20px !important;}&#8220;][vc_column width=&#8220;1\/3&#8243;][vc_column_text]<\/p>\n<h2><strong>Begr\u00fcnderin Esther Molenwijk<\/strong><\/h2>\n<p>[\/vc_column_text][vc_single_image image=&#8220;5189&#8243; img_size=&#8220;full&#8220; css=&#8220;.vc_custom_1570634354658{margin-top: -25px !important;}&#8220;][vc_column_text el_class=&#8220;.tekst-onder-afbeelding&#8220;]W\u00e4hrend meiner Arbeit als Nachhaltigkeitsexpertin mit eigener Firma,\u00a0begegnete mir Hanf immer h\u00e4ufiger. Ein \u00fcberaus nachhaltiger Rohstoff, so schien es, f\u00fcr Baumaterial, Textilien, Lebensmittel. Je mehr ich dar\u00fcber erfuhr, desto gr\u00f6\u00dfer wurde meine Faszination. Ich besuchte Hanfkongresse und Betriebe, um alles \u00fcber diese Pflanze zu erfahren. Und stets dr\u00e4ngender wurde die Frage: Wie k\u00f6nnen wir diesem wunderbaren Gew\u00e4chs wieder zu neuem Glanz verhelfen?<\/p>\n<p>2014 nahm ich bei der Hanfernte im nord\u00f6stlichen Groningen einige liegen gebliebene Bl\u00e4tter mit. Als echte Teeliebhaberin trocknete ich sie und machte daraus einen Teeaufguss. Und tats\u00e4chlich &#8211; es war ein leckerer, milder und dennoch leicht prickelnder Tee daraus geworden. Freunde, die ihn probierten, waren spontan ebenso begeistert wie ich. Und dieser Tee entsprach allem, was ich mir als Nachhaltigkeitsexpertin nur w\u00fcnschen konnte: ein regionales Produkt das komplett pestizidfrei w\u00e4chst und dabei auch noch die Bodenstruktur verbessert. So war die Idee schnell geboren: Hanftee als k\u00f6stliche Wiederentdeckung dieser einzigartig vielseitigen Pflanze.[\/vc_column_text][vc_column_text]<\/p>\n<h2><strong>Ernie van Dalen<\/strong><\/h2>\n<p>[\/vc_column_text][vc_single_image image=&#8220;5198&#8243; img_size=&#8220;full&#8220; css=&#8220;.vc_custom_1570634507168{margin-top: -25px !important;}&#8220;][vc_column_text el_class=&#8220;.tekst-onder-afbeelding&#8220;]Ernie van Dalen ist Energieexperte. Er will etwas bewegen. Auch er kam beruflich mit Hanf in Kontakt, im Rahmen eines Aufbauprojektes f\u00fcr verantwortungsvolle Betriebsf\u00fchrung. Inzwischen hat ihn die Begeisterung f\u00fcr die Vielseitigkeit der Pflanze und f\u00fcr die Menschen, die mit Hanf arbeiten, vollst\u00e4ndig gepackt. Als Partner von Dutch Harvest k\u00f6nnen wir in jeder Hinsicht auf ihn bauen: bei der Ernte, dem Mischen der Tees, selbst im Verkauf. Er ist immer mit dabei![\/vc_column_text][\/vc_column][vc_column width=&#8220;1\/3&#8243;][vc_column_text]<\/p>\n<h2><strong>Hanfbauer Albert Dun<\/strong><\/h2>\n<p>[\/vc_column_text][vc_single_image image=&#8220;5192&#8243; img_size=&#8220;full&#8220; css=&#8220;.vc_custom_1570634395538{margin-top: -25px !important;}&#8220;][vc_column_text el_class=&#8220;.tekst-onder-afbeelding&#8220;]Weitsichtig hatte auch der Nutzhanfbetrieb <a href=\"https:\/\/dunagrohempgroup.nl\/\" target=\"_blank\" rel=\"noopener noreferrer\">Dun Agro <\/a>den Wert der Bl\u00e4tter bereits erkannt. Albert Dun baut seit 20 Jahren f\u00fcr Produkte im Bauwesen und in der Autoindustrie Nutzhanf an. Sehr genau beobachtete er das wachsende medizinische Interesse am Hanf. 2013 entwickelte er daraufhin eine ganz neue Erntemaschine. Diese Maschine ist in der Lage nur den \u00e4u\u00dferen Teil der Pflanze, die j\u00fcngsten Bl\u00e4tter und Bl\u00fcten, abzuschneiden.<\/p>\n<p>Schnell konnten wir Albert dann auch daf\u00fcr gewinnen Tee von diesen Bl\u00fcten und Bl\u00e4ttern zu machen! Danach haben wir gemeinsam mit Albert Dun und seinem Team Methoden entwickelt, die Hanfbl\u00fcten und -bl\u00e4tter nach der Ernte zu schneiden, zu trocknen und zu sieben.[\/vc_column_text][vc_column_text]<\/p>\n<h2><strong>Annemarie Westhoff<\/strong><\/h2>\n<p>[\/vc_column_text][vc_single_image image=&#8220;5201&#8243; img_size=&#8220;full&#8220; css=&#8220;.vc_custom_1570634538068{margin-top: -25px !important;}&#8220;][vc_column_text el_class=&#8220;.tekst-onder-afbeelding&#8220;]Annemarie ist Crowdfunderin der ersten Stunde. Von Beginn an war sie hingerissen: ein einzigartiges Produkt, nachhaltig angebaut und produziert in den Niederlanden. Au\u00dferdem war sie bereits von der Qualit\u00e4t anderer Hanfprodukte \u00fcberzeugt. Nachdem sie unseren Tee probiert hatte, war ihre Begeisterung nicht mehr zu bremsen. Sie trinkt kaum noch anderen Tee und vers\u00e4umt keinen Moment um ihre Vorliebe weiterzugeben. Nachdem Familie und Freunde \u00fcberzeugt sind, macht sie sich nun auf den Weg ihre Liebe f\u00fcr Dutch Harvest in die Welt zu tragen. Mit all ihrem Enthusiasmus betreut Annemarie f\u00fcr uns Teeproben in Gesch\u00e4ften und auf Messen.[\/vc_column_text][\/vc_column][vc_column width=&#8220;1\/3&#8243;][vc_column_text]<\/p>\n<h2>Kr\u00e4uterexpertin Tanja Hilgers<\/h2>\n<p>[\/vc_column_text][vc_single_image image=&#8220;5195&#8243; img_size=&#8220;full&#8220; css=&#8220;.vc_custom_1570634459460{margin-top: -25px !important;}&#8220;][vc_column_text el_class=&#8220;.tekst-onder-afbeelding&#8220;]<br \/>\nTanja Hilgers ist Illustratorin und Kr\u00e4uterheilkundlerin. W\u00e4hrend ihrer Ausbildung entdeckte sie ihre Liebe f\u00fcr einheimische Kr\u00e4uter. F\u00fcr sie ist die Welt entlang Stra\u00dfen und Wegen voll von essbaren, gesunden Pflanzen, die wir einfach als Unkraut abtun. Inzwischen bietet sie Kr\u00e4uterspazierg\u00e4nge an und sie illustriert und schreibt <a href=\"https:\/\/www.tanjahilgers.nl\/\" target=\"_blank\" rel=\"noopener noreferrer\">Karten und B\u00fccher mit Wildkr\u00e4uterrezepten<\/a><u>,<\/u> um diesen gr\u00fcnen Schatz am Wegesrand f\u00fcr uns alle zug\u00e4nglich zu machen. Au\u00dferdem ist Tanja ausgesprochener Fan der (Heil-)Kraft des Hanfs: was f\u00fcr eine beeindruckend vielseitige Pflanze! Sie vertritt Dutch Harvest auf Messen und Pr\u00e4sentationen und erobert nun mit Dutch Harvest auch den deutschen Markt.<br \/>\n[\/vc_column_text][vc_column_text]<\/p>\n<h2>Amrei Volkmann<\/h2>\n<p>[\/vc_column_text][vc_single_image image=&#8220;5671&#8243; img_size=&#8220;full&#8220; css=&#8220;.vc_custom_1572182628884{margin-top: -25px !important;}&#8220;][vc_column_text el_class=&#8220;.tekst-onder-afbeelding&#8220;]Amrei hat als \u00dcbersetzerin bei Dutch Harvest angefangen. 2008 kam sie von Berlin nach Groningen. Schnell war die Germanistin und Deutschlehrerin in beiden Sprachen und Kulturen zu Hause. Selbst Grenzg\u00e4ngerin, unterst\u00fctzt sie mit ihrem Betrieb GrensContact nun alle, die diese \u00fcberschreiten wollen. Gleichzeitig stehen Fragen der Nachhaltigkeit f\u00fcr sie seit langem zentral. Bei Dutch Harvest kann sie beides verbinden: ihr Ziel, die Beziehungen zwischen den Niederlanden und Deutschland professionell zu f\u00f6rdern und den Wunsch, das Leben nachhaltiger zu gestalten. Zusammen mit Tanja will sie Dutch Harvest jetzt auch in Deutschland erbl\u00fchen lassen![\/vc_column_text][vc_column_text]<\/p>\n<h2>Martha Visser<\/h2>\n<p>[\/vc_column_text][vc_single_image image=&#8220;5628&#8243; img_size=&#8220;full&#8220; css=&#8220;.vc_custom_1572248974409{margin-top: -25px !important;}&#8220;][vc_column_text el_class=&#8220;.tekst-onder-afbeelding&#8220;]Martha Visser ist nicht nur bewusste Konsumentin, sie ist auch Veganerin und nachhaltige Unternehmerin. Sie betreibt mit Big V Store einen veganen Webshop, aus dem sie so schnell wie m\u00f6glich einen richtigen Laden machen will. Auf der Suche nach rundum nachhaltigen Produkten begegnete ihr Dutch Harvest. Sie war unmittelbar hingerissen und hat unseren Hanftee sofort in ihr Sortiment aufgenommen. Auch als Esther sie bat Dutch Harvest Botschafterin f\u00fcr S\u00fcdholland zu werden, hat sie keinen Moment gezweifelt.<\/p>\n<p>\u201eIch finde es herrlich, den Menschen Dutch Harvest vorzustellen und eine Tasse dieses herzerw\u00e4rmenden Tees mit ihnen zu trinken\u201c[\/vc_column_text][\/vc_column][\/vc_row][vc_row][vc_column][vc_column_text]<\/p>\n<p>[\/vc_column_text][\/vc_column][\/vc_row][vc_row][vc_column][vc_empty_space height=&#8220;80px&#8220;][\/vc_column][\/vc_row][vc_row equal_height=&#8220;yes&#8220; rtl_reverse=&#8220;yes&#8220; content_placement=&#8220;top&#8220;][vc_column width=&#8220;1\/2&#8243;][vc_row_inner content_placement=&#8220;top&#8220;][vc_column_inner width=&#8220;1\/2&#8243; offset=&#8220;vc_hidden-sm vc_hidden-xs&#8220;][vc_single_image image=&#8220;5144&#8243; img_size=&#8220;200&#215;200&#8243; alignment=&#8220;right&#8220; style=&#8220;vc_box_circle&#8220; onclick=&#8220;custom_link&#8220; css=&#8220;.vc_custom_1571562152528{margin-top: -20px !important;}&#8220; link=&#8220;http:\/\/dutchharvest.org\/de\/uber-uns\/unsere-mission\/&#8220;][\/vc_column_inner][vc_column_inner width=&#8220;1\/2&#8243; offset=&#8220;vc_hidden-sm vc_hidden-xs&#8220;][vc_column_text]<\/p>\n<h5>Ein Tee mit einer Mission<\/h5>\n<p>[\/vc_column_text][vc_column_text el_class=&#8220;.tekst-onder-afbeelding&#8220;]Eine faszinierend nachhaltige Pflanze mit vielen Anwendungsm\u00f6glichkeiten&#8230;[\/vc_column_text]<style type=\"text\/css\" data-type=\"the7_shortcodes-inline-css\">#default-btn-0cb5451ec98a87dc53feee358d6f3c95.ico-right-side > i {\n  margin-right: 0px;\n  margin-left: 8px;\n}\n#default-btn-0cb5451ec98a87dc53feee358d6f3c95 > i {\n  margin-right: 8px;\n}<\/style><a href=\"https:\/\/dutchharvest.org\/de\/uber-uns\/unsere-mission\/\" class=\"default-btn-shortcode dt-btn dt-btn-l link-hover-off btn-inline-left  vc_custom_1571734205454\" id=\"default-btn-0cb5451ec98a87dc53feee358d6f3c95\" title=\"missie\"><span>Unsere Mission<\/span><\/a>[\/vc_column_inner][\/vc_row_inner][\/vc_column][vc_column width=&#8220;1\/2&#8243;][vc_row_inner][vc_column_inner width=&#8220;1\/2&#8243; offset=&#8220;vc_hidden-sm vc_hidden-xs&#8220;][vc_single_image image=&#8220;5061&#8243; img_size=&#8220;200&#215;200&#8243; alignment=&#8220;right&#8220; style=&#8220;vc_box_circle&#8220; onclick=&#8220;custom_link&#8220; css=&#8220;.vc_custom_1571562093986{margin-top: -20px !important;}&#8220; link=&#8220;http:\/\/dutchharvest.org\/de\/fur-handler\/&#8220;][\/vc_column_inner][vc_column_inner width=&#8220;1\/2&#8243; offset=&#8220;vc_hidden-sm vc_hidden-xs&#8220;][vc_column_text]<\/p>\n<h5>F\u00fcr H\u00e4ndler<\/h5>\n<p>[\/vc_column_text][vc_column_text el_class=&#8220;.tekst-onder-afbeelding&#8220;]Wollen Sie Dutch Harvest in Ihrem Gesch\u00e4ft oder Caf\u00e9 verkaufen? Gerne![\/vc_column_text]<style type=\"text\/css\" data-type=\"the7_shortcodes-inline-css\">#default-btn-badcd8985379072de07a5b1e02daf7ea.ico-right-side > i {\n  margin-right: 0px;\n  margin-left: 8px;\n}\n#default-btn-badcd8985379072de07a5b1e02daf7ea > i {\n  margin-right: 8px;\n}<\/style><a href=\"https:\/\/dutchharvest.org\/de\/fur-handler\/\" class=\"default-btn-shortcode dt-btn dt-btn-l link-hover-off btn-inline-left  vc_custom_1571734221265\" id=\"default-btn-badcd8985379072de07a5b1e02daf7ea\" title=\"F\u00fcr H\u00e4ndler\"><span>F\u00fcr H\u00e4ndler<\/span><\/a>[\/vc_column_inner][\/vc_row_inner][\/vc_column][\/vc_row][vc_row equal_height=&#8220;yes&#8220; rtl_reverse=&#8220;yes&#8220; content_placement=&#8220;top&#8220;][vc_column width=&#8220;1\/2&#8243;][vc_row_inner content_placement=&#8220;top&#8220;][vc_column_inner width=&#8220;1\/2&#8243; offset=&#8220;vc_hidden-lg vc_hidden-md&#8220;][vc_single_image image=&#8220;5144&#8243; img_size=&#8220;200&#215;200&#8243; alignment=&#8220;center&#8220; style=&#8220;vc_box_circle&#8220; onclick=&#8220;custom_link&#8220; css=&#8220;.vc_custom_1571562161085{margin-top: -20px !important;}&#8220; link=&#8220;http:\/\/dutchharvest.org\/de\/uber-uns\/unsere-mission\/&#8220;][\/vc_column_inner][vc_column_inner width=&#8220;1\/2&#8243; offset=&#8220;vc_hidden-lg vc_hidden-md&#8220;][vc_column_text]<\/p>\n<h5 style=\"text-align: center;\">Ein Tee mit einer Mission<\/h5>\n<p>[\/vc_column_text][vc_column_text el_class=&#8220;.tekst-onder-afbeelding&#8220;]<\/p>\n<p style=\"text-align: center;\">Eine faszinierend nachhaltige Pflanze mit vielen Anwendungsm\u00f6glichkeiten<\/p>\n<p>[\/vc_column_text]<style type=\"text\/css\" data-type=\"the7_shortcodes-inline-css\">#default-btn-8452bf7c5194cef10c41e7f8757793c6.ico-right-side > i {\n  margin-right: 0px;\n  margin-left: 8px;\n}\n#default-btn-8452bf7c5194cef10c41e7f8757793c6 > i {\n  margin-right: 8px;\n}<\/style><div class=\"btn-align-center\"><a href=\"https:\/\/dutchharvest.org\/de\/uber-uns\/unsere-mission\/\" class=\"default-btn-shortcode dt-btn dt-btn-l link-hover-off  vc_custom_1572163757887\" id=\"default-btn-8452bf7c5194cef10c41e7f8757793c6\" title=\"missie\"><span>Unsere Mission<\/span><\/a><\/div>[vc_empty_space height=&#8220;40px&#8220;][\/vc_column_inner][\/vc_row_inner][\/vc_column][vc_column width=&#8220;1\/2&#8243;][vc_row_inner][vc_column_inner width=&#8220;1\/2&#8243; offset=&#8220;vc_hidden-lg vc_hidden-md&#8220;][vc_single_image image=&#8220;5061&#8243; img_size=&#8220;200&#215;200&#8243; alignment=&#8220;center&#8220; style=&#8220;vc_box_circle&#8220; onclick=&#8220;custom_link&#8220; css=&#8220;.vc_custom_1571562104518{margin-top: -20px !important;}&#8220; link=&#8220;http:\/\/dutchharvest.org\/de\/fur-handler\/&#8220;][\/vc_column_inner][vc_column_inner width=&#8220;1\/2&#8243; offset=&#8220;vc_hidden-lg vc_hidden-md&#8220;][vc_column_text]<\/p>\n<h5>F\u00fcr H\u00e4ndler<\/h5>\n<p>[\/vc_column_text][vc_column_text el_class=&#8220;.tekst-onder-afbeelding&#8220;]<\/p>\n<p style=\"text-align: center;\">Wollen Sie Dutch Harvest in Ihrem Gesch\u00e4ft oder Caf\u00e9 verkaufen? Gerne!<\/p>\n<p>[\/vc_column_text]<style type=\"text\/css\" data-type=\"the7_shortcodes-inline-css\">#default-btn-9b2c34f2aaaa30482171d655e5381b15.ico-right-side > i {\n  margin-right: 0px;\n  margin-left: 8px;\n}\n#default-btn-9b2c34f2aaaa30482171d655e5381b15 > i {\n  margin-right: 8px;\n}<\/style><div class=\"btn-align-center\"><a href=\"https:\/\/dutchharvest.org\/de\/fur-handler\/\" class=\"default-btn-shortcode dt-btn dt-btn-l link-hover-off  vc_custom_1572163766955\" id=\"default-btn-9b2c34f2aaaa30482171d655e5381b15\" title=\"F\u00fcr H\u00e4ndler\"><span>F\u00fcr H\u00e4ndler<\/span><\/a><\/div>[vc_empty_space height=&#8220;40px&#8220;][\/vc_column_inner][\/vc_row_inner][\/vc_column][\/vc_row]<\/p>\n<\/div>","protected":false},"excerpt":{"rendered":"<p>[vc_row css=&#8220;.vc_custom_1564911879435{margin-top: -35px !important;}&#8220;][vc_column][vc_column_text] Dutch Harvest entstand aus Begeisterung und Erstaunen. Begeisterung f\u00fcr die Vielseitigkeit der Hanfpflanze und Erstaunen \u00fcber deren Unbekanntheit. F\u00fcge die Liebe f\u00fcr Tee hinzu, voil\u00e1: Das ist Dutch Harvest Hanftee![\/vc_column_text][\/vc_column][\/vc_row][vc_row gap=&#8220;35&#8243; css=&#8220;.vc_custom_1564579386635{margin-top: -20px !important;}&#8220;][vc_column width=&#8220;1\/3&#8243;][vc_column_text] Begr\u00fcnderin Esther Molenwijk [\/vc_column_text][vc_single_image image=&#8220;5189&#8243; img_size=&#8220;full&#8220; css=&#8220;.vc_custom_1570634354658{margin-top: -25px !important;}&#8220;][vc_column_text el_class=&#8220;.tekst-onder-afbeelding&#8220;]W\u00e4hrend meiner Arbeit als Nachhaltigkeitsexpertin mit eigener&hellip;<\/p>\n","protected":false},"author":1,"featured_media":0,"parent":5461,"menu_order":17,"comment_status":"closed","ping_status":"closed","template":"","meta":{"footnotes":"","_links_to":"","_links_to_target":""},"class_list":["post-5263","page","type-page","status-publish","hentry","description-off"],"yoast_head":"<!-- This site is optimized with the Yoast SEO plugin v27.4 - https:\/\/yoast.com\/product\/yoast-seo-wordpress\/ -->\n<title>Unser Team - Dutch Harvest<\/title>\n<meta name=\"robots\" content=\"index, follow, max-snippet:-1, max-image-preview:large, max-video-preview:-1\" \/>\n<link rel=\"canonical\" href=\"https:\/\/dutchharvest.org\/de\/uber-uns\/team\/\" \/>\n<meta property=\"og:locale\" content=\"de_DE\" \/>\n<meta property=\"og:type\" content=\"article\" \/>\n<meta property=\"og:title\" content=\"Unser Team - Dutch Harvest\" \/>\n<meta property=\"og:description\" content=\"[vc_row css=&#8220;.vc_custom_1564911879435{margin-top: -35px !important;}&#8220;][vc_column][vc_column_text] Dutch Harvest entstand aus Begeisterung und Erstaunen. Begeisterung f\u00fcr die Vielseitigkeit der Hanfpflanze und Erstaunen \u00fcber deren Unbekanntheit. F\u00fcge die Liebe f\u00fcr Tee hinzu, voil\u00e1: Das ist Dutch Harvest Hanftee![\/vc_column_text][\/vc_column][\/vc_row][vc_row gap=&#8220;35&#8243; css=&#8220;.vc_custom_1564579386635{margin-top: -20px !important;}&#8220;][vc_column width=&#8220;1\/3&#8243;][vc_column_text] Begr\u00fcnderin Esther Molenwijk [\/vc_column_text][vc_single_image image=&#8220;5189&#8243; img_size=&#8220;full&#8220; css=&#8220;.vc_custom_1570634354658{margin-top: -25px !important;}&#8220;][vc_column_text el_class=&#8220;.tekst-onder-afbeelding&#8220;]W\u00e4hrend meiner Arbeit als Nachhaltigkeitsexpertin mit eigener&hellip;\" \/>\n<meta property=\"og:url\" content=\"https:\/\/dutchharvest.org\/de\/uber-uns\/team\/\" \/>\n<meta property=\"og:site_name\" content=\"Dutch Harvest\" \/>\n<meta property=\"article:publisher\" content=\"https:\/\/www.facebook.com\/DutchHarvestHennepThee\/\" \/>\n<meta property=\"article:modified_time\" content=\"2020-07-06T12:52:15+00:00\" \/>\n<meta name=\"twitter:card\" content=\"summary_large_image\" \/>\n<meta name=\"twitter:label1\" content=\"Gesch\u00e4tzte Lesezeit\" \/>\n\t<meta name=\"twitter:data1\" content=\"8\u00a0Minuten\" \/>\n<script type=\"application\/ld+json\" class=\"yoast-schema-graph\">{\"@context\":\"https:\\\/\\\/schema.org\",\"@graph\":[{\"@type\":\"WebPage\",\"@id\":\"https:\\\/\\\/dutchharvest.org\\\/de\\\/uber-uns\\\/team\\\/\",\"url\":\"https:\\\/\\\/dutchharvest.org\\\/de\\\/uber-uns\\\/team\\\/\",\"name\":\"Unser Team - Dutch Harvest\",\"isPartOf\":{\"@id\":\"https:\\\/\\\/dutchharvest.org\\\/de\\\/#website\"},\"datePublished\":\"2019-10-11T13:09:21+00:00\",\"dateModified\":\"2020-07-06T12:52:15+00:00\",\"breadcrumb\":{\"@id\":\"https:\\\/\\\/dutchharvest.org\\\/de\\\/uber-uns\\\/team\\\/#breadcrumb\"},\"inLanguage\":\"de\",\"potentialAction\":[{\"@type\":\"ReadAction\",\"target\":[\"https:\\\/\\\/dutchharvest.org\\\/de\\\/uber-uns\\\/team\\\/\"]}]},{\"@type\":\"BreadcrumbList\",\"@id\":\"https:\\\/\\\/dutchharvest.org\\\/de\\\/uber-uns\\\/team\\\/#breadcrumb\",\"itemListElement\":[{\"@type\":\"ListItem\",\"position\":1,\"name\":\"Home\",\"item\":\"https:\\\/\\\/dutchharvest.org\\\/de\\\/\"},{\"@type\":\"ListItem\",\"position\":2,\"name\":\"Uber Uns\",\"item\":\"https:\\\/\\\/dutchharvest.org\\\/de\\\/uber-uns\\\/\"},{\"@type\":\"ListItem\",\"position\":3,\"name\":\"Unser Team\"}]},{\"@type\":\"WebSite\",\"@id\":\"https:\\\/\\\/dutchharvest.org\\\/de\\\/#website\",\"url\":\"https:\\\/\\\/dutchharvest.org\\\/de\\\/\",\"name\":\"Dutch Harvest\",\"description\":\"Milde hennepthee van Nederlandse bodem\",\"potentialAction\":[{\"@type\":\"SearchAction\",\"target\":{\"@type\":\"EntryPoint\",\"urlTemplate\":\"https:\\\/\\\/dutchharvest.org\\\/de\\\/?s={search_term_string}\"},\"query-input\":{\"@type\":\"PropertyValueSpecification\",\"valueRequired\":true,\"valueName\":\"search_term_string\"}}],\"inLanguage\":\"de\"}]}<\/script>\n<!-- \/ Yoast SEO plugin. -->","yoast_head_json":{"title":"Unser Team - Dutch Harvest","robots":{"index":"index","follow":"follow","max-snippet":"max-snippet:-1","max-image-preview":"max-image-preview:large","max-video-preview":"max-video-preview:-1"},"canonical":"https:\/\/dutchharvest.org\/de\/uber-uns\/team\/","og_locale":"de_DE","og_type":"article","og_title":"Unser Team - Dutch Harvest","og_description":"[vc_row css=&#8220;.vc_custom_1564911879435{margin-top: -35px !important;}&#8220;][vc_column][vc_column_text] Dutch Harvest entstand aus Begeisterung und Erstaunen. Begeisterung f\u00fcr die Vielseitigkeit der Hanfpflanze und Erstaunen \u00fcber deren Unbekanntheit. F\u00fcge die Liebe f\u00fcr Tee hinzu, voil\u00e1: Das ist Dutch Harvest Hanftee![\/vc_column_text][\/vc_column][\/vc_row][vc_row gap=&#8220;35&#8243; css=&#8220;.vc_custom_1564579386635{margin-top: -20px !important;}&#8220;][vc_column width=&#8220;1\/3&#8243;][vc_column_text] Begr\u00fcnderin Esther Molenwijk [\/vc_column_text][vc_single_image image=&#8220;5189&#8243; img_size=&#8220;full&#8220; css=&#8220;.vc_custom_1570634354658{margin-top: -25px !important;}&#8220;][vc_column_text el_class=&#8220;.tekst-onder-afbeelding&#8220;]W\u00e4hrend meiner Arbeit als Nachhaltigkeitsexpertin mit eigener&hellip;","og_url":"https:\/\/dutchharvest.org\/de\/uber-uns\/team\/","og_site_name":"Dutch Harvest","article_publisher":"https:\/\/www.facebook.com\/DutchHarvestHennepThee\/","article_modified_time":"2020-07-06T12:52:15+00:00","twitter_card":"summary_large_image","twitter_misc":{"Gesch\u00e4tzte Lesezeit":"8\u00a0Minuten"},"schema":{"@context":"https:\/\/schema.org","@graph":[{"@type":"WebPage","@id":"https:\/\/dutchharvest.org\/de\/uber-uns\/team\/","url":"https:\/\/dutchharvest.org\/de\/uber-uns\/team\/","name":"Unser Team - Dutch Harvest","isPartOf":{"@id":"https:\/\/dutchharvest.org\/de\/#website"},"datePublished":"2019-10-11T13:09:21+00:00","dateModified":"2020-07-06T12:52:15+00:00","breadcrumb":{"@id":"https:\/\/dutchharvest.org\/de\/uber-uns\/team\/#breadcrumb"},"inLanguage":"de","potentialAction":[{"@type":"ReadAction","target":["https:\/\/dutchharvest.org\/de\/uber-uns\/team\/"]}]},{"@type":"BreadcrumbList","@id":"https:\/\/dutchharvest.org\/de\/uber-uns\/team\/#breadcrumb","itemListElement":[{"@type":"ListItem","position":1,"name":"Home","item":"https:\/\/dutchharvest.org\/de\/"},{"@type":"ListItem","position":2,"name":"Uber Uns","item":"https:\/\/dutchharvest.org\/de\/uber-uns\/"},{"@type":"ListItem","position":3,"name":"Unser Team"}]},{"@type":"WebSite","@id":"https:\/\/dutchharvest.org\/de\/#website","url":"https:\/\/dutchharvest.org\/de\/","name":"Dutch Harvest","description":"Milde hennepthee van Nederlandse bodem","potentialAction":[{"@type":"SearchAction","target":{"@type":"EntryPoint","urlTemplate":"https:\/\/dutchharvest.org\/de\/?s={search_term_string}"},"query-input":{"@type":"PropertyValueSpecification","valueRequired":true,"valueName":"search_term_string"}}],"inLanguage":"de"}]}},"_links":{"self":[{"href":"https:\/\/dutchharvest.org\/de\/wp-json\/wp\/v2\/pages\/5263","targetHints":{"allow":["GET"]}}],"collection":[{"href":"https:\/\/dutchharvest.org\/de\/wp-json\/wp\/v2\/pages"}],"about":[{"href":"https:\/\/dutchharvest.org\/de\/wp-json\/wp\/v2\/types\/page"}],"author":[{"embeddable":true,"href":"https:\/\/dutchharvest.org\/de\/wp-json\/wp\/v2\/users\/1"}],"replies":[{"embeddable":true,"href":"https:\/\/dutchharvest.org\/de\/wp-json\/wp\/v2\/comments?post=5263"}],"version-history":[{"count":10,"href":"https:\/\/dutchharvest.org\/de\/wp-json\/wp\/v2\/pages\/5263\/revisions"}],"predecessor-version":[{"id":5994,"href":"https:\/\/dutchharvest.org\/de\/wp-json\/wp\/v2\/pages\/5263\/revisions\/5994"}],"up":[{"embeddable":true,"href":"https:\/\/dutchharvest.org\/de\/wp-json\/wp\/v2\/pages\/5461"}],"wp:attachment":[{"href":"https:\/\/dutchharvest.org\/de\/wp-json\/wp\/v2\/media?parent=5263"}],"curies":[{"name":"wp","href":"https:\/\/api.w.org\/{rel}","templated":true}]}}