{"id":5266,"date":"2019-10-11T13:09:44","date_gmt":"2019-10-11T13:09:44","guid":{"rendered":"http:\/\/dutchharvest.org\/crowdfunding-kampagne\/"},"modified":"2019-10-27T14:05:29","modified_gmt":"2019-10-27T14:05:29","slug":"crowdfunding","status":"publish","type":"page","link":"https:\/\/dutchharvest.org\/de\/uber-uns\/crowdfunding\/","title":{"rendered":"Crowdfunding Kampagne"},"content":{"rendered":"<div class=\"wpb-content-wrapper\"><p>[vc_row gap=&#8220;35&#8243; css=&#8220;.vc_custom_1568662529631{margin-top: -30px !important;}&#8220;][vc_column width=&#8220;1\/2&#8243;][vc_column_text]<\/p>\n<h2>Mehr als 200 Unterst\u00fctzer*Innen machten die erste Hanftee-Ernte m\u00f6glich<\/h2>\n<p>[\/vc_column_text][vc_column_text]Die Idee f\u00fcr unseren Hanftee war geboren. Aber um ihn zu realisieren brauchten wir Startkapital. Vor der ersten Ernte waren Recherchen und Investitionen n\u00f6tig. Wir riefen <a href=\"https:\/\/www.oneplanetcrowd.com\/en\/project\/114956\/description\" target=\"_blank\" rel=\"noopener noreferrer\">die Campagne Oneplanetcrowd<\/a> ins Leben und sie verlief unglaublich. Innerhalb von zwei Wochen hatten wir den Minimalbetrag erreicht. Am Ende der Kampagne reichte das Geld sogar, um alle Verkaufsstellen bereits im ersten Jahr mit einem kleine Vorrat zu versorgen.<\/p>\n<p>Die Reaktionen auf die Kampagne waren fantastisch: Es gab so viele Menschen, die sich f\u00fcr Hanftee begeisterten, eine tolle Best\u00e4tigung f\u00fcr unser Projekt. Au\u00dferdem erhielten wir bereits erste Anfragen von <a href=\"http:\/\/dutchharvest.org\/de\/hanftee-kaufen\/\">L\u00e4den, die Dutch Harvest verkaufen <\/a>wollten. Schau dir hier an wie alles begann.[\/vc_column_text][\/vc_column][vc_column width=&#8220;1\/2&#8243;][vc_video link=&#8220;https:\/\/vimeo.com\/133428033&#8243;][\/vc_column][\/vc_row][vc_row][vc_column][vc_column_text]<\/p>\n<p>[\/vc_column_text][\/vc_column][\/vc_row][vc_row][vc_column][vc_empty_space height=&#8220;80px&#8220;][\/vc_column][\/vc_row][vc_row equal_height=&#8220;yes&#8220; rtl_reverse=&#8220;yes&#8220; content_placement=&#8220;top&#8220;][vc_column width=&#8220;1\/2&#8243;][vc_row_inner content_placement=&#8220;top&#8220;][vc_column_inner width=&#8220;1\/2&#8243; offset=&#8220;vc_hidden-sm vc_hidden-xs&#8220;][vc_single_image image=&#8220;5057&#8243; img_size=&#8220;200&#215;200&#8243; alignment=&#8220;right&#8220; style=&#8220;vc_box_circle&#8220; onclick=&#8220;custom_link&#8220; css=&#8220;.vc_custom_1571561885163{margin-top: -20px !important;}&#8220; link=&#8220;http:\/\/dutchharvest.org\/de\/hanftee-kaufen\/&#8220;][\/vc_column_inner][vc_column_inner width=&#8220;1\/2&#8243; offset=&#8220;vc_hidden-sm vc_hidden-xs&#8220;][vc_column_text]<\/p>\n<h5>Hanftee kaufen?<\/h5>\n<p>[\/vc_column_text][vc_column_text el_class=&#8220;.tekst-onder-afbeelding&#8220;]Dutch Harvest Hanftee wird in immer mehr Gesch\u00e4ften und Webshops angeboten.[\/vc_column_text]<style type=\"text\/css\" data-type=\"the7_shortcodes-inline-css\">#default-btn-04938f24220cb0ce48b33f55f45ca471.ico-right-side > i {\n  margin-right: 0px;\n  margin-left: 8px;\n}\n#default-btn-04938f24220cb0ce48b33f55f45ca471 > i {\n  margin-right: 8px;\n}<\/style><a href=\"https:\/\/dutchharvest.org\/de\/hanftee-kaufen\/\" class=\"default-btn-shortcode dt-btn dt-btn-l link-hover-off btn-inline-left  vc_custom_1571734331433\" id=\"default-btn-04938f24220cb0ce48b33f55f45ca471\" title=\"Hanftee kaufen\"><span>Verkaufsstelle finden<\/span><\/a>[\/vc_column_inner][\/vc_row_inner][\/vc_column][vc_column width=&#8220;1\/2&#8243;][vc_row_inner][vc_column_inner width=&#8220;1\/2&#8243; offset=&#8220;vc_hidden-sm vc_hidden-xs&#8220;][vc_single_image image=&#8220;5098&#8243; img_size=&#8220;200&#215;200&#8243; alignment=&#8220;right&#8220; style=&#8220;vc_box_circle&#8220; onclick=&#8220;custom_link&#8220; css=&#8220;.vc_custom_1571561928715{margin-top: -20px !important;}&#8220; link=&#8220;http:\/\/dutchharvest.org\/de\/hanftee\/produktionsprozess\/&#8220;][\/vc_column_inner][vc_column_inner width=&#8220;1\/2&#8243; offset=&#8220;vc_hidden-sm vc_hidden-xs&#8220;][vc_column_text]<\/p>\n<h5>Vom Anbau zum Aufguss<\/h5>\n<p>[\/vc_column_text][vc_column_text el_class=&#8220;.tekst-onder-afbeelding&#8220;]Sieh hier, wie wir unseren Tee machen: von der Aussaat bis zum Verpacken des Tees.[\/vc_column_text]<style type=\"text\/css\" data-type=\"the7_shortcodes-inline-css\">#default-btn-fd4b5e77cc16b65b9377bd431090b13a.ico-right-side > i {\n  margin-right: 0px;\n  margin-left: 8px;\n}\n#default-btn-fd4b5e77cc16b65b9377bd431090b13a > i {\n  margin-right: 8px;\n}<\/style><a href=\"https:\/\/dutchharvest.org\/de\/hanftee\/produktionsprozess\/\" class=\"default-btn-shortcode dt-btn dt-btn-l link-hover-off btn-inline-left  vc_custom_1572083641171\" id=\"default-btn-fd4b5e77cc16b65b9377bd431090b13a\" title=\"van plant tot klant\"><span>Produktionsprozess<\/span><\/a>[\/vc_column_inner][\/vc_row_inner][\/vc_column][\/vc_row][vc_row equal_height=&#8220;yes&#8220; rtl_reverse=&#8220;yes&#8220; content_placement=&#8220;top&#8220;][vc_column width=&#8220;1\/2&#8243;][vc_row_inner content_placement=&#8220;top&#8220;][vc_column_inner width=&#8220;1\/2&#8243; offset=&#8220;vc_hidden-lg vc_hidden-md&#8220;][vc_single_image image=&#8220;5057&#8243; img_size=&#8220;200&#215;200&#8243; alignment=&#8220;center&#8220; style=&#8220;vc_box_circle&#8220; onclick=&#8220;custom_link&#8220; css=&#8220;.vc_custom_1571561872282{margin-top: -20px !important;}&#8220; link=&#8220;http:\/\/dutchharvest.org\/de\/hanftee-kaufen\/&#8220;][\/vc_column_inner][vc_column_inner width=&#8220;1\/2&#8243; offset=&#8220;vc_hidden-lg vc_hidden-md&#8220;][vc_column_text]<\/p>\n<h5 style=\"text-align: center;\">Hanftee kaufen?<\/h5>\n<p>[\/vc_column_text][vc_column_text el_class=&#8220;.tekst-onder-afbeelding&#8220;]<\/p>\n<p style=\"text-align: center;\">Dutch Harvest Hanftee wird in immer mehr Gesch\u00e4ften und Webshops angeboten.<\/p>\n<p>[\/vc_column_text]<style type=\"text\/css\" data-type=\"the7_shortcodes-inline-css\">#default-btn-dc65b811c58dc28cab1198426224fd72.ico-right-side > i {\n  margin-right: 0px;\n  margin-left: 8px;\n}\n#default-btn-dc65b811c58dc28cab1198426224fd72 > i {\n  margin-right: 8px;\n}<\/style><div class=\"btn-align-center\"><a href=\"https:\/\/dutchharvest.org\/de\/hanftee-kaufen\/\" class=\"default-btn-shortcode dt-btn dt-btn-l link-hover-off  vc_custom_1572163573118\" id=\"default-btn-dc65b811c58dc28cab1198426224fd72\" title=\"Hanftee kaufen\"><span>Verkaufsstelle finden<\/span><\/a><\/div>[vc_empty_space height=&#8220;40px&#8220;][\/vc_column_inner][\/vc_row_inner][\/vc_column][vc_column width=&#8220;1\/2&#8243;][vc_row_inner][vc_column_inner width=&#8220;1\/2&#8243; offset=&#8220;vc_hidden-lg vc_hidden-md&#8220;][vc_single_image image=&#8220;5098&#8243; img_size=&#8220;200&#215;200&#8243; alignment=&#8220;center&#8220; style=&#8220;vc_box_circle&#8220; onclick=&#8220;custom_link&#8220; css=&#8220;.vc_custom_1571561937690{margin-top: -20px !important;}&#8220; link=&#8220;http:\/\/dutchharvest.org\/de\/hanftee\/produktionsprozess\/&#8220;][\/vc_column_inner][vc_column_inner width=&#8220;1\/2&#8243; offset=&#8220;vc_hidden-lg vc_hidden-md&#8220;][vc_column_text]<\/p>\n<h5 style=\"text-align: center;\">Vom Anbau zum Aufguss<\/h5>\n<p>[\/vc_column_text][vc_column_text el_class=&#8220;.tekst-onder-afbeelding&#8220;]<\/p>\n<p style=\"text-align: center;\">Sieh hier, wie wir unseren Tee machen: von der Aussaat bis zum Verpacken des Tees.<\/p>\n<p>[\/vc_column_text]<style type=\"text\/css\" data-type=\"the7_shortcodes-inline-css\">#default-btn-eb27e2384007da87a6a9db681a134c58.ico-right-side > i {\n  margin-right: 0px;\n  margin-left: 8px;\n}\n#default-btn-eb27e2384007da87a6a9db681a134c58 > i {\n  margin-right: 8px;\n}<\/style><div class=\"btn-align-center\"><a href=\"https:\/\/dutchharvest.org\/de\/hanftee\/produktionsprozess\/\" class=\"default-btn-shortcode dt-btn dt-btn-l link-hover-off  vc_custom_1572163586294\" id=\"default-btn-eb27e2384007da87a6a9db681a134c58\" title=\"van plant tot klant\"><span>Produktionsprozess<\/span><\/a><\/div>[vc_empty_space height=&#8220;40px&#8220;][\/vc_column_inner][\/vc_row_inner][\/vc_column][\/vc_row]<\/p>\n<\/div>","protected":false},"excerpt":{"rendered":"<p>[vc_row gap=&#8220;35&#8243; css=&#8220;.vc_custom_1568662529631{margin-top: -30px !important;}&#8220;][vc_column width=&#8220;1\/2&#8243;][vc_column_text] Mehr als 200 Unterst\u00fctzer*Innen machten die erste Hanftee-Ernte m\u00f6glich [\/vc_column_text][vc_column_text]Die Idee f\u00fcr unseren Hanftee war geboren. Aber um ihn zu realisieren brauchten wir Startkapital. Vor der ersten Ernte waren Recherchen und Investitionen n\u00f6tig. Wir riefen die Campagne Oneplanetcrowd ins Leben und sie verlief unglaublich. Innerhalb von zwei Wochen hatten&hellip;<\/p>\n","protected":false},"author":1,"featured_media":0,"parent":5461,"menu_order":14,"comment_status":"closed","ping_status":"closed","template":"","meta":{"footnotes":"","_links_to":"","_links_to_target":""},"class_list":["post-5266","page","type-page","status-publish","hentry","description-off"],"yoast_head":"<!-- This site is optimized with the Yoast SEO plugin v27.3 - https:\/\/yoast.com\/product\/yoast-seo-wordpress\/ -->\n<title>Crowdfunding Kampagne - Dutch Harvest<\/title>\n<meta name=\"robots\" content=\"index, follow, max-snippet:-1, max-image-preview:large, max-video-preview:-1\" \/>\n<link rel=\"canonical\" href=\"https:\/\/dutchharvest.org\/de\/uber-uns\/crowdfunding\/\" \/>\n<meta property=\"og:locale\" content=\"de_DE\" \/>\n<meta property=\"og:type\" content=\"article\" \/>\n<meta property=\"og:title\" content=\"Crowdfunding Kampagne - Dutch Harvest\" \/>\n<meta property=\"og:description\" content=\"[vc_row gap=&#8220;35&#8243; css=&#8220;.vc_custom_1568662529631{margin-top: -30px !important;}&#8220;][vc_column width=&#8220;1\/2&#8243;][vc_column_text] Mehr als 200 Unterst\u00fctzer*Innen machten die erste Hanftee-Ernte m\u00f6glich [\/vc_column_text][vc_column_text]Die Idee f\u00fcr unseren Hanftee war geboren. Aber um ihn zu realisieren brauchten wir Startkapital. Vor der ersten Ernte waren Recherchen und Investitionen n\u00f6tig. Wir riefen die Campagne Oneplanetcrowd ins Leben und sie verlief unglaublich. Innerhalb von zwei Wochen hatten&hellip;\" \/>\n<meta property=\"og:url\" content=\"https:\/\/dutchharvest.org\/de\/uber-uns\/crowdfunding\/\" \/>\n<meta property=\"og:site_name\" content=\"Dutch Harvest\" \/>\n<meta property=\"article:publisher\" content=\"https:\/\/www.facebook.com\/DutchHarvestHennepThee\/\" \/>\n<meta property=\"article:modified_time\" content=\"2019-10-27T14:05:29+00:00\" \/>\n<meta name=\"twitter:card\" content=\"summary_large_image\" \/>\n<meta name=\"twitter:label1\" content=\"Gesch\u00e4tzte Lesezeit\" \/>\n\t<meta name=\"twitter:data1\" content=\"4\u00a0Minuten\" \/>\n<script type=\"application\/ld+json\" class=\"yoast-schema-graph\">{\"@context\":\"https:\\\/\\\/schema.org\",\"@graph\":[{\"@type\":\"WebPage\",\"@id\":\"https:\\\/\\\/dutchharvest.org\\\/de\\\/uber-uns\\\/crowdfunding\\\/\",\"url\":\"https:\\\/\\\/dutchharvest.org\\\/de\\\/uber-uns\\\/crowdfunding\\\/\",\"name\":\"Crowdfunding Kampagne - Dutch Harvest\",\"isPartOf\":{\"@id\":\"https:\\\/\\\/dutchharvest.org\\\/de\\\/#website\"},\"datePublished\":\"2019-10-11T13:09:44+00:00\",\"dateModified\":\"2019-10-27T14:05:29+00:00\",\"breadcrumb\":{\"@id\":\"https:\\\/\\\/dutchharvest.org\\\/de\\\/uber-uns\\\/crowdfunding\\\/#breadcrumb\"},\"inLanguage\":\"de\",\"potentialAction\":[{\"@type\":\"ReadAction\",\"target\":[\"https:\\\/\\\/dutchharvest.org\\\/de\\\/uber-uns\\\/crowdfunding\\\/\"]}]},{\"@type\":\"BreadcrumbList\",\"@id\":\"https:\\\/\\\/dutchharvest.org\\\/de\\\/uber-uns\\\/crowdfunding\\\/#breadcrumb\",\"itemListElement\":[{\"@type\":\"ListItem\",\"position\":1,\"name\":\"Home\",\"item\":\"https:\\\/\\\/dutchharvest.org\\\/de\\\/\"},{\"@type\":\"ListItem\",\"position\":2,\"name\":\"Uber Uns\",\"item\":\"https:\\\/\\\/dutchharvest.org\\\/de\\\/uber-uns\\\/\"},{\"@type\":\"ListItem\",\"position\":3,\"name\":\"Crowdfunding Kampagne\"}]},{\"@type\":\"WebSite\",\"@id\":\"https:\\\/\\\/dutchharvest.org\\\/de\\\/#website\",\"url\":\"https:\\\/\\\/dutchharvest.org\\\/de\\\/\",\"name\":\"Dutch Harvest\",\"description\":\"Milde hennepthee van Nederlandse bodem\",\"potentialAction\":[{\"@type\":\"SearchAction\",\"target\":{\"@type\":\"EntryPoint\",\"urlTemplate\":\"https:\\\/\\\/dutchharvest.org\\\/de\\\/?s={search_term_string}\"},\"query-input\":{\"@type\":\"PropertyValueSpecification\",\"valueRequired\":true,\"valueName\":\"search_term_string\"}}],\"inLanguage\":\"de\"}]}<\/script>\n<!-- \/ Yoast SEO plugin. -->","yoast_head_json":{"title":"Crowdfunding Kampagne - Dutch Harvest","robots":{"index":"index","follow":"follow","max-snippet":"max-snippet:-1","max-image-preview":"max-image-preview:large","max-video-preview":"max-video-preview:-1"},"canonical":"https:\/\/dutchharvest.org\/de\/uber-uns\/crowdfunding\/","og_locale":"de_DE","og_type":"article","og_title":"Crowdfunding Kampagne - Dutch Harvest","og_description":"[vc_row gap=&#8220;35&#8243; css=&#8220;.vc_custom_1568662529631{margin-top: -30px !important;}&#8220;][vc_column width=&#8220;1\/2&#8243;][vc_column_text] Mehr als 200 Unterst\u00fctzer*Innen machten die erste Hanftee-Ernte m\u00f6glich [\/vc_column_text][vc_column_text]Die Idee f\u00fcr unseren Hanftee war geboren. Aber um ihn zu realisieren brauchten wir Startkapital. Vor der ersten Ernte waren Recherchen und Investitionen n\u00f6tig. Wir riefen die Campagne Oneplanetcrowd ins Leben und sie verlief unglaublich. Innerhalb von zwei Wochen hatten&hellip;","og_url":"https:\/\/dutchharvest.org\/de\/uber-uns\/crowdfunding\/","og_site_name":"Dutch Harvest","article_publisher":"https:\/\/www.facebook.com\/DutchHarvestHennepThee\/","article_modified_time":"2019-10-27T14:05:29+00:00","twitter_card":"summary_large_image","twitter_misc":{"Gesch\u00e4tzte Lesezeit":"4\u00a0Minuten"},"schema":{"@context":"https:\/\/schema.org","@graph":[{"@type":"WebPage","@id":"https:\/\/dutchharvest.org\/de\/uber-uns\/crowdfunding\/","url":"https:\/\/dutchharvest.org\/de\/uber-uns\/crowdfunding\/","name":"Crowdfunding Kampagne - Dutch Harvest","isPartOf":{"@id":"https:\/\/dutchharvest.org\/de\/#website"},"datePublished":"2019-10-11T13:09:44+00:00","dateModified":"2019-10-27T14:05:29+00:00","breadcrumb":{"@id":"https:\/\/dutchharvest.org\/de\/uber-uns\/crowdfunding\/#breadcrumb"},"inLanguage":"de","potentialAction":[{"@type":"ReadAction","target":["https:\/\/dutchharvest.org\/de\/uber-uns\/crowdfunding\/"]}]},{"@type":"BreadcrumbList","@id":"https:\/\/dutchharvest.org\/de\/uber-uns\/crowdfunding\/#breadcrumb","itemListElement":[{"@type":"ListItem","position":1,"name":"Home","item":"https:\/\/dutchharvest.org\/de\/"},{"@type":"ListItem","position":2,"name":"Uber Uns","item":"https:\/\/dutchharvest.org\/de\/uber-uns\/"},{"@type":"ListItem","position":3,"name":"Crowdfunding Kampagne"}]},{"@type":"WebSite","@id":"https:\/\/dutchharvest.org\/de\/#website","url":"https:\/\/dutchharvest.org\/de\/","name":"Dutch Harvest","description":"Milde hennepthee van Nederlandse bodem","potentialAction":[{"@type":"SearchAction","target":{"@type":"EntryPoint","urlTemplate":"https:\/\/dutchharvest.org\/de\/?s={search_term_string}"},"query-input":{"@type":"PropertyValueSpecification","valueRequired":true,"valueName":"search_term_string"}}],"inLanguage":"de"}]}},"_links":{"self":[{"href":"https:\/\/dutchharvest.org\/de\/wp-json\/wp\/v2\/pages\/5266","targetHints":{"allow":["GET"]}}],"collection":[{"href":"https:\/\/dutchharvest.org\/de\/wp-json\/wp\/v2\/pages"}],"about":[{"href":"https:\/\/dutchharvest.org\/de\/wp-json\/wp\/v2\/types\/page"}],"author":[{"embeddable":true,"href":"https:\/\/dutchharvest.org\/de\/wp-json\/wp\/v2\/users\/1"}],"replies":[{"embeddable":true,"href":"https:\/\/dutchharvest.org\/de\/wp-json\/wp\/v2\/comments?post=5266"}],"version-history":[{"count":9,"href":"https:\/\/dutchharvest.org\/de\/wp-json\/wp\/v2\/pages\/5266\/revisions"}],"predecessor-version":[{"id":5677,"href":"https:\/\/dutchharvest.org\/de\/wp-json\/wp\/v2\/pages\/5266\/revisions\/5677"}],"up":[{"embeddable":true,"href":"https:\/\/dutchharvest.org\/de\/wp-json\/wp\/v2\/pages\/5461"}],"wp:attachment":[{"href":"https:\/\/dutchharvest.org\/de\/wp-json\/wp\/v2\/media?parent=5266"}],"curies":[{"name":"wp","href":"https:\/\/api.w.org\/{rel}","templated":true}]}}