{"id":5280,"date":"2019-10-15T14:26:43","date_gmt":"2019-10-15T14:26:43","guid":{"rendered":"http:\/\/dutchharvest.org\/?page_id=5280"},"modified":"2019-10-15T14:26:43","modified_gmt":"2019-10-15T14:26:43","slug":"impressum","status":"publish","type":"page","link":"https:\/\/dutchharvest.org\/de\/impressum\/","title":{"rendered":"Impressum"},"content":{"rendered":"<div class=\"wpb-content-wrapper\"><p>[vc_row css=&#8220;.vc_custom_1568646361177{margin-top: -35px !important;}&#8220;][vc_column][vc_column_text]<\/p>\n<h1>Impressum<\/h1>\n<p>[\/vc_column_text][\/vc_column][\/vc_row][vc_row equal_height=&#8220;yes&#8220; content_placement=&#8220;top&#8220;][vc_column width=&#8220;1\/3&#8243;][vc_column_text]Dutch Harvest<\/p>\n<p>Postfach 15739<\/p>\n<p>1001NE Amsterdam<\/p>\n<p>Email: hello@dutchharvest.org<\/p>\n<p>T: 0031(0) 6-27223773[\/vc_column_text][\/vc_column][vc_column width=&#8220;1\/3&#8243;][vc_column_text]Gr\u00fcnderin und Gesch\u00e4ftsf\u00fchrerin: Esther Molenwijk<\/p>\n<p>Sales &amp; Marketing Deutschland: Tanja Hilgers<\/p>\n<p>Sitz der Gesellschaft: Amsterdam<\/p>\n<p>KvK Amsterdam, nummer 59236914<\/p>\n<p>UST-IdNr.: NL182062661B01[\/vc_column_text][\/vc_column][vc_column width=&#8220;1\/3&#8243;][vc_column_text]\u00d6ko-Zertifizierung: NL-BIO-01<\/p>\n<p>\u00d6ko-Zertifizierung nummer: 107413<\/p>\n<p>Verantwortlich im Sinne des \u00a7 55 Absatz 2 des Rundfunkstaatsvertrags: Esther Molenwijk[\/vc_column_text][\/vc_column][\/vc_row]<\/p>\n<\/div>","protected":false},"excerpt":{"rendered":"<p>[vc_row css=&#8220;.vc_custom_1568646361177{margin-top: -35px !important;}&#8220;][vc_column][vc_column_text] Impressum [\/vc_column_text][\/vc_column][\/vc_row][vc_row equal_height=&#8220;yes&#8220; content_placement=&#8220;top&#8220;][vc_column width=&#8220;1\/3&#8243;][vc_column_text]Dutch Harvest Postfach 15739 1001NE Amsterdam Email: hello@dutchharvest.org T: 0031(0) 6-27223773[\/vc_column_text][\/vc_column][vc_column width=&#8220;1\/3&#8243;][vc_column_text]Gr\u00fcnderin und Gesch\u00e4ftsf\u00fchrerin: Esther Molenwijk Sales &amp; Marketing Deutschland: Tanja Hilgers Sitz der Gesellschaft: Amsterdam KvK Amsterdam, nummer 59236914 UST-IdNr.: NL182062661B01[\/vc_column_text][\/vc_column][vc_column width=&#8220;1\/3&#8243;][vc_column_text]\u00d6ko-Zertifizierung: NL-BIO-01 \u00d6ko-Zertifizierung nummer: 107413 Verantwortlich im Sinne des \u00a7 55 Absatz 2 des Rundfunkstaatsvertrags:&hellip;<\/p>\n","protected":false},"author":1,"featured_media":0,"parent":0,"menu_order":0,"comment_status":"closed","ping_status":"closed","template":"","meta":{"footnotes":"","_links_to":"","_links_to_target":""},"class_list":["post-5280","page","type-page","status-publish","hentry","description-off"],"yoast_head":"<!-- This site is optimized with the Yoast SEO plugin v27.4 - https:\/\/yoast.com\/product\/yoast-seo-wordpress\/ -->\n<title>Impressum - Dutch Harvest<\/title>\n<meta name=\"robots\" content=\"index, follow, max-snippet:-1, max-image-preview:large, max-video-preview:-1\" \/>\n<link rel=\"canonical\" href=\"https:\/\/dutchharvest.org\/de\/impressum\/\" \/>\n<meta property=\"og:locale\" content=\"de_DE\" \/>\n<meta property=\"og:type\" content=\"article\" \/>\n<meta property=\"og:title\" content=\"Impressum - Dutch Harvest\" \/>\n<meta property=\"og:description\" content=\"[vc_row css=&#8220;.vc_custom_1568646361177{margin-top: -35px !important;}&#8220;][vc_column][vc_column_text] Impressum [\/vc_column_text][\/vc_column][\/vc_row][vc_row equal_height=&#8220;yes&#8220; content_placement=&#8220;top&#8220;][vc_column width=&#8220;1\/3&#8243;][vc_column_text]Dutch Harvest Postfach 15739 1001NE Amsterdam Email: hello@dutchharvest.org T: 0031(0) 6-27223773[\/vc_column_text][\/vc_column][vc_column width=&#8220;1\/3&#8243;][vc_column_text]Gr\u00fcnderin und Gesch\u00e4ftsf\u00fchrerin: Esther Molenwijk Sales &amp; Marketing Deutschland: Tanja Hilgers Sitz der Gesellschaft: Amsterdam KvK Amsterdam, nummer 59236914 UST-IdNr.: NL182062661B01[\/vc_column_text][\/vc_column][vc_column width=&#8220;1\/3&#8243;][vc_column_text]\u00d6ko-Zertifizierung: NL-BIO-01 \u00d6ko-Zertifizierung nummer: 107413 Verantwortlich im Sinne des \u00a7 55 Absatz 2 des Rundfunkstaatsvertrags:&hellip;\" \/>\n<meta property=\"og:url\" content=\"https:\/\/dutchharvest.org\/de\/impressum\/\" \/>\n<meta property=\"og:site_name\" content=\"Dutch Harvest\" \/>\n<meta property=\"article:publisher\" content=\"https:\/\/www.facebook.com\/DutchHarvestHennepThee\/\" \/>\n<meta name=\"twitter:card\" content=\"summary_large_image\" \/>\n<meta name=\"twitter:label1\" content=\"Gesch\u00e4tzte Lesezeit\" \/>\n\t<meta name=\"twitter:data1\" content=\"1\u00a0Minute\" \/>\n<script type=\"application\/ld+json\" class=\"yoast-schema-graph\">{\"@context\":\"https:\\\/\\\/schema.org\",\"@graph\":[{\"@type\":\"WebPage\",\"@id\":\"https:\\\/\\\/dutchharvest.org\\\/de\\\/impressum\\\/\",\"url\":\"https:\\\/\\\/dutchharvest.org\\\/de\\\/impressum\\\/\",\"name\":\"Impressum - Dutch Harvest\",\"isPartOf\":{\"@id\":\"https:\\\/\\\/dutchharvest.org\\\/de\\\/#website\"},\"datePublished\":\"2019-10-15T14:26:43+00:00\",\"breadcrumb\":{\"@id\":\"https:\\\/\\\/dutchharvest.org\\\/de\\\/impressum\\\/#breadcrumb\"},\"inLanguage\":\"de\",\"potentialAction\":[{\"@type\":\"ReadAction\",\"target\":[\"https:\\\/\\\/dutchharvest.org\\\/de\\\/impressum\\\/\"]}]},{\"@type\":\"BreadcrumbList\",\"@id\":\"https:\\\/\\\/dutchharvest.org\\\/de\\\/impressum\\\/#breadcrumb\",\"itemListElement\":[{\"@type\":\"ListItem\",\"position\":1,\"name\":\"Home\",\"item\":\"https:\\\/\\\/dutchharvest.org\\\/de\\\/\"},{\"@type\":\"ListItem\",\"position\":2,\"name\":\"Impressum\"}]},{\"@type\":\"WebSite\",\"@id\":\"https:\\\/\\\/dutchharvest.org\\\/de\\\/#website\",\"url\":\"https:\\\/\\\/dutchharvest.org\\\/de\\\/\",\"name\":\"Dutch Harvest\",\"description\":\"Milde hennepthee van Nederlandse bodem\",\"potentialAction\":[{\"@type\":\"SearchAction\",\"target\":{\"@type\":\"EntryPoint\",\"urlTemplate\":\"https:\\\/\\\/dutchharvest.org\\\/de\\\/?s={search_term_string}\"},\"query-input\":{\"@type\":\"PropertyValueSpecification\",\"valueRequired\":true,\"valueName\":\"search_term_string\"}}],\"inLanguage\":\"de\"}]}<\/script>\n<!-- \/ Yoast SEO plugin. -->","yoast_head_json":{"title":"Impressum - Dutch Harvest","robots":{"index":"index","follow":"follow","max-snippet":"max-snippet:-1","max-image-preview":"max-image-preview:large","max-video-preview":"max-video-preview:-1"},"canonical":"https:\/\/dutchharvest.org\/de\/impressum\/","og_locale":"de_DE","og_type":"article","og_title":"Impressum - Dutch Harvest","og_description":"[vc_row css=&#8220;.vc_custom_1568646361177{margin-top: -35px !important;}&#8220;][vc_column][vc_column_text] Impressum [\/vc_column_text][\/vc_column][\/vc_row][vc_row equal_height=&#8220;yes&#8220; content_placement=&#8220;top&#8220;][vc_column width=&#8220;1\/3&#8243;][vc_column_text]Dutch Harvest Postfach 15739 1001NE Amsterdam Email: hello@dutchharvest.org T: 0031(0) 6-27223773[\/vc_column_text][\/vc_column][vc_column width=&#8220;1\/3&#8243;][vc_column_text]Gr\u00fcnderin und Gesch\u00e4ftsf\u00fchrerin: Esther Molenwijk Sales &amp; Marketing Deutschland: Tanja Hilgers Sitz der Gesellschaft: Amsterdam KvK Amsterdam, nummer 59236914 UST-IdNr.: NL182062661B01[\/vc_column_text][\/vc_column][vc_column width=&#8220;1\/3&#8243;][vc_column_text]\u00d6ko-Zertifizierung: NL-BIO-01 \u00d6ko-Zertifizierung nummer: 107413 Verantwortlich im Sinne des \u00a7 55 Absatz 2 des Rundfunkstaatsvertrags:&hellip;","og_url":"https:\/\/dutchharvest.org\/de\/impressum\/","og_site_name":"Dutch Harvest","article_publisher":"https:\/\/www.facebook.com\/DutchHarvestHennepThee\/","twitter_card":"summary_large_image","twitter_misc":{"Gesch\u00e4tzte Lesezeit":"1\u00a0Minute"},"schema":{"@context":"https:\/\/schema.org","@graph":[{"@type":"WebPage","@id":"https:\/\/dutchharvest.org\/de\/impressum\/","url":"https:\/\/dutchharvest.org\/de\/impressum\/","name":"Impressum - Dutch Harvest","isPartOf":{"@id":"https:\/\/dutchharvest.org\/de\/#website"},"datePublished":"2019-10-15T14:26:43+00:00","breadcrumb":{"@id":"https:\/\/dutchharvest.org\/de\/impressum\/#breadcrumb"},"inLanguage":"de","potentialAction":[{"@type":"ReadAction","target":["https:\/\/dutchharvest.org\/de\/impressum\/"]}]},{"@type":"BreadcrumbList","@id":"https:\/\/dutchharvest.org\/de\/impressum\/#breadcrumb","itemListElement":[{"@type":"ListItem","position":1,"name":"Home","item":"https:\/\/dutchharvest.org\/de\/"},{"@type":"ListItem","position":2,"name":"Impressum"}]},{"@type":"WebSite","@id":"https:\/\/dutchharvest.org\/de\/#website","url":"https:\/\/dutchharvest.org\/de\/","name":"Dutch Harvest","description":"Milde hennepthee van Nederlandse bodem","potentialAction":[{"@type":"SearchAction","target":{"@type":"EntryPoint","urlTemplate":"https:\/\/dutchharvest.org\/de\/?s={search_term_string}"},"query-input":{"@type":"PropertyValueSpecification","valueRequired":true,"valueName":"search_term_string"}}],"inLanguage":"de"}]}},"_links":{"self":[{"href":"https:\/\/dutchharvest.org\/de\/wp-json\/wp\/v2\/pages\/5280","targetHints":{"allow":["GET"]}}],"collection":[{"href":"https:\/\/dutchharvest.org\/de\/wp-json\/wp\/v2\/pages"}],"about":[{"href":"https:\/\/dutchharvest.org\/de\/wp-json\/wp\/v2\/types\/page"}],"author":[{"embeddable":true,"href":"https:\/\/dutchharvest.org\/de\/wp-json\/wp\/v2\/users\/1"}],"replies":[{"embeddable":true,"href":"https:\/\/dutchharvest.org\/de\/wp-json\/wp\/v2\/comments?post=5280"}],"version-history":[{"count":1,"href":"https:\/\/dutchharvest.org\/de\/wp-json\/wp\/v2\/pages\/5280\/revisions"}],"predecessor-version":[{"id":5281,"href":"https:\/\/dutchharvest.org\/de\/wp-json\/wp\/v2\/pages\/5280\/revisions\/5281"}],"wp:attachment":[{"href":"https:\/\/dutchharvest.org\/de\/wp-json\/wp\/v2\/media?parent=5280"}],"curies":[{"name":"wp","href":"https:\/\/api.w.org\/{rel}","templated":true}]}}