{"id":5322,"date":"2019-10-17T09:03:30","date_gmt":"2019-10-17T09:03:30","guid":{"rendered":"http:\/\/dutchharvest.org\/unsere-produkte\/bio-hanftee\/"},"modified":"2022-01-30T15:30:30","modified_gmt":"2022-01-30T15:30:30","slug":"bio-hanftee","status":"publish","type":"page","link":"https:\/\/dutchharvest.org\/de\/hanftee\/bio-hanftee\/","title":{"rendered":"Bio Hanftee"},"content":{"rendered":"<div class=\"wpb-content-wrapper\"><p>[vc_row][vc_column][vc_column_text]<\/p>\n<h2>Bio Hanftee: Pur und in vier Kr\u00e4utermischungen<\/h2>\n<p>[\/vc_column_text][vc_empty_space][\/vc_column][\/vc_row][vc_row gap=&#8220;35&#8243; el_class=&#8220;.tekst-onder-afbeelding&#8220;][vc_column width=&#8220;1\/2&#8243; el_class=&#8220;.tekst-onder-afbeelding&#8220;][vc_column_text el_class=&#8220;.tekst-onder-afbeelding&#8220;]Wir stellen unseren Bio Hanftee pur und in vier Geschmacksrichtungen her. Diese Kr\u00e4utermischungen haben wir gemeinsam mit Tee-Sommeli\u00e8re Karlijn Dapper zusammengestellt. Jede Melange ist sorgf\u00e4ltig und liebevoll auf die besondere Note des Hanfs abgestimmt.<\/p>\n<p>Unser Hanftee ist zu 100% biologisch. Auch f\u00fcr unsere Kr\u00e4utermischungen verwenden wir ausschlie\u00dflich biozertifizierte Kr\u00e4uter und Gew\u00fcrze. Kein Zucker, keine Aromastoffe: Reine Natur \u2013 herrlicher Geschmack!<\/p>\n<p>Der Geschmack? Viele Menschen beschreiben puren Hanftee als eine \u201amilde, leicht s\u00fc\u00dfliche Variante von gr\u00fcnem Tee\u2018. Au\u00dferdem hat er einen leicht prickelnden Abgang, der ihn zu einem besonderen Geschmackserlebnis macht.<\/p>\n<p>Zu guter Letzt ist unser Bio Hanftee von Natur aus frei von <a href=\"https:\/\/de.wikipedia.org\/wiki\/Coffein\" target=\"_blank\" rel=\"noopener noreferrer\">Koffein\/Teein<\/a>. Ein Tee f\u00fcr jeden Moment des Tages![\/vc_column_text][\/vc_column][vc_column width=&#8220;1\/2&#8243; el_class=&#8220;.tekst-onder-afbeelding&#8220;][vc_column_text el_class=&#8220;.tekst-onder-afbeelding&#8220;]<\/p>\n<ul>\n<li>\n<h5>Unser Hanftee ist zu 100% biologisch<\/h5>\n<\/li>\n<li>\n<h5>Hergestellt aus Hanfbl\u00e4ttern und Hanfbl\u00fcten<\/h5>\n<\/li>\n<li>\n<h5>Alle Kr\u00e4utermischungen enthalten mindestens 50% Hanf<\/h5>\n<\/li>\n<li>\n<h5>Frei von Koffein\/Teein<\/h5>\n<\/li>\n<li>\n<h5>Ohne k\u00fcnstliche Zusatzstoffe \u2013 100% nat\u00fcrlich<\/h5>\n<\/li>\n<li>\n<h5>40 Tassen Bio Hanftee pro P\u00e4ckchen<\/h5>\n<\/li>\n<\/ul>\n<p>[\/vc_column_text][\/vc_column][\/vc_row][vc_row][vc_column width=&#8220;1\/3&#8243;][vc_single_image image=&#8220;6925&#8243; img_size=&#8220;260&#215;300&#8243; alignment=&#8220;center&#8220; onclick=&#8220;custom_link&#8220; link=&#8220;https:\/\/dutchharvest.org\/de\/webshop\/hanftee-pur\/&#8220;][vc_column_text]<\/p>\n<h2>Simply Hemp<\/h2>\n<p>[\/vc_column_text][vc_column_text el_class=&#8220;.tekst-onder-afbeelding&#8220;]<\/p>\n<div class=\"page\" title=\"Page 4\">\n<div class=\"section\">\n<div class=\"layoutArea\">\n<div class=\"column\">\n<h5>Milder Hanftee f\u00fcr pure Entspannung<\/h5>\n<\/div>\n<\/div>\n<\/div>\n<\/div>\n<p>[\/vc_column_text][vc_column_text el_class=&#8220;.tekst-onder-afbeelding&#8220;]Simply Hemp ist mit 100% Hanfbl\u00e4ttern und Hanfbl\u00fcten unser purster und wirkungsvollster Hanftee. Ein milder, leicht s\u00fc\u00dflicher Tee mit einem subtilen, prickelnden Nachgeschmack. Perfekt zum Entspannen nach einem stressigen Tag und zur Beruhigung von K\u00f6rper und Geist. Wunderbar nach dem Yoga und Sport oder vor dem Schlafengehen.[\/vc_column_text]<style type=\"text\/css\" data-type=\"the7_shortcodes-inline-css\">#default-btn-214d714fb30ab91701348f1487dd5178.ico-right-side > i {\n  margin-right: 0px;\n  margin-left: 8px;\n}\n#default-btn-214d714fb30ab91701348f1487dd5178 > i {\n  margin-right: 8px;\n}<\/style><a href=\"https:\/\/dutchharvest.org\/de\/webshop\/hanftee-pur\/\" class=\"default-btn-shortcode dt-btn dt-btn-l link-hover-off btn-inline-left  vc_custom_1633504413214\" id=\"default-btn-214d714fb30ab91701348f1487dd5178\" title=\"Simply Hemp\"><span>Produktdetails<\/span><\/a>[\/vc_column][vc_column width=&#8220;1\/3&#8243;][vc_single_image image=&#8220;6922&#8243; img_size=&#8220;260&#215;300&#8243; alignment=&#8220;center&#8220; onclick=&#8220;custom_link&#8220; link=&#8220;https:\/\/dutchharvest.org\/de\/webshop\/hanftee-chai\/&#8220;][vc_column_text]<\/p>\n<h2>Hemp Chai<\/h2>\n<p>[\/vc_column_text][vc_column_text el_class=&#8220;.tekst-onder-afbeelding&#8220;]<\/p>\n<div class=\"page\" title=\"Page 5\">\n<div class=\"section\">\n<div class=\"layoutArea\">\n<div class=\"column\">\n<h5><strong>Belebender Hanftee mit aromatischen Gew\u00fcrzen <\/strong><\/h5>\n<\/div>\n<\/div>\n<\/div>\n<\/div>\n<p>[\/vc_column_text][vc_column_text el_class=&#8220;.tekst-onder-afbeelding&#8220;]Unser Hanf Chai ist zu jeder Tageszeit ein Genuss. Die w\u00e4rmende, mild s\u00fc\u00dfe Mischung kombiniert ayurvedische Gew\u00fcrze mit Hanf aus Groningen. Kr\u00e4ftige Chai-Kr\u00e4uter geben ein wohliges Gef\u00fchl und befl\u00fcgeln K\u00f6rper und Geist. Durch das frische Zitronengras ist der Tee auch angenehm belebend im Sommer. Lecker einfach so als Tee oder mit (pflanzlicher) Milch f\u00fcr eine k\u00f6stliche \u2018Chai Latte\u2019.[\/vc_column_text]<style type=\"text\/css\" data-type=\"the7_shortcodes-inline-css\">#default-btn-4ffff8cc9cc7c29536cf3853eedfd192.ico-right-side > i {\n  margin-right: 0px;\n  margin-left: 8px;\n}\n#default-btn-4ffff8cc9cc7c29536cf3853eedfd192 > i {\n  margin-right: 8px;\n}<\/style><a href=\"https:\/\/dutchharvest.org\/de\/webshop\/hanftee-chai\/\" class=\"default-btn-shortcode dt-btn dt-btn-l link-hover-off btn-inline-left  vc_custom_1633504476056\" id=\"default-btn-4ffff8cc9cc7c29536cf3853eedfd192\" title=\"Hemp Chai\"><span>Produktdetails<\/span><\/a>[\/vc_column][vc_column width=&#8220;1\/3&#8243;][vc_single_image image=&#8220;6916&#8243; img_size=&#8220;260&#215;300&#8243; alignment=&#8220;center&#8220; onclick=&#8220;custom_link&#8220; link=&#8220;https:\/\/dutchharvest.org\/de\/webshop\/hemp-herbs-tee\/&#8220;][vc_column_text]<\/p>\n<h2>Hemp &amp; Herbs<\/h2>\n<p>[\/vc_column_text][vc_column_text el_class=&#8220;.tekst-onder-afbeelding&#8220;]<\/p>\n<div class=\"page\" title=\"Page 4\">\n<div class=\"section\">\n<div class=\"layoutArea\">\n<div class=\"column\">\n<h5><strong>Entspannender Hanf Kr\u00e4utertee <\/strong><\/h5>\n<\/div>\n<\/div>\n<\/div>\n<\/div>\n<p>[\/vc_column_text][vc_column_text el_class=&#8220;.tekst-onder-afbeelding&#8220;]<\/p>\n<div class=\"page\" title=\"Page 4\">\n<div class=\"section\">\n<div class=\"layoutArea\">\n<div class=\"column\">\n<p>Eine angenehm frische und blumige Kr\u00e4utermischung auf Hanfbasis mit entspannenden Heilkr\u00e4utern. Minze und Ingwer sorgen f\u00fcr Pep und machen diese Mischung im Sommer zu einem wunderbar erfrischenden Eistee. Hemp &amp; Herbs schenkt einen Moment der Ruhe im hektischen Alltag oder abends vor dem Schlafengehen.<\/p><\/div>\n<\/div>\n<\/div>\n<\/div>\n<p>[\/vc_column_text]<style type=\"text\/css\" data-type=\"the7_shortcodes-inline-css\">#default-btn-278330ba1b5b5228f63cb8db57fb41d2.ico-right-side > i {\n  margin-right: 0px;\n  margin-left: 8px;\n}\n#default-btn-278330ba1b5b5228f63cb8db57fb41d2 > i {\n  margin-right: 8px;\n}<\/style><a href=\"https:\/\/dutchharvest.org\/de\/webshop\/hemp-herbs-tee\/\" class=\"default-btn-shortcode dt-btn dt-btn-l link-hover-off btn-inline-left  vc_custom_1633504517961\" id=\"default-btn-278330ba1b5b5228f63cb8db57fb41d2\" title=\"Hemp & Herbs\"><span>Produktdetails<\/span><\/a>[\/vc_column][\/vc_row][vc_row][vc_column width=&#8220;1\/3&#8243;][vc_single_image image=&#8220;6919&#8243; img_size=&#8220;260&#215;300&#8243; alignment=&#8220;center&#8220; onclick=&#8220;custom_link&#8220; link=&#8220;https:\/\/dutchharvest.org\/de\/webshop\/hanf-kurkuma-tee\/&#8220;][vc_column_text]<\/p>\n<h2>Hemp &amp; Turmeric<\/h2>\n<p>[\/vc_column_text][vc_column_text el_class=&#8220;.tekst-onder-afbeelding&#8220;]<\/p>\n<div class=\"page\" title=\"Page 5\">\n<div class=\"section\">\n<div class=\"layoutArea\">\n<div class=\"column\">\n<h5>Feurige Mischung mit Hanf und Kurkuma<\/h5>\n<\/div>\n<\/div>\n<\/div>\n<\/div>\n<p>[\/vc_column_text][vc_column_text el_class=&#8220;.tekst-onder-afbeelding&#8220;]<\/p>\n<div class=\"page\" title=\"Page 5\">\n<div class=\"section\">\n<div class=\"layoutArea\">\n<div class=\"column\">\n<p>Unsere feurigste Mischung aus mildem Hanf und goldgelber Kurkuma sorgt f\u00fcr tiefe Entspannung von K\u00f6rper und Geist. Die pikante Mischung von zwei kraftvollen Kr\u00e4utern mit w\u00fcrzigem Ingwer und erfrischendem Zitronengras sorgt f\u00fcr ein warmes Gef\u00fchl und einen wohltuenden Moment der Ruhe. Pur als Tee oder als Basis f\u00fcr eine \u2018Goldene Milch\u2019.<\/p><\/div>\n<\/div>\n<\/div>\n<\/div>\n<p>[\/vc_column_text]<style type=\"text\/css\" data-type=\"the7_shortcodes-inline-css\">#default-btn-75f46688de7e6cc1795a0845579c18bb.ico-right-side > i {\n  margin-right: 0px;\n  margin-left: 8px;\n}\n#default-btn-75f46688de7e6cc1795a0845579c18bb > i {\n  margin-right: 8px;\n}<\/style><a href=\"https:\/\/dutchharvest.org\/de\/webshop\/hanf-kurkuma-tee\/\" class=\"default-btn-shortcode dt-btn dt-btn-l link-hover-off btn-inline-left  vc_custom_1633504570758\" id=\"default-btn-75f46688de7e6cc1795a0845579c18bb\" title=\"Hemp & Turmeric\"><span>Produktdetails<\/span><\/a>[\/vc_column][vc_column width=&#8220;1\/3&#8243;][vc_single_image image=&#8220;6931&#8243; img_size=&#8220;260&#215;300&#8243; alignment=&#8220;center&#8220; onclick=&#8220;custom_link&#8220; link=&#8220;https:\/\/dutchharvest.org\/de\/webshop\/sleepy-hemp-tea\/&#8220;][vc_column_text]<\/p>\n<h2>Simply Hemp<\/h2>\n<p>[\/vc_column_text][vc_column_text el_class=&#8220;.tekst-onder-afbeelding&#8220;]<\/p>\n<div class=\"page\" title=\"Page 4\">\n<div class=\"section\">\n<div class=\"layoutArea\">\n<div class=\"column\">\n<div class=\"wpb_text_column wpb_content_element tekst-onder-afbeelding\">\n<div class=\"wpb_wrapper\">\n<div class=\"page\" title=\"Page 4\">\n<div class=\"section\">\n<div class=\"layoutArea\">\n<div class=\"column\">\n<h5>Ein harmonischer Abendtee f\u00fcr n\u00e4chtliche Ruhe<\/h5>\n<\/div>\n<\/div>\n<\/div>\n<\/div>\n<\/div>\n<\/div>\n<\/div>\n<\/div>\n<\/div>\n<\/div>\n<p>[\/vc_column_text][vc_column_text el_class=&#8220;.tekst-onder-afbeelding&#8220;]Unser Hanf bekommt Gesellschaft von seinem traumhaften Bruder, dem Hopfen! Beruhigender Baldrian und duftender Lavendel begleiten dich in einen nat\u00fcrlichen Schlaf. Abgerundet mit s\u00fc\u00dfem Anis und w\u00e4rmender Kamille haben wir eine entspannende Melange gezaubert die dich sanft ins Reich der Tr\u00e4ume wiegt.[\/vc_column_text]<style type=\"text\/css\" data-type=\"the7_shortcodes-inline-css\">#default-btn-b8125d48e41bc2a593eae07c4aa813db.ico-right-side > i {\n  margin-right: 0px;\n  margin-left: 8px;\n}\n#default-btn-b8125d48e41bc2a593eae07c4aa813db > i {\n  margin-right: 8px;\n}<\/style><a href=\"https:\/\/dutchharvest.org\/de\/webshop\/sleepy-hemp-tea\/\" class=\"default-btn-shortcode dt-btn dt-btn-l link-hover-off btn-inline-left  vc_custom_1633504651916\" id=\"default-btn-b8125d48e41bc2a593eae07c4aa813db\" title=\"Produktdetails\"><span>Produktdetails<\/span><\/a>[\/vc_column][\/vc_row][vc_row][vc_column][vc_empty_space height=&#8220;80px&#8220;][\/vc_column][\/vc_row][vc_row][vc_column width=&#8220;1\/2&#8243;][vc_row_inner][vc_column_inner width=&#8220;1\/2&#8243; offset=&#8220;vc_hidden-sm vc_hidden-xs&#8220;][vc_single_image image=&#8220;5057&#8243; img_size=&#8220;200&#215;200&#8243; alignment=&#8220;right&#8220; style=&#8220;vc_box_circle&#8220; onclick=&#8220;custom_link&#8220; link=&#8220;http:\/\/dutchharvest.org\/de\/hanftee-kaufen\/&#8220;][\/vc_column_inner][vc_column_inner width=&#8220;1\/2&#8243; offset=&#8220;vc_hidden-sm vc_hidden-xs&#8220;][vc_column_text]<\/p>\n<h5>Verkaufsstellen<\/h5>\n<p>[\/vc_column_text][vc_column_text el_class=&#8220;.tekst-onder-afbeelding&#8220;]Dutch Harvest Hanftee wird in immer mehr Gesch\u00e4ften angeboten.[\/vc_column_text]<style type=\"text\/css\" data-type=\"the7_shortcodes-inline-css\">#default-btn-419d20f4af3fc4e29d7242fdd46c0255.ico-right-side > i {\n  margin-right: 0px;\n  margin-left: 8px;\n}\n#default-btn-419d20f4af3fc4e29d7242fdd46c0255 > i {\n  margin-right: 8px;\n}<\/style><a href=\"https:\/\/dutchharvest.org\/de\/hanftee-kaufen\/\" class=\"default-btn-shortcode dt-btn dt-btn-l link-hover-off btn-inline-left  vc_custom_1571734820736\" id=\"default-btn-419d20f4af3fc4e29d7242fdd46c0255\" title=\"Hennepthee kopen\"><span>Verkaufsstelle finden<\/span><\/a>[\/vc_column_inner][\/vc_row_inner][\/vc_column][vc_column width=&#8220;1\/2&#8243;][vc_row_inner][vc_column_inner width=&#8220;1\/2&#8243; offset=&#8220;vc_hidden-sm vc_hidden-xs&#8220;][vc_single_image image=&#8220;7316&#8243; img_size=&#8220;200&#215;200&#8243; alignment=&#8220;right&#8220; style=&#8220;vc_box_circle&#8220; onclick=&#8220;custom_link&#8220; link=&#8220;http:\/\/dutchharvest.org\/de\/fur-handler\/&#8220;][\/vc_column_inner][vc_column_inner width=&#8220;1\/2&#8243; offset=&#8220;vc_hidden-sm vc_hidden-xs&#8220;][vc_column_text]<\/p>\n<h5>Bio Hanftee verkaufen?<\/h5>\n<p>[\/vc_column_text][vc_column_text el_class=&#8220;.tekst-onder-afbeelding&#8220;]Sie haben einen (Bio-)Laden oder ein Caf\u00e9 und wollen unseren Tee verkaufen? Sehr gerne![\/vc_column_text]<style type=\"text\/css\" data-type=\"the7_shortcodes-inline-css\">#default-btn-df84f2e9b58a240010245e9751b7bad8.ico-right-side > i {\n  margin-right: 0px;\n  margin-left: 8px;\n}\n#default-btn-df84f2e9b58a240010245e9751b7bad8 > i {\n  margin-right: 8px;\n}<\/style><a href=\"https:\/\/dutchharvest.org\/de\/fur-handler\/\" class=\"default-btn-shortcode dt-btn dt-btn-l link-hover-off btn-inline-left  vc_custom_1571734841200\" id=\"default-btn-df84f2e9b58a240010245e9751b7bad8\" title=\"F\u00fcr H\u00e4ndler\"><span>F\u00fcr H\u00e4ndler<\/span><\/a>[\/vc_column_inner][\/vc_row_inner][\/vc_column][\/vc_row][vc_row][vc_column width=&#8220;1\/2&#8243;][vc_row_inner][vc_column_inner width=&#8220;1\/2&#8243; offset=&#8220;vc_hidden-lg vc_hidden-md&#8220;][vc_single_image image=&#8220;5057&#8243; img_size=&#8220;200&#215;200&#8243; alignment=&#8220;center&#8220; style=&#8220;vc_box_circle&#8220; onclick=&#8220;custom_link&#8220; link=&#8220;http:\/\/dutchharvest.org\/de\/hanftee-kaufen\/&#8220;][\/vc_column_inner][vc_column_inner width=&#8220;1\/2&#8243; offset=&#8220;vc_hidden-lg vc_hidden-md&#8220;][vc_column_text]<\/p>\n<h5 style=\"text-align: center;\">Verkaufsstellen<\/h5>\n<p>[\/vc_column_text][vc_column_text el_class=&#8220;.tekst-onder-afbeelding&#8220;]<\/p>\n<p style=\"text-align: center;\">Dutch Harvest Hanftee wird in immer mehr Gesch\u00e4ften angeboten.<\/p>\n<p>[\/vc_column_text]<style type=\"text\/css\" data-type=\"the7_shortcodes-inline-css\">#default-btn-4f09886ded5461e7d6016f52029c25e5.ico-right-side > i {\n  margin-right: 0px;\n  margin-left: 8px;\n}\n#default-btn-4f09886ded5461e7d6016f52029c25e5 > i {\n  margin-right: 8px;\n}<\/style><div class=\"btn-align-center\"><a href=\"https:\/\/dutchharvest.org\/de\/hanftee-kaufen\/\" class=\"default-btn-shortcode dt-btn dt-btn-l link-hover-off  vc_custom_1572162715050\" id=\"default-btn-4f09886ded5461e7d6016f52029c25e5\" title=\"Hennepthee kopen\"><span>Verkaufsstelle finden<\/span><\/a><\/div>[vc_empty_space height=&#8220;40px&#8220;][\/vc_column_inner][\/vc_row_inner][\/vc_column][vc_column width=&#8220;1\/2&#8243;][vc_row_inner][vc_column_inner width=&#8220;1\/2&#8243; offset=&#8220;vc_hidden-lg vc_hidden-md&#8220;][vc_single_image image=&#8220;7316&#8243; img_size=&#8220;200&#215;200&#8243; alignment=&#8220;center&#8220; style=&#8220;vc_box_circle&#8220; onclick=&#8220;custom_link&#8220; link=&#8220;http:\/\/dutchharvest.org\/de\/fur-handler\/&#8220;][\/vc_column_inner][vc_column_inner width=&#8220;1\/2&#8243; offset=&#8220;vc_hidden-lg vc_hidden-md&#8220;][vc_column_text]<\/p>\n<h5 style=\"text-align: center;\">Bio Hanftee verkaufen?<\/h5>\n<p>[\/vc_column_text][vc_column_text el_class=&#8220;.tekst-onder-afbeelding&#8220;]<\/p>\n<p style=\"text-align: center;\">Sie haben einen (Bio-)Laden oder ein Caf\u00e9 und wollen unseren Tee verkaufen? Sehr gerne!<\/p>\n<p>[\/vc_column_text]<style type=\"text\/css\" data-type=\"the7_shortcodes-inline-css\">#default-btn-b7591e476cb4b0e1163cf55ae82beff8.ico-right-side > i {\n  margin-right: 0px;\n  margin-left: 8px;\n}\n#default-btn-b7591e476cb4b0e1163cf55ae82beff8 > i {\n  margin-right: 8px;\n}<\/style><div class=\"btn-align-center\"><a href=\"https:\/\/dutchharvest.org\/de\/fur-handler\/\" class=\"default-btn-shortcode dt-btn dt-btn-l link-hover-off  vc_custom_1572162727233\" id=\"default-btn-b7591e476cb4b0e1163cf55ae82beff8\" title=\"F\u00fcr H\u00e4ndler\"><span>F\u00fcr H\u00e4ndler<\/span><\/a><\/div>[vc_empty_space height=&#8220;40px&#8220;][\/vc_column_inner][\/vc_row_inner][\/vc_column][\/vc_row][vc_column width=&#8220;1\/4&#8243;][\/vc_column][vc_column width=&#8220;1\/4&#8243;][\/vc_column][vc_column width=&#8220;1\/4&#8243;][\/vc_column]<\/p>\n<\/div>","protected":false},"excerpt":{"rendered":"<p>[vc_row][vc_column][vc_column_text] Bio Hanftee: Pur und in vier Kr\u00e4utermischungen [\/vc_column_text][vc_empty_space][\/vc_column][\/vc_row][vc_row gap=&#8220;35&#8243; el_class=&#8220;.tekst-onder-afbeelding&#8220;][vc_column width=&#8220;1\/2&#8243; el_class=&#8220;.tekst-onder-afbeelding&#8220;][vc_column_text el_class=&#8220;.tekst-onder-afbeelding&#8220;]Wir stellen unseren Bio Hanftee pur und in vier Geschmacksrichtungen her. Diese Kr\u00e4utermischungen haben wir gemeinsam mit Tee-Sommeli\u00e8re Karlijn Dapper zusammengestellt. Jede Melange ist sorgf\u00e4ltig und liebevoll auf die besondere Note des Hanfs abgestimmt. Unser Hanftee ist zu 100% biologisch. Auch f\u00fcr&hellip;<\/p>\n","protected":false},"author":1,"featured_media":0,"parent":5239,"menu_order":3,"comment_status":"closed","ping_status":"closed","template":"","meta":{"footnotes":"","_links_to":"","_links_to_target":""},"class_list":["post-5322","page","type-page","status-publish","hentry","description-off"],"yoast_head":"<!-- This site is optimized with the Yoast SEO plugin v27.3 - https:\/\/yoast.com\/product\/yoast-seo-wordpress\/ -->\n<title>Bio Hanftee - Dutch Harvest Hanftee pur und in drei Kr\u00e4utermischungen.<\/title>\n<meta name=\"description\" content=\"Unser Bio Hanftee ist in 4 Geschmacksrichtungen erh\u00e4ltlich. Pur und in drei Kr\u00e4utermischungen: Hemp Chai, Hemp &amp; Herbs und Hemp &amp; Turmeric.\" \/>\n<meta name=\"robots\" content=\"index, follow, max-snippet:-1, max-image-preview:large, max-video-preview:-1\" \/>\n<link rel=\"canonical\" href=\"https:\/\/dutchharvest.org\/de\/hanftee\/bio-hanftee\/\" \/>\n<meta property=\"og:locale\" content=\"de_DE\" \/>\n<meta property=\"og:type\" content=\"article\" \/>\n<meta property=\"og:title\" content=\"Bio Hanftee - Dutch Harvest Hanftee pur und in drei Kr\u00e4utermischungen.\" \/>\n<meta property=\"og:description\" content=\"Unser Bio Hanftee ist in 4 Geschmacksrichtungen erh\u00e4ltlich. Pur und in drei Kr\u00e4utermischungen: Hemp Chai, Hemp &amp; Herbs und Hemp &amp; Turmeric.\" \/>\n<meta property=\"og:url\" content=\"https:\/\/dutchharvest.org\/de\/hanftee\/bio-hanftee\/\" \/>\n<meta property=\"og:site_name\" content=\"Dutch Harvest\" \/>\n<meta property=\"article:publisher\" content=\"https:\/\/www.facebook.com\/DutchHarvestHennepThee\/\" \/>\n<meta property=\"article:modified_time\" content=\"2022-01-30T15:30:30+00:00\" \/>\n<meta name=\"twitter:card\" content=\"summary_large_image\" \/>\n<meta name=\"twitter:label1\" content=\"Gesch\u00e4tzte Lesezeit\" \/>\n\t<meta name=\"twitter:data1\" content=\"3\u00a0Minuten\" \/>\n<script type=\"application\/ld+json\" class=\"yoast-schema-graph\">{\"@context\":\"https:\\\/\\\/schema.org\",\"@graph\":[{\"@type\":\"WebPage\",\"@id\":\"https:\\\/\\\/dutchharvest.org\\\/de\\\/hanftee\\\/bio-hanftee\\\/\",\"url\":\"https:\\\/\\\/dutchharvest.org\\\/de\\\/hanftee\\\/bio-hanftee\\\/\",\"name\":\"Bio Hanftee - Dutch Harvest Hanftee pur und in drei Kr\u00e4utermischungen.\",\"isPartOf\":{\"@id\":\"https:\\\/\\\/dutchharvest.org\\\/de\\\/#website\"},\"datePublished\":\"2019-10-17T09:03:30+00:00\",\"dateModified\":\"2022-01-30T15:30:30+00:00\",\"description\":\"Unser Bio Hanftee ist in 4 Geschmacksrichtungen erh\u00e4ltlich. Pur und in drei Kr\u00e4utermischungen: Hemp Chai, Hemp & Herbs und Hemp & Turmeric.\",\"breadcrumb\":{\"@id\":\"https:\\\/\\\/dutchharvest.org\\\/de\\\/hanftee\\\/bio-hanftee\\\/#breadcrumb\"},\"inLanguage\":\"de\",\"potentialAction\":[{\"@type\":\"ReadAction\",\"target\":[\"https:\\\/\\\/dutchharvest.org\\\/de\\\/hanftee\\\/bio-hanftee\\\/\"]}]},{\"@type\":\"BreadcrumbList\",\"@id\":\"https:\\\/\\\/dutchharvest.org\\\/de\\\/hanftee\\\/bio-hanftee\\\/#breadcrumb\",\"itemListElement\":[{\"@type\":\"ListItem\",\"position\":1,\"name\":\"Home\",\"item\":\"https:\\\/\\\/dutchharvest.org\\\/de\\\/\"},{\"@type\":\"ListItem\",\"position\":2,\"name\":\"Unsere Produkte\",\"item\":\"https:\\\/\\\/dutchharvest.org\\\/de\\\/hanftee\\\/\"},{\"@type\":\"ListItem\",\"position\":3,\"name\":\"Bio Hanftee\"}]},{\"@type\":\"WebSite\",\"@id\":\"https:\\\/\\\/dutchharvest.org\\\/de\\\/#website\",\"url\":\"https:\\\/\\\/dutchharvest.org\\\/de\\\/\",\"name\":\"Dutch Harvest\",\"description\":\"Milde hennepthee van Nederlandse bodem\",\"potentialAction\":[{\"@type\":\"SearchAction\",\"target\":{\"@type\":\"EntryPoint\",\"urlTemplate\":\"https:\\\/\\\/dutchharvest.org\\\/de\\\/?s={search_term_string}\"},\"query-input\":{\"@type\":\"PropertyValueSpecification\",\"valueRequired\":true,\"valueName\":\"search_term_string\"}}],\"inLanguage\":\"de\"}]}<\/script>\n<!-- \/ Yoast SEO plugin. -->","yoast_head_json":{"title":"Bio Hanftee - Dutch Harvest Hanftee pur und in drei Kr\u00e4utermischungen.","description":"Unser Bio Hanftee ist in 4 Geschmacksrichtungen erh\u00e4ltlich. Pur und in drei Kr\u00e4utermischungen: Hemp Chai, Hemp & Herbs und Hemp & Turmeric.","robots":{"index":"index","follow":"follow","max-snippet":"max-snippet:-1","max-image-preview":"max-image-preview:large","max-video-preview":"max-video-preview:-1"},"canonical":"https:\/\/dutchharvest.org\/de\/hanftee\/bio-hanftee\/","og_locale":"de_DE","og_type":"article","og_title":"Bio Hanftee - Dutch Harvest Hanftee pur und in drei Kr\u00e4utermischungen.","og_description":"Unser Bio Hanftee ist in 4 Geschmacksrichtungen erh\u00e4ltlich. Pur und in drei Kr\u00e4utermischungen: Hemp Chai, Hemp & Herbs und Hemp & Turmeric.","og_url":"https:\/\/dutchharvest.org\/de\/hanftee\/bio-hanftee\/","og_site_name":"Dutch Harvest","article_publisher":"https:\/\/www.facebook.com\/DutchHarvestHennepThee\/","article_modified_time":"2022-01-30T15:30:30+00:00","twitter_card":"summary_large_image","twitter_misc":{"Gesch\u00e4tzte Lesezeit":"3\u00a0Minuten"},"schema":{"@context":"https:\/\/schema.org","@graph":[{"@type":"WebPage","@id":"https:\/\/dutchharvest.org\/de\/hanftee\/bio-hanftee\/","url":"https:\/\/dutchharvest.org\/de\/hanftee\/bio-hanftee\/","name":"Bio Hanftee - Dutch Harvest Hanftee pur und in drei Kr\u00e4utermischungen.","isPartOf":{"@id":"https:\/\/dutchharvest.org\/de\/#website"},"datePublished":"2019-10-17T09:03:30+00:00","dateModified":"2022-01-30T15:30:30+00:00","description":"Unser Bio Hanftee ist in 4 Geschmacksrichtungen erh\u00e4ltlich. Pur und in drei Kr\u00e4utermischungen: Hemp Chai, Hemp & Herbs und Hemp & Turmeric.","breadcrumb":{"@id":"https:\/\/dutchharvest.org\/de\/hanftee\/bio-hanftee\/#breadcrumb"},"inLanguage":"de","potentialAction":[{"@type":"ReadAction","target":["https:\/\/dutchharvest.org\/de\/hanftee\/bio-hanftee\/"]}]},{"@type":"BreadcrumbList","@id":"https:\/\/dutchharvest.org\/de\/hanftee\/bio-hanftee\/#breadcrumb","itemListElement":[{"@type":"ListItem","position":1,"name":"Home","item":"https:\/\/dutchharvest.org\/de\/"},{"@type":"ListItem","position":2,"name":"Unsere Produkte","item":"https:\/\/dutchharvest.org\/de\/hanftee\/"},{"@type":"ListItem","position":3,"name":"Bio Hanftee"}]},{"@type":"WebSite","@id":"https:\/\/dutchharvest.org\/de\/#website","url":"https:\/\/dutchharvest.org\/de\/","name":"Dutch Harvest","description":"Milde hennepthee van Nederlandse bodem","potentialAction":[{"@type":"SearchAction","target":{"@type":"EntryPoint","urlTemplate":"https:\/\/dutchharvest.org\/de\/?s={search_term_string}"},"query-input":{"@type":"PropertyValueSpecification","valueRequired":true,"valueName":"search_term_string"}}],"inLanguage":"de"}]}},"_links":{"self":[{"href":"https:\/\/dutchharvest.org\/de\/wp-json\/wp\/v2\/pages\/5322","targetHints":{"allow":["GET"]}}],"collection":[{"href":"https:\/\/dutchharvest.org\/de\/wp-json\/wp\/v2\/pages"}],"about":[{"href":"https:\/\/dutchharvest.org\/de\/wp-json\/wp\/v2\/types\/page"}],"author":[{"embeddable":true,"href":"https:\/\/dutchharvest.org\/de\/wp-json\/wp\/v2\/users\/1"}],"replies":[{"embeddable":true,"href":"https:\/\/dutchharvest.org\/de\/wp-json\/wp\/v2\/comments?post=5322"}],"version-history":[{"count":17,"href":"https:\/\/dutchharvest.org\/de\/wp-json\/wp\/v2\/pages\/5322\/revisions"}],"predecessor-version":[{"id":7320,"href":"https:\/\/dutchharvest.org\/de\/wp-json\/wp\/v2\/pages\/5322\/revisions\/7320"}],"up":[{"embeddable":true,"href":"https:\/\/dutchharvest.org\/de\/wp-json\/wp\/v2\/pages\/5239"}],"wp:attachment":[{"href":"https:\/\/dutchharvest.org\/de\/wp-json\/wp\/v2\/media?parent=5322"}],"curies":[{"name":"wp","href":"https:\/\/api.w.org\/{rel}","templated":true}]}}