{"id":5331,"date":"2019-10-18T07:57:03","date_gmt":"2019-10-18T07:57:03","guid":{"rendered":"http:\/\/dutchharvest.org\/unsere-produkte\/nachhaltige-verpackung\/"},"modified":"2020-03-13T15:28:21","modified_gmt":"2020-03-13T15:28:21","slug":"nachhaltige-verpackung","status":"publish","type":"page","link":"https:\/\/dutchharvest.org\/de\/hanftee\/nachhaltige-verpackung\/","title":{"rendered":"Nachhaltige Verpackung"},"content":{"rendered":"<div class=\"wpb-content-wrapper\"><p>[vc_row css=&#8220;.vc_custom_1584113299867{margin-top: 50px !important;}&#8220;][vc_column][vc_column_text]<\/p>\n<h4>Eine besonders schwierige Aufgabe f\u00fcr Dutch Harvest war die Verpackung. Wir wollten eine wirklich nachhaltige Verpackung! Aber um den Geschmack des Tees zu erhalten, muss die Verpackung eine gute Luft und Licht Barriere haben, die normalerweise aus Plastik besteht.<\/h4>\n<h4>Nach langer Suche wurden wir belohnt, denn wir fanden zwei Materialien, die unsere W\u00fcnsche vereinen: Papier aus landwirtschaftlichen Abf\u00e4llen und zellulosebasiertes Bioplastik.<\/h4>\n<p>[\/vc_column_text][\/vc_column][\/vc_row][vc_row gap=&#8220;35&#8243;][vc_column width=&#8220;1\/3&#8243;][vc_column_text]<\/p>\n<h2><strong>Papier aus landwirtschaftlichen Abf\u00e4llen<\/strong><\/h2>\n<p>[\/vc_column_text][vc_single_image image=&#8220;5132&#8243; img_size=&#8220;full&#8220; css=&#8220;.vc_custom_1570629738926{margin-top: -25px !important;}&#8220;][vc_column_text el_class=&#8220;.tekst-onder-afbeelding&#8220;]Nach dem Motto \u201cdie Natur produziert keinen Abfall\u201d macht der Betrieb <a href=\"https:\/\/paperwise.eu\/de\/\" target=\"_blank\" rel=\"noopener noreferrer\">PaperWise Papier<\/a> aus landwirtschaftlichen Abf\u00e4llen. Dies k\u00f6nnen zum Beispiel Reste aus der Rohrzuckerproduktion sein. Auf diese Weise kann aus dem Abfall eines Produktes (dem Lebensmittel Zucker) ein zweites (Papier) gewonnen werden. Der \u00f6kologische Fu\u00dfabdruck f\u00fcr dieses Papier ist bedeutend geringer als der von gew\u00f6hnlichem FSC Papier. Und wir brauchen keinen einzigen Baum daf\u00fcr zu f\u00e4llen. Ein fantastisches Material f\u00fcr unsere nachhaltige Verpackung.[\/vc_column_text][\/vc_column][vc_column width=&#8220;1\/3&#8243;][vc_column_text]<\/p>\n<h2><strong>Bioplastik auf Zellulose Basis<\/strong><\/h2>\n<p>[\/vc_column_text][vc_single_image image=&#8220;5135&#8243; img_size=&#8220;full&#8220; css=&#8220;.vc_custom_1570629778783{margin-top: -25px !important;}&#8220;][vc_column_text el_class=&#8220;.tekst-onder-afbeelding&#8220;]Dennoch musste die Verpackung plastikbeschichtet sein, um den Geschmack des Tees zu erhalten und um ein Sichtfenster einf\u00fcgen zu k\u00f6nnen. Erd\u00f6lbasiertes Plastik kam f\u00fcr uns im Sinne der Nachhaltigkeit nat\u00fcrlich nicht in Frage. Zum Gl\u00fcck fanden wir auch hier \u00fcberzeugenden Ersatz: Bioplastik auf der Basis von Cellulose, die kompostierbar ist.<\/p>\n<p>Zu guter Letzt fanden wir einen Drucker, der die zwei Materialen f\u00fcr uns zu einer nachhaltigen Verpackung verarbeitete.[\/vc_column_text][\/vc_column][vc_column width=&#8220;1\/3&#8243;][vc_column_text]<\/p>\n<h2><strong>Plastikfrei und kompostierbar<\/strong><\/h2>\n<p>[\/vc_column_text][vc_single_image image=&#8220;5138&#8243; img_size=&#8220;full&#8220; css=&#8220;.vc_custom_1570629820759{margin-top: -25px !important;}&#8220;][vc_column_text el_class=&#8220;.tekst-onder-afbeelding&#8220;]Die Kombination der Materialien macht die Verpackung kompostierbar entsprechend der EU-Norm 7P0466. Das hei\u00dft, sie kann industriell kompostiert werden, \u00fcber die gr\u00fcne Tonne, aber auch auf dem Kompost in deinem Garten. Denk daran den Klipp separat zu entsorgen. Dieser kann im Kompost leider nicht verwertet werden.<\/p>\n<p>Durch die Verwendung von Bioplastik kann Dutch Harvest im Verkauf unter der Rubrik \u201aPlastikfrei\u2018 gef\u00fchrt werden.[\/vc_column_text][\/vc_column][\/vc_row][vc_row gap=&#8220;35&#8243; content_placement=&#8220;middle&#8220;][vc_column width=&#8220;1\/4&#8243;][vc_single_image image=&#8220;5141&#8243; img_size=&#8220;full&#8220; alignment=&#8220;center&#8220;][\/vc_column][vc_column width=&#8220;3\/4&#8243;][vc_column_text]<\/p>\n<h2><strong>And the winner is\u2026.<\/strong><\/h2>\n<p>[\/vc_column_text][vc_column_text el_class=&#8220;.tekst-onder-afbeelding&#8220;]F\u00fcr unsere innovative Verpackung haben wir 2018 den HOW International Design Award erhalten! Sicher nicht zuletzt aufgrund des originellen Designs von Arjan van Woensel.[\/vc_column_text][\/vc_column][\/vc_row][vc_row][vc_column][vc_column_text]<\/p>\n<p>[\/vc_column_text][\/vc_column][\/vc_row][vc_row][vc_column][vc_empty_space height=&#8220;80px&#8220;][\/vc_column][\/vc_row][vc_row equal_height=&#8220;yes&#8220; rtl_reverse=&#8220;yes&#8220; content_placement=&#8220;top&#8220;][vc_column width=&#8220;1\/2&#8243;][vc_row_inner content_placement=&#8220;top&#8220;][vc_column_inner width=&#8220;1\/2&#8243; offset=&#8220;vc_hidden-sm vc_hidden-xs&#8220;][vc_single_image image=&#8220;5144&#8243; img_size=&#8220;200&#215;200&#8243; alignment=&#8220;right&#8220; style=&#8220;vc_box_circle&#8220; onclick=&#8220;custom_link&#8220; css=&#8220;.vc_custom_1571560496278{margin-top: -20px !important;}&#8220; link=&#8220;http:\/\/dutchharvest.org\/de\/uber-uns\/unsere-mission\/&#8220;][\/vc_column_inner][vc_column_inner width=&#8220;1\/2&#8243; offset=&#8220;vc_hidden-sm vc_hidden-xs&#8220;][vc_column_text]<\/p>\n<h5>Ein Tee mit Mission<\/h5>\n<p>[\/vc_column_text][vc_column_text el_class=&#8220;.tekst-onder-afbeelding&#8220;]Eine wundersch\u00f6ne und vielseitige Nutzpflanze[\/vc_column_text]<style type=\"text\/css\" data-type=\"the7_shortcodes-inline-css\">#default-btn-665b21cf300d941ea2db1edd0fd22ddf.ico-right-side > i {\n  margin-right: 0px;\n  margin-left: 8px;\n}\n#default-btn-665b21cf300d941ea2db1edd0fd22ddf > i {\n  margin-right: 8px;\n}<\/style><a href=\"https:\/\/dutchharvest.org\/de\/uber-uns\/unsere-mission\/\" class=\"default-btn-shortcode dt-btn dt-btn-l link-hover-off btn-inline-left  vc_custom_1571735921833\" id=\"default-btn-665b21cf300d941ea2db1edd0fd22ddf\" title=\"Unsere Mission\"><span>Unsere Mission<\/span><\/a>[\/vc_column_inner][\/vc_row_inner][\/vc_column][vc_column width=&#8220;1\/2&#8243;][vc_row_inner][vc_column_inner width=&#8220;1\/2&#8243; offset=&#8220;vc_hidden-sm vc_hidden-xs&#8220;][vc_single_image image=&#8220;5061&#8243; img_size=&#8220;200&#215;200&#8243; alignment=&#8220;right&#8220; style=&#8220;vc_box_circle&#8220; onclick=&#8220;custom_link&#8220; css=&#8220;.vc_custom_1571560563916{margin-top: -20px !important;}&#8220; link=&#8220;http:\/\/dutchharvest.org\/de\/fur-handler\/&#8220;][\/vc_column_inner][vc_column_inner width=&#8220;1\/2&#8243; offset=&#8220;vc_hidden-sm vc_hidden-xs&#8220;][vc_column_text]<\/p>\n<h5>F\u00fcr H\u00e4ndler<\/h5>\n<p>[\/vc_column_text][vc_column_text el_class=&#8220;.tekst-onder-afbeelding&#8220;]Wollen Sie Dutch Harvest in Ihrem Gesch\u00e4ft verkaufen? Gerne![\/vc_column_text]<style type=\"text\/css\" data-type=\"the7_shortcodes-inline-css\">#default-btn-728e7f50e1475f481ef5c10e377be691.ico-right-side > i {\n  margin-right: 0px;\n  margin-left: 8px;\n}\n#default-btn-728e7f50e1475f481ef5c10e377be691 > i {\n  margin-right: 8px;\n}<\/style><a href=\"https:\/\/dutchharvest.org\/de\/fur-handler\/\" class=\"default-btn-shortcode dt-btn dt-btn-l link-hover-off btn-inline-left  vc_custom_1571735937681\" id=\"default-btn-728e7f50e1475f481ef5c10e377be691\" title=\"F\u00fcr H\u00e4ndler\"><span>F\u00fcr H\u00e4ndler<\/span><\/a>[\/vc_column_inner][\/vc_row_inner][\/vc_column][\/vc_row][vc_row equal_height=&#8220;yes&#8220; rtl_reverse=&#8220;yes&#8220; content_placement=&#8220;top&#8220;][vc_column width=&#8220;1\/2&#8243;][vc_row_inner content_placement=&#8220;top&#8220;][vc_column_inner width=&#8220;1\/2&#8243; offset=&#8220;vc_hidden-lg vc_hidden-md&#8220;][vc_single_image image=&#8220;5144&#8243; img_size=&#8220;200&#215;200&#8243; alignment=&#8220;center&#8220; style=&#8220;vc_box_circle&#8220; onclick=&#8220;custom_link&#8220; css=&#8220;.vc_custom_1571560509224{margin-top: -20px !important;}&#8220; link=&#8220;http:\/\/dutchharvest.org\/de\/uber-uns\/unsere-mission\/&#8220;][\/vc_column_inner][vc_column_inner width=&#8220;1\/2&#8243; offset=&#8220;vc_hidden-lg vc_hidden-md&#8220;][vc_column_text]<\/p>\n<h5>Ein Tee mit Mission<\/h5>\n<p>[\/vc_column_text][vc_column_text el_class=&#8220;.tekst-onder-afbeelding&#8220;]Eine wundersch\u00f6ne und vielseitige Nutzpflanze[\/vc_column_text]<style type=\"text\/css\" data-type=\"the7_shortcodes-inline-css\">#default-btn-dc2ce490360ed5b4ac4560a8a2eb0843.ico-right-side > i {\n  margin-right: 0px;\n  margin-left: 8px;\n}\n#default-btn-dc2ce490360ed5b4ac4560a8a2eb0843 > i {\n  margin-right: 8px;\n}<\/style><div class=\"btn-align-center\"><a href=\"https:\/\/dutchharvest.org\/de\/uber-uns\/unsere-mission\/\" class=\"default-btn-shortcode dt-btn dt-btn-l link-hover-off  vc_custom_1572163418061\" id=\"default-btn-dc2ce490360ed5b4ac4560a8a2eb0843\" title=\"Unsere Mission\"><span>Unsere Mission<\/span><\/a><\/div>[vc_empty_space height=&#8220;40px&#8220;][\/vc_column_inner][\/vc_row_inner][\/vc_column][vc_column width=&#8220;1\/2&#8243;][vc_row_inner][vc_column_inner width=&#8220;1\/2&#8243; offset=&#8220;vc_hidden-lg vc_hidden-md&#8220;][vc_single_image image=&#8220;5061&#8243; img_size=&#8220;200&#215;200&#8243; alignment=&#8220;center&#8220; style=&#8220;vc_box_circle&#8220; onclick=&#8220;custom_link&#8220; css=&#8220;.vc_custom_1571560574859{margin-top: -20px !important;}&#8220; link=&#8220;http:\/\/dutchharvest.org\/de\/fur-handler\/&#8220;][\/vc_column_inner][vc_column_inner width=&#8220;1\/2&#8243; offset=&#8220;vc_hidden-lg vc_hidden-md&#8220;][vc_column_text]<\/p>\n<h5>F\u00fcr H\u00e4ndler<\/h5>\n<p>[\/vc_column_text][vc_column_text el_class=&#8220;.tekst-onder-afbeelding&#8220;]Wollen Sie Dutch Harvest in Ihrem Gesch\u00e4ft verkaufen? Gerne![\/vc_column_text]<style type=\"text\/css\" data-type=\"the7_shortcodes-inline-css\">#default-btn-c7b5eb8a2a6976ea44333c24f005c838.ico-right-side > i {\n  margin-right: 0px;\n  margin-left: 8px;\n}\n#default-btn-c7b5eb8a2a6976ea44333c24f005c838 > i {\n  margin-right: 8px;\n}<\/style><div class=\"btn-align-center\"><a href=\"https:\/\/dutchharvest.org\/de\/fur-handler\/\" class=\"default-btn-shortcode dt-btn dt-btn-l link-hover-off  vc_custom_1572163425511\" id=\"default-btn-c7b5eb8a2a6976ea44333c24f005c838\" title=\"F\u00fcr H\u00e4ndler\"><span>F\u00fcr H\u00e4ndler<\/span><\/a><\/div>[vc_empty_space height=&#8220;40px&#8220;][\/vc_column_inner][\/vc_row_inner][\/vc_column][\/vc_row]<\/p>\n<\/div>","protected":false},"excerpt":{"rendered":"<p>[vc_row css=&#8220;.vc_custom_1584113299867{margin-top: 50px !important;}&#8220;][vc_column][vc_column_text] Eine besonders schwierige Aufgabe f\u00fcr Dutch Harvest war die Verpackung. Wir wollten eine wirklich nachhaltige Verpackung! Aber um den Geschmack des Tees zu erhalten, muss die Verpackung eine gute Luft und Licht Barriere haben, die normalerweise aus Plastik besteht. Nach langer Suche wurden wir belohnt, denn wir fanden zwei Materialien, die&hellip;<\/p>\n","protected":false},"author":1,"featured_media":0,"parent":5239,"menu_order":10,"comment_status":"closed","ping_status":"closed","template":"","meta":{"footnotes":"","_links_to":"","_links_to_target":""},"class_list":["post-5331","page","type-page","status-publish","hentry","description-off"],"yoast_head":"<!-- This site is optimized with the Yoast SEO plugin v27.5 - https:\/\/yoast.com\/product\/yoast-seo-wordpress\/ -->\n<title>Nachhaltige Verpackung - Dutch Harvest Hanftee<\/title>\n<meta name=\"description\" content=\"Dutch Harvest Hanftee ist in einer neuartigen, kompostierbaren Verpackung verpackt. F\u00fcr die optimale Geschmacksentwicklung verpacken wir die Hanfbl\u00e4tter und-bl\u00fcten lose.\" \/>\n<meta name=\"robots\" content=\"index, follow, max-snippet:-1, max-image-preview:large, max-video-preview:-1\" \/>\n<link rel=\"canonical\" href=\"https:\/\/dutchharvest.org\/de\/hanftee\/nachhaltige-verpackung\/\" \/>\n<meta property=\"og:locale\" content=\"de_DE\" \/>\n<meta property=\"og:type\" content=\"article\" \/>\n<meta property=\"og:title\" content=\"Nachhaltige Verpackung - Dutch Harvest Hanftee\" \/>\n<meta property=\"og:description\" content=\"Dutch Harvest Hanftee ist in einer neuartigen, kompostierbaren Verpackung verpackt. F\u00fcr die optimale Geschmacksentwicklung verpacken wir die Hanfbl\u00e4tter und-bl\u00fcten lose.\" \/>\n<meta property=\"og:url\" content=\"https:\/\/dutchharvest.org\/de\/hanftee\/nachhaltige-verpackung\/\" \/>\n<meta property=\"og:site_name\" content=\"Dutch Harvest\" \/>\n<meta property=\"article:publisher\" content=\"https:\/\/www.facebook.com\/DutchHarvestHennepThee\/\" \/>\n<meta property=\"article:modified_time\" content=\"2020-03-13T15:28:21+00:00\" \/>\n<meta name=\"twitter:card\" content=\"summary_large_image\" \/>\n<meta name=\"twitter:label1\" content=\"Gesch\u00e4tzte Lesezeit\" \/>\n\t<meta name=\"twitter:data1\" content=\"5\u00a0Minuten\" \/>\n<script type=\"application\/ld+json\" class=\"yoast-schema-graph\">{\"@context\":\"https:\\\/\\\/schema.org\",\"@graph\":[{\"@type\":\"WebPage\",\"@id\":\"https:\\\/\\\/dutchharvest.org\\\/de\\\/hanftee\\\/nachhaltige-verpackung\\\/\",\"url\":\"https:\\\/\\\/dutchharvest.org\\\/de\\\/hanftee\\\/nachhaltige-verpackung\\\/\",\"name\":\"Nachhaltige Verpackung - Dutch Harvest Hanftee\",\"isPartOf\":{\"@id\":\"https:\\\/\\\/dutchharvest.org\\\/de\\\/#website\"},\"datePublished\":\"2019-10-18T07:57:03+00:00\",\"dateModified\":\"2020-03-13T15:28:21+00:00\",\"description\":\"Dutch Harvest Hanftee ist in einer neuartigen, kompostierbaren Verpackung verpackt. F\u00fcr die optimale Geschmacksentwicklung verpacken wir die Hanfbl\u00e4tter und-bl\u00fcten lose.\",\"breadcrumb\":{\"@id\":\"https:\\\/\\\/dutchharvest.org\\\/de\\\/hanftee\\\/nachhaltige-verpackung\\\/#breadcrumb\"},\"inLanguage\":\"de\",\"potentialAction\":[{\"@type\":\"ReadAction\",\"target\":[\"https:\\\/\\\/dutchharvest.org\\\/de\\\/hanftee\\\/nachhaltige-verpackung\\\/\"]}]},{\"@type\":\"BreadcrumbList\",\"@id\":\"https:\\\/\\\/dutchharvest.org\\\/de\\\/hanftee\\\/nachhaltige-verpackung\\\/#breadcrumb\",\"itemListElement\":[{\"@type\":\"ListItem\",\"position\":1,\"name\":\"Home\",\"item\":\"https:\\\/\\\/dutchharvest.org\\\/de\\\/\"},{\"@type\":\"ListItem\",\"position\":2,\"name\":\"Unsere Produkte\",\"item\":\"https:\\\/\\\/dutchharvest.org\\\/de\\\/hanftee\\\/\"},{\"@type\":\"ListItem\",\"position\":3,\"name\":\"Nachhaltige Verpackung\"}]},{\"@type\":\"WebSite\",\"@id\":\"https:\\\/\\\/dutchharvest.org\\\/de\\\/#website\",\"url\":\"https:\\\/\\\/dutchharvest.org\\\/de\\\/\",\"name\":\"Dutch Harvest\",\"description\":\"Milde hennepthee van Nederlandse bodem\",\"potentialAction\":[{\"@type\":\"SearchAction\",\"target\":{\"@type\":\"EntryPoint\",\"urlTemplate\":\"https:\\\/\\\/dutchharvest.org\\\/de\\\/?s={search_term_string}\"},\"query-input\":{\"@type\":\"PropertyValueSpecification\",\"valueRequired\":true,\"valueName\":\"search_term_string\"}}],\"inLanguage\":\"de\"}]}<\/script>\n<!-- \/ Yoast SEO plugin. -->","yoast_head_json":{"title":"Nachhaltige Verpackung - Dutch Harvest Hanftee","description":"Dutch Harvest Hanftee ist in einer neuartigen, kompostierbaren Verpackung verpackt. F\u00fcr die optimale Geschmacksentwicklung verpacken wir die Hanfbl\u00e4tter und-bl\u00fcten lose.","robots":{"index":"index","follow":"follow","max-snippet":"max-snippet:-1","max-image-preview":"max-image-preview:large","max-video-preview":"max-video-preview:-1"},"canonical":"https:\/\/dutchharvest.org\/de\/hanftee\/nachhaltige-verpackung\/","og_locale":"de_DE","og_type":"article","og_title":"Nachhaltige Verpackung - Dutch Harvest Hanftee","og_description":"Dutch Harvest Hanftee ist in einer neuartigen, kompostierbaren Verpackung verpackt. F\u00fcr die optimale Geschmacksentwicklung verpacken wir die Hanfbl\u00e4tter und-bl\u00fcten lose.","og_url":"https:\/\/dutchharvest.org\/de\/hanftee\/nachhaltige-verpackung\/","og_site_name":"Dutch Harvest","article_publisher":"https:\/\/www.facebook.com\/DutchHarvestHennepThee\/","article_modified_time":"2020-03-13T15:28:21+00:00","twitter_card":"summary_large_image","twitter_misc":{"Gesch\u00e4tzte Lesezeit":"5\u00a0Minuten"},"schema":{"@context":"https:\/\/schema.org","@graph":[{"@type":"WebPage","@id":"https:\/\/dutchharvest.org\/de\/hanftee\/nachhaltige-verpackung\/","url":"https:\/\/dutchharvest.org\/de\/hanftee\/nachhaltige-verpackung\/","name":"Nachhaltige Verpackung - Dutch Harvest Hanftee","isPartOf":{"@id":"https:\/\/dutchharvest.org\/de\/#website"},"datePublished":"2019-10-18T07:57:03+00:00","dateModified":"2020-03-13T15:28:21+00:00","description":"Dutch Harvest Hanftee ist in einer neuartigen, kompostierbaren Verpackung verpackt. F\u00fcr die optimale Geschmacksentwicklung verpacken wir die Hanfbl\u00e4tter und-bl\u00fcten lose.","breadcrumb":{"@id":"https:\/\/dutchharvest.org\/de\/hanftee\/nachhaltige-verpackung\/#breadcrumb"},"inLanguage":"de","potentialAction":[{"@type":"ReadAction","target":["https:\/\/dutchharvest.org\/de\/hanftee\/nachhaltige-verpackung\/"]}]},{"@type":"BreadcrumbList","@id":"https:\/\/dutchharvest.org\/de\/hanftee\/nachhaltige-verpackung\/#breadcrumb","itemListElement":[{"@type":"ListItem","position":1,"name":"Home","item":"https:\/\/dutchharvest.org\/de\/"},{"@type":"ListItem","position":2,"name":"Unsere Produkte","item":"https:\/\/dutchharvest.org\/de\/hanftee\/"},{"@type":"ListItem","position":3,"name":"Nachhaltige Verpackung"}]},{"@type":"WebSite","@id":"https:\/\/dutchharvest.org\/de\/#website","url":"https:\/\/dutchharvest.org\/de\/","name":"Dutch Harvest","description":"Milde hennepthee van Nederlandse bodem","potentialAction":[{"@type":"SearchAction","target":{"@type":"EntryPoint","urlTemplate":"https:\/\/dutchharvest.org\/de\/?s={search_term_string}"},"query-input":{"@type":"PropertyValueSpecification","valueRequired":true,"valueName":"search_term_string"}}],"inLanguage":"de"}]}},"_links":{"self":[{"href":"https:\/\/dutchharvest.org\/de\/wp-json\/wp\/v2\/pages\/5331","targetHints":{"allow":["GET"]}}],"collection":[{"href":"https:\/\/dutchharvest.org\/de\/wp-json\/wp\/v2\/pages"}],"about":[{"href":"https:\/\/dutchharvest.org\/de\/wp-json\/wp\/v2\/types\/page"}],"author":[{"embeddable":true,"href":"https:\/\/dutchharvest.org\/de\/wp-json\/wp\/v2\/users\/1"}],"replies":[{"embeddable":true,"href":"https:\/\/dutchharvest.org\/de\/wp-json\/wp\/v2\/comments?post=5331"}],"version-history":[{"count":11,"href":"https:\/\/dutchharvest.org\/de\/wp-json\/wp\/v2\/pages\/5331\/revisions"}],"predecessor-version":[{"id":5881,"href":"https:\/\/dutchharvest.org\/de\/wp-json\/wp\/v2\/pages\/5331\/revisions\/5881"}],"up":[{"embeddable":true,"href":"https:\/\/dutchharvest.org\/de\/wp-json\/wp\/v2\/pages\/5239"}],"wp:attachment":[{"href":"https:\/\/dutchharvest.org\/de\/wp-json\/wp\/v2\/media?parent=5331"}],"curies":[{"name":"wp","href":"https:\/\/api.w.org\/{rel}","templated":true}]}}