{"id":5334,"date":"2019-10-18T08:46:58","date_gmt":"2019-10-18T08:46:58","guid":{"rendered":"http:\/\/dutchharvest.org\/unsere-produkte\/rezeptideen-hanftee\/"},"modified":"2021-06-14T08:40:02","modified_gmt":"2021-06-14T08:40:02","slug":"rezepte","status":"publish","type":"page","link":"https:\/\/dutchharvest.org\/de\/hanftee\/rezepte\/","title":{"rendered":"Rezeptideen Hanftee"},"content":{"rendered":"<div class=\"wpb-content-wrapper\"><p>[vc_row gap=&#8220;35&#8243; css=&#8220;.vc_custom_1568662296882{margin-top: 50px !important;}&#8220;][vc_column width=&#8220;1\/2&#8243;][vc_column_text]<\/p>\n<h2><strong>Hanf mit frischem Ingwertee<\/strong><\/h2>\n<p>[\/vc_column_text][vc_media_grid element_width=&#8220;6&#8243; item=&#8220;masonryMedia_Default&#8220; grid_id=&#8220;vc_gid:1623659986057-cedff83e-0fdf-3&#8243; include=&#8220;5148,5151,5154,5157&#8243; css=&#8220;.vc_custom_1611070673991{margin-top: -30px !important;}&#8220;][vc_column_text el_class=&#8220;.tekst-onder-afbeelding&#8220;]<\/p>\n<h5><strong>Frischer Ingwertee l\u00e4sst sich wunderbar mit dem Geschmack von Hanf kombinieren.<\/strong><\/h5>\n<p>[\/vc_column_text][vc_column_text el_class=&#8220;.tekst-onder-afbeelding&#8220;]Frischer Ingwertee erfreut sich stets gr\u00f6\u00dferer Beliebtheit. Wie w\u00e4re es heute mit einem Hanf-Ingwertee?<\/p>\n<ul>\n<li>Dutch Harvest <a href=\"https:\/\/get-responsive.com\/dutchharvest-nieuw\/simply-hemp\/\"><strong>SIMPLY HEMP<\/strong><\/a><\/li>\n<li>frischer Ingwer<\/li>\n<li>frische Minze<\/li>\n<li>Zitrone<\/li>\n<li>Agaven-Sirup<\/li>\n<li>Eisw\u00fcrfel<\/li>\n<\/ul>\n<p>Bereite Dutch Harvest zu wie gew\u00f6hnlich. F\u00fcge dann den Ingwer sowie frische Minze, Zitrone und nach Belieben Eisw\u00fcrfel hinzu. Lass den Tee erst pur deinen Gaumen erobern. F\u00fcr die ganz s\u00fc\u00dfen Feinschmecker: Vielleicht noch einen Schuss Agaven-Sirup dazu?[\/vc_column_text][vc_column_text]<\/p>\n<h2><strong>Hanf-Eistee mit Nektarine<\/strong><\/h2>\n<p>[\/vc_column_text][vc_single_image image=&#8220;5165&#8243; img_size=&#8220;full&#8220; css=&#8220;.vc_custom_1611070664665{margin-top: -30px !important;}&#8220;][vc_column_text el_class=&#8220;.tekst-onder-afbeelding&#8220;]<\/p>\n<h5><strong>Diesen Tee hat Pflanzen-Aktivistin Lisette Kreischer f\u00fcr uns kreiert.<\/strong><\/h5>\n<p>[\/vc_column_text][vc_column_text el_class=&#8220;.tekst-onder-afbeelding&#8220;]<\/p>\n<ul>\n<li>3 EL <a href=\"https:\/\/get-responsive.com\/dutchharvest-nieuw\/simply-hemp\/\"><strong>SIMPLY HEMP<\/strong><\/a> auf 1 l Wasser<\/li>\n<li>ein paar Zweige kr\u00e4ftige, frische Minze<\/li>\n<li>3 Zweige Lavendel<\/li>\n<li>1 Zweig Zitronenmelisse<\/li>\n<li>1\/2 Limone<\/li>\n<li>1 Nektarine, klein geschnitten<\/li>\n<\/ul>\n<p>Brich die Kr\u00e4uterzweige mehrfach durch, damit sie ihr Aroma entfalten. Gib sie in eine Glasflasche. F\u00fcge 3 EL losen Hanftee hinzu. Press die halbe Limone \u00fcber dem Gemisch aus und f\u00fcge die kleingeschnittene Nektarine ebenfalls zu. Gie\u00dfe danach zun\u00e4chst etwas kaltes Wasser \u00fcber die Kr\u00e4uter, damit sie nicht verbrennen. Kurz stehen lassen und die Flasche dann mit hei\u00dfem Wasser auff\u00fcllen. Wiederum abk\u00fchlen lassen und (am besten \u00fcber Nacht) im K\u00fchlschrank stehen lassen. Und bitte sehr: am n\u00e4chsten Tag ist er fertig, dein fruchtig erfrischend und doch beruhigender Hanf-Eistee. Wenn er zu stark ist, kannst du den Tee mit kaltem Wasser verl\u00e4ngern. Aber bedenke, in der St\u00e4rke liegt die Kraft: seine wohltuende, entspannende Wirkung entfaltet der Tee unverd\u00fcnnt!<\/p>\n<p>Wenn du noch mehr leckere Kr\u00e4uterrezepte suchst, dann schau dir diese Website an: <a href=\"http:\/\/www.lisettekreischer.com\/\" target=\"_blank\" rel=\"noopener\">www.lisettekreischer.com<\/a>[\/vc_column_text][vc_video link=&#8220;https:\/\/vimeo.com\/502615742&#8243; css=&#8220;.vc_custom_1611331432340{margin-top: -25px !important;}&#8220;][vc_column_text]<\/p>\n<h2>Hanf-Pfannkuchen mit Mango<\/h2>\n<p>[\/vc_column_text][vc_single_image image=&#8220;6352&#8243; img_size=&#8220;full&#8220; css=&#8220;.vc_custom_1611073927604{margin-top: -30px !important;}&#8220;][vc_column_text el_class=&#8220;.tekst-onder-afbeelding&#8220;]<\/p>\n<h5><strong>Leckeres Fr\u00fchst\u00fcck von &#8222;<a href=\"https:\/\/www.foodmaardangoed.nl\" target=\"_blank\" rel=\"noopener\">Foodmaardangoed<\/a>&#8222;<\/strong><\/h5>\n<p>[\/vc_column_text][vc_column_text el_class=&#8220;.tekst-onder-afbeelding&#8220;]F\u00fcr ca. 5 gro\u00dfe Pfannkuchen oder 8 kleine Pfannkuchen:<\/p>\n<ul>\n<li>125g Pfannkuchenmischung<\/li>\n<li>3 EL gemahlener <a href=\"https:\/\/dutchharvest.org\/de\/webshop\/hanf-kurkuma-tee\/\">HANF &amp; KURKUMA<\/a> Tee (p\u00fcrieren Sie den Hanftee in einer K\u00fcchenmaschine und verwenden Sie ein feines Sieb, z.B. ein Teesieb, um die groben St\u00fccke herauszufiltern)<\/li>\n<li>3 Essl\u00f6ffel Apfelp\u00fcree<\/li>\n<li>250 ml Hafermilch<\/li>\n<\/ul>\n<p>Toppings:<\/p>\n<ul>\n<li>Zerdr\u00fcckte Banane und\/oder Mango<\/li>\n<li>Getrocknete Ananas und\/oder Mango<\/li>\n<li>1 Teel\u00f6ffel gemahlener Hanf-Tee<\/li>\n<li>Hanfsamen<\/li>\n<\/ul>\n<p>Zubereitung:<\/p>\n<p>Mischen Sie alle Zutaten f\u00fcr die Pfannkuchen in einer Sch\u00fcssel. F\u00fcr d\u00fcnnere Pfannkuchen k\u00f6nnen Sie zus\u00e4tzlich Hafermilch hinzuf\u00fcgen. Sch\u00f6pfen Sie etwas von der Mischung mit einem Holzl\u00f6ffel in eine Pfanne mit Oliven\u00f6l. Nach etwa 1\u00bd Minuten den Pfannkuchen bei mittlerer Hitze wenden und eine weitere Minute backen, bis beide Seiten goldbraun sind. Mischen Sie die Toppings und drapieren Sie diese \u00fcber dem Pfannkuchen. Guten Appetit![\/vc_column_text][\/vc_column][vc_column width=&#8220;1\/2&#8243;][vc_column_text]<\/p>\n<h2>Hanf Br\u00fche Nudeln<\/h2>\n<p>[\/vc_column_text][vc_single_image image=&#8220;6329&#8243; img_size=&#8220;full&#8220; css=&#8220;.vc_custom_1611070686996{margin-top: -30px !important;}&#8220;][vc_column_text el_class=&#8220;.tekst-onder-afbeelding&#8220;]<\/p>\n<h5>Nudeln in Hanf-Tee-Br\u00fche von der veganen Powerfrau Lisette Kreischer<\/h5>\n<p>[\/vc_column_text][vc_column_text el_class=&#8220;.tekst-onder-afbeelding&#8220;]Zutaten:<\/p>\n<ul>\n<li>3 Essl\u00f6ffel Hanfbl\u00e4tter oder 2 Beutel Hanftee (ohne zus\u00e4tzliche Gew\u00fcrze und Aromen, wir verwenden Dutch Harvest <a href=\"https:\/\/dutchharvest.org\/de\/webshop\/hanftee-pur\/\">SIMPLY HEMP<\/a> Tea)<br \/>\n500 ml frisch gekochtes Wasser<\/li>\n<li>2-3 Essl\u00f6ffel wei\u00dfes oder hellbraunes Miso, nach Geschmack<\/li>\n<li>100 g Soba- oder Cha-Soba-Nudeln<\/li>\n<li>150 g Tofu, in kleinen W\u00fcrfeln<\/li>\n<li>100 g Shiitake, in Scheiben geschnitten<\/li>\n<li>4 Essl\u00f6ffel \u00d6l<\/li>\n<li>\u00bc Teel\u00f6ffel Currypulver<\/li>\n<li>1 Essl\u00f6ffel Sojasauce oder Shoyu<\/li>\n<li>300 g Spinat, gewaschen<\/li>\n<li>1 Knoblauchzehe, gesch\u00e4lt<\/li>\n<li>Salz und schwarzer Pfeffer<\/li>\n<li>\u00bd Avocado, gesch\u00e4lt und in Scheiben geschnitten<\/li>\n<li>4 Essl\u00f6ffel Kimchi<\/li>\n<li>optional: gomashio<\/li>\n<\/ul>\n<p>Zubereitung:<\/p>\n<p>Gie\u00dfen Sie die Hanfbl\u00e4tter mit kochendem Wasser auf und lassen Sie den Aufguss 10 Min. ziehen. Abseihen und den Aufguss in einen Topf geben. F\u00fcgen Sie das Miso hinzu (2 oder 3 Essl\u00f6ffel, je nach Geschmack und St\u00e4rke des Miso) und erhitzen Sie erneut bis knapp unter den Siedepunkt. F\u00fcgen Sie die Nudeln hinzu und halten Sie sich an die auf der Packung angegebene Kochzeit. In der Zwischenzeit Tofu und Shiitake in 3 EL \u00d6l knusprig und goldbraun braten. Currypulver zugeben und kurz anbraten. Dann 1 EL Wasser und 1 EL Sojasauce zugeben, Das Tofu-Shiitake-Gemisch danach sofort vom Herd nehmen und auf einen Teller geben. Pfanne reinigen und mit 1 EL \u00d6l wieder auf den Herd stellen. Braten Sie den Spinat an, bis er gerade geschrumpft ist, f\u00fcgen Sie den Knoblauch hinzu, w\u00fcrzen Sie mit Salz und Pfeffer und schalten Sie die Hitze aus. Geben Sie die Nudeln in eine Sch\u00fcssel. Tofu, Shiitake, Avocado, Kimchi und Spinat um die Nudeln herum anrichten und mit der Nudel-Hanf-Br\u00fche \u00fcbergie\u00dfen. Nach Belieben mit etwas Gomashio abrunden.<\/p>\n<p>Quelle und weitere leckere vegane Rezepte: <a href=\"https:\/\/maneatplant.com\/2020\/01\/09\/hemp-broth-noodles\/\" target=\"_blank\" rel=\"noopener\">Man.Eat.Plant<\/a>.[\/vc_column_text][vc_column_text]<\/p>\n<h2><strong>Kurkuma-Hanf-Latte<\/strong><\/h2>\n<p>[\/vc_column_text][vc_single_image image=&#8220;5161&#8243; img_size=&#8220;full&#8220; css=&#8220;.vc_custom_1611070655902{margin-top: -30px !important;}&#8220;][vc_column_text el_class=&#8220;.tekst-onder-afbeelding&#8220;]<\/p>\n<h5><strong>Ein herzerw\u00e4rmendes Rezept von Tanja.<\/strong><\/h5>\n<p>[\/vc_column_text][vc_column_text el_class=&#8220;.tekst-onder-afbeelding&#8220;]Pro Glas:<\/p>\n<ul>\n<li>200 ml Hafermilch<\/li>\n<li>1 TL Dutch Harvest <a href=\"https:\/\/get-responsive.com\/dutchharvest-nieuw\/hemp-turmeric\/\"><strong>HEMP &amp; TURMERIC<\/strong><\/a><\/li>\n<li>1 cm frische Kurkuma (Gelbwurzel) in Scheiben geschnitten<\/li>\n<li>ein Sieb<\/li>\n<\/ul>\n<p>Lass alle Zutaten in einem Topf 10 Minuten leicht k\u00f6cheln. Filter den Tee durch ein Sieb in eine Tasse oder ein Glas. Du erh\u00e4ltst ein herrlich w\u00e4rmendes, festliches, leicht s\u00fc\u00dfes Getr\u00e4nk! Die s\u00fc\u00dfliche Hafermilch harmoniert perfekt mit dem Geschmack des Kurkuma. Probiere und Genie\u00dfe![\/vc_column_text][\/vc_column][\/vc_row][vc_row gap=&#8220;35&#8243;][vc_column width=&#8220;1\/2&#8243;][\/vc_column][vc_column width=&#8220;1\/2&#8243;][\/vc_column][\/vc_row]<\/p>\n<\/div>","protected":false},"excerpt":{"rendered":"<p>[vc_row gap=&#8220;35&#8243; css=&#8220;.vc_custom_1568662296882{margin-top: 50px !important;}&#8220;][vc_column width=&#8220;1\/2&#8243;][vc_column_text] Hanf mit frischem Ingwertee [\/vc_column_text][vc_media_grid element_width=&#8220;6&#8243; item=&#8220;masonryMedia_Default&#8220; grid_id=&#8220;vc_gid:1623659986057-cedff83e-0fdf-3&#8243; include=&#8220;5148,5151,5154,5157&#8243; css=&#8220;.vc_custom_1611070673991{margin-top: -30px !important;}&#8220;][vc_column_text el_class=&#8220;.tekst-onder-afbeelding&#8220;] Frischer Ingwertee l\u00e4sst sich wunderbar mit dem Geschmack von Hanf kombinieren. [\/vc_column_text][vc_column_text el_class=&#8220;.tekst-onder-afbeelding&#8220;]Frischer Ingwertee erfreut sich stets gr\u00f6\u00dferer Beliebtheit. Wie w\u00e4re es heute mit einem Hanf-Ingwertee? Dutch Harvest SIMPLY HEMP frischer Ingwer frische Minze Zitrone Agaven-Sirup&hellip;<\/p>\n","protected":false},"author":1,"featured_media":0,"parent":5239,"menu_order":11,"comment_status":"closed","ping_status":"closed","template":"","meta":{"footnotes":"","_links_to":"","_links_to_target":""},"class_list":["post-5334","page","type-page","status-publish","hentry","description-off"],"yoast_head":"<!-- This site is optimized with the Yoast SEO plugin v27.4 - https:\/\/yoast.com\/product\/yoast-seo-wordpress\/ -->\n<title>Hanf-Ingwertee machen - Dutch Harvest - Rezeptideen Hanftee<\/title>\n<meta name=\"description\" content=\"Willst du dir einen frischen Ingwertee machen? Probier es einmal auf der Basis von Hanftee! Ein Hanf-Ingwertee ist schnell gemacht, herrlich erfrischend und gesund!\" \/>\n<meta name=\"robots\" content=\"index, follow, max-snippet:-1, max-image-preview:large, max-video-preview:-1\" \/>\n<link rel=\"canonical\" href=\"https:\/\/dutchharvest.org\/de\/hanftee\/rezepte\/\" \/>\n<meta property=\"og:locale\" content=\"de_DE\" \/>\n<meta property=\"og:type\" content=\"article\" \/>\n<meta property=\"og:title\" content=\"Hanf-Ingwertee machen - Dutch Harvest - Rezeptideen Hanftee\" \/>\n<meta property=\"og:description\" content=\"Willst du dir einen frischen Ingwertee machen? Probier es einmal auf der Basis von Hanftee! Ein Hanf-Ingwertee ist schnell gemacht, herrlich erfrischend und gesund!\" \/>\n<meta property=\"og:url\" content=\"https:\/\/dutchharvest.org\/de\/hanftee\/rezepte\/\" \/>\n<meta property=\"og:site_name\" content=\"Dutch Harvest\" \/>\n<meta property=\"article:publisher\" content=\"https:\/\/www.facebook.com\/DutchHarvestHennepThee\/\" \/>\n<meta property=\"article:modified_time\" content=\"2021-06-14T08:40:02+00:00\" \/>\n<meta name=\"twitter:card\" content=\"summary_large_image\" \/>\n<meta name=\"twitter:label1\" content=\"Gesch\u00e4tzte Lesezeit\" \/>\n\t<meta name=\"twitter:data1\" content=\"4\u00a0Minuten\" \/>\n<script type=\"application\/ld+json\" class=\"yoast-schema-graph\">{\"@context\":\"https:\\\/\\\/schema.org\",\"@graph\":[{\"@type\":\"WebPage\",\"@id\":\"https:\\\/\\\/dutchharvest.org\\\/de\\\/hanftee\\\/rezepte\\\/\",\"url\":\"https:\\\/\\\/dutchharvest.org\\\/de\\\/hanftee\\\/rezepte\\\/\",\"name\":\"Hanf-Ingwertee machen - Dutch Harvest - Rezeptideen Hanftee\",\"isPartOf\":{\"@id\":\"https:\\\/\\\/dutchharvest.org\\\/de\\\/#website\"},\"datePublished\":\"2019-10-18T08:46:58+00:00\",\"dateModified\":\"2021-06-14T08:40:02+00:00\",\"description\":\"Willst du dir einen frischen Ingwertee machen? Probier es einmal auf der Basis von Hanftee! Ein Hanf-Ingwertee ist schnell gemacht, herrlich erfrischend und gesund!\",\"breadcrumb\":{\"@id\":\"https:\\\/\\\/dutchharvest.org\\\/de\\\/hanftee\\\/rezepte\\\/#breadcrumb\"},\"inLanguage\":\"de\",\"potentialAction\":[{\"@type\":\"ReadAction\",\"target\":[\"https:\\\/\\\/dutchharvest.org\\\/de\\\/hanftee\\\/rezepte\\\/\"]}]},{\"@type\":\"BreadcrumbList\",\"@id\":\"https:\\\/\\\/dutchharvest.org\\\/de\\\/hanftee\\\/rezepte\\\/#breadcrumb\",\"itemListElement\":[{\"@type\":\"ListItem\",\"position\":1,\"name\":\"Home\",\"item\":\"https:\\\/\\\/dutchharvest.org\\\/de\\\/\"},{\"@type\":\"ListItem\",\"position\":2,\"name\":\"Unsere Produkte\",\"item\":\"https:\\\/\\\/dutchharvest.org\\\/de\\\/hanftee\\\/\"},{\"@type\":\"ListItem\",\"position\":3,\"name\":\"Rezeptideen Hanftee\"}]},{\"@type\":\"WebSite\",\"@id\":\"https:\\\/\\\/dutchharvest.org\\\/de\\\/#website\",\"url\":\"https:\\\/\\\/dutchharvest.org\\\/de\\\/\",\"name\":\"Dutch Harvest\",\"description\":\"Milde hennepthee van Nederlandse bodem\",\"potentialAction\":[{\"@type\":\"SearchAction\",\"target\":{\"@type\":\"EntryPoint\",\"urlTemplate\":\"https:\\\/\\\/dutchharvest.org\\\/de\\\/?s={search_term_string}\"},\"query-input\":{\"@type\":\"PropertyValueSpecification\",\"valueRequired\":true,\"valueName\":\"search_term_string\"}}],\"inLanguage\":\"de\"}]}<\/script>\n<!-- \/ Yoast SEO plugin. -->","yoast_head_json":{"title":"Hanf-Ingwertee machen - Dutch Harvest - Rezeptideen Hanftee","description":"Willst du dir einen frischen Ingwertee machen? Probier es einmal auf der Basis von Hanftee! Ein Hanf-Ingwertee ist schnell gemacht, herrlich erfrischend und gesund!","robots":{"index":"index","follow":"follow","max-snippet":"max-snippet:-1","max-image-preview":"max-image-preview:large","max-video-preview":"max-video-preview:-1"},"canonical":"https:\/\/dutchharvest.org\/de\/hanftee\/rezepte\/","og_locale":"de_DE","og_type":"article","og_title":"Hanf-Ingwertee machen - Dutch Harvest - Rezeptideen Hanftee","og_description":"Willst du dir einen frischen Ingwertee machen? Probier es einmal auf der Basis von Hanftee! Ein Hanf-Ingwertee ist schnell gemacht, herrlich erfrischend und gesund!","og_url":"https:\/\/dutchharvest.org\/de\/hanftee\/rezepte\/","og_site_name":"Dutch Harvest","article_publisher":"https:\/\/www.facebook.com\/DutchHarvestHennepThee\/","article_modified_time":"2021-06-14T08:40:02+00:00","twitter_card":"summary_large_image","twitter_misc":{"Gesch\u00e4tzte Lesezeit":"4\u00a0Minuten"},"schema":{"@context":"https:\/\/schema.org","@graph":[{"@type":"WebPage","@id":"https:\/\/dutchharvest.org\/de\/hanftee\/rezepte\/","url":"https:\/\/dutchharvest.org\/de\/hanftee\/rezepte\/","name":"Hanf-Ingwertee machen - Dutch Harvest - Rezeptideen Hanftee","isPartOf":{"@id":"https:\/\/dutchharvest.org\/de\/#website"},"datePublished":"2019-10-18T08:46:58+00:00","dateModified":"2021-06-14T08:40:02+00:00","description":"Willst du dir einen frischen Ingwertee machen? Probier es einmal auf der Basis von Hanftee! Ein Hanf-Ingwertee ist schnell gemacht, herrlich erfrischend und gesund!","breadcrumb":{"@id":"https:\/\/dutchharvest.org\/de\/hanftee\/rezepte\/#breadcrumb"},"inLanguage":"de","potentialAction":[{"@type":"ReadAction","target":["https:\/\/dutchharvest.org\/de\/hanftee\/rezepte\/"]}]},{"@type":"BreadcrumbList","@id":"https:\/\/dutchharvest.org\/de\/hanftee\/rezepte\/#breadcrumb","itemListElement":[{"@type":"ListItem","position":1,"name":"Home","item":"https:\/\/dutchharvest.org\/de\/"},{"@type":"ListItem","position":2,"name":"Unsere Produkte","item":"https:\/\/dutchharvest.org\/de\/hanftee\/"},{"@type":"ListItem","position":3,"name":"Rezeptideen Hanftee"}]},{"@type":"WebSite","@id":"https:\/\/dutchharvest.org\/de\/#website","url":"https:\/\/dutchharvest.org\/de\/","name":"Dutch Harvest","description":"Milde hennepthee van Nederlandse bodem","potentialAction":[{"@type":"SearchAction","target":{"@type":"EntryPoint","urlTemplate":"https:\/\/dutchharvest.org\/de\/?s={search_term_string}"},"query-input":{"@type":"PropertyValueSpecification","valueRequired":true,"valueName":"search_term_string"}}],"inLanguage":"de"}]}},"_links":{"self":[{"href":"https:\/\/dutchharvest.org\/de\/wp-json\/wp\/v2\/pages\/5334","targetHints":{"allow":["GET"]}}],"collection":[{"href":"https:\/\/dutchharvest.org\/de\/wp-json\/wp\/v2\/pages"}],"about":[{"href":"https:\/\/dutchharvest.org\/de\/wp-json\/wp\/v2\/types\/page"}],"author":[{"embeddable":true,"href":"https:\/\/dutchharvest.org\/de\/wp-json\/wp\/v2\/users\/1"}],"replies":[{"embeddable":true,"href":"https:\/\/dutchharvest.org\/de\/wp-json\/wp\/v2\/comments?post=5334"}],"version-history":[{"count":15,"href":"https:\/\/dutchharvest.org\/de\/wp-json\/wp\/v2\/pages\/5334\/revisions"}],"predecessor-version":[{"id":6631,"href":"https:\/\/dutchharvest.org\/de\/wp-json\/wp\/v2\/pages\/5334\/revisions\/6631"}],"up":[{"embeddable":true,"href":"https:\/\/dutchharvest.org\/de\/wp-json\/wp\/v2\/pages\/5239"}],"wp:attachment":[{"href":"https:\/\/dutchharvest.org\/de\/wp-json\/wp\/v2\/media?parent=5334"}],"curies":[{"name":"wp","href":"https:\/\/api.w.org\/{rel}","templated":true}]}}