{"id":5338,"date":"2019-10-18T09:33:30","date_gmt":"2019-10-18T09:33:30","guid":{"rendered":"http:\/\/dutchharvest.org\/unsere-produkte\/haufig-gestellte-fragen\/"},"modified":"2025-02-24T10:55:12","modified_gmt":"2025-02-24T10:55:12","slug":"haufig-gestellte-fragen","status":"publish","type":"page","link":"https:\/\/dutchharvest.org\/de\/hanftee\/haufig-gestellte-fragen\/","title":{"rendered":"H\u00e4ufig gestellte Fragen"},"content":{"rendered":"<div class=\"wpb-content-wrapper\"><p>[vc_row css=&#8220;.vc_custom_1568646361177{margin-top: -35px !important;}&#8220;][vc_column][vc_column_text]<\/p>\n<h1>Hanftee &#8211; das wirft nat\u00fcrlich eine Menge Fragen auf.<\/h1>\n<p>Hier eine \u00dcbersicht von Fragen, die uns oft gestellt werden und unsere Antworten darauf.[\/vc_column_text][\/vc_column][\/vc_row][vc_row gap=&#8220;35&#8243; content_placement=&#8220;top&#8220;][vc_column width=&#8220;1\/3&#8243;][vc_column_text css=&#8220;.vc_custom_1530905905050{padding-bottom: 10px !important;}&#8220;]<\/p>\n<h3>Ist Hanf anbauen eigentlich legal?<\/h3>\n<p>[\/vc_column_text][vc_column_text css=&#8220;&#8220; el_class=&#8220;.tekst-onder-afbeelding&#8220;]Ja, die Hanfsorten, die wir f\u00fcr unseren Tee verwenden, d\u00fcrfen in Europa legal angebaut werden. Dieser sogenannten Nutzhanf, enth\u00e4lt wie von der EU vorgeschrieben weniger als 0,2% THC. (Mit THC bezeichnet man den psychoaktiven Inhaltsstoff, der im Marihuana-Hanf mit ca. 5 bis 20 % vorkommt.) Dieser H\u00f6chstwert von 0,2% garantiert, dass diese Sorten absolut keine berauschende Wirkung haben. Man kann davon also nicht \u201estoned\u201c oder \u201ehigh\u201c werden.<\/p>\n<p>Wir bauen f\u00fcr unseren Tee die Sorten Epsilon 68, Fedora 17 und Futura 75 an. Diese sind bei der Europ\u00e4ischen Kommission, Generaldirektion Gesundheit und Lebensmittelsicherheit registriert, <a href=\"http:\/\/ec.europa.eu\/food\/plant\/plant_propagation_material\/plant_variety_catalogues_databases\/search\/\/public\/?event=SearchForm&amp;ctl_type=A\" target=\"_blank\" rel=\"noopener noreferrer\">wie diese Website ausweist<\/a>. In der Praxis ist der THC-Gehalt in unseren Pflanzen immer noch viel niedriger als die Norm und liegt bei etwa 0,01 %.[\/vc_column_text][vc_column_text css=&#8220;.vc_custom_1643554749615{padding-bottom: -20px !important;}&#8220;]<\/p>\n<h3>Wie genau wird Hanftee zubereitet?<\/h3>\n<p>[\/vc_column_text][vc_column_text el_class=&#8220;.tekst-onder-afbeelding&#8220;]Jeder bereitet Tee nat\u00fcrlich auf seine eigene Art und Weise zu, aber als Richtlinie geben wir dir mit: F\u00fclle Dutch Harvest in ein Tee-Ei oder Teefilter aus Edelstahl oder in einen Papierfilter. Verwende ca. 1 g \/ 1 TL Dutch Harvest Mischung f\u00fcr ein Glas Tee und achte darauf, dass die Mischung genug Platz hat sich zu entfalten. Gie\u00dfe kochendes Wasser dar\u00fcber und lass den Tee ungef\u00e4hr 4 Minuten ziehen. Wir raten die Mischung danach herauszunehmen, damit der Tee nicht zu stark wird.<br \/>\nDa Metalle reagieren und so den Geschmack des Tees verf\u00e4lschen k\u00f6nnen, empfehlen wir Edelstahlfilter zu verwenden.<br \/>\nWenn du einen leckeren Eistee von Dutch Harvest machen willst, dann <a href=\"https:\/\/dutchharvest.org\/de\/hanftee\/rezepte\/\">schau dir diese Rezepte an.<\/a>[\/vc_column_text][vc_column_text css=&#8220;.vc_custom_1442268654582{padding-bottom: -20px !important;}&#8220;]<\/p>\n<h3>Wie sollte man Dutch Harvest Hanftee aufbewahren?<\/h3>\n<p>[\/vc_column_text][vc_column_text el_class=&#8220;.tekst-onder-afbeelding&#8220;]Bewahre den Tee in der Verpackung (denn sie ist daf\u00fcr gemacht das Aroma m\u00f6glichst lang zu erhalten) oder in einem luftdichten Gef\u00e4\u00df auf. Und sorge daf\u00fcr, dass der Tee dunkel, trocken und k\u00fchl (nicht im K\u00fchlschrank!) gelagert ist.[\/vc_column_text][\/vc_column][vc_column width=&#8220;1\/3&#8243;][vc_column_text]<\/p>\n<h3>Enth\u00e4lt Dutch Harvest Hanftee CBD?<\/h3>\n<p>[\/vc_column_text][vc_column_text el_class=&#8220;.tekst-onder-afbeelding&#8220;]Oft werden wir gefragt: Ist euer Hanftee auch ein \u201aCBD-Tee\u2018? Tats\u00e4chlich enthalten die Bl\u00fcten und Bl\u00e4tter, aus denen unser Tee gemacht ist, CBD und CBDA. Manche Menschen erfahren dies als heilsam. Wir verkaufen unseren Tee nicht unter dem Namen \u201aCBD-Tee\u2018, da wir ihn nicht als (nat\u00fcrliches) Heilmittel verstehen. <a href=\"https:\/\/dutchharvest.org\/de\/hanftee\/wirkung-cbd\/\">Lies hier mehr \u00fcber die Wirkung von CBD im Hanftee.<\/a>[\/vc_column_text][vc_column_text css=&#8220;&#8220;]<\/p>\n<h3>Wieviel THC enth\u00e4lt Dutch Harvest Hanftee?<\/h3>\n<p>[\/vc_column_text][vc_column_text css=&#8220;&#8220; el_class=&#8220;.tekst-onder-afbeelding&#8220;]Dutch Harvest Hanftee enth\u00e4lt sozusagen kein THC. Unser Tee wird aus Nutzhanf gewonnen, der laut EU-Norm h\u00f6chstens 0,2% THC enthalten darf. Die Norm gew\u00e4hrleistet, dass die Sorten keinerlei psychoaktiven Effekt auf den menschlichen K\u00f6rper haben. Bei unserem Hanf ist der Wert sogar noch viel niedriger. Wir messen den THC-Wert bei jeder Ernte und er liegt immer bei 0,01%, also 20x niedriger als die Norm erlaubt. Daher k\u00f6nnen wir mit absoluter Sicherheit sagen, dass unser Tee keine psychoaktive Wirkung hat.[\/vc_column_text][vc_column_text]<\/p>\n<h3>Kann Dutch Harvest Tee auch medizinisch angewendet werden?<\/h3>\n<p>[\/vc_column_text][vc_column_text el_class=&#8220;.tekst-onder-afbeelding&#8220;]Die Bl\u00fcten und Bl\u00e4tter, aus denen Dutch Harvest Hanftee besteht, enthalten die Wirkstoffe CBD (Cannabidiol) und CBDA (Cannabidiol-S\u00e4ure). Diese Stoffe erfahren zur Zeit gro\u00dfe Aufmerksamkeit in der alternativen Behandlung verschiedener Krankheiten. Allerdings ist die Konzentration von CBD und CBDA im Hanftee niedrig. Unser Tee kann daher nicht als Medizin bezeichnet werden. <a href=\"http:\/\/dutchharvest.org\/de\/hanftee\/Hanftee-wirkung-CBD\">Lies hier mehr \u00fcber die Wirkung von CBD im Hanftee.<\/a>[\/vc_column_text][vc_column_text]<\/p>\n<h3>Was ist der Unterschied zwischen Dutch Harvest Hanftee und Marihuanatee?<\/h3>\n<p>[\/vc_column_text][vc_column_text el_class=&#8220;.tekst-onder-afbeelding&#8220;]\u201aMarihuanatee\u2018 besteht aus Hanfsorten mit besonders hohem THC-Anteil (zwischen 5 bis 20%). Von Marihuanatee sind darum in der Regel auch psychoaktive Effekte zu erwarten. Die Hanfsorten, die wir f\u00fcr unseren Hanftee verwenden, enthalten alle weniger als 0,2% THC und sie rufen keine psychoaktiven Effekte hervor. In unserem Tee ist sogar gar kein THC mehr nachzuweisen. Du kannst also absolut nicht \u201ehigh\u201c oder \u201estoned\u201c davon werden![\/vc_column_text][\/vc_column][vc_column width=&#8220;1\/3&#8243;][vc_column_text]<\/p>\n<h3>Kann man von Dutch Harvest Hanftee \u201cstoned\u201d oder \u201chigh\u201d werden?<\/h3>\n<p>[\/vc_column_text][vc_column_text css=&#8220;&#8220; el_class=&#8220;.tekst-onder-afbeelding&#8220;]Nein, absolut nicht. Die Hanfsorten, aus denen wir unseren Tee herstellen, enthalten nur etwa 0,01% THC. Sie werden in einer Tasse Tee nicht einmal THC finden. Sie k\u00f6nnen also von einer Tasse unseres Hanftees absolut nicht stoned oder high werden![\/vc_column_text][vc_column_text css=&#8220;.vc_custom_1530906337513{padding-bottom: -20px !important;}&#8220;]<\/p>\n<h3>Wo kann ich Dutch Harvest Hanftee kaufen?<\/h3>\n<p>[\/vc_column_text][vc_column_text el_class=&#8220;.tekst-onder-afbeelding&#8220;]Du kannst Dutch Harvest im Einzelhandel erwerben. Informiere dich auf der Seite <a href=\"https:\/\/dutchharvest.org\/de\/hanftee-kaufen\/\">Verkaufsstellen<\/a> um ein Gesch\u00e4ft in deiner N\u00e4he zu finden. Kennst du einen netten (Bio-)Laden oder ein Caf\u00e9, wo Dutch Harvest verkauft werden sollte? Dann schick dem Eigent\u00fcmer doch den Link zu unserer Website![\/vc_column_text][vc_column_text css=&#8220;.vc_custom_1572083311337{padding-bottom: -20px !important;}&#8220;]<\/p>\n<h3>Ich habe selbst ein Gesch\u00e4ft \/ ein Caf\u00e9. Kann ich Dutch Harvest dort verkaufen?<\/h3>\n<p>[\/vc_column_text][vc_column_text el_class=&#8220;.tekst-onder-afbeelding&#8220;]Nat\u00fcrlich \u2013 sehr gerne! Sie k\u00f6nnen uns \u00fcber <a href=\"https:\/\/dutchharvest.org\/de\/fur-handler\/\">diesen Link<\/a> eine Nachricht schicken. Dann nehmen wir Kontakt mit Ihnen auf und besprechen alles Weitere.[\/vc_column_text][vc_column_text css=&#8220;.vc_custom_1564100426312{padding-bottom: -20px !important;}&#8220;]<\/p>\n<h3>Kann ich auch Hanfpflanzen oder -samen bei euch kaufen?<\/h3>\n<p>[\/vc_column_text][vc_column_text el_class=&#8220;.tekst-onder-afbeelding&#8220;]Immer wieder werden wir gefragt, ob wir auch Hanfpflanzen oder -samen verkaufen. Nein, die Gesetzgebung \u00fcber den Verkauf von Hanfpflanzen und -samen ist strikt geregelt. Selbst der legale Nutzhanf, den wir verwenden, darf nur von speziell daf\u00fcr angemeldeten Betrieben angebaut werden. Wir d\u00fcrfen also weder Pflanzen noch Samen verkaufen.[\/vc_column_text][\/vc_column][\/vc_row]<\/p>\n<\/div>","protected":false},"excerpt":{"rendered":"<p>[vc_row css=&#8220;.vc_custom_1568646361177{margin-top: -35px !important;}&#8220;][vc_column][vc_column_text] Hanftee &#8211; das wirft nat\u00fcrlich eine Menge Fragen auf. Hier eine \u00dcbersicht von Fragen, die uns oft gestellt werden und unsere Antworten darauf.[\/vc_column_text][\/vc_column][\/vc_row][vc_row gap=&#8220;35&#8243; content_placement=&#8220;top&#8220;][vc_column width=&#8220;1\/3&#8243;][vc_column_text css=&#8220;.vc_custom_1530905905050{padding-bottom: 10px !important;}&#8220;] Ist Hanf anbauen eigentlich legal? [\/vc_column_text][vc_column_text css=&#8220;&#8220; el_class=&#8220;.tekst-onder-afbeelding&#8220;]Ja, die Hanfsorten, die wir f\u00fcr unseren Tee verwenden, d\u00fcrfen in Europa legal angebaut werden.&hellip;<\/p>\n","protected":false},"author":1,"featured_media":0,"parent":5239,"menu_order":12,"comment_status":"closed","ping_status":"closed","template":"","meta":{"footnotes":"","_links_to":"","_links_to_target":""},"class_list":["post-5338","page","type-page","status-publish","hentry","description-off"],"yoast_head":"<!-- This site is optimized with the Yoast SEO plugin v27.4 - https:\/\/yoast.com\/product\/yoast-seo-wordpress\/ -->\n<title>H\u00e4ufig gestellte Fragen - Fragen zu Hanftee und CBD - Dutch Harvest<\/title>\n<meta name=\"description\" content=\"H\u00e4ufig gestellte Fragen: Hanftee, das wirft eine Menge Fragen auf! Ist der Hanfanbau legal? Enth\u00e4lt der Hanftee THC? Enth\u00e4lt der Hanftee CBD? Wie wirkt CBD?\" \/>\n<meta name=\"robots\" content=\"index, follow, max-snippet:-1, max-image-preview:large, max-video-preview:-1\" \/>\n<link rel=\"canonical\" href=\"https:\/\/dutchharvest.org\/de\/hanftee\/haufig-gestellte-fragen\/\" \/>\n<meta property=\"og:locale\" content=\"de_DE\" \/>\n<meta property=\"og:type\" content=\"article\" \/>\n<meta property=\"og:title\" content=\"H\u00e4ufig gestellte Fragen - Fragen zu Hanftee und CBD - Dutch Harvest\" \/>\n<meta property=\"og:description\" content=\"H\u00e4ufig gestellte Fragen: Hanftee, das wirft eine Menge Fragen auf! Ist der Hanfanbau legal? Enth\u00e4lt der Hanftee THC? Enth\u00e4lt der Hanftee CBD? Wie wirkt CBD?\" \/>\n<meta property=\"og:url\" content=\"https:\/\/dutchharvest.org\/de\/hanftee\/haufig-gestellte-fragen\/\" \/>\n<meta property=\"og:site_name\" content=\"Dutch Harvest\" \/>\n<meta property=\"article:publisher\" content=\"https:\/\/www.facebook.com\/DutchHarvestHennepThee\/\" \/>\n<meta property=\"article:modified_time\" content=\"2025-02-24T10:55:12+00:00\" \/>\n<meta name=\"twitter:card\" content=\"summary_large_image\" \/>\n<meta name=\"twitter:label1\" content=\"Gesch\u00e4tzte Lesezeit\" \/>\n\t<meta name=\"twitter:data1\" content=\"5\u00a0Minuten\" \/>\n<script type=\"application\/ld+json\" class=\"yoast-schema-graph\">{\"@context\":\"https:\\\/\\\/schema.org\",\"@graph\":[{\"@type\":\"WebPage\",\"@id\":\"https:\\\/\\\/dutchharvest.org\\\/de\\\/hanftee\\\/haufig-gestellte-fragen\\\/\",\"url\":\"https:\\\/\\\/dutchharvest.org\\\/de\\\/hanftee\\\/haufig-gestellte-fragen\\\/\",\"name\":\"H\u00e4ufig gestellte Fragen - Fragen zu Hanftee und CBD - Dutch Harvest\",\"isPartOf\":{\"@id\":\"https:\\\/\\\/dutchharvest.org\\\/de\\\/#website\"},\"datePublished\":\"2019-10-18T09:33:30+00:00\",\"dateModified\":\"2025-02-24T10:55:12+00:00\",\"description\":\"H\u00e4ufig gestellte Fragen: Hanftee, das wirft eine Menge Fragen auf! Ist der Hanfanbau legal? Enth\u00e4lt der Hanftee THC? Enth\u00e4lt der Hanftee CBD? Wie wirkt CBD?\",\"breadcrumb\":{\"@id\":\"https:\\\/\\\/dutchharvest.org\\\/de\\\/hanftee\\\/haufig-gestellte-fragen\\\/#breadcrumb\"},\"inLanguage\":\"de\",\"potentialAction\":[{\"@type\":\"ReadAction\",\"target\":[\"https:\\\/\\\/dutchharvest.org\\\/de\\\/hanftee\\\/haufig-gestellte-fragen\\\/\"]}]},{\"@type\":\"BreadcrumbList\",\"@id\":\"https:\\\/\\\/dutchharvest.org\\\/de\\\/hanftee\\\/haufig-gestellte-fragen\\\/#breadcrumb\",\"itemListElement\":[{\"@type\":\"ListItem\",\"position\":1,\"name\":\"Home\",\"item\":\"https:\\\/\\\/dutchharvest.org\\\/de\\\/\"},{\"@type\":\"ListItem\",\"position\":2,\"name\":\"Unsere Produkte\",\"item\":\"https:\\\/\\\/dutchharvest.org\\\/de\\\/hanftee\\\/\"},{\"@type\":\"ListItem\",\"position\":3,\"name\":\"H\u00e4ufig gestellte Fragen\"}]},{\"@type\":\"WebSite\",\"@id\":\"https:\\\/\\\/dutchharvest.org\\\/de\\\/#website\",\"url\":\"https:\\\/\\\/dutchharvest.org\\\/de\\\/\",\"name\":\"Dutch Harvest\",\"description\":\"Milde hennepthee van Nederlandse bodem\",\"potentialAction\":[{\"@type\":\"SearchAction\",\"target\":{\"@type\":\"EntryPoint\",\"urlTemplate\":\"https:\\\/\\\/dutchharvest.org\\\/de\\\/?s={search_term_string}\"},\"query-input\":{\"@type\":\"PropertyValueSpecification\",\"valueRequired\":true,\"valueName\":\"search_term_string\"}}],\"inLanguage\":\"de\"}]}<\/script>\n<!-- \/ Yoast SEO plugin. -->","yoast_head_json":{"title":"H\u00e4ufig gestellte Fragen - Fragen zu Hanftee und CBD - Dutch Harvest","description":"H\u00e4ufig gestellte Fragen: Hanftee, das wirft eine Menge Fragen auf! Ist der Hanfanbau legal? Enth\u00e4lt der Hanftee THC? Enth\u00e4lt der Hanftee CBD? Wie wirkt CBD?","robots":{"index":"index","follow":"follow","max-snippet":"max-snippet:-1","max-image-preview":"max-image-preview:large","max-video-preview":"max-video-preview:-1"},"canonical":"https:\/\/dutchharvest.org\/de\/hanftee\/haufig-gestellte-fragen\/","og_locale":"de_DE","og_type":"article","og_title":"H\u00e4ufig gestellte Fragen - Fragen zu Hanftee und CBD - Dutch Harvest","og_description":"H\u00e4ufig gestellte Fragen: Hanftee, das wirft eine Menge Fragen auf! Ist der Hanfanbau legal? Enth\u00e4lt der Hanftee THC? Enth\u00e4lt der Hanftee CBD? Wie wirkt CBD?","og_url":"https:\/\/dutchharvest.org\/de\/hanftee\/haufig-gestellte-fragen\/","og_site_name":"Dutch Harvest","article_publisher":"https:\/\/www.facebook.com\/DutchHarvestHennepThee\/","article_modified_time":"2025-02-24T10:55:12+00:00","twitter_card":"summary_large_image","twitter_misc":{"Gesch\u00e4tzte Lesezeit":"5\u00a0Minuten"},"schema":{"@context":"https:\/\/schema.org","@graph":[{"@type":"WebPage","@id":"https:\/\/dutchharvest.org\/de\/hanftee\/haufig-gestellte-fragen\/","url":"https:\/\/dutchharvest.org\/de\/hanftee\/haufig-gestellte-fragen\/","name":"H\u00e4ufig gestellte Fragen - Fragen zu Hanftee und CBD - Dutch Harvest","isPartOf":{"@id":"https:\/\/dutchharvest.org\/de\/#website"},"datePublished":"2019-10-18T09:33:30+00:00","dateModified":"2025-02-24T10:55:12+00:00","description":"H\u00e4ufig gestellte Fragen: Hanftee, das wirft eine Menge Fragen auf! Ist der Hanfanbau legal? Enth\u00e4lt der Hanftee THC? Enth\u00e4lt der Hanftee CBD? Wie wirkt CBD?","breadcrumb":{"@id":"https:\/\/dutchharvest.org\/de\/hanftee\/haufig-gestellte-fragen\/#breadcrumb"},"inLanguage":"de","potentialAction":[{"@type":"ReadAction","target":["https:\/\/dutchharvest.org\/de\/hanftee\/haufig-gestellte-fragen\/"]}]},{"@type":"BreadcrumbList","@id":"https:\/\/dutchharvest.org\/de\/hanftee\/haufig-gestellte-fragen\/#breadcrumb","itemListElement":[{"@type":"ListItem","position":1,"name":"Home","item":"https:\/\/dutchharvest.org\/de\/"},{"@type":"ListItem","position":2,"name":"Unsere Produkte","item":"https:\/\/dutchharvest.org\/de\/hanftee\/"},{"@type":"ListItem","position":3,"name":"H\u00e4ufig gestellte Fragen"}]},{"@type":"WebSite","@id":"https:\/\/dutchharvest.org\/de\/#website","url":"https:\/\/dutchharvest.org\/de\/","name":"Dutch Harvest","description":"Milde hennepthee van Nederlandse bodem","potentialAction":[{"@type":"SearchAction","target":{"@type":"EntryPoint","urlTemplate":"https:\/\/dutchharvest.org\/de\/?s={search_term_string}"},"query-input":{"@type":"PropertyValueSpecification","valueRequired":true,"valueName":"search_term_string"}}],"inLanguage":"de"}]}},"_links":{"self":[{"href":"https:\/\/dutchharvest.org\/de\/wp-json\/wp\/v2\/pages\/5338","targetHints":{"allow":["GET"]}}],"collection":[{"href":"https:\/\/dutchharvest.org\/de\/wp-json\/wp\/v2\/pages"}],"about":[{"href":"https:\/\/dutchharvest.org\/de\/wp-json\/wp\/v2\/types\/page"}],"author":[{"embeddable":true,"href":"https:\/\/dutchharvest.org\/de\/wp-json\/wp\/v2\/users\/1"}],"replies":[{"embeddable":true,"href":"https:\/\/dutchharvest.org\/de\/wp-json\/wp\/v2\/comments?post=5338"}],"version-history":[{"count":12,"href":"https:\/\/dutchharvest.org\/de\/wp-json\/wp\/v2\/pages\/5338\/revisions"}],"predecessor-version":[{"id":10512,"href":"https:\/\/dutchharvest.org\/de\/wp-json\/wp\/v2\/pages\/5338\/revisions\/10512"}],"up":[{"embeddable":true,"href":"https:\/\/dutchharvest.org\/de\/wp-json\/wp\/v2\/pages\/5239"}],"wp:attachment":[{"href":"https:\/\/dutchharvest.org\/de\/wp-json\/wp\/v2\/media?parent=5338"}],"curies":[{"name":"wp","href":"https:\/\/api.w.org\/{rel}","templated":true}]}}