{"id":5355,"date":"2019-10-18T10:53:14","date_gmt":"2019-10-18T10:53:14","guid":{"rendered":"http:\/\/dutchharvest.org\/unsere-produkte\/wirkung-cbd\/"},"modified":"2019-10-29T08:31:25","modified_gmt":"2019-10-29T08:31:25","slug":"wirkung-cbd","status":"publish","type":"page","link":"https:\/\/dutchharvest.org\/de\/hanftee\/wirkung-cbd\/","title":{"rendered":"Wirkung CBD"},"content":{"rendered":"<div class=\"wpb-content-wrapper\"><p>[vc_row gap=&#8220;35&#8243; css=&#8220;.vc_custom_1568662139691{margin-top: 60px !important;}&#8220;][vc_column width=&#8220;1\/2&#8243;][vc_column_text]<\/p>\n<h2>Medizinische Verwendung von Cannabis in der Geschichte<\/h2>\n<p>[\/vc_column_text][vc_column_text el_class=&#8220;.tekst-onder-afbeelding&#8220;]Seit Jahrtausenden wird den Bl\u00fcten der Hanfpflanze in verschiedenen Kulturen besondere Heilkraft zugesprochen. Vor allem in der traditionellen chinesischen Medizin hat die <a href=\"https:\/\/de.wikipedia.org\/wiki\/Cannabis_und_Cannabinoide_als_Arzneimittel\" target=\"_blank\" rel=\"noopener noreferrer\">medizinische Verwendung von Cannabis<\/a> Tradition. Zun\u00e4chst war die Zusammensetzung und Wirkung der pflanzlichen Inhaltsstoffe noch unbekannt. Au\u00dferdem wurde nicht zwischen den psychoaktiven Hanfsorten (mit THC) und den nicht psychoaktiven Sorten (mit CBD) unterschieden. Inzwischen wissen wir sehr genau, was die verschiedenen Sorten ausmacht und welche Wirkung die Stoffe CBD und THC haben. Nicht zuletzt seit der Entdeckung der heilsamen Wirkung von CBD ist das allgemeine Interesse an Hanf enorm gewachsen. Ja, erlebt Hanf geradezu ein Comeback![\/vc_column_text][\/vc_column][vc_column width=&#8220;1\/2&#8243;][vc_single_image image=&#8220;5123&#8243; img_size=&#8220;full&#8220;][\/vc_column][\/vc_row][vc_row gap=&#8220;35&#8243;][vc_column width=&#8220;1\/2&#8243;][vc_column_text]<\/p>\n<h2><strong>CBD-Tee, Hanftee, Cannabistee, Marihuanatee \u2026. alles ein und dasselbe?\u00a0<\/strong><\/h2>\n<p>[\/vc_column_text][vc_column_text el_class=&#8220;.tekst-onder-afbeelding&#8220;]Hanftee wird oft auch \u2018Cannabistee\u2019, \u2018CBD-Tee\u2019 oder \u2018Marihuanatee\u2019 genannt. Diese Begriffe werden oft unpr\u00e4zise verwendet, so dass nicht immer deutlich ist, worum es eigentlich geht. Was genau ist der Unterschied? Hier erkl\u00e4ren wir es dir.[\/vc_column_text][vc_column_text]<\/p>\n<h4>CBD-Tee<\/h4>\n<p>[\/vc_column_text][vc_column_text el_class=&#8220;.tekst-onder-afbeelding&#8220;]Der Begriff \u2018CBD-Tee\u2019 bezieht sich auf Tee, der aus Hanfbl\u00fcten besteht, die ebenjenes CBD enthalten. Die meisten Hanfbl\u00fcten weisen CBD auf. So gesehen ist CBD-Tee also dasselbe wie Hanftee. Dies gilt auch f\u00fcr Dutch Harvest. Manchen Produkten wird zus\u00e4tzlich CBD-Extrakt beigef\u00fcgt um den CBD-Anteil zu erh\u00f6hen. Das kommt f\u00fcr uns von Dutch Harvest nicht in Frage. Wir glauben an die Kraft und den Geschmack unseres Tees in seinem reinsten Gewand.[\/vc_column_text][vc_column_text]<\/p>\n<h4>Hanftee<\/h4>\n<p>[\/vc_column_text][vc_column_text el_class=&#8220;.tekst-onder-afbeelding&#8220;]\u2018Hanftee\u2019 bezeichnet Tee, der aus den Bl\u00fcten und\/oder Bl\u00e4ttern der Hanfpflanze gemacht ist. Dabei verweist der Begriff \u201aHanf\u2018 auf die Nutzpflanze, also diejenigen Cannabissorten, die kein THC enthalten und daher nicht psychoaktiv wirken. Allerdings enth\u00e4lt Hanftee fast immer auch CBD und CBDA.[\/vc_column_text][vc_column_text]<\/p>\n<h4>Marihuanatee<\/h4>\n<p>[\/vc_column_text][vc_column_text el_class=&#8220;.tekst-onder-afbeelding&#8220;]Marihuanatee\u2018 deutet auf Tee, der aus Bl\u00e4ttern der Marihuanapflanze besteht. Diese enth\u00e4lt in der Regel THC. In besonderen F\u00e4llen chronischer Beschwerden kann medizinisches Marihuana (oft auch Medizinalhanf oder medizinisches Cannabis genannt) vom Arzt <a href=\"https:\/\/www.bundesregierung.de\/breg-de\/aktuelles\/cannabis-fuer-schwerkranke-auf-rezept-485740\" target=\"_blank\" rel=\"noopener noreferrer\">auf Rezept verschrieben werden<\/a>. Ein Tee aus solch medizinischem Marihuana kann leicht psychoaktive Wirkung haben.<\/p>\n<p>Dutch Harvest hat <u>keine<\/u> psychoaktive Wirkung.[\/vc_column_text][vc_column_text]<\/p>\n<h4>Cannabistee<\/h4>\n<p>[\/vc_column_text][vc_column_text el_class=&#8220;.tekst-onder-afbeelding&#8220;]\u201aCannabis-Tee\u2018 verweist auf Tee, der aus Cannabis hergestellt wird. Dabei kann mit Cannabis sowohl die Nutzpflanze als auch die Marihuanapflanze gemeint sein. Im zweiten Falle kann der Tee also auch leicht psychoaktive Effekte haben.<\/p>\n<p>Informiere dich daher immer gut auf der Verpackung deines Tees \u00fcber seine Inhaltsstoffe und deren Herkunft. Tee, der aus Nutzhanf gewonnen wird &#8211; so wie der Hanftee von Dutch Harvest &#8211; enth\u00e4lt kein THC und hat daher auch keine psychoaktive Wirkung.[\/vc_column_text][\/vc_column][vc_column width=&#8220;1\/2&#8243;][vc_single_image image=&#8220;5127&#8243; img_size=&#8220;full&#8220;][\/vc_column][\/vc_row][vc_row gap=&#8220;35&#8243;][vc_column width=&#8220;1\/3&#8243;][vc_column_text]<\/p>\n<h3>Was ist CBD?<\/h3>\n<p>[\/vc_column_text][vc_column_text el_class=&#8220;.tekst-onder-afbeelding&#8220;]<a href=\"https:\/\/de.wikipedia.org\/wiki\/Cannabidiol\" target=\"_blank\" rel=\"noopener noreferrer\">CBD (Cannabidiol)<\/a> ist einer der wichtigsten nat\u00fcrlichen Wirkstoffe der Hanfpflanze. Er wird in den Bl\u00fcten der Pflanze angereichert. Inzwischen wird CBD immer \u00f6fter auch als Gegenspieler des THC bezeichnet, da es scheinbar die psychoaktive Wirkung von THC zu d\u00e4mmen vermag. CBD wirkt demnach nicht psychoaktiv, hat keine berauschende Wirkung. CBD macht nicht \u201ehigh\u201c oder \u201estoned\u201c. Im Gegenteil: Mit zunehmendem Wissen um seine wohltuende Wirkung wird CBD in den letzten Jahren vermehrt im Kontext gesunder Lebensf\u00fchrung verwendet.[\/vc_column_text][vc_column_text]<\/p>\n<h3>Was ist CBDA?<\/h3>\n<p>[\/vc_column_text][vc_column_text el_class=&#8220;.tekst-onder-afbeelding&#8220;]CBDA (CBD-Acid) ist die S\u00e4ure-Vorstufe von CBD. Die Stoffe \u00e4hneln einander in vielerlei Hinsicht. So wird auch die heilsame Wirkung von CBDA inzwischen verst\u00e4rkt untersucht. CBDA kann durch Oxidation oder Erw\u00e4rmung, zum Beispiel durch das Aufkochen in Wasser f\u00fcr ein Glas Tee, in CBD umgewandelt werden.<\/p>\n<p>[\/vc_column_text][vc_column_text]<\/p>\n<h3>Wieviel CBD enth\u00e4lt Dutch Harvest Hanftee?<\/h3>\n<p>[\/vc_column_text][vc_column_text el_class=&#8220;.tekst-onder-afbeelding&#8220;]Da wir kein CBD und CBDA extrahieren, sondern die Bl\u00fcten und Bl\u00e4tter pur verwenden, hat unser Hanftee keinen festen Prozentsatz CBD. Jede Bl\u00fcte ist anders und hat ihren eigenen CBD-Gehalt. Im Rahmen regelm\u00e4\u00dfiger Messungen stellen wir fest, dass die Bl\u00fcten und Bl\u00e4tter unserer Pflanzen 1,12\u00a0 % CBD (CBD+CBDA) enthalten. F\u00fcr eine Tasse Tee, zubereitet mit 1 g Hanf, bedeutet das ca. 1,12 mg CBD. Zum Vergleich: Ein Tropfen CBD-\u00d6l mit 2,75% CBD enth\u00e4lt ca. 1,28 mg CBD.<\/p>\n<p>Zu beachten bleibt, dass nicht alles CBD aus den Bl\u00fcten und Bl\u00e4ttern im Tee freigesetzt wird. Andererseits steigt der CBD-Anteil entsprechend der Menge Tee, die verwendet wird und je l\u00e4nger der Tee zieht.[\/vc_column_text][\/vc_column][vc_column width=&#8220;1\/3&#8243;][vc_column_text]<\/p>\n<h3>Darf Hanf in den Niederlanden angebaut werden?<\/h3>\n<p>[\/vc_column_text][vc_column_text el_class=&#8220;.tekst-onder-afbeelding&#8220;]Ja, die Hanfsorten, die wir f\u00fcr unseren Tee verwenden, d\u00fcrfen in Europa legal angebaut werden. Dieser sogenannte Nutzhanf enth\u00e4lt wie von der EU vorgeschrieben weniger als 0,2% THC. (Mit THC bezeichnet man den psychoaktiven Wirkstoff, der im Marihuana-Hanf mit ca. 5 bis 20 % vorkommt.) Der H\u00f6chstwert von 0,2% garantiert, dass diese Sorten absolut keine berauschende Wirkung haben. Man kann davon also nicht \u201estoned\u201c oder \u201ehigh\u201c werden.<\/p>\n<p>Wir bauen f\u00fcr unseren Tee die Sorten Fedora 17 und Futura 75 an. Diese sind bei der Europ\u00e4ischen Kommission, Generaldirektion Gesundheit und Lebensmittelsicherheit registriert, <a href=\"http:\/\/ec.europa.eu\/food\/plant\/plant_propagation_material\/plant_variety_catalogues_databases\/search\/\/public\/?event=SearchForm&amp;ctl_type=A\" target=\"_blank\" rel=\"noopener noreferrer\">wie diese Website ausweist<\/a>.[\/vc_column_text][vc_column_text]<\/p>\n<h3>Ist Dutch Harvest Hanftee ein \u2018CBD-Tee\u2019?<\/h3>\n<p>[\/vc_column_text][vc_column_text el_class=&#8220;.tekst-onder-afbeelding&#8220;]Dutch Harvest Hanftee enth\u00e4lt CBD und CBDA. Diese geh\u00f6ren zu den nat\u00fcrlichen Wirkstoffen der Hanfpflanze. So gesehen kann unser Tee als CBD-Tee bezeichnet werden. Allerdings extrahieren wir das CBD nicht und f\u00fcgen auch keinen CBD-Extrakt zu. Unser Tee besteht einfach nur aus nat\u00fcrlich getrocknetem Hanf, Hanfbl\u00fcte und -blatt. Au\u00dferdem enth\u00e4lt die Pflanze weitere Stoffe, wie zum Beispiel diverse Terpene, die ebenso f\u00fcr den herrlich Duft und Geschmack des Tees verantwortlich sind. Die Gesamtheit dieser Inhaltsstoffe macht die besondere Note unseres Tees aus. Darum nennen wir ihn Hanftee und tragen damit der umfassenden Bewunderung f\u00fcr die Hanfpflanze Rechnung.[\/vc_column_text][vc_column_text]<\/p>\n<h3>Wieviel THC enth\u00e4lt Dutch Harvest Hanftee?<\/h3>\n<p>[\/vc_column_text][vc_column_text el_class=&#8220;.tekst-onder-afbeelding&#8220;]Dutch Harvest Hanftee enth\u00e4lt sozusagen kein THC. Unser Tee wird aus Nutzhanf gewonnen, der laut EU-Norm h\u00f6chstens 0,2% THC enthalten darf. Die Norm gew\u00e4hrleistet, dass die Sorten keinerlei psychoaktiven Effekt auf den menschlichen K\u00f6rper haben. Bei unserem Hanf ist der Wert sogar noch viel niedriger. Wir messen den THC-Wert bei jeder Ernte und er liegt immer bei 0,01%, also 20x niedriger als die Norm erlaubt. Daher k\u00f6nnen wir mit absoluter Sicherheit sagen, dass unser Tee keine psychoaktive Wirkung hat.[\/vc_column_text][\/vc_column][vc_column width=&#8220;1\/3&#8243;][vc_column_text]<\/p>\n<h3>Welche Wirkung hat CBD im Hanftee?<\/h3>\n<p>[\/vc_column_text][vc_column_text el_class=&#8220;.tekst-onder-afbeelding&#8220;]CBD wird in den letzten Jahren immer h\u00e4ufiger zur Linderung verschiedener Beschwerden verwendet. Regelm\u00e4\u00dfig werden wir gefragt, ob auch Hanftee mit CBD positive gesundheitliche Effekte hat. Aus rechtlichen Gr\u00fcnden k\u00f6nnen wir keine Aussagen zur medizinischen Wirkung von CBD in unserem Hanftee machen. Zum Gl\u00fcck wird die Wirkung von CBD inzwischen umfassend untersucht. Wir raten dir, dich selbst online zu informieren.[\/vc_column_text][vc_column_text]<\/p>\n<h3>Hilft Hanftee bei Schlaflosigkeit?<\/h3>\n<p>[\/vc_column_text][vc_column_text el_class=&#8220;.tekst-onder-afbeelding&#8220;]Fast t\u00e4glich erhalten wir die Nachfrage, ob Hanftee bei Schlaflosigkeit hilft. Aus rechtlichen Gr\u00fcnden k\u00f6nnen wir dar\u00fcber keine Aussage treffen. Zum Gl\u00fcck wird die Wirkung von CBD inzwischen umfassend untersucht. Wir raten dir, dich selbst online zu informieren.[\/vc_column_text][vc_column_text]<\/p>\n<h3>Ich will selbst Hanf ziehen. Kann ich bei euch Hanfsamen kaufen?<\/h3>\n<p>[\/vc_column_text][vc_column_text el_class=&#8220;.tekst-onder-afbeelding&#8220;]Hanfsaat ist ausschlie\u00dflich f\u00fcr den Landbau erh\u00e4ltlich. F\u00fcr Privatpersonen ist das Ziehen von Hanf noch immer illegal, selbst wenn es sich um den fast THC-freien Nutzhanf handelt. Darum d\u00fcrfen wir keine Hanfsamen weiterverkaufen.[\/vc_column_text][vc_column_text]<\/p>\n<h3>Kann ich ein Kilo Hanfbl\u00fcten bei euch kaufen?<\/h3>\n<p>[\/vc_column_text][vc_column_text el_class=&#8220;.tekst-onder-afbeelding&#8220;]Wir verkaufen Dutch Harvest nur in unserer Verpackung, so wie sie auf der Website zu sehen ist. Wir verkaufen den Tee nicht lose per Kilo.[\/vc_column_text][\/vc_column][\/vc_row][vc_row][vc_column][vc_column_text]<\/p>\n<p>[\/vc_column_text][\/vc_column][\/vc_row][vc_row][vc_column][vc_empty_space height=&#8220;80px&#8220;][\/vc_column][\/vc_row][vc_row equal_height=&#8220;yes&#8220; rtl_reverse=&#8220;yes&#8220; content_placement=&#8220;top&#8220;][vc_column width=&#8220;1\/2&#8243;][vc_row_inner content_placement=&#8220;top&#8220;][vc_column_inner width=&#8220;1\/2&#8243; offset=&#8220;vc_hidden-sm vc_hidden-xs&#8220;][vc_single_image image=&#8220;5057&#8243; img_size=&#8220;200&#215;200&#8243; alignment=&#8220;right&#8220; style=&#8220;vc_box_circle&#8220; onclick=&#8220;custom_link&#8220; css=&#8220;.vc_custom_1571560133025{margin-top: -20px !important;}&#8220; link=&#8220;http:\/\/dutchharvest.org\/de\/hanftee-kaufen\/&#8220;][\/vc_column_inner][vc_column_inner width=&#8220;1\/2&#8243; offset=&#8220;vc_hidden-sm vc_hidden-xs&#8220;][vc_column_text]<\/p>\n<h5>Hanftee kaufen?<\/h5>\n<p>[\/vc_column_text][vc_column_text el_class=&#8220;.tekst-onder-afbeelding&#8220;]<br \/>\nDutch Harvest Hanftee wird in immer mehr Gesch\u00e4ften und Webshops angeboten.<br \/>\n[\/vc_column_text]<style type=\"text\/css\" data-type=\"the7_shortcodes-inline-css\">#default-btn-9910ab1ae059ce87946e29f795d5c5a0.ico-right-side > i {\n  margin-right: 0px;\n  margin-left: 8px;\n}\n#default-btn-9910ab1ae059ce87946e29f795d5c5a0 > i {\n  margin-right: 8px;\n}<\/style><a href=\"https:\/\/dutchharvest.org\/2019\/de\/hanftee-kaufen\/\" class=\"default-btn-shortcode dt-btn dt-btn-l link-hover-off btn-inline-left  vc_custom_1571560089755\" id=\"default-btn-9910ab1ae059ce87946e29f795d5c5a0\" title=\"Hanftee kaufen\"><span>Verkaufsstelle finden<\/span><\/a>[\/vc_column_inner][\/vc_row_inner][\/vc_column][vc_column width=&#8220;1\/2&#8243;][vc_row_inner][vc_column_inner width=&#8220;1\/2&#8243; offset=&#8220;vc_hidden-sm vc_hidden-xs&#8220;][vc_single_image image=&#8220;5098&#8243; img_size=&#8220;200&#215;200&#8243; alignment=&#8220;right&#8220; style=&#8220;vc_box_circle&#8220; onclick=&#8220;custom_link&#8220; css=&#8220;.vc_custom_1571560239870{margin-top: -20px !important;}&#8220; link=&#8220;http:\/\/dutchharvest.org\/de\/hanftee\/produktionsprozess\/&#8220;][\/vc_column_inner][vc_column_inner width=&#8220;1\/2&#8243; offset=&#8220;vc_hidden-sm vc_hidden-xs&#8220;][vc_column_text]<\/p>\n<h5>Vom Anbau zum Aufguss<\/h5>\n<p>[\/vc_column_text][vc_column_text el_class=&#8220;.tekst-onder-afbeelding&#8220;]<br \/>\nSieh hier, wie wir unseren Tee machen: von der Aussaat bis zum Verpacken des Tees.<br \/>\n[\/vc_column_text]<style type=\"text\/css\" data-type=\"the7_shortcodes-inline-css\">#default-btn-11d5455363218d364aa65a4d006b75d2.ico-right-side > i {\n  margin-right: 0px;\n  margin-left: 8px;\n}\n#default-btn-11d5455363218d364aa65a4d006b75d2 > i {\n  margin-right: 8px;\n}<\/style><a href=\"https:\/\/dutchharvest.org\/2019\/de\/hanftee\/produktionsprozess\/\" class=\"default-btn-shortcode dt-btn dt-btn-l link-hover-off btn-inline-left  vc_custom_1571560228473\" id=\"default-btn-11d5455363218d364aa65a4d006b75d2\" title=\"Vom Anbau zum Aufguss\"><span>Produktionsprozes<\/span><\/a>[vc_empty_space][\/vc_column_inner][\/vc_row_inner][\/vc_column][\/vc_row][vc_row equal_height=&#8220;yes&#8220; rtl_reverse=&#8220;yes&#8220; content_placement=&#8220;top&#8220;][vc_column width=&#8220;1\/2&#8243;][vc_row_inner content_placement=&#8220;top&#8220;][vc_column_inner width=&#8220;1\/2&#8243; offset=&#8220;vc_hidden-lg vc_hidden-md&#8220;][vc_single_image image=&#8220;5057&#8243; img_size=&#8220;200&#215;200&#8243; alignment=&#8220;center&#8220; style=&#8220;vc_box_circle&#8220; onclick=&#8220;custom_link&#8220; css=&#8220;.vc_custom_1571560122674{margin-top: -20px !important;}&#8220; link=&#8220;http:\/\/dutchharvest.org\/de\/hanftee-kaufen\/&#8220;][\/vc_column_inner][vc_column_inner width=&#8220;1\/2&#8243; offset=&#8220;vc_hidden-lg vc_hidden-md&#8220;][vc_column_text]<\/p>\n<h5 style=\"text-align: center;\">Hanftee kaufen?<\/h5>\n<p>[\/vc_column_text][vc_column_text el_class=&#8220;.tekst-onder-afbeelding&#8220;]<\/p>\n<p style=\"text-align: center;\">Dutch Harvest Hanftee wird in immer mehr Gesch\u00e4ften und Webshops angeboten.<\/p>\n<p>[\/vc_column_text]<style type=\"text\/css\" data-type=\"the7_shortcodes-inline-css\">#default-btn-7136d78f8c2136bb5c155c7a0c78d9fc.ico-right-side > i {\n  margin-right: 0px;\n  margin-left: 8px;\n}\n#default-btn-7136d78f8c2136bb5c155c7a0c78d9fc > i {\n  margin-right: 8px;\n}<\/style><div class=\"btn-align-center\"><a href=\"https:\/\/dutchharvest.org\/2019\/de\/hanftee-kaufen\/\" class=\"default-btn-shortcode dt-btn dt-btn-l link-hover-off  vc_custom_1571560112850\" id=\"default-btn-7136d78f8c2136bb5c155c7a0c78d9fc\" title=\"Hanftee kaufen\"><span>Verkaufsstelle finden<\/span><\/a><\/div>[vc_empty_space height=&#8220;40px&#8220;][\/vc_column_inner][\/vc_row_inner][\/vc_column][vc_column width=&#8220;1\/2&#8243;][vc_row_inner][vc_column_inner width=&#8220;1\/2&#8243; offset=&#8220;vc_hidden-lg vc_hidden-md&#8220;][vc_single_image image=&#8220;5098&#8243; img_size=&#8220;200&#215;200&#8243; alignment=&#8220;center&#8220; style=&#8220;vc_box_circle&#8220; onclick=&#8220;custom_link&#8220; css=&#8220;.vc_custom_1571560249370{margin-top: -20px !important;}&#8220; link=&#8220;http:\/\/dutchharvest.org\/de\/hanftee\/produktionsprozess\/&#8220;][\/vc_column_inner][vc_column_inner width=&#8220;1\/2&#8243; offset=&#8220;vc_hidden-lg vc_hidden-md&#8220;][vc_column_text]<\/p>\n<h5 style=\"text-align: center;\">Vom Anbau zum Aufguss<\/h5>\n<p>[\/vc_column_text][vc_column_text el_class=&#8220;.tekst-onder-afbeelding&#8220;]<\/p>\n<p style=\"text-align: center;\">Sieh hier, wie wir unseren Tee machen: von der Aussaat bis zum Verpacken des Tees.<\/p>\n<p>[\/vc_column_text]<style type=\"text\/css\" data-type=\"the7_shortcodes-inline-css\">#default-btn-35830640841eec7d5aaeb50fcb75e0a6.ico-right-side > i {\n  margin-right: 0px;\n  margin-left: 8px;\n}\n#default-btn-35830640841eec7d5aaeb50fcb75e0a6 > i {\n  margin-right: 8px;\n}<\/style><div class=\"btn-align-center\"><a href=\"https:\/\/dutchharvest.org\/2019\/de\/hanftee\/produktionsprozess\/\" class=\"default-btn-shortcode dt-btn dt-btn-l link-hover-off  vc_custom_1571560264475\" id=\"default-btn-35830640841eec7d5aaeb50fcb75e0a6\" title=\"Vom Anbau zum Aufguss\"><span>Produktionsprozes<\/span><\/a><\/div>[vc_empty_space height=&#8220;40px&#8220;][\/vc_column_inner][\/vc_row_inner][\/vc_column][\/vc_row]<\/p>\n<\/div>","protected":false},"excerpt":{"rendered":"<p>[vc_row gap=&#8220;35&#8243; css=&#8220;.vc_custom_1568662139691{margin-top: 60px !important;}&#8220;][vc_column width=&#8220;1\/2&#8243;][vc_column_text] Medizinische Verwendung von Cannabis in der Geschichte [\/vc_column_text][vc_column_text el_class=&#8220;.tekst-onder-afbeelding&#8220;]Seit Jahrtausenden wird den Bl\u00fcten der Hanfpflanze in verschiedenen Kulturen besondere Heilkraft zugesprochen. Vor allem in der traditionellen chinesischen Medizin hat die medizinische Verwendung von Cannabis Tradition. Zun\u00e4chst war die Zusammensetzung und Wirkung der pflanzlichen Inhaltsstoffe noch unbekannt. Au\u00dferdem wurde nicht&hellip;<\/p>\n","protected":false},"author":1,"featured_media":0,"parent":5239,"menu_order":9,"comment_status":"closed","ping_status":"closed","template":"","meta":{"footnotes":"","_links_to":"","_links_to_target":""},"class_list":["post-5355","page","type-page","status-publish","hentry","description-off"],"yoast_head":"<!-- This site is optimized with the Yoast SEO plugin v27.3 - https:\/\/yoast.com\/product\/yoast-seo-wordpress\/ -->\n<title>Welche Wirkung hat CBD? - Dutch Harvest Hanftee<\/title>\n<meta name=\"description\" content=\"CBD ist einer der wichtigsten nat\u00fcrlicher Wirkstoff der Hanfpflanze. Die Heilkraft von CBD wird vermehrt untersucht. CBD wird als Gegenspieler des THC bezeichnet.\" \/>\n<meta name=\"robots\" content=\"index, follow, max-snippet:-1, max-image-preview:large, max-video-preview:-1\" \/>\n<link rel=\"canonical\" href=\"https:\/\/dutchharvest.org\/de\/hanftee\/wirkung-cbd\/\" \/>\n<meta property=\"og:locale\" content=\"de_DE\" \/>\n<meta property=\"og:type\" content=\"article\" \/>\n<meta property=\"og:title\" content=\"Welche Wirkung hat CBD? - Dutch Harvest Hanftee\" \/>\n<meta property=\"og:description\" content=\"CBD ist einer der wichtigsten nat\u00fcrlicher Wirkstoff der Hanfpflanze. Die Heilkraft von CBD wird vermehrt untersucht. CBD wird als Gegenspieler des THC bezeichnet.\" \/>\n<meta property=\"og:url\" content=\"https:\/\/dutchharvest.org\/de\/hanftee\/wirkung-cbd\/\" \/>\n<meta property=\"og:site_name\" content=\"Dutch Harvest\" \/>\n<meta property=\"article:publisher\" content=\"https:\/\/www.facebook.com\/DutchHarvestHennepThee\/\" \/>\n<meta property=\"article:modified_time\" content=\"2019-10-29T08:31:25+00:00\" \/>\n<meta name=\"twitter:card\" content=\"summary_large_image\" \/>\n<meta name=\"twitter:label1\" content=\"Gesch\u00e4tzte Lesezeit\" \/>\n\t<meta name=\"twitter:data1\" content=\"10\u00a0Minuten\" \/>\n<script type=\"application\/ld+json\" class=\"yoast-schema-graph\">{\"@context\":\"https:\\\/\\\/schema.org\",\"@graph\":[{\"@type\":\"WebPage\",\"@id\":\"https:\\\/\\\/dutchharvest.org\\\/de\\\/hanftee\\\/wirkung-cbd\\\/\",\"url\":\"https:\\\/\\\/dutchharvest.org\\\/de\\\/hanftee\\\/wirkung-cbd\\\/\",\"name\":\"Welche Wirkung hat CBD? - Dutch Harvest Hanftee\",\"isPartOf\":{\"@id\":\"https:\\\/\\\/dutchharvest.org\\\/de\\\/#website\"},\"datePublished\":\"2019-10-18T10:53:14+00:00\",\"dateModified\":\"2019-10-29T08:31:25+00:00\",\"description\":\"CBD ist einer der wichtigsten nat\u00fcrlicher Wirkstoff der Hanfpflanze. Die Heilkraft von CBD wird vermehrt untersucht. CBD wird als Gegenspieler des THC bezeichnet.\",\"breadcrumb\":{\"@id\":\"https:\\\/\\\/dutchharvest.org\\\/de\\\/hanftee\\\/wirkung-cbd\\\/#breadcrumb\"},\"inLanguage\":\"de\",\"potentialAction\":[{\"@type\":\"ReadAction\",\"target\":[\"https:\\\/\\\/dutchharvest.org\\\/de\\\/hanftee\\\/wirkung-cbd\\\/\"]}]},{\"@type\":\"BreadcrumbList\",\"@id\":\"https:\\\/\\\/dutchharvest.org\\\/de\\\/hanftee\\\/wirkung-cbd\\\/#breadcrumb\",\"itemListElement\":[{\"@type\":\"ListItem\",\"position\":1,\"name\":\"Home\",\"item\":\"https:\\\/\\\/dutchharvest.org\\\/de\\\/\"},{\"@type\":\"ListItem\",\"position\":2,\"name\":\"Unsere Produkte\",\"item\":\"https:\\\/\\\/dutchharvest.org\\\/de\\\/hanftee\\\/\"},{\"@type\":\"ListItem\",\"position\":3,\"name\":\"Wirkung CBD\"}]},{\"@type\":\"WebSite\",\"@id\":\"https:\\\/\\\/dutchharvest.org\\\/de\\\/#website\",\"url\":\"https:\\\/\\\/dutchharvest.org\\\/de\\\/\",\"name\":\"Dutch Harvest\",\"description\":\"Milde hennepthee van Nederlandse bodem\",\"potentialAction\":[{\"@type\":\"SearchAction\",\"target\":{\"@type\":\"EntryPoint\",\"urlTemplate\":\"https:\\\/\\\/dutchharvest.org\\\/de\\\/?s={search_term_string}\"},\"query-input\":{\"@type\":\"PropertyValueSpecification\",\"valueRequired\":true,\"valueName\":\"search_term_string\"}}],\"inLanguage\":\"de\"}]}<\/script>\n<!-- \/ Yoast SEO plugin. -->","yoast_head_json":{"title":"Welche Wirkung hat CBD? - Dutch Harvest Hanftee","description":"CBD ist einer der wichtigsten nat\u00fcrlicher Wirkstoff der Hanfpflanze. Die Heilkraft von CBD wird vermehrt untersucht. CBD wird als Gegenspieler des THC bezeichnet.","robots":{"index":"index","follow":"follow","max-snippet":"max-snippet:-1","max-image-preview":"max-image-preview:large","max-video-preview":"max-video-preview:-1"},"canonical":"https:\/\/dutchharvest.org\/de\/hanftee\/wirkung-cbd\/","og_locale":"de_DE","og_type":"article","og_title":"Welche Wirkung hat CBD? - Dutch Harvest Hanftee","og_description":"CBD ist einer der wichtigsten nat\u00fcrlicher Wirkstoff der Hanfpflanze. Die Heilkraft von CBD wird vermehrt untersucht. CBD wird als Gegenspieler des THC bezeichnet.","og_url":"https:\/\/dutchharvest.org\/de\/hanftee\/wirkung-cbd\/","og_site_name":"Dutch Harvest","article_publisher":"https:\/\/www.facebook.com\/DutchHarvestHennepThee\/","article_modified_time":"2019-10-29T08:31:25+00:00","twitter_card":"summary_large_image","twitter_misc":{"Gesch\u00e4tzte Lesezeit":"10\u00a0Minuten"},"schema":{"@context":"https:\/\/schema.org","@graph":[{"@type":"WebPage","@id":"https:\/\/dutchharvest.org\/de\/hanftee\/wirkung-cbd\/","url":"https:\/\/dutchharvest.org\/de\/hanftee\/wirkung-cbd\/","name":"Welche Wirkung hat CBD? - Dutch Harvest Hanftee","isPartOf":{"@id":"https:\/\/dutchharvest.org\/de\/#website"},"datePublished":"2019-10-18T10:53:14+00:00","dateModified":"2019-10-29T08:31:25+00:00","description":"CBD ist einer der wichtigsten nat\u00fcrlicher Wirkstoff der Hanfpflanze. Die Heilkraft von CBD wird vermehrt untersucht. CBD wird als Gegenspieler des THC bezeichnet.","breadcrumb":{"@id":"https:\/\/dutchharvest.org\/de\/hanftee\/wirkung-cbd\/#breadcrumb"},"inLanguage":"de","potentialAction":[{"@type":"ReadAction","target":["https:\/\/dutchharvest.org\/de\/hanftee\/wirkung-cbd\/"]}]},{"@type":"BreadcrumbList","@id":"https:\/\/dutchharvest.org\/de\/hanftee\/wirkung-cbd\/#breadcrumb","itemListElement":[{"@type":"ListItem","position":1,"name":"Home","item":"https:\/\/dutchharvest.org\/de\/"},{"@type":"ListItem","position":2,"name":"Unsere Produkte","item":"https:\/\/dutchharvest.org\/de\/hanftee\/"},{"@type":"ListItem","position":3,"name":"Wirkung CBD"}]},{"@type":"WebSite","@id":"https:\/\/dutchharvest.org\/de\/#website","url":"https:\/\/dutchharvest.org\/de\/","name":"Dutch Harvest","description":"Milde hennepthee van Nederlandse bodem","potentialAction":[{"@type":"SearchAction","target":{"@type":"EntryPoint","urlTemplate":"https:\/\/dutchharvest.org\/de\/?s={search_term_string}"},"query-input":{"@type":"PropertyValueSpecification","valueRequired":true,"valueName":"search_term_string"}}],"inLanguage":"de"}]}},"_links":{"self":[{"href":"https:\/\/dutchharvest.org\/de\/wp-json\/wp\/v2\/pages\/5355","targetHints":{"allow":["GET"]}}],"collection":[{"href":"https:\/\/dutchharvest.org\/de\/wp-json\/wp\/v2\/pages"}],"about":[{"href":"https:\/\/dutchharvest.org\/de\/wp-json\/wp\/v2\/types\/page"}],"author":[{"embeddable":true,"href":"https:\/\/dutchharvest.org\/de\/wp-json\/wp\/v2\/users\/1"}],"replies":[{"embeddable":true,"href":"https:\/\/dutchharvest.org\/de\/wp-json\/wp\/v2\/comments?post=5355"}],"version-history":[{"count":5,"href":"https:\/\/dutchharvest.org\/de\/wp-json\/wp\/v2\/pages\/5355\/revisions"}],"predecessor-version":[{"id":5681,"href":"https:\/\/dutchharvest.org\/de\/wp-json\/wp\/v2\/pages\/5355\/revisions\/5681"}],"up":[{"embeddable":true,"href":"https:\/\/dutchharvest.org\/de\/wp-json\/wp\/v2\/pages\/5239"}],"wp:attachment":[{"href":"https:\/\/dutchharvest.org\/de\/wp-json\/wp\/v2\/media?parent=5355"}],"curies":[{"name":"wp","href":"https:\/\/api.w.org\/{rel}","templated":true}]}}