{"id":5363,"date":"2019-10-18T11:11:27","date_gmt":"2019-10-18T11:11:27","guid":{"rendered":"http:\/\/dutchharvest.org\/unsere-produkte\/vom-anbau-zum-aufguss\/"},"modified":"2022-11-03T20:59:28","modified_gmt":"2022-11-03T20:59:28","slug":"produktionsprozess","status":"publish","type":"page","link":"https:\/\/dutchharvest.org\/de\/hanftee\/produktionsprozess\/","title":{"rendered":"Vom Anbau zum Aufguss"},"content":{"rendered":"<div class=\"wpb-content-wrapper\"><p>[vc_row css=&#8220;.vc_custom_1564911146025{margin-top: -35px !important;}&#8220;][vc_column][vc_column_text css=&#8220;.vc_custom_1568400851465{margin-top: -20px !important;}&#8220;]<\/p>\n<p style=\"text-align: right;\">Foto Otto Kalkhoven<\/p>\n<p>[\/vc_column_text][\/vc_column][\/vc_row][vc_row css=&#8220;.vc_custom_1564911146025{margin-top: -35px !important;}&#8220;][vc_column width=&#8220;1\/2&#8243;][vc_video link=&#8220;https:\/\/youtu.be\/gi2MMLYSvS0&#8243;][\/vc_column][vc_column width=&#8220;1\/2&#8243;][vc_column_text]<\/p>\n<h2>Wir von Dutch Harvest kaufen nicht einfach Hanftee ein.<\/h2>\n<p>Wir begleiten den gesamten Produktionsprozess unseres Tees mit Hingabe. Denn was kann sch\u00f6ner sein als Mitten im Hanf Feld zu stehen und die erlesensten Teemischungen zu kreieren. Begleite uns hier auf unserem Weg von der Aussaat bis zum Teeglas in deiner Hand.[\/vc_column_text][vc_empty_space][\/vc_column][\/vc_row][vc_row][vc_column][vc_empty_space height=&#8220;80px&#8220;][\/vc_column][\/vc_row][vc_row gap=&#8220;35&#8243; css=&#8220;.vc_custom_1564163145358{margin-top: -20px !important;padding-top: 0px !important;}&#8220;][vc_column width=&#8220;2\/3&#8243; css=&#8220;.vc_custom_1442137370968{padding: 20px !important;}&#8220;][vc_column_text css=&#8220;.vc_custom_1564160914817{margin-top: -40px !important;}&#8220;]<\/p>\n<h2>Anbau und Ernte<\/h2>\n<p>[\/vc_column_text][vc_column_text css=&#8220;.vc_custom_1565203413381{margin-top: -20px !important;}&#8220;]Unsere Hanfplantagen befinden sich in Oude Pekela, in Groningen, der n\u00f6rdlichsten Provinz der Niederlande, einen Steinwurf entfernt von der deutschen Grenze.<\/p>\n<p>Dort s\u00e4en wir den Hanf Anfang Mai aus. Mitte August sind sie bereits 3 Meter in die H\u00f6he geschossen und bereit f\u00fcr die Ernte. Dann kommen die Arbeiter von Dun Agro mit ihren speziell f\u00fcr die Hanfernte entwickelten Maschinen. Sie trennen f\u00fcr Dutch Harvest nur die \u00e4u\u00dferen Bl\u00fcten und Bl\u00e4tter vom Rest der Pflanze, der sp\u00e4ter verarbeitet wird. Die feinen f\u00fcr den Tee geeigneten Bl\u00fcten und Bl\u00e4tter werden sofort getrocknet. Danach schneiden wir sie klein \u2013 aber nicht zu klein! \u2013 genau so, dass sie gut in ein Tee-Ei passen.[\/vc_column_text][vc_empty_space][\/vc_column][vc_column width=&#8220;1\/3&#8243; css=&#8220;.vc_custom_1564045766928{margin-top: -20px !important;}&#8220;][vc_single_image image=&#8220;5098&#8243; img_size=&#8220;full&#8220; alignment=&#8220;center&#8220;][vc_empty_space][\/vc_column][\/vc_row][vc_row gap=&#8220;35&#8243;][vc_column width=&#8220;2\/3&#8243;][vc_column_text css=&#8220;.vc_custom_1564160896210{margin-top: -40px !important;}&#8220;]<\/p>\n<h2>Verarbeitung in der F\u00f6rderwerkstatt<\/h2>\n<p>[\/vc_column_text][vc_column_text css=&#8220;.vc_custom_1571559497181{margin-top: -20px !important;}&#8220;]Dann folgt ein kniffeliger Schritt: das Verpacken des Tees. Zum Gl\u00fcck haben wir daf\u00fcr eine F\u00f6rderwerkstatt gefunden, die sich auf Herausforderungen wie diese spezialisiert hat. Behutsam und pr\u00e4zise, Hand in Hand, f\u00fchren die Mitarbeiter der Werkstatt jeden Arbeitsschritt aus: vom Entfalten der Verpackung, \u00fcber das Abwiegen des Tees bis zum Verschluss der Packung und dem Anbringen des Codes auf der Unterseite.<\/p>\n<p>Nat\u00fcrlich erf\u00fcllt der Betrieb alle Normen des HACCP und der Lebensmittelsicherheit. So k\u00f6nnen wir mit Sicherheit sagen, dass unser Tee sauber und normgerecht verpackt wird.<\/p>\n<p>Lies hier weiter zum Thema <a href=\"http:\/\/dutchharvest.org\/de\/hanftee\/nachhaltige-verpackung\/\">nachhaltige Verpackung<\/a>.[\/vc_column_text][\/vc_column][vc_column width=&#8220;1\/3&#8243; css=&#8220;.vc_custom_1564392147826{margin-top: -40px !important;}&#8220;][vc_single_image image=&#8220;5101&#8243; img_size=&#8220;full&#8220; alignment=&#8220;center&#8220;][vc_empty_space][\/vc_column][\/vc_row][vc_row gap=&#8220;35&#8243; css=&#8220;.vc_custom_1564161264151{margin-top: -20px !important;padding-top: 0px !important;}&#8220;][vc_column width=&#8220;2\/3&#8243; css=&#8220;.vc_custom_1564392155329{padding-top: 20px !important;padding-right: 20px !important;padding-bottom: 20px !important;padding-left: 20px !important;}&#8220;][vc_column_text css=&#8220;.vc_custom_1564160936224{margin-top: -40px !important;}&#8220;]<\/p>\n<h2>Unsere Mischungen<\/h2>\n<p>[\/vc_column_text][vc_column_text css=&#8220;.vc_custom_1564927964267{margin-top: -20px !important;}&#8220;]<br \/>\nDutch Harvest gibt es pur und in drei erlesenen Kr\u00e4utermischungen, die wir zusammen mit Tee-Sommeli\u00e8re Karlijn Dapper entwickelt haben. Jede Melange ist sorgf\u00e4ltig und\u00a0liebevoll auf die besondere Note des Hanfs abgestimmt.<\/p>\n<p>Selbstverst\u00e4ndlich verwenden wir f\u00fcr unsere Kr\u00e4utermischungen ausschlie\u00dflich biozertifizierte Kr\u00e4uter und Gew\u00fcrze. Und nat\u00fcrlich kommen uns weder Zucker noch Aromastoffe in die T\u00fcte. Reine Natur \u2013 herrlicher Geschmack!<br \/>\n[\/vc_column_text]<style type=\"text\/css\" data-type=\"the7_shortcodes-inline-css\">#default-btn-e0cdcdbe72c46099eaf23a5cac4f096f.ico-right-side > i {\n  margin-right: 0px;\n  margin-left: 8px;\n}\n#default-btn-e0cdcdbe72c46099eaf23a5cac4f096f > i {\n  margin-right: 8px;\n}<\/style><a href=\"https:\/\/dutchharvest.org\/2019\/hanftee\/bio-hanftee\/\" class=\"default-btn-shortcode dt-btn dt-btn-l link-hover-off btn-inline-left  vc_custom_1571735820282\" id=\"default-btn-e0cdcdbe72c46099eaf23a5cac4f096f\" title=\"Bio Hanftee\"><span>Zu den Mischungen<\/span><\/a>[\/vc_column][vc_column width=&#8220;1\/3&#8243; css=&#8220;.vc_custom_1564392161378{margin-top: -20px !important;}&#8220;][vc_single_image image=&#8220;5104&#8243; img_size=&#8220;full&#8220; onclick=&#8220;img_link_large&#8220;][vc_empty_space height=&#8220;64px&#8220;][\/vc_column][\/vc_row][vc_row gap=&#8220;35&#8243; css=&#8220;.vc_custom_1564163145358{margin-top: -20px !important;padding-top: 0px !important;}&#8220;][vc_column width=&#8220;2\/3&#8243; css=&#8220;.vc_custom_1442137370968{padding: 20px !important;}&#8220;][vc_column_text css=&#8220;.vc_custom_1564160906705{margin-top: -40px !important;}&#8220;]<\/p>\n<h2>Biologisch und Eko<\/h2>\n<p>[\/vc_column_text][vc_column_text css=&#8220;.vc_custom_1566054063532{margin-top: -20px !important;}&#8220;]Unser Hanf stammt zu 100% aus biologisch-\u00f6kologischem Anbau. Und das Sch\u00f6nste ist: Das ist gar nicht schwierig! Hanf kommt n\u00e4mlich prima ohne jegliche Pflanzenschutzmittel und andere Pestizide aus. Er w\u00e4chst so schnell, dass er in nur 100 Tagen bis zur Ernte alles Unkraut \u00fcberwuchert. Au\u00dferdem vertreibt der Geruch der Pflanze unliebsame Insekten.<\/p>\n<p>So haben wir m\u00fchelos das <a href=\"https:\/\/www.oekolandbau.de\/bio-siegel\/\" target=\"_blank\" rel=\"noopener noreferrer\">EU-Bio-Siegel <\/a>erhalten, welches gew\u00e4hrleistet, dass alle Inhaltstoffe des Produkts aus kontrolliert biologischem Anbau stammen.<\/p>\n<p>Dar\u00fcber hinaus ist Dutch Harvest mit dem <a href=\"https:\/\/www.eko-keurmerk.nl\/verhalen\/gefascineerd-door-de-hennepplant\" target=\"_blank\" rel=\"noopener noreferrer\">EKO-Siegel<\/a> ausgezeichnet. Dieses Siegel erhalten Bioprodukte, die in gr\u00f6\u00dferem Rahmen nachhaltig produziert sind. Wir verarbeiten mit Hanf einen regionalen Rohstoff und arbeiten mit der lokalen F\u00f6rderwerkstatt zusammen. Au\u00dferdem haben wir f\u00fcr unseren Tee eine neuartige, kompostierbare Verpackung entwickelt.[\/vc_column_text][vc_empty_space][\/vc_column][vc_column width=&#8220;1\/3&#8243; css=&#8220;.vc_custom_1564045766928{margin-top: -20px !important;}&#8220;][vc_single_image image=&#8220;5107&#8243; img_size=&#8220;full&#8220; onclick=&#8220;img_link_large&#8220;][vc_empty_space][\/vc_column][\/vc_row][vc_row][vc_column width=&#8220;1\/4&#8243;][vc_column_text css=&#8220;.vc_custom_1647598147252{margin-top: -40px !important;}&#8220;]<\/p>\n<h3>EU BIO Zertifikat<\/h3>\n<p>[\/vc_column_text][vc_single_image image=&#8220;7562&#8243; img_size=&#8220;medium&#8220; onclick=&#8220;custom_link&#8220; img_link_target=&#8220;_blank&#8220; link=&#8220;https:\/\/dutchharvest.org\/wp-content\/uploads\/2022\/03\/Dutch_Harvest_EU_BIO_organic_certificates_EN_till_dec2023-1.pdf&#8220; css=&#8220;.vc_custom_1647938425787{margin-top: -25px !important;}&#8220;][vc_empty_space][\/vc_column][vc_column width=&#8220;1\/4&#8243;][vc_column_text css=&#8220;.vc_custom_1647598153769{margin-top: -40px !important;}&#8220;]<\/p>\n<h3>EKO Zertifikat<\/h3>\n<p>[\/vc_column_text][vc_single_image img_size=&#8220;medium&#8220; onclick=&#8220;img_link_large&#8220; img_link_target=&#8220;_blank&#8220; css=&#8220;.vc_custom_1667487413364{margin-top: -25px !important;}&#8220;][vc_empty_space][\/vc_column][vc_column width=&#8220;1\/4&#8243;][\/vc_column][vc_column width=&#8220;1\/4&#8243;][\/vc_column][\/vc_row][vc_row][vc_column][vc_empty_space height=&#8220;80px&#8220;][\/vc_column][\/vc_row][vc_row equal_height=&#8220;yes&#8220; rtl_reverse=&#8220;yes&#8220; content_placement=&#8220;top&#8220;][vc_column width=&#8220;1\/2&#8243;][vc_row_inner content_placement=&#8220;top&#8220;][vc_column_inner width=&#8220;1\/2&#8243; offset=&#8220;vc_hidden-sm vc_hidden-xs&#8220;][vc_single_image image=&#8220;5111&#8243; img_size=&#8220;200&#215;200&#8243; alignment=&#8220;right&#8220; style=&#8220;vc_box_circle&#8220; onclick=&#8220;custom_link&#8220; css=&#8220;.vc_custom_1571559650369{margin-top: -20px !important;}&#8220; link=&#8220;http:\/\/dutchharvest.org\/de\/hanftee\/nachhaltige-verpackung\/&#8220;][\/vc_column_inner][vc_column_inner width=&#8220;1\/2&#8243; offset=&#8220;vc_hidden-sm vc_hidden-xs&#8220;][vc_column_text]<\/p>\n<h5>Nachhaltige Verpackung<\/h5>\n<p>[\/vc_column_text][vc_column_text el_class=&#8220;.tekst-onder-afbeelding&#8220;]Auf der Basis von PaperWise Papier und Bioplastik haben wir eine neuartige, biologisch abbaubare, ja sogar kompostierbare Verpackung entwickelt.[\/vc_column_text]<style type=\"text\/css\" data-type=\"the7_shortcodes-inline-css\">#default-btn-e4c78246395797aa494f4b7f48397495.ico-right-side > i {\n  margin-right: 0px;\n  margin-left: 8px;\n}\n#default-btn-e4c78246395797aa494f4b7f48397495 > i {\n  margin-right: 8px;\n}<\/style><a href=\"https:\/\/dutchharvest.org\/de\/hanftee\/nachhaltige-verpackung\/\" class=\"default-btn-shortcode dt-btn dt-btn-l link-hover-off btn-inline-left  vc_custom_1571735798039\" id=\"default-btn-e4c78246395797aa494f4b7f48397495\" title=\"Nachhaltige Verpackung\"><span>Verpackung<\/span><\/a>[\/vc_column_inner][\/vc_row_inner][\/vc_column][vc_column width=&#8220;1\/2&#8243;][vc_row_inner][vc_column_inner width=&#8220;1\/2&#8243; offset=&#8220;vc_hidden-sm vc_hidden-xs&#8220;][vc_single_image image=&#8220;5127&#8243; img_size=&#8220;200&#215;200&#8243; alignment=&#8220;right&#8220; style=&#8220;vc_box_circle&#8220; onclick=&#8220;custom_link&#8220; css=&#8220;.vc_custom_1571559759634{margin-top: -20px !important;}&#8220; link=&#8220;http:\/\/dutchharvest.org\/de\/hanftee\/wirkung-cbd\/&#8220;][\/vc_column_inner][vc_column_inner width=&#8220;1\/2&#8243; offset=&#8220;vc_hidden-sm vc_hidden-xs&#8220;][vc_column_text]<\/p>\n<h5>Wirkung CBD<\/h5>\n<p>[\/vc_column_text][vc_column_text el_class=&#8220;.tekst-onder-afbeelding&#8220;]Enth\u00e4lt Hanftee auch CBD? Was genau ist CBD? Welche Wirkung hat CBD?[\/vc_column_text]<style type=\"text\/css\" data-type=\"the7_shortcodes-inline-css\">#default-btn-0ce567060744ff182d4aa119703dc937.ico-right-side > i {\n  margin-right: 0px;\n  margin-left: 8px;\n}\n#default-btn-0ce567060744ff182d4aa119703dc937 > i {\n  margin-right: 8px;\n}<\/style><a href=\"https:\/\/dutchharvest.org\/de\/hanftee\/wirkung-cbd\/\" class=\"default-btn-shortcode dt-btn dt-btn-l link-hover-off btn-inline-left  vc_custom_1571735843236\" id=\"default-btn-0ce567060744ff182d4aa119703dc937\" title=\"Wirkung CBD\"><span>CBD &#8211; was ist das?<\/span><\/a>[\/vc_column_inner][\/vc_row_inner][\/vc_column][\/vc_row][vc_row equal_height=&#8220;yes&#8220; rtl_reverse=&#8220;yes&#8220; content_placement=&#8220;top&#8220;][vc_column width=&#8220;1\/2&#8243;][vc_row_inner content_placement=&#8220;top&#8220;][vc_column_inner width=&#8220;1\/2&#8243; offset=&#8220;vc_hidden-lg vc_hidden-md&#8220;][vc_single_image image=&#8220;5111&#8243; img_size=&#8220;200&#215;200&#8243; alignment=&#8220;center&#8220; style=&#8220;vc_box_circle&#8220; onclick=&#8220;custom_link&#8220; css=&#8220;.vc_custom_1571559658911{margin-top: -20px !important;}&#8220; link=&#8220;http:\/\/dutchharvest.org\/de\/hanftee\/nachhaltige-verpackung\/&#8220;][\/vc_column_inner][vc_column_inner width=&#8220;1\/2&#8243; offset=&#8220;vc_hidden-lg vc_hidden-md&#8220;][vc_column_text]<\/p>\n<h5 style=\"text-align: center;\">Nachhaltige Verpackung<\/h5>\n<p>[\/vc_column_text][vc_column_text el_class=&#8220;.tekst-onder-afbeelding&#8220;]<\/p>\n<p style=\"text-align: center;\">Auf der Basis von PaperWise Papier und Bioplastik haben wir eine neuartige, biologisch abbaubare, ja sogar kompostierbare Verpackung entwickelt.<\/p>\n<p>[\/vc_column_text]<style type=\"text\/css\" data-type=\"the7_shortcodes-inline-css\">#default-btn-9977a73f282755dabf6fdb443f840f7c.ico-right-side > i {\n  margin-right: 0px;\n  margin-left: 8px;\n}\n#default-btn-9977a73f282755dabf6fdb443f840f7c > i {\n  margin-right: 8px;\n}<\/style><div class=\"btn-align-center\"><a href=\"https:\/\/dutchharvest.org\/de\/hanftee\/nachhaltige-verpackung\/\" class=\"default-btn-shortcode dt-btn dt-btn-l link-hover-off  vc_custom_1572163243337\" id=\"default-btn-9977a73f282755dabf6fdb443f840f7c\" title=\"Nachhaltige Verpackung\"><span>Verpackung<\/span><\/a><\/div>[vc_empty_space height=&#8220;40px&#8220;][\/vc_column_inner][\/vc_row_inner][\/vc_column][vc_column width=&#8220;1\/2&#8243;][vc_row_inner][vc_column_inner width=&#8220;1\/2&#8243; offset=&#8220;vc_hidden-lg vc_hidden-md&#8220;][vc_single_image image=&#8220;5127&#8243; img_size=&#8220;200&#215;200&#8243; alignment=&#8220;center&#8220; style=&#8220;vc_box_circle&#8220; onclick=&#8220;custom_link&#8220; css=&#8220;.vc_custom_1571559867786{margin-top: -20px !important;}&#8220; link=&#8220;http:\/\/dutchharvest.org\/de\/hanftee\/wirkung-cbd\/&#8220;][\/vc_column_inner][vc_column_inner width=&#8220;1\/2&#8243; offset=&#8220;vc_hidden-lg vc_hidden-md&#8220;][vc_column_text]<br \/>\nWirkung CBD<br \/>\n[\/vc_column_text][vc_column_text el_class=&#8220;.tekst-onder-afbeelding&#8220;]<\/p>\n<p style=\"text-align: center;\">Enth\u00e4lt Hanftee auch CBD? Was genau ist CBD? Welche Wirkung hat CBD?<\/p>\n<p>[\/vc_column_text]<style type=\"text\/css\" data-type=\"the7_shortcodes-inline-css\">#default-btn-7f81c1bd5bfe7b71ee6a8125a08cd415.ico-right-side > i {\n  margin-right: 0px;\n  margin-left: 8px;\n}\n#default-btn-7f81c1bd5bfe7b71ee6a8125a08cd415 > i {\n  margin-right: 8px;\n}<\/style><div class=\"btn-align-center\"><a href=\"https:\/\/dutchharvest.org\/de\/hanftee\/wirkung-cbd\/\" class=\"default-btn-shortcode dt-btn dt-btn-l link-hover-off  vc_custom_1572163252697\" id=\"default-btn-7f81c1bd5bfe7b71ee6a8125a08cd415\" title=\"Wirkung CBD\"><span>CBD &#8211; was ist das?<\/span><\/a><\/div>[vc_empty_space height=&#8220;40px&#8220;][\/vc_column_inner][\/vc_row_inner][\/vc_column][\/vc_row][vc_row][vc_column][vc_column_text]<\/p>\n<p>&nbsp;<\/p>\n<p>[\/vc_column_text][\/vc_column][\/vc_row]<\/p>\n<\/div>","protected":false},"excerpt":{"rendered":"<p>[vc_row css=&#8220;.vc_custom_1564911146025{margin-top: -35px !important;}&#8220;][vc_column][vc_column_text css=&#8220;.vc_custom_1568400851465{margin-top: -20px !important;}&#8220;] Foto Otto Kalkhoven [\/vc_column_text][\/vc_column][\/vc_row][vc_row css=&#8220;.vc_custom_1564911146025{margin-top: -35px !important;}&#8220;][vc_column width=&#8220;1\/2&#8243;][vc_video link=&#8220;https:\/\/youtu.be\/gi2MMLYSvS0&#8243;][\/vc_column][vc_column width=&#8220;1\/2&#8243;][vc_column_text] Wir von Dutch Harvest kaufen nicht einfach Hanftee ein. Wir begleiten den gesamten Produktionsprozess unseres Tees mit Hingabe. Denn was kann sch\u00f6ner sein als Mitten im Hanf Feld zu stehen und die erlesensten Teemischungen zu kreieren. Begleite uns&hellip;<\/p>\n","protected":false},"author":1,"featured_media":0,"parent":5239,"menu_order":8,"comment_status":"closed","ping_status":"closed","template":"","meta":{"footnotes":"","_links_to":"","_links_to_target":""},"class_list":["post-5363","page","type-page","status-publish","hentry","description-off"],"yoast_head":"<!-- This site is optimized with the Yoast SEO plugin v27.3 - https:\/\/yoast.com\/product\/yoast-seo-wordpress\/ -->\n<title>Hanftee herstellen - Vom Anbau zum Aufguss - Dutch Harvest<\/title>\n<meta name=\"description\" content=\"Und so stellen wir den Hanftee her: Wir arbeiten mit einem Groninger Hanfbauern zusammen. Ende August wird der Hanf geerntet. Direkt im Anschluss trocknen wir die Bl\u00fcten und Bl\u00e4tter f\u00fcr den Tee.\" \/>\n<meta name=\"robots\" content=\"index, follow, max-snippet:-1, max-image-preview:large, max-video-preview:-1\" \/>\n<link rel=\"canonical\" href=\"https:\/\/dutchharvest.org\/de\/hanftee\/produktionsprozess\/\" \/>\n<meta property=\"og:locale\" content=\"de_DE\" \/>\n<meta property=\"og:type\" content=\"article\" \/>\n<meta property=\"og:title\" content=\"Hanftee herstellen - Vom Anbau zum Aufguss - Dutch Harvest\" \/>\n<meta property=\"og:description\" content=\"Und so stellen wir den Hanftee her: Wir arbeiten mit einem Groninger Hanfbauern zusammen. Ende August wird der Hanf geerntet. Direkt im Anschluss trocknen wir die Bl\u00fcten und Bl\u00e4tter f\u00fcr den Tee.\" \/>\n<meta property=\"og:url\" content=\"https:\/\/dutchharvest.org\/de\/hanftee\/produktionsprozess\/\" \/>\n<meta property=\"og:site_name\" content=\"Dutch Harvest\" \/>\n<meta property=\"article:publisher\" content=\"https:\/\/www.facebook.com\/DutchHarvestHennepThee\/\" \/>\n<meta property=\"article:modified_time\" content=\"2022-11-03T20:59:28+00:00\" \/>\n<meta name=\"twitter:card\" content=\"summary_large_image\" \/>\n<meta name=\"twitter:label1\" content=\"Gesch\u00e4tzte Lesezeit\" \/>\n\t<meta name=\"twitter:data1\" content=\"4\u00a0Minuten\" \/>\n<script type=\"application\/ld+json\" class=\"yoast-schema-graph\">{\"@context\":\"https:\\\/\\\/schema.org\",\"@graph\":[{\"@type\":\"WebPage\",\"@id\":\"https:\\\/\\\/dutchharvest.org\\\/de\\\/hanftee\\\/produktionsprozess\\\/\",\"url\":\"https:\\\/\\\/dutchharvest.org\\\/de\\\/hanftee\\\/produktionsprozess\\\/\",\"name\":\"Hanftee herstellen - Vom Anbau zum Aufguss - Dutch Harvest\",\"isPartOf\":{\"@id\":\"https:\\\/\\\/dutchharvest.org\\\/de\\\/#website\"},\"datePublished\":\"2019-10-18T11:11:27+00:00\",\"dateModified\":\"2022-11-03T20:59:28+00:00\",\"description\":\"Und so stellen wir den Hanftee her: Wir arbeiten mit einem Groninger Hanfbauern zusammen. Ende August wird der Hanf geerntet. Direkt im Anschluss trocknen wir die Bl\u00fcten und Bl\u00e4tter f\u00fcr den Tee.\",\"breadcrumb\":{\"@id\":\"https:\\\/\\\/dutchharvest.org\\\/de\\\/hanftee\\\/produktionsprozess\\\/#breadcrumb\"},\"inLanguage\":\"de\",\"potentialAction\":[{\"@type\":\"ReadAction\",\"target\":[\"https:\\\/\\\/dutchharvest.org\\\/de\\\/hanftee\\\/produktionsprozess\\\/\"]}]},{\"@type\":\"BreadcrumbList\",\"@id\":\"https:\\\/\\\/dutchharvest.org\\\/de\\\/hanftee\\\/produktionsprozess\\\/#breadcrumb\",\"itemListElement\":[{\"@type\":\"ListItem\",\"position\":1,\"name\":\"Home\",\"item\":\"https:\\\/\\\/dutchharvest.org\\\/de\\\/\"},{\"@type\":\"ListItem\",\"position\":2,\"name\":\"Unsere Produkte\",\"item\":\"https:\\\/\\\/dutchharvest.org\\\/de\\\/hanftee\\\/\"},{\"@type\":\"ListItem\",\"position\":3,\"name\":\"Vom Anbau zum Aufguss\"}]},{\"@type\":\"WebSite\",\"@id\":\"https:\\\/\\\/dutchharvest.org\\\/de\\\/#website\",\"url\":\"https:\\\/\\\/dutchharvest.org\\\/de\\\/\",\"name\":\"Dutch Harvest\",\"description\":\"Milde hennepthee van Nederlandse bodem\",\"potentialAction\":[{\"@type\":\"SearchAction\",\"target\":{\"@type\":\"EntryPoint\",\"urlTemplate\":\"https:\\\/\\\/dutchharvest.org\\\/de\\\/?s={search_term_string}\"},\"query-input\":{\"@type\":\"PropertyValueSpecification\",\"valueRequired\":true,\"valueName\":\"search_term_string\"}}],\"inLanguage\":\"de\"}]}<\/script>\n<!-- \/ Yoast SEO plugin. -->","yoast_head_json":{"title":"Hanftee herstellen - Vom Anbau zum Aufguss - Dutch Harvest","description":"Und so stellen wir den Hanftee her: Wir arbeiten mit einem Groninger Hanfbauern zusammen. Ende August wird der Hanf geerntet. Direkt im Anschluss trocknen wir die Bl\u00fcten und Bl\u00e4tter f\u00fcr den Tee.","robots":{"index":"index","follow":"follow","max-snippet":"max-snippet:-1","max-image-preview":"max-image-preview:large","max-video-preview":"max-video-preview:-1"},"canonical":"https:\/\/dutchharvest.org\/de\/hanftee\/produktionsprozess\/","og_locale":"de_DE","og_type":"article","og_title":"Hanftee herstellen - Vom Anbau zum Aufguss - Dutch Harvest","og_description":"Und so stellen wir den Hanftee her: Wir arbeiten mit einem Groninger Hanfbauern zusammen. Ende August wird der Hanf geerntet. Direkt im Anschluss trocknen wir die Bl\u00fcten und Bl\u00e4tter f\u00fcr den Tee.","og_url":"https:\/\/dutchharvest.org\/de\/hanftee\/produktionsprozess\/","og_site_name":"Dutch Harvest","article_publisher":"https:\/\/www.facebook.com\/DutchHarvestHennepThee\/","article_modified_time":"2022-11-03T20:59:28+00:00","twitter_card":"summary_large_image","twitter_misc":{"Gesch\u00e4tzte Lesezeit":"4\u00a0Minuten"},"schema":{"@context":"https:\/\/schema.org","@graph":[{"@type":"WebPage","@id":"https:\/\/dutchharvest.org\/de\/hanftee\/produktionsprozess\/","url":"https:\/\/dutchharvest.org\/de\/hanftee\/produktionsprozess\/","name":"Hanftee herstellen - Vom Anbau zum Aufguss - Dutch Harvest","isPartOf":{"@id":"https:\/\/dutchharvest.org\/de\/#website"},"datePublished":"2019-10-18T11:11:27+00:00","dateModified":"2022-11-03T20:59:28+00:00","description":"Und so stellen wir den Hanftee her: Wir arbeiten mit einem Groninger Hanfbauern zusammen. Ende August wird der Hanf geerntet. Direkt im Anschluss trocknen wir die Bl\u00fcten und Bl\u00e4tter f\u00fcr den Tee.","breadcrumb":{"@id":"https:\/\/dutchharvest.org\/de\/hanftee\/produktionsprozess\/#breadcrumb"},"inLanguage":"de","potentialAction":[{"@type":"ReadAction","target":["https:\/\/dutchharvest.org\/de\/hanftee\/produktionsprozess\/"]}]},{"@type":"BreadcrumbList","@id":"https:\/\/dutchharvest.org\/de\/hanftee\/produktionsprozess\/#breadcrumb","itemListElement":[{"@type":"ListItem","position":1,"name":"Home","item":"https:\/\/dutchharvest.org\/de\/"},{"@type":"ListItem","position":2,"name":"Unsere Produkte","item":"https:\/\/dutchharvest.org\/de\/hanftee\/"},{"@type":"ListItem","position":3,"name":"Vom Anbau zum Aufguss"}]},{"@type":"WebSite","@id":"https:\/\/dutchharvest.org\/de\/#website","url":"https:\/\/dutchharvest.org\/de\/","name":"Dutch Harvest","description":"Milde hennepthee van Nederlandse bodem","potentialAction":[{"@type":"SearchAction","target":{"@type":"EntryPoint","urlTemplate":"https:\/\/dutchharvest.org\/de\/?s={search_term_string}"},"query-input":{"@type":"PropertyValueSpecification","valueRequired":true,"valueName":"search_term_string"}}],"inLanguage":"de"}]}},"_links":{"self":[{"href":"https:\/\/dutchharvest.org\/de\/wp-json\/wp\/v2\/pages\/5363","targetHints":{"allow":["GET"]}}],"collection":[{"href":"https:\/\/dutchharvest.org\/de\/wp-json\/wp\/v2\/pages"}],"about":[{"href":"https:\/\/dutchharvest.org\/de\/wp-json\/wp\/v2\/types\/page"}],"author":[{"embeddable":true,"href":"https:\/\/dutchharvest.org\/de\/wp-json\/wp\/v2\/users\/1"}],"replies":[{"embeddable":true,"href":"https:\/\/dutchharvest.org\/de\/wp-json\/wp\/v2\/comments?post=5363"}],"version-history":[{"count":27,"href":"https:\/\/dutchharvest.org\/de\/wp-json\/wp\/v2\/pages\/5363\/revisions"}],"predecessor-version":[{"id":7906,"href":"https:\/\/dutchharvest.org\/de\/wp-json\/wp\/v2\/pages\/5363\/revisions\/7906"}],"up":[{"embeddable":true,"href":"https:\/\/dutchharvest.org\/de\/wp-json\/wp\/v2\/pages\/5239"}],"wp:attachment":[{"href":"https:\/\/dutchharvest.org\/de\/wp-json\/wp\/v2\/media?parent=5363"}],"curies":[{"name":"wp","href":"https:\/\/api.w.org\/{rel}","templated":true}]}}