{"id":6107,"date":"2020-11-04T10:42:25","date_gmt":"2020-11-04T10:42:25","guid":{"rendered":"https:\/\/dutchharvest.org\/webshop\/hanf-tee-hanf-und-kurkuma-tee\/"},"modified":"2023-07-27T20:27:03","modified_gmt":"2023-07-27T20:27:03","slug":"hanf-kurkuma-tee","status":"publish","type":"product","link":"https:\/\/dutchharvest.org\/de\/webshop\/hanf-kurkuma-tee\/","title":{"rendered":"HEMP &#038; TURMERIC TEA BIO"},"content":{"rendered":"","protected":false},"excerpt":{"rendered":"<div class=\"wpb_text_column wpb_content_element tekst-onder-afbeelding\">\n<div class=\"wpb_wrapper\">\n<div class=\"wpb_text_column wpb_content_element tekst-onder-afbeelding\">\n<div class=\"wpb_wrapper\">\n<div class=\"wpb_text_column wpb_content_element tekst-onder-afbeelding\">\n<div class=\"wpb_wrapper\">\n<div class=\"wpb_text_column wpb_content_element tekst-onder-afbeelding\">\n<div class=\"wpb_wrapper\">\n<div class=\"wpb_text_column wpb_content_element tekst-onder-afbeelding\">\n<div class=\"wpb_wrapper\">\n<div class=\"page\" title=\"Page 5\">\n<div class=\"section\">\n<div class=\"layoutArea\">\n<div class=\"column\">\n<h5><strong>Feurige Mischung mit Hanf und Kurkuma <\/strong><\/h5>\n<\/div>\n<\/div>\n<\/div>\n<\/div>\n<\/div>\n<\/div>\n<div class=\"wpb_text_column wpb_content_element tekst-onder-afbeelding\">\n<div class=\"wpb_wrapper\">\n<div class=\"page\" title=\"Page 5\">\n<div class=\"section\">\n<div class=\"layoutArea\">\n<div class=\"column\">\n<p>Unsere feurigste Mischung aus mildem Hanf und goldgelber Kurkuma sorgt f\u00fcr tiefe Entspannung von K\u00f6rper und Geist. Die pikante Mischung von zwei kraftvollen Kr\u00e4utern mit w\u00fcrzigem Ingwer und erfrischendem Zitronengras sorgt f\u00fcr ein warmes Gef\u00fchl und einen wohltuenden Moment der Ruhe. Pur als Tee oder als Basis f\u00fcr eine \u2018Goldene Milch\u2019.<\/p>\n<\/div>\n<\/div>\n<\/div>\n<\/div>\n<\/div>\n<\/div>\n<div class=\"wpb_text_column wpb_content_element \">\n<div class=\"wpb_wrapper\">\n<div class=\"page\" title=\"Page 5\">\n<div class=\"section\">\n<div class=\"layoutArea\">\n<div class=\"column\">\n<p><strong>Zutaten<\/strong>:<\/p>\n<div class=\"page\" title=\"Page 5\">\n<div class=\"section\">\n<div class=\"layoutArea\">\n<div class=\"column\">\n<p>Hanfbla\u0308tter und -blu\u0308ten (50%), Kurkuma (25%), Melisse, Zitronengras, Ingwer, Holunderblu\u0308ten, Schwarzer Pfeffer. Alle Zutaten aus kontrolliert biologischem Anbau.<\/p>\n<\/div>\n<\/div>\n<\/div>\n<\/div>\n<\/div>\n<\/div>\n<\/div>\n<\/div>\n<ul>\n<li>Verwenden Sie 2 Essl\u00f6ffel Hanf pro Liter Wasser oder 1 Teel\u00f6ffel f\u00fcr 1 Tasse Tee.<\/li>\n<li>Kochendes Wasser aufgie\u00dfen<\/li>\n<li>5 bis 7 Minuten ziehen lassen.<\/li>\n<\/ul>\n<p class=\"p1\">50 Gramm, f\u00fcr 40 Tassen Tee<\/p>\n<\/div>\n<\/div>\n<\/div>\n<\/div>\n<\/div>\n<\/div>\n<\/div>\n<\/div>\n<\/div>\n<\/div>\n","protected":false},"featured_media":7537,"comment_status":"closed","ping_status":"closed","template":"","meta":{"_links_to":"","_links_to_target":""},"product_brand":[],"product_cat":[44],"product_tag":[],"class_list":{"0":"post-6107","1":"product","2":"type-product","3":"status-publish","4":"has-post-thumbnail","6":"product_cat-tee","7":"description-off","9":"first","10":"instock","11":"taxable","12":"shipping-taxable","13":"purchasable","14":"product-type-simple"},"yoast_head":"<!-- This site is optimized with the Yoast SEO plugin v27.3 - https:\/\/yoast.com\/product\/yoast-seo-wordpress\/ -->\n<title>HEMP &amp; TURMERIC TEA BIO - Dutch Harvest<\/title>\n<meta name=\"description\" content=\"Unsere feurigste Mischung aus mildem Hanf und goldgelber Kurkuma sorgt f\u00fcr tiefe Entspannung von K\u00f6rper und Geist.\" \/>\n<meta name=\"robots\" content=\"index, follow, max-snippet:-1, max-image-preview:large, max-video-preview:-1\" \/>\n<link rel=\"canonical\" href=\"https:\/\/dutchharvest.org\/de\/webshop\/hanf-kurkuma-tee\/\" \/>\n<meta property=\"og:locale\" content=\"de_DE\" \/>\n<meta property=\"og:type\" content=\"article\" \/>\n<meta property=\"og:title\" content=\"HEMP &amp; TURMERIC TEA BIO - Dutch Harvest\" \/>\n<meta property=\"og:description\" content=\"Unsere feurigste Mischung aus mildem Hanf und goldgelber Kurkuma sorgt f\u00fcr tiefe Entspannung von K\u00f6rper und Geist.\" \/>\n<meta property=\"og:url\" content=\"https:\/\/dutchharvest.org\/de\/webshop\/hanf-kurkuma-tee\/\" \/>\n<meta property=\"og:site_name\" content=\"Dutch Harvest\" \/>\n<meta property=\"article:publisher\" content=\"https:\/\/www.facebook.com\/DutchHarvestHennepThee\/\" \/>\n<meta property=\"article:modified_time\" content=\"2023-07-27T20:27:03+00:00\" \/>\n<meta property=\"og:image\" content=\"https:\/\/dutchharvest.org\/wp-content\/uploads\/2022\/03\/Dutch-Harvest_HempTurmeric_tea.png\" \/>\n\t<meta property=\"og:image:width\" content=\"600\" \/>\n\t<meta property=\"og:image:height\" content=\"600\" \/>\n\t<meta property=\"og:image:type\" content=\"image\/png\" \/>\n<meta name=\"twitter:card\" content=\"summary_large_image\" \/>\n<script type=\"application\/ld+json\" class=\"yoast-schema-graph\">{\"@context\":\"https:\\\/\\\/schema.org\",\"@graph\":[{\"@type\":\"WebPage\",\"@id\":\"https:\\\/\\\/dutchharvest.org\\\/de\\\/webshop\\\/hanf-kurkuma-tee\\\/\",\"url\":\"https:\\\/\\\/dutchharvest.org\\\/de\\\/webshop\\\/hanf-kurkuma-tee\\\/\",\"name\":\"HEMP & TURMERIC TEA BIO - Dutch Harvest\",\"isPartOf\":{\"@id\":\"https:\\\/\\\/dutchharvest.org\\\/de\\\/#website\"},\"primaryImageOfPage\":{\"@id\":\"https:\\\/\\\/dutchharvest.org\\\/de\\\/webshop\\\/hanf-kurkuma-tee\\\/#primaryimage\"},\"image\":{\"@id\":\"https:\\\/\\\/dutchharvest.org\\\/de\\\/webshop\\\/hanf-kurkuma-tee\\\/#primaryimage\"},\"thumbnailUrl\":\"https:\\\/\\\/dutchharvest.org\\\/wp-content\\\/uploads\\\/2022\\\/03\\\/Dutch-Harvest_HempTurmeric_tea.png\",\"datePublished\":\"2020-11-04T10:42:25+00:00\",\"dateModified\":\"2023-07-27T20:27:03+00:00\",\"description\":\"Unsere feurigste Mischung aus mildem Hanf und goldgelber Kurkuma sorgt f\u00fcr tiefe Entspannung von K\u00f6rper und Geist.\",\"breadcrumb\":{\"@id\":\"https:\\\/\\\/dutchharvest.org\\\/de\\\/webshop\\\/hanf-kurkuma-tee\\\/#breadcrumb\"},\"inLanguage\":\"de\",\"potentialAction\":[{\"@type\":\"ReadAction\",\"target\":[\"https:\\\/\\\/dutchharvest.org\\\/de\\\/webshop\\\/hanf-kurkuma-tee\\\/\"]}]},{\"@type\":\"ImageObject\",\"inLanguage\":\"de\",\"@id\":\"https:\\\/\\\/dutchharvest.org\\\/de\\\/webshop\\\/hanf-kurkuma-tee\\\/#primaryimage\",\"url\":\"https:\\\/\\\/dutchharvest.org\\\/wp-content\\\/uploads\\\/2022\\\/03\\\/Dutch-Harvest_HempTurmeric_tea.png\",\"contentUrl\":\"https:\\\/\\\/dutchharvest.org\\\/wp-content\\\/uploads\\\/2022\\\/03\\\/Dutch-Harvest_HempTurmeric_tea.png\",\"width\":600,\"height\":600,\"caption\":\"Dutch-Harvest_Hemp&Turmeric_tea_hennep-kurkumathee\"},{\"@type\":\"BreadcrumbList\",\"@id\":\"https:\\\/\\\/dutchharvest.org\\\/de\\\/webshop\\\/hanf-kurkuma-tee\\\/#breadcrumb\",\"itemListElement\":[{\"@type\":\"ListItem\",\"position\":1,\"name\":\"Home\",\"item\":\"https:\\\/\\\/dutchharvest.org\\\/de\\\/\"},{\"@type\":\"ListItem\",\"position\":2,\"name\":\"Winkel\",\"item\":\"https:\\\/\\\/dutchharvest.org\\\/nl\\\/winkel\\\/\"},{\"@type\":\"ListItem\",\"position\":3,\"name\":\"HEMP &#038; TURMERIC TEA BIO\"}]},{\"@type\":\"WebSite\",\"@id\":\"https:\\\/\\\/dutchharvest.org\\\/de\\\/#website\",\"url\":\"https:\\\/\\\/dutchharvest.org\\\/de\\\/\",\"name\":\"Dutch Harvest\",\"description\":\"Milde hennepthee van Nederlandse bodem\",\"potentialAction\":[{\"@type\":\"SearchAction\",\"target\":{\"@type\":\"EntryPoint\",\"urlTemplate\":\"https:\\\/\\\/dutchharvest.org\\\/de\\\/?s={search_term_string}\"},\"query-input\":{\"@type\":\"PropertyValueSpecification\",\"valueRequired\":true,\"valueName\":\"search_term_string\"}}],\"inLanguage\":\"de\"}]}<\/script>\n<!-- \/ Yoast SEO plugin. -->","yoast_head_json":{"title":"HEMP & TURMERIC TEA BIO - Dutch Harvest","description":"Unsere feurigste Mischung aus mildem Hanf und goldgelber Kurkuma sorgt f\u00fcr tiefe Entspannung von K\u00f6rper und Geist.","robots":{"index":"index","follow":"follow","max-snippet":"max-snippet:-1","max-image-preview":"max-image-preview:large","max-video-preview":"max-video-preview:-1"},"canonical":"https:\/\/dutchharvest.org\/de\/webshop\/hanf-kurkuma-tee\/","og_locale":"de_DE","og_type":"article","og_title":"HEMP & TURMERIC TEA BIO - Dutch Harvest","og_description":"Unsere feurigste Mischung aus mildem Hanf und goldgelber Kurkuma sorgt f\u00fcr tiefe Entspannung von K\u00f6rper und Geist.","og_url":"https:\/\/dutchharvest.org\/de\/webshop\/hanf-kurkuma-tee\/","og_site_name":"Dutch Harvest","article_publisher":"https:\/\/www.facebook.com\/DutchHarvestHennepThee\/","article_modified_time":"2023-07-27T20:27:03+00:00","og_image":[{"width":600,"height":600,"url":"https:\/\/dutchharvest.org\/wp-content\/uploads\/2022\/03\/Dutch-Harvest_HempTurmeric_tea.png","type":"image\/png"}],"twitter_card":"summary_large_image","schema":{"@context":"https:\/\/schema.org","@graph":[{"@type":"WebPage","@id":"https:\/\/dutchharvest.org\/de\/webshop\/hanf-kurkuma-tee\/","url":"https:\/\/dutchharvest.org\/de\/webshop\/hanf-kurkuma-tee\/","name":"HEMP & TURMERIC TEA BIO - Dutch Harvest","isPartOf":{"@id":"https:\/\/dutchharvest.org\/de\/#website"},"primaryImageOfPage":{"@id":"https:\/\/dutchharvest.org\/de\/webshop\/hanf-kurkuma-tee\/#primaryimage"},"image":{"@id":"https:\/\/dutchharvest.org\/de\/webshop\/hanf-kurkuma-tee\/#primaryimage"},"thumbnailUrl":"https:\/\/dutchharvest.org\/wp-content\/uploads\/2022\/03\/Dutch-Harvest_HempTurmeric_tea.png","datePublished":"2020-11-04T10:42:25+00:00","dateModified":"2023-07-27T20:27:03+00:00","description":"Unsere feurigste Mischung aus mildem Hanf und goldgelber Kurkuma sorgt f\u00fcr tiefe Entspannung von K\u00f6rper und Geist.","breadcrumb":{"@id":"https:\/\/dutchharvest.org\/de\/webshop\/hanf-kurkuma-tee\/#breadcrumb"},"inLanguage":"de","potentialAction":[{"@type":"ReadAction","target":["https:\/\/dutchharvest.org\/de\/webshop\/hanf-kurkuma-tee\/"]}]},{"@type":"ImageObject","inLanguage":"de","@id":"https:\/\/dutchharvest.org\/de\/webshop\/hanf-kurkuma-tee\/#primaryimage","url":"https:\/\/dutchharvest.org\/wp-content\/uploads\/2022\/03\/Dutch-Harvest_HempTurmeric_tea.png","contentUrl":"https:\/\/dutchharvest.org\/wp-content\/uploads\/2022\/03\/Dutch-Harvest_HempTurmeric_tea.png","width":600,"height":600,"caption":"Dutch-Harvest_Hemp&Turmeric_tea_hennep-kurkumathee"},{"@type":"BreadcrumbList","@id":"https:\/\/dutchharvest.org\/de\/webshop\/hanf-kurkuma-tee\/#breadcrumb","itemListElement":[{"@type":"ListItem","position":1,"name":"Home","item":"https:\/\/dutchharvest.org\/de\/"},{"@type":"ListItem","position":2,"name":"Winkel","item":"https:\/\/dutchharvest.org\/nl\/winkel\/"},{"@type":"ListItem","position":3,"name":"HEMP &#038; TURMERIC TEA BIO"}]},{"@type":"WebSite","@id":"https:\/\/dutchharvest.org\/de\/#website","url":"https:\/\/dutchharvest.org\/de\/","name":"Dutch Harvest","description":"Milde hennepthee van Nederlandse bodem","potentialAction":[{"@type":"SearchAction","target":{"@type":"EntryPoint","urlTemplate":"https:\/\/dutchharvest.org\/de\/?s={search_term_string}"},"query-input":{"@type":"PropertyValueSpecification","valueRequired":true,"valueName":"search_term_string"}}],"inLanguage":"de"}]}},"_links":{"self":[{"href":"https:\/\/dutchharvest.org\/de\/wp-json\/wp\/v2\/product\/6107","targetHints":{"allow":["GET"]}}],"collection":[{"href":"https:\/\/dutchharvest.org\/de\/wp-json\/wp\/v2\/product"}],"about":[{"href":"https:\/\/dutchharvest.org\/de\/wp-json\/wp\/v2\/types\/product"}],"replies":[{"embeddable":true,"href":"https:\/\/dutchharvest.org\/de\/wp-json\/wp\/v2\/comments?post=6107"}],"wp:featuredmedia":[{"embeddable":true,"href":"https:\/\/dutchharvest.org\/de\/wp-json\/wp\/v2\/media\/7537"}],"wp:attachment":[{"href":"https:\/\/dutchharvest.org\/de\/wp-json\/wp\/v2\/media?parent=6107"}],"wp:term":[{"taxonomy":"product_brand","embeddable":true,"href":"https:\/\/dutchharvest.org\/de\/wp-json\/wp\/v2\/product_brand?post=6107"},{"taxonomy":"product_cat","embeddable":true,"href":"https:\/\/dutchharvest.org\/de\/wp-json\/wp\/v2\/product_cat?post=6107"},{"taxonomy":"product_tag","embeddable":true,"href":"https:\/\/dutchharvest.org\/de\/wp-json\/wp\/v2\/product_tag?post=6107"}],"curies":[{"name":"wp","href":"https:\/\/api.w.org\/{rel}","templated":true}]}}