{"id":6109,"date":"2020-11-04T10:38:26","date_gmt":"2020-11-04T10:38:26","guid":{"rendered":"https:\/\/dutchharvest.org\/webshop\/simply-hemp-hanf-tee-pur\/"},"modified":"2023-07-27T20:27:36","modified_gmt":"2023-07-27T20:27:36","slug":"hanftee-pur","status":"publish","type":"product","link":"https:\/\/dutchharvest.org\/de\/webshop\/hanftee-pur\/","title":{"rendered":"SIMPLY HEMP &#8211; HANF TEE PUR BIO"},"content":{"rendered":"","protected":false},"excerpt":{"rendered":"<div class=\"wpb_text_column wpb_content_element tekst-onder-afbeelding\">\n<div class=\"wpb_wrapper\">\n<h5>Milder Hanftee f\u00fcr pure Entspannung<\/h5>\n<\/div>\n<\/div>\n<div class=\"wpb_text_column wpb_content_element tekst-onder-afbeelding\">\n<div class=\"wpb_wrapper\">\n<p>Simply Hemp ist mit 100% Hanfbl\u00e4ttern und Hanfbl\u00fcten unser purster und wirkungsvollster Hanftee. Ein milder, leicht s\u00fc\u00dflicher Tee mit einem subtilen, prickelnden Nachgeschmack. Perfekt zum Entspannen nach einem stressigen Tag und zur Beruhigung von K\u00f6rper und Geist. Wunderbar nach dem Yoga und Sport oder vor dem Schlafengehen.<\/p>\n<\/div>\n<\/div>\n<div class=\"wpb_text_column wpb_content_element \">\n<div class=\"wpb_wrapper\">\n<p><strong>Zutaten<\/strong>: Hanfbl\u00e4tter und Hanfbl\u00fcten aus biologischer Landwirtschaft.<\/p>\n<ul>\n<li>Verwenden Sie 2 Essl\u00f6ffel Hanf pro Liter Wasser oder 1 Teel\u00f6ffel f\u00fcr 1 Tasse Tee.<\/li>\n<li>Kochendes Wasser aufgie\u00dfen<\/li>\n<li>5 bis 7 Minuten ziehen lassen.<\/li>\n<\/ul>\n<p>40 Gramm, fu\u0308r 40 Tassen Tee<\/p>\n<\/div>\n<\/div>\n","protected":false},"featured_media":7543,"comment_status":"closed","ping_status":"closed","template":"","meta":{"_links_to":"","_links_to_target":""},"product_brand":[],"product_cat":[44],"product_tag":[],"class_list":{"0":"post-6109","1":"product","2":"type-product","3":"status-publish","4":"has-post-thumbnail","6":"product_cat-tee","7":"description-off","9":"first","10":"instock","11":"taxable","12":"shipping-taxable","13":"purchasable","14":"product-type-simple"},"yoast_head":"<!-- This site is optimized with the Yoast SEO plugin v27.4 - https:\/\/yoast.com\/product\/yoast-seo-wordpress\/ -->\n<title>SIMPLY HEMP - HANF TEE PUR BIO - Dutch Harvest<\/title>\n<meta name=\"description\" content=\"Simply Hemp ist mit 100% Hanfbl\u00e4ttern und Hanfbl\u00fcten unser purster und wirkungsvollster Hanftee\" \/>\n<meta name=\"robots\" content=\"index, follow, max-snippet:-1, max-image-preview:large, max-video-preview:-1\" \/>\n<link rel=\"canonical\" href=\"https:\/\/dutchharvest.org\/de\/webshop\/hanftee-pur\/\" \/>\n<meta property=\"og:locale\" content=\"de_DE\" \/>\n<meta property=\"og:type\" content=\"article\" \/>\n<meta property=\"og:title\" content=\"SIMPLY HEMP - HANF TEE PUR BIO - Dutch Harvest\" \/>\n<meta property=\"og:description\" content=\"Simply Hemp ist mit 100% Hanfbl\u00e4ttern und Hanfbl\u00fcten unser purster und wirkungsvollster Hanftee\" \/>\n<meta property=\"og:url\" content=\"https:\/\/dutchharvest.org\/de\/webshop\/hanftee-pur\/\" \/>\n<meta property=\"og:site_name\" content=\"Dutch Harvest\" \/>\n<meta property=\"article:publisher\" content=\"https:\/\/www.facebook.com\/DutchHarvestHennepThee\/\" \/>\n<meta property=\"article:modified_time\" content=\"2023-07-27T20:27:36+00:00\" \/>\n<meta property=\"og:image\" content=\"https:\/\/dutchharvest.org\/wp-content\/uploads\/2022\/03\/Dutch-Harvest_SimplyHemp_tea.png\" \/>\n\t<meta property=\"og:image:width\" content=\"600\" \/>\n\t<meta property=\"og:image:height\" content=\"600\" \/>\n\t<meta property=\"og:image:type\" content=\"image\/png\" \/>\n<meta name=\"twitter:card\" content=\"summary_large_image\" \/>\n<script type=\"application\/ld+json\" class=\"yoast-schema-graph\">{\"@context\":\"https:\\\/\\\/schema.org\",\"@graph\":[{\"@type\":\"WebPage\",\"@id\":\"https:\\\/\\\/dutchharvest.org\\\/de\\\/webshop\\\/hanftee-pur\\\/\",\"url\":\"https:\\\/\\\/dutchharvest.org\\\/de\\\/webshop\\\/hanftee-pur\\\/\",\"name\":\"SIMPLY HEMP - HANF TEE PUR BIO - Dutch Harvest\",\"isPartOf\":{\"@id\":\"https:\\\/\\\/dutchharvest.org\\\/de\\\/#website\"},\"primaryImageOfPage\":{\"@id\":\"https:\\\/\\\/dutchharvest.org\\\/de\\\/webshop\\\/hanftee-pur\\\/#primaryimage\"},\"image\":{\"@id\":\"https:\\\/\\\/dutchharvest.org\\\/de\\\/webshop\\\/hanftee-pur\\\/#primaryimage\"},\"thumbnailUrl\":\"https:\\\/\\\/dutchharvest.org\\\/wp-content\\\/uploads\\\/2022\\\/03\\\/Dutch-Harvest_SimplyHemp_tea.png\",\"datePublished\":\"2020-11-04T10:38:26+00:00\",\"dateModified\":\"2023-07-27T20:27:36+00:00\",\"description\":\"Simply Hemp ist mit 100% Hanfbl\u00e4ttern und Hanfbl\u00fcten unser purster und wirkungsvollster Hanftee\",\"breadcrumb\":{\"@id\":\"https:\\\/\\\/dutchharvest.org\\\/de\\\/webshop\\\/hanftee-pur\\\/#breadcrumb\"},\"inLanguage\":\"de\",\"potentialAction\":[{\"@type\":\"ReadAction\",\"target\":[\"https:\\\/\\\/dutchharvest.org\\\/de\\\/webshop\\\/hanftee-pur\\\/\"]}]},{\"@type\":\"ImageObject\",\"inLanguage\":\"de\",\"@id\":\"https:\\\/\\\/dutchharvest.org\\\/de\\\/webshop\\\/hanftee-pur\\\/#primaryimage\",\"url\":\"https:\\\/\\\/dutchharvest.org\\\/wp-content\\\/uploads\\\/2022\\\/03\\\/Dutch-Harvest_SimplyHemp_tea.png\",\"contentUrl\":\"https:\\\/\\\/dutchharvest.org\\\/wp-content\\\/uploads\\\/2022\\\/03\\\/Dutch-Harvest_SimplyHemp_tea.png\",\"width\":600,\"height\":600,\"caption\":\"Dutch-Harvest_SimplyHemp_tea_purehennepthee\"},{\"@type\":\"BreadcrumbList\",\"@id\":\"https:\\\/\\\/dutchharvest.org\\\/de\\\/webshop\\\/hanftee-pur\\\/#breadcrumb\",\"itemListElement\":[{\"@type\":\"ListItem\",\"position\":1,\"name\":\"Home\",\"item\":\"https:\\\/\\\/dutchharvest.org\\\/de\\\/\"},{\"@type\":\"ListItem\",\"position\":2,\"name\":\"Winkel\",\"item\":\"https:\\\/\\\/dutchharvest.org\\\/nl\\\/winkel\\\/\"},{\"@type\":\"ListItem\",\"position\":3,\"name\":\"SIMPLY HEMP &#8211; HANF TEE PUR BIO\"}]},{\"@type\":\"WebSite\",\"@id\":\"https:\\\/\\\/dutchharvest.org\\\/de\\\/#website\",\"url\":\"https:\\\/\\\/dutchharvest.org\\\/de\\\/\",\"name\":\"Dutch Harvest\",\"description\":\"Milde hennepthee van Nederlandse bodem\",\"potentialAction\":[{\"@type\":\"SearchAction\",\"target\":{\"@type\":\"EntryPoint\",\"urlTemplate\":\"https:\\\/\\\/dutchharvest.org\\\/de\\\/?s={search_term_string}\"},\"query-input\":{\"@type\":\"PropertyValueSpecification\",\"valueRequired\":true,\"valueName\":\"search_term_string\"}}],\"inLanguage\":\"de\"}]}<\/script>\n<!-- \/ Yoast SEO plugin. -->","yoast_head_json":{"title":"SIMPLY HEMP - HANF TEE PUR BIO - Dutch Harvest","description":"Simply Hemp ist mit 100% Hanfbl\u00e4ttern und Hanfbl\u00fcten unser purster und wirkungsvollster Hanftee","robots":{"index":"index","follow":"follow","max-snippet":"max-snippet:-1","max-image-preview":"max-image-preview:large","max-video-preview":"max-video-preview:-1"},"canonical":"https:\/\/dutchharvest.org\/de\/webshop\/hanftee-pur\/","og_locale":"de_DE","og_type":"article","og_title":"SIMPLY HEMP - HANF TEE PUR BIO - Dutch Harvest","og_description":"Simply Hemp ist mit 100% Hanfbl\u00e4ttern und Hanfbl\u00fcten unser purster und wirkungsvollster Hanftee","og_url":"https:\/\/dutchharvest.org\/de\/webshop\/hanftee-pur\/","og_site_name":"Dutch Harvest","article_publisher":"https:\/\/www.facebook.com\/DutchHarvestHennepThee\/","article_modified_time":"2023-07-27T20:27:36+00:00","og_image":[{"width":600,"height":600,"url":"https:\/\/dutchharvest.org\/wp-content\/uploads\/2022\/03\/Dutch-Harvest_SimplyHemp_tea.png","type":"image\/png"}],"twitter_card":"summary_large_image","schema":{"@context":"https:\/\/schema.org","@graph":[{"@type":"WebPage","@id":"https:\/\/dutchharvest.org\/de\/webshop\/hanftee-pur\/","url":"https:\/\/dutchharvest.org\/de\/webshop\/hanftee-pur\/","name":"SIMPLY HEMP - HANF TEE PUR BIO - Dutch Harvest","isPartOf":{"@id":"https:\/\/dutchharvest.org\/de\/#website"},"primaryImageOfPage":{"@id":"https:\/\/dutchharvest.org\/de\/webshop\/hanftee-pur\/#primaryimage"},"image":{"@id":"https:\/\/dutchharvest.org\/de\/webshop\/hanftee-pur\/#primaryimage"},"thumbnailUrl":"https:\/\/dutchharvest.org\/wp-content\/uploads\/2022\/03\/Dutch-Harvest_SimplyHemp_tea.png","datePublished":"2020-11-04T10:38:26+00:00","dateModified":"2023-07-27T20:27:36+00:00","description":"Simply Hemp ist mit 100% Hanfbl\u00e4ttern und Hanfbl\u00fcten unser purster und wirkungsvollster Hanftee","breadcrumb":{"@id":"https:\/\/dutchharvest.org\/de\/webshop\/hanftee-pur\/#breadcrumb"},"inLanguage":"de","potentialAction":[{"@type":"ReadAction","target":["https:\/\/dutchharvest.org\/de\/webshop\/hanftee-pur\/"]}]},{"@type":"ImageObject","inLanguage":"de","@id":"https:\/\/dutchharvest.org\/de\/webshop\/hanftee-pur\/#primaryimage","url":"https:\/\/dutchharvest.org\/wp-content\/uploads\/2022\/03\/Dutch-Harvest_SimplyHemp_tea.png","contentUrl":"https:\/\/dutchharvest.org\/wp-content\/uploads\/2022\/03\/Dutch-Harvest_SimplyHemp_tea.png","width":600,"height":600,"caption":"Dutch-Harvest_SimplyHemp_tea_purehennepthee"},{"@type":"BreadcrumbList","@id":"https:\/\/dutchharvest.org\/de\/webshop\/hanftee-pur\/#breadcrumb","itemListElement":[{"@type":"ListItem","position":1,"name":"Home","item":"https:\/\/dutchharvest.org\/de\/"},{"@type":"ListItem","position":2,"name":"Winkel","item":"https:\/\/dutchharvest.org\/nl\/winkel\/"},{"@type":"ListItem","position":3,"name":"SIMPLY HEMP &#8211; HANF TEE PUR BIO"}]},{"@type":"WebSite","@id":"https:\/\/dutchharvest.org\/de\/#website","url":"https:\/\/dutchharvest.org\/de\/","name":"Dutch Harvest","description":"Milde hennepthee van Nederlandse bodem","potentialAction":[{"@type":"SearchAction","target":{"@type":"EntryPoint","urlTemplate":"https:\/\/dutchharvest.org\/de\/?s={search_term_string}"},"query-input":{"@type":"PropertyValueSpecification","valueRequired":true,"valueName":"search_term_string"}}],"inLanguage":"de"}]}},"_links":{"self":[{"href":"https:\/\/dutchharvest.org\/de\/wp-json\/wp\/v2\/product\/6109","targetHints":{"allow":["GET"]}}],"collection":[{"href":"https:\/\/dutchharvest.org\/de\/wp-json\/wp\/v2\/product"}],"about":[{"href":"https:\/\/dutchharvest.org\/de\/wp-json\/wp\/v2\/types\/product"}],"replies":[{"embeddable":true,"href":"https:\/\/dutchharvest.org\/de\/wp-json\/wp\/v2\/comments?post=6109"}],"wp:featuredmedia":[{"embeddable":true,"href":"https:\/\/dutchharvest.org\/de\/wp-json\/wp\/v2\/media\/7543"}],"wp:attachment":[{"href":"https:\/\/dutchharvest.org\/de\/wp-json\/wp\/v2\/media?parent=6109"}],"wp:term":[{"taxonomy":"product_brand","embeddable":true,"href":"https:\/\/dutchharvest.org\/de\/wp-json\/wp\/v2\/product_brand?post=6109"},{"taxonomy":"product_cat","embeddable":true,"href":"https:\/\/dutchharvest.org\/de\/wp-json\/wp\/v2\/product_cat?post=6109"},{"taxonomy":"product_tag","embeddable":true,"href":"https:\/\/dutchharvest.org\/de\/wp-json\/wp\/v2\/product_tag?post=6109"}],"curies":[{"name":"wp","href":"https:\/\/api.w.org\/{rel}","templated":true}]}}