{"id":6111,"date":"2020-11-04T10:36:53","date_gmt":"2020-11-04T10:36:53","guid":{"rendered":"https:\/\/dutchharvest.org\/webshop\/hanf-tee-chai-tee\/"},"modified":"2023-07-27T20:28:34","modified_gmt":"2023-07-27T20:28:34","slug":"hanftee-chai","status":"publish","type":"product","link":"https:\/\/dutchharvest.org\/de\/webshop\/hanftee-chai\/","title":{"rendered":"HEMP CHAI TEA BIO"},"content":{"rendered":"","protected":false},"excerpt":{"rendered":"<div class=\"wpb_text_column wpb_content_element tekst-onder-afbeelding\">\n<div class=\"wpb_wrapper\">\n<h5><strong>Belebender Hanftee mit aromatischen Gew\u00fcrzen <\/strong><\/h5>\n<\/div>\n<\/div>\n<div class=\"wpb_text_column wpb_content_element tekst-onder-afbeelding\">\n<div class=\"wpb_wrapper\">\n<p>Unser Hanf Chai ist zu jeder Tageszeit ein Genuss. Die w\u00e4rmende, mild s\u00fc\u00dfe Mischung kombiniert ayurvedische Gew\u00fcrze mit Hanf aus Groningen. Kr\u00e4ftige Chai-Kr\u00e4uter geben ein wohliges Gef\u00fchl und befl\u00fcgeln K\u00f6rper und Geist. Durch das frische Zitronengras ist der Tee auch angenehm belebend im Sommer. Lecker einfach so als Tee oder mit (pflanzlicher) Milch f\u00fcr eine k\u00f6stliche \u2018Chai Latte\u2019.<\/p>\n<\/div>\n<\/div>\n<div class=\"wpb_text_column wpb_content_element \">\n<div class=\"wpb_wrapper\">\n<p><strong>Zutaten<\/strong>:<\/p>\n<p>Hanfbl\u00e4tter und -bl\u00fcten (60%), Zitronengras, Fenchel, Zimt, Ingwer, Petersilie, Kardamom, Rosa Pfeffer, S\u00fc\u00dfholz. Alle Zutaten aus kontrolliert biologischem Anbau.<\/p>\n<ul>\n<li>Verwenden Sie 2 Essl\u00f6ffel Hanf pro Liter Wasser oder 1 Teel\u00f6ffel f\u00fcr 1 Tasse Tee.<\/li>\n<li>Kochendes Wasser aufgie\u00dfen<\/li>\n<li>5 bis 7 Minuten ziehen lassen.<\/li>\n<\/ul>\n<p class=\"p1\">50 Gramm, fu\u0308r 40 Tassen Tee<\/p>\n<\/div>\n<\/div>\n","protected":false},"featured_media":7540,"comment_status":"closed","ping_status":"closed","template":"","meta":{"_links_to":"","_links_to_target":""},"product_brand":[],"product_cat":[44],"product_tag":[],"class_list":{"0":"post-6111","1":"product","2":"type-product","3":"status-publish","4":"has-post-thumbnail","6":"product_cat-tee","7":"description-off","9":"first","10":"instock","11":"taxable","12":"shipping-taxable","13":"purchasable","14":"product-type-simple"},"yoast_head":"<!-- This site is optimized with the Yoast SEO plugin v27.3 - https:\/\/yoast.com\/product\/yoast-seo-wordpress\/ -->\n<title>HEMP CHAI TEA BIO - Dutch Harvest<\/title>\n<meta name=\"description\" content=\"Unser Hanf Chai ist zu jeder Tageszeit ein Genuss. Die w\u00e4rmende, mild s\u00fc\u00dfe Mischung kombiniert ayurvedische Gew\u00fcrze mit Hanf aus Groningen. Kr\u00e4ftige Chai-Kr\u00e4uter\" \/>\n<meta name=\"robots\" content=\"index, follow, max-snippet:-1, max-image-preview:large, max-video-preview:-1\" \/>\n<link rel=\"canonical\" href=\"https:\/\/dutchharvest.org\/de\/webshop\/hanftee-chai\/\" \/>\n<meta property=\"og:locale\" content=\"de_DE\" \/>\n<meta property=\"og:type\" content=\"article\" \/>\n<meta property=\"og:title\" content=\"HEMP CHAI TEA BIO - Dutch Harvest\" \/>\n<meta property=\"og:description\" content=\"Unser Hanf Chai ist zu jeder Tageszeit ein Genuss. Die w\u00e4rmende, mild s\u00fc\u00dfe Mischung kombiniert ayurvedische Gew\u00fcrze mit Hanf aus Groningen. Kr\u00e4ftige Chai-Kr\u00e4uter\" \/>\n<meta property=\"og:url\" content=\"https:\/\/dutchharvest.org\/de\/webshop\/hanftee-chai\/\" \/>\n<meta property=\"og:site_name\" content=\"Dutch Harvest\" \/>\n<meta property=\"article:publisher\" content=\"https:\/\/www.facebook.com\/DutchHarvestHennepThee\/\" \/>\n<meta property=\"article:modified_time\" content=\"2023-07-27T20:28:34+00:00\" \/>\n<meta property=\"og:image\" content=\"https:\/\/dutchharvest.org\/wp-content\/uploads\/2022\/03\/Dutch-Harvest_HempChai_tea.png\" \/>\n\t<meta property=\"og:image:width\" content=\"600\" \/>\n\t<meta property=\"og:image:height\" content=\"600\" \/>\n\t<meta property=\"og:image:type\" content=\"image\/png\" \/>\n<meta name=\"twitter:card\" content=\"summary_large_image\" \/>\n<script type=\"application\/ld+json\" class=\"yoast-schema-graph\">{\"@context\":\"https:\\\/\\\/schema.org\",\"@graph\":[{\"@type\":\"WebPage\",\"@id\":\"https:\\\/\\\/dutchharvest.org\\\/de\\\/webshop\\\/hanftee-chai\\\/\",\"url\":\"https:\\\/\\\/dutchharvest.org\\\/de\\\/webshop\\\/hanftee-chai\\\/\",\"name\":\"HEMP CHAI TEA BIO - Dutch Harvest\",\"isPartOf\":{\"@id\":\"https:\\\/\\\/dutchharvest.org\\\/de\\\/#website\"},\"primaryImageOfPage\":{\"@id\":\"https:\\\/\\\/dutchharvest.org\\\/de\\\/webshop\\\/hanftee-chai\\\/#primaryimage\"},\"image\":{\"@id\":\"https:\\\/\\\/dutchharvest.org\\\/de\\\/webshop\\\/hanftee-chai\\\/#primaryimage\"},\"thumbnailUrl\":\"https:\\\/\\\/dutchharvest.org\\\/wp-content\\\/uploads\\\/2022\\\/03\\\/Dutch-Harvest_HempChai_tea.png\",\"datePublished\":\"2020-11-04T10:36:53+00:00\",\"dateModified\":\"2023-07-27T20:28:34+00:00\",\"description\":\"Unser Hanf Chai ist zu jeder Tageszeit ein Genuss. Die w\u00e4rmende, mild s\u00fc\u00dfe Mischung kombiniert ayurvedische Gew\u00fcrze mit Hanf aus Groningen. Kr\u00e4ftige Chai-Kr\u00e4uter\",\"breadcrumb\":{\"@id\":\"https:\\\/\\\/dutchharvest.org\\\/de\\\/webshop\\\/hanftee-chai\\\/#breadcrumb\"},\"inLanguage\":\"de\",\"potentialAction\":[{\"@type\":\"ReadAction\",\"target\":[\"https:\\\/\\\/dutchharvest.org\\\/de\\\/webshop\\\/hanftee-chai\\\/\"]}]},{\"@type\":\"ImageObject\",\"inLanguage\":\"de\",\"@id\":\"https:\\\/\\\/dutchharvest.org\\\/de\\\/webshop\\\/hanftee-chai\\\/#primaryimage\",\"url\":\"https:\\\/\\\/dutchharvest.org\\\/wp-content\\\/uploads\\\/2022\\\/03\\\/Dutch-Harvest_HempChai_tea.png\",\"contentUrl\":\"https:\\\/\\\/dutchharvest.org\\\/wp-content\\\/uploads\\\/2022\\\/03\\\/Dutch-Harvest_HempChai_tea.png\",\"width\":600,\"height\":600,\"caption\":\"Dutch-Harvest_HempChai_tea\"},{\"@type\":\"BreadcrumbList\",\"@id\":\"https:\\\/\\\/dutchharvest.org\\\/de\\\/webshop\\\/hanftee-chai\\\/#breadcrumb\",\"itemListElement\":[{\"@type\":\"ListItem\",\"position\":1,\"name\":\"Home\",\"item\":\"https:\\\/\\\/dutchharvest.org\\\/de\\\/\"},{\"@type\":\"ListItem\",\"position\":2,\"name\":\"Winkel\",\"item\":\"https:\\\/\\\/dutchharvest.org\\\/nl\\\/winkel\\\/\"},{\"@type\":\"ListItem\",\"position\":3,\"name\":\"HEMP CHAI TEA BIO\"}]},{\"@type\":\"WebSite\",\"@id\":\"https:\\\/\\\/dutchharvest.org\\\/de\\\/#website\",\"url\":\"https:\\\/\\\/dutchharvest.org\\\/de\\\/\",\"name\":\"Dutch Harvest\",\"description\":\"Milde hennepthee van Nederlandse bodem\",\"potentialAction\":[{\"@type\":\"SearchAction\",\"target\":{\"@type\":\"EntryPoint\",\"urlTemplate\":\"https:\\\/\\\/dutchharvest.org\\\/de\\\/?s={search_term_string}\"},\"query-input\":{\"@type\":\"PropertyValueSpecification\",\"valueRequired\":true,\"valueName\":\"search_term_string\"}}],\"inLanguage\":\"de\"}]}<\/script>\n<!-- \/ Yoast SEO plugin. -->","yoast_head_json":{"title":"HEMP CHAI TEA BIO - Dutch Harvest","description":"Unser Hanf Chai ist zu jeder Tageszeit ein Genuss. Die w\u00e4rmende, mild s\u00fc\u00dfe Mischung kombiniert ayurvedische Gew\u00fcrze mit Hanf aus Groningen. Kr\u00e4ftige Chai-Kr\u00e4uter","robots":{"index":"index","follow":"follow","max-snippet":"max-snippet:-1","max-image-preview":"max-image-preview:large","max-video-preview":"max-video-preview:-1"},"canonical":"https:\/\/dutchharvest.org\/de\/webshop\/hanftee-chai\/","og_locale":"de_DE","og_type":"article","og_title":"HEMP CHAI TEA BIO - Dutch Harvest","og_description":"Unser Hanf Chai ist zu jeder Tageszeit ein Genuss. Die w\u00e4rmende, mild s\u00fc\u00dfe Mischung kombiniert ayurvedische Gew\u00fcrze mit Hanf aus Groningen. Kr\u00e4ftige Chai-Kr\u00e4uter","og_url":"https:\/\/dutchharvest.org\/de\/webshop\/hanftee-chai\/","og_site_name":"Dutch Harvest","article_publisher":"https:\/\/www.facebook.com\/DutchHarvestHennepThee\/","article_modified_time":"2023-07-27T20:28:34+00:00","og_image":[{"width":600,"height":600,"url":"https:\/\/dutchharvest.org\/wp-content\/uploads\/2022\/03\/Dutch-Harvest_HempChai_tea.png","type":"image\/png"}],"twitter_card":"summary_large_image","schema":{"@context":"https:\/\/schema.org","@graph":[{"@type":"WebPage","@id":"https:\/\/dutchharvest.org\/de\/webshop\/hanftee-chai\/","url":"https:\/\/dutchharvest.org\/de\/webshop\/hanftee-chai\/","name":"HEMP CHAI TEA BIO - Dutch Harvest","isPartOf":{"@id":"https:\/\/dutchharvest.org\/de\/#website"},"primaryImageOfPage":{"@id":"https:\/\/dutchharvest.org\/de\/webshop\/hanftee-chai\/#primaryimage"},"image":{"@id":"https:\/\/dutchharvest.org\/de\/webshop\/hanftee-chai\/#primaryimage"},"thumbnailUrl":"https:\/\/dutchharvest.org\/wp-content\/uploads\/2022\/03\/Dutch-Harvest_HempChai_tea.png","datePublished":"2020-11-04T10:36:53+00:00","dateModified":"2023-07-27T20:28:34+00:00","description":"Unser Hanf Chai ist zu jeder Tageszeit ein Genuss. Die w\u00e4rmende, mild s\u00fc\u00dfe Mischung kombiniert ayurvedische Gew\u00fcrze mit Hanf aus Groningen. Kr\u00e4ftige Chai-Kr\u00e4uter","breadcrumb":{"@id":"https:\/\/dutchharvest.org\/de\/webshop\/hanftee-chai\/#breadcrumb"},"inLanguage":"de","potentialAction":[{"@type":"ReadAction","target":["https:\/\/dutchharvest.org\/de\/webshop\/hanftee-chai\/"]}]},{"@type":"ImageObject","inLanguage":"de","@id":"https:\/\/dutchharvest.org\/de\/webshop\/hanftee-chai\/#primaryimage","url":"https:\/\/dutchharvest.org\/wp-content\/uploads\/2022\/03\/Dutch-Harvest_HempChai_tea.png","contentUrl":"https:\/\/dutchharvest.org\/wp-content\/uploads\/2022\/03\/Dutch-Harvest_HempChai_tea.png","width":600,"height":600,"caption":"Dutch-Harvest_HempChai_tea"},{"@type":"BreadcrumbList","@id":"https:\/\/dutchharvest.org\/de\/webshop\/hanftee-chai\/#breadcrumb","itemListElement":[{"@type":"ListItem","position":1,"name":"Home","item":"https:\/\/dutchharvest.org\/de\/"},{"@type":"ListItem","position":2,"name":"Winkel","item":"https:\/\/dutchharvest.org\/nl\/winkel\/"},{"@type":"ListItem","position":3,"name":"HEMP CHAI TEA BIO"}]},{"@type":"WebSite","@id":"https:\/\/dutchharvest.org\/de\/#website","url":"https:\/\/dutchharvest.org\/de\/","name":"Dutch Harvest","description":"Milde hennepthee van Nederlandse bodem","potentialAction":[{"@type":"SearchAction","target":{"@type":"EntryPoint","urlTemplate":"https:\/\/dutchharvest.org\/de\/?s={search_term_string}"},"query-input":{"@type":"PropertyValueSpecification","valueRequired":true,"valueName":"search_term_string"}}],"inLanguage":"de"}]}},"_links":{"self":[{"href":"https:\/\/dutchharvest.org\/de\/wp-json\/wp\/v2\/product\/6111","targetHints":{"allow":["GET"]}}],"collection":[{"href":"https:\/\/dutchharvest.org\/de\/wp-json\/wp\/v2\/product"}],"about":[{"href":"https:\/\/dutchharvest.org\/de\/wp-json\/wp\/v2\/types\/product"}],"replies":[{"embeddable":true,"href":"https:\/\/dutchharvest.org\/de\/wp-json\/wp\/v2\/comments?post=6111"}],"wp:featuredmedia":[{"embeddable":true,"href":"https:\/\/dutchharvest.org\/de\/wp-json\/wp\/v2\/media\/7540"}],"wp:attachment":[{"href":"https:\/\/dutchharvest.org\/de\/wp-json\/wp\/v2\/media?parent=6111"}],"wp:term":[{"taxonomy":"product_brand","embeddable":true,"href":"https:\/\/dutchharvest.org\/de\/wp-json\/wp\/v2\/product_brand?post=6111"},{"taxonomy":"product_cat","embeddable":true,"href":"https:\/\/dutchharvest.org\/de\/wp-json\/wp\/v2\/product_cat?post=6111"},{"taxonomy":"product_tag","embeddable":true,"href":"https:\/\/dutchharvest.org\/de\/wp-json\/wp\/v2\/product_tag?post=6111"}],"curies":[{"name":"wp","href":"https:\/\/api.w.org\/{rel}","templated":true}]}}