{"id":6113,"date":"2020-11-04T09:36:56","date_gmt":"2020-11-04T09:36:56","guid":{"rendered":"https:\/\/dutchharvest.org\/webshop\/hemp-herbs-tee\/"},"modified":"2023-07-27T20:29:13","modified_gmt":"2023-07-27T20:29:13","slug":"hemp-herbs-tee","status":"publish","type":"product","link":"https:\/\/dutchharvest.org\/de\/webshop\/hemp-herbs-tee\/","title":{"rendered":"HEMP &#038; HERBS TEA BIO"},"content":{"rendered":"","protected":false},"excerpt":{"rendered":"<div class=\"wpb_text_column wpb_content_element tekst-onder-afbeelding\">\n<div class=\"wpb_wrapper\">\n<div class=\"page\" title=\"Page 4\">\n<div class=\"section\">\n<div class=\"layoutArea\">\n<div class=\"column\">\n<h5><strong>Entspannender Hanf Kr\u00e4utertee <\/strong><\/h5>\n<\/div>\n<\/div>\n<\/div>\n<\/div>\n<\/div>\n<\/div>\n<div class=\"wpb_text_column wpb_content_element tekst-onder-afbeelding\">\n<div class=\"wpb_wrapper\">\n<div class=\"page\" title=\"Page 4\">\n<div class=\"section\">\n<div class=\"layoutArea\">\n<div class=\"column\">\n<p>Eine angenehm frische und blumige Kr\u00e4utermischung auf Hanfbasis mit entspannenden Heilkr\u00e4utern. Minze und Ingwer sorgen f\u00fcr Pep und machen diese Mischung im Sommer zu einem wunderbar erfrischenden Eistee. Hemp &amp; Herbs schenkt einen Moment der Ruhe im hektischen Alltag oder abends vor dem Schlafengehen.<\/p>\n<\/div>\n<\/div>\n<\/div>\n<\/div>\n<\/div>\n<\/div>\n<div class=\"wpb_text_column wpb_content_element \">\n<div class=\"wpb_wrapper\">\n<div class=\"page\" title=\"Page 4\">\n<div class=\"section\">\n<div class=\"layoutArea\">\n<div class=\"column\">\n<p><strong>Zutaten: <\/strong><\/p>\n<p>Hanfbl\u00e4tter und -bl\u00fcten (65%), Kamille, Pfefferminze, Ingwer, Lindenbl\u00fcten, Ringelblumen. Alle Zutaten aus kontrolliert biologischem Anbau.<\/p>\n<p><strong>Zubereitung:<\/strong><\/p>\n<div>\n<ul>\n<li>Verwenden Sie 2 Essl\u00f6ffel Hanf pro Liter Wasser oder 1 Teel\u00f6ffel f\u00fcr 1 Tasse Tee.<\/li>\n<li>Kochendes Wasser aufgie\u00dfen<\/li>\n<li>5 bis 7 Minuten ziehen lassen.<\/li>\n<\/ul>\n<p>40 Gramm, fu\u0308r 40 Tassen Tee<\/p>\n<\/div>\n<\/div>\n<\/div>\n<\/div>\n<\/div>\n<\/div>\n<\/div>\n","protected":false},"featured_media":7534,"comment_status":"closed","ping_status":"closed","template":"","meta":{"_links_to":"","_links_to_target":""},"product_brand":[],"product_cat":[44],"product_tag":[],"class_list":{"0":"post-6113","1":"product","2":"type-product","3":"status-publish","4":"has-post-thumbnail","6":"product_cat-tee","7":"description-off","9":"first","10":"instock","11":"taxable","12":"shipping-taxable","13":"purchasable","14":"product-type-simple"},"yoast_head":"<!-- This site is optimized with the Yoast SEO plugin v27.3 - https:\/\/yoast.com\/product\/yoast-seo-wordpress\/ -->\n<title>HEMP &amp; HERBS TEA BIO - Dutch Harvest<\/title>\n<meta name=\"description\" content=\"Eine angenehm frische und blumige Kr\u00e4utermischung auf Hanfbasis mit entspannenden Heilkr\u00e4utern.\" \/>\n<meta name=\"robots\" content=\"index, follow, max-snippet:-1, max-image-preview:large, max-video-preview:-1\" \/>\n<link rel=\"canonical\" href=\"https:\/\/dutchharvest.org\/de\/webshop\/hemp-herbs-tee\/\" \/>\n<meta property=\"og:locale\" content=\"de_DE\" \/>\n<meta property=\"og:type\" content=\"article\" \/>\n<meta property=\"og:title\" content=\"HEMP &amp; HERBS TEA BIO - Dutch Harvest\" \/>\n<meta property=\"og:description\" content=\"Eine angenehm frische und blumige Kr\u00e4utermischung auf Hanfbasis mit entspannenden Heilkr\u00e4utern.\" \/>\n<meta property=\"og:url\" content=\"https:\/\/dutchharvest.org\/de\/webshop\/hemp-herbs-tee\/\" \/>\n<meta property=\"og:site_name\" content=\"Dutch Harvest\" \/>\n<meta property=\"article:publisher\" content=\"https:\/\/www.facebook.com\/DutchHarvestHennepThee\/\" \/>\n<meta property=\"article:modified_time\" content=\"2023-07-27T20:29:13+00:00\" \/>\n<meta property=\"og:image\" content=\"https:\/\/dutchharvest.org\/wp-content\/uploads\/2022\/03\/Dutch-Harvest_HempHerbs_tea.png\" \/>\n\t<meta property=\"og:image:width\" content=\"600\" \/>\n\t<meta property=\"og:image:height\" content=\"600\" \/>\n\t<meta property=\"og:image:type\" content=\"image\/png\" \/>\n<meta name=\"twitter:card\" content=\"summary_large_image\" \/>\n<script type=\"application\/ld+json\" class=\"yoast-schema-graph\">{\"@context\":\"https:\\\/\\\/schema.org\",\"@graph\":[{\"@type\":\"WebPage\",\"@id\":\"https:\\\/\\\/dutchharvest.org\\\/de\\\/webshop\\\/hemp-herbs-tee\\\/\",\"url\":\"https:\\\/\\\/dutchharvest.org\\\/de\\\/webshop\\\/hemp-herbs-tee\\\/\",\"name\":\"HEMP & HERBS TEA BIO - Dutch Harvest\",\"isPartOf\":{\"@id\":\"https:\\\/\\\/dutchharvest.org\\\/de\\\/#website\"},\"primaryImageOfPage\":{\"@id\":\"https:\\\/\\\/dutchharvest.org\\\/de\\\/webshop\\\/hemp-herbs-tee\\\/#primaryimage\"},\"image\":{\"@id\":\"https:\\\/\\\/dutchharvest.org\\\/de\\\/webshop\\\/hemp-herbs-tee\\\/#primaryimage\"},\"thumbnailUrl\":\"https:\\\/\\\/dutchharvest.org\\\/wp-content\\\/uploads\\\/2022\\\/03\\\/Dutch-Harvest_HempHerbs_tea.png\",\"datePublished\":\"2020-11-04T09:36:56+00:00\",\"dateModified\":\"2023-07-27T20:29:13+00:00\",\"description\":\"Eine angenehm frische und blumige Kr\u00e4utermischung auf Hanfbasis mit entspannenden Heilkr\u00e4utern.\",\"breadcrumb\":{\"@id\":\"https:\\\/\\\/dutchharvest.org\\\/de\\\/webshop\\\/hemp-herbs-tee\\\/#breadcrumb\"},\"inLanguage\":\"de\",\"potentialAction\":[{\"@type\":\"ReadAction\",\"target\":[\"https:\\\/\\\/dutchharvest.org\\\/de\\\/webshop\\\/hemp-herbs-tee\\\/\"]}]},{\"@type\":\"ImageObject\",\"inLanguage\":\"de\",\"@id\":\"https:\\\/\\\/dutchharvest.org\\\/de\\\/webshop\\\/hemp-herbs-tee\\\/#primaryimage\",\"url\":\"https:\\\/\\\/dutchharvest.org\\\/wp-content\\\/uploads\\\/2022\\\/03\\\/Dutch-Harvest_HempHerbs_tea.png\",\"contentUrl\":\"https:\\\/\\\/dutchharvest.org\\\/wp-content\\\/uploads\\\/2022\\\/03\\\/Dutch-Harvest_HempHerbs_tea.png\",\"width\":600,\"height\":600,\"caption\":\"Dutch-Harvest_Hemp&Herbs_tea-hennep_kruidenthee\"},{\"@type\":\"BreadcrumbList\",\"@id\":\"https:\\\/\\\/dutchharvest.org\\\/de\\\/webshop\\\/hemp-herbs-tee\\\/#breadcrumb\",\"itemListElement\":[{\"@type\":\"ListItem\",\"position\":1,\"name\":\"Home\",\"item\":\"https:\\\/\\\/dutchharvest.org\\\/de\\\/\"},{\"@type\":\"ListItem\",\"position\":2,\"name\":\"Winkel\",\"item\":\"https:\\\/\\\/dutchharvest.org\\\/nl\\\/winkel\\\/\"},{\"@type\":\"ListItem\",\"position\":3,\"name\":\"HEMP &#038; HERBS TEA BIO\"}]},{\"@type\":\"WebSite\",\"@id\":\"https:\\\/\\\/dutchharvest.org\\\/de\\\/#website\",\"url\":\"https:\\\/\\\/dutchharvest.org\\\/de\\\/\",\"name\":\"Dutch Harvest\",\"description\":\"Milde hennepthee van Nederlandse bodem\",\"potentialAction\":[{\"@type\":\"SearchAction\",\"target\":{\"@type\":\"EntryPoint\",\"urlTemplate\":\"https:\\\/\\\/dutchharvest.org\\\/de\\\/?s={search_term_string}\"},\"query-input\":{\"@type\":\"PropertyValueSpecification\",\"valueRequired\":true,\"valueName\":\"search_term_string\"}}],\"inLanguage\":\"de\"}]}<\/script>\n<!-- \/ Yoast SEO plugin. -->","yoast_head_json":{"title":"HEMP & HERBS TEA BIO - Dutch Harvest","description":"Eine angenehm frische und blumige Kr\u00e4utermischung auf Hanfbasis mit entspannenden Heilkr\u00e4utern.","robots":{"index":"index","follow":"follow","max-snippet":"max-snippet:-1","max-image-preview":"max-image-preview:large","max-video-preview":"max-video-preview:-1"},"canonical":"https:\/\/dutchharvest.org\/de\/webshop\/hemp-herbs-tee\/","og_locale":"de_DE","og_type":"article","og_title":"HEMP & HERBS TEA BIO - Dutch Harvest","og_description":"Eine angenehm frische und blumige Kr\u00e4utermischung auf Hanfbasis mit entspannenden Heilkr\u00e4utern.","og_url":"https:\/\/dutchharvest.org\/de\/webshop\/hemp-herbs-tee\/","og_site_name":"Dutch Harvest","article_publisher":"https:\/\/www.facebook.com\/DutchHarvestHennepThee\/","article_modified_time":"2023-07-27T20:29:13+00:00","og_image":[{"width":600,"height":600,"url":"https:\/\/dutchharvest.org\/wp-content\/uploads\/2022\/03\/Dutch-Harvest_HempHerbs_tea.png","type":"image\/png"}],"twitter_card":"summary_large_image","schema":{"@context":"https:\/\/schema.org","@graph":[{"@type":"WebPage","@id":"https:\/\/dutchharvest.org\/de\/webshop\/hemp-herbs-tee\/","url":"https:\/\/dutchharvest.org\/de\/webshop\/hemp-herbs-tee\/","name":"HEMP & HERBS TEA BIO - Dutch Harvest","isPartOf":{"@id":"https:\/\/dutchharvest.org\/de\/#website"},"primaryImageOfPage":{"@id":"https:\/\/dutchharvest.org\/de\/webshop\/hemp-herbs-tee\/#primaryimage"},"image":{"@id":"https:\/\/dutchharvest.org\/de\/webshop\/hemp-herbs-tee\/#primaryimage"},"thumbnailUrl":"https:\/\/dutchharvest.org\/wp-content\/uploads\/2022\/03\/Dutch-Harvest_HempHerbs_tea.png","datePublished":"2020-11-04T09:36:56+00:00","dateModified":"2023-07-27T20:29:13+00:00","description":"Eine angenehm frische und blumige Kr\u00e4utermischung auf Hanfbasis mit entspannenden Heilkr\u00e4utern.","breadcrumb":{"@id":"https:\/\/dutchharvest.org\/de\/webshop\/hemp-herbs-tee\/#breadcrumb"},"inLanguage":"de","potentialAction":[{"@type":"ReadAction","target":["https:\/\/dutchharvest.org\/de\/webshop\/hemp-herbs-tee\/"]}]},{"@type":"ImageObject","inLanguage":"de","@id":"https:\/\/dutchharvest.org\/de\/webshop\/hemp-herbs-tee\/#primaryimage","url":"https:\/\/dutchharvest.org\/wp-content\/uploads\/2022\/03\/Dutch-Harvest_HempHerbs_tea.png","contentUrl":"https:\/\/dutchharvest.org\/wp-content\/uploads\/2022\/03\/Dutch-Harvest_HempHerbs_tea.png","width":600,"height":600,"caption":"Dutch-Harvest_Hemp&Herbs_tea-hennep_kruidenthee"},{"@type":"BreadcrumbList","@id":"https:\/\/dutchharvest.org\/de\/webshop\/hemp-herbs-tee\/#breadcrumb","itemListElement":[{"@type":"ListItem","position":1,"name":"Home","item":"https:\/\/dutchharvest.org\/de\/"},{"@type":"ListItem","position":2,"name":"Winkel","item":"https:\/\/dutchharvest.org\/nl\/winkel\/"},{"@type":"ListItem","position":3,"name":"HEMP &#038; HERBS TEA BIO"}]},{"@type":"WebSite","@id":"https:\/\/dutchharvest.org\/de\/#website","url":"https:\/\/dutchharvest.org\/de\/","name":"Dutch Harvest","description":"Milde hennepthee van Nederlandse bodem","potentialAction":[{"@type":"SearchAction","target":{"@type":"EntryPoint","urlTemplate":"https:\/\/dutchharvest.org\/de\/?s={search_term_string}"},"query-input":{"@type":"PropertyValueSpecification","valueRequired":true,"valueName":"search_term_string"}}],"inLanguage":"de"}]}},"_links":{"self":[{"href":"https:\/\/dutchharvest.org\/de\/wp-json\/wp\/v2\/product\/6113","targetHints":{"allow":["GET"]}}],"collection":[{"href":"https:\/\/dutchharvest.org\/de\/wp-json\/wp\/v2\/product"}],"about":[{"href":"https:\/\/dutchharvest.org\/de\/wp-json\/wp\/v2\/types\/product"}],"replies":[{"embeddable":true,"href":"https:\/\/dutchharvest.org\/de\/wp-json\/wp\/v2\/comments?post=6113"}],"wp:featuredmedia":[{"embeddable":true,"href":"https:\/\/dutchharvest.org\/de\/wp-json\/wp\/v2\/media\/7534"}],"wp:attachment":[{"href":"https:\/\/dutchharvest.org\/de\/wp-json\/wp\/v2\/media?parent=6113"}],"wp:term":[{"taxonomy":"product_brand","embeddable":true,"href":"https:\/\/dutchharvest.org\/de\/wp-json\/wp\/v2\/product_brand?post=6113"},{"taxonomy":"product_cat","embeddable":true,"href":"https:\/\/dutchharvest.org\/de\/wp-json\/wp\/v2\/product_cat?post=6113"},{"taxonomy":"product_tag","embeddable":true,"href":"https:\/\/dutchharvest.org\/de\/wp-json\/wp\/v2\/product_tag?post=6113"}],"curies":[{"name":"wp","href":"https:\/\/api.w.org\/{rel}","templated":true}]}}