{"id":6148,"date":"2020-11-04T10:54:06","date_gmt":"2020-11-04T10:54:06","guid":{"rendered":"https:\/\/dutchharvest.org\/webshop\/tee-ei-edelstahl-gross\/"},"modified":"2021-01-26T09:08:28","modified_gmt":"2021-01-26T09:08:28","slug":"tee-ei-edelstahl-gross","status":"publish","type":"product","link":"https:\/\/dutchharvest.org\/de\/webshop\/tee-ei-edelstahl-gross\/","title":{"rendered":"TEE-EI EDELSTAHL GRO\u00df"},"content":{"rendered":"","protected":false},"excerpt":{"rendered":"<p>Tee- Ei aus Edelstahl f\u00fcr losen Tee. Praktisch f\u00fcr eine gro\u00dfen Teekanne. Hinweis: Dies ist ein extra gro\u00dfes Tee-Ei, das eine gute Entfaltung der Bl\u00e4tter erm\u00f6glicht und den Geruch und Geschmack des Tees freisetzt. Passt in eine Teekanne mit einer \u00d6ffnung von mindestens 6 cm.<\/p>\n<p>Mit Kette, damit man es in der Teekanne nicht verliert \ud83d\ude09<\/p>\n<ul>\n<li>Abmessungen: Durchmesser: 5,5 cm,<\/li>\n<li>H\u00f6he: 7 cm.<\/li>\n<li>Material: Edelstahl, rostfrei<\/li>\n<li>Sp\u00fclmaschinenfest<\/li>\n<\/ul>\n","protected":false},"featured_media":6045,"comment_status":"closed","ping_status":"closed","template":"","meta":{"_links_to":"","_links_to_target":""},"product_brand":[],"product_cat":[42],"product_tag":[],"class_list":{"0":"post-6148","1":"product","2":"type-product","3":"status-publish","4":"has-post-thumbnail","6":"product_cat-zubehor","7":"description-off","9":"first","10":"instock","11":"taxable","12":"shipping-taxable","13":"purchasable","14":"product-type-simple"},"yoast_head":"<!-- This site is optimized with the Yoast SEO plugin v27.3 - https:\/\/yoast.com\/product\/yoast-seo-wordpress\/ -->\n<title>TEE-EI EDELSTAHL GRO\u00df - Dutch Harvest<\/title>\n<meta name=\"description\" content=\"Tee- Ei aus Edelstahl f\u00fcr losen Tee. Praktisch f\u00fcr in einer gro\u00dfen Teekanne.\" \/>\n<meta name=\"robots\" content=\"index, follow, max-snippet:-1, max-image-preview:large, max-video-preview:-1\" \/>\n<link rel=\"canonical\" href=\"https:\/\/dutchharvest.org\/de\/webshop\/tee-ei-edelstahl-gross\/\" \/>\n<meta property=\"og:locale\" content=\"de_DE\" \/>\n<meta property=\"og:type\" content=\"article\" \/>\n<meta property=\"og:title\" content=\"TEE-EI EDELSTAHL GRO\u00df - Dutch Harvest\" \/>\n<meta property=\"og:description\" content=\"Tee- Ei aus Edelstahl f\u00fcr losen Tee. Praktisch f\u00fcr in einer gro\u00dfen Teekanne.\" \/>\n<meta property=\"og:url\" content=\"https:\/\/dutchharvest.org\/de\/webshop\/tee-ei-edelstahl-gross\/\" \/>\n<meta property=\"og:site_name\" content=\"Dutch Harvest\" \/>\n<meta property=\"article:publisher\" content=\"https:\/\/www.facebook.com\/DutchHarvestHennepThee\/\" \/>\n<meta property=\"article:modified_time\" content=\"2021-01-26T09:08:28+00:00\" \/>\n<meta property=\"og:image\" content=\"https:\/\/dutchharvest.org\/wp-content\/uploads\/2020\/11\/THee-ei-RVS-11.jpg\" \/>\n\t<meta property=\"og:image:width\" content=\"422\" \/>\n\t<meta property=\"og:image:height\" content=\"366\" \/>\n\t<meta property=\"og:image:type\" content=\"image\/jpeg\" \/>\n<meta name=\"twitter:card\" content=\"summary_large_image\" \/>\n<script type=\"application\/ld+json\" class=\"yoast-schema-graph\">{\"@context\":\"https:\\\/\\\/schema.org\",\"@graph\":[{\"@type\":\"WebPage\",\"@id\":\"https:\\\/\\\/dutchharvest.org\\\/de\\\/webshop\\\/tee-ei-edelstahl-gross\\\/\",\"url\":\"https:\\\/\\\/dutchharvest.org\\\/de\\\/webshop\\\/tee-ei-edelstahl-gross\\\/\",\"name\":\"TEE-EI EDELSTAHL GRO\u00df - Dutch Harvest\",\"isPartOf\":{\"@id\":\"https:\\\/\\\/dutchharvest.org\\\/de\\\/#website\"},\"primaryImageOfPage\":{\"@id\":\"https:\\\/\\\/dutchharvest.org\\\/de\\\/webshop\\\/tee-ei-edelstahl-gross\\\/#primaryimage\"},\"image\":{\"@id\":\"https:\\\/\\\/dutchharvest.org\\\/de\\\/webshop\\\/tee-ei-edelstahl-gross\\\/#primaryimage\"},\"thumbnailUrl\":\"https:\\\/\\\/dutchharvest.org\\\/wp-content\\\/uploads\\\/2020\\\/11\\\/THee-ei-RVS-11.jpg\",\"datePublished\":\"2020-11-04T10:54:06+00:00\",\"dateModified\":\"2021-01-26T09:08:28+00:00\",\"description\":\"Tee- Ei aus Edelstahl f\u00fcr losen Tee. Praktisch f\u00fcr in einer gro\u00dfen Teekanne.\",\"breadcrumb\":{\"@id\":\"https:\\\/\\\/dutchharvest.org\\\/de\\\/webshop\\\/tee-ei-edelstahl-gross\\\/#breadcrumb\"},\"inLanguage\":\"de\",\"potentialAction\":[{\"@type\":\"ReadAction\",\"target\":[\"https:\\\/\\\/dutchharvest.org\\\/de\\\/webshop\\\/tee-ei-edelstahl-gross\\\/\"]}]},{\"@type\":\"ImageObject\",\"inLanguage\":\"de\",\"@id\":\"https:\\\/\\\/dutchharvest.org\\\/de\\\/webshop\\\/tee-ei-edelstahl-gross\\\/#primaryimage\",\"url\":\"https:\\\/\\\/dutchharvest.org\\\/wp-content\\\/uploads\\\/2020\\\/11\\\/THee-ei-RVS-11.jpg\",\"contentUrl\":\"https:\\\/\\\/dutchharvest.org\\\/wp-content\\\/uploads\\\/2020\\\/11\\\/THee-ei-RVS-11.jpg\",\"width\":422,\"height\":366},{\"@type\":\"BreadcrumbList\",\"@id\":\"https:\\\/\\\/dutchharvest.org\\\/de\\\/webshop\\\/tee-ei-edelstahl-gross\\\/#breadcrumb\",\"itemListElement\":[{\"@type\":\"ListItem\",\"position\":1,\"name\":\"Home\",\"item\":\"https:\\\/\\\/dutchharvest.org\\\/de\\\/\"},{\"@type\":\"ListItem\",\"position\":2,\"name\":\"Winkel\",\"item\":\"https:\\\/\\\/dutchharvest.org\\\/nl\\\/winkel\\\/\"},{\"@type\":\"ListItem\",\"position\":3,\"name\":\"TEE-EI EDELSTAHL GRO\u00df\"}]},{\"@type\":\"WebSite\",\"@id\":\"https:\\\/\\\/dutchharvest.org\\\/de\\\/#website\",\"url\":\"https:\\\/\\\/dutchharvest.org\\\/de\\\/\",\"name\":\"Dutch Harvest\",\"description\":\"Milde hennepthee van Nederlandse bodem\",\"potentialAction\":[{\"@type\":\"SearchAction\",\"target\":{\"@type\":\"EntryPoint\",\"urlTemplate\":\"https:\\\/\\\/dutchharvest.org\\\/de\\\/?s={search_term_string}\"},\"query-input\":{\"@type\":\"PropertyValueSpecification\",\"valueRequired\":true,\"valueName\":\"search_term_string\"}}],\"inLanguage\":\"de\"}]}<\/script>\n<!-- \/ Yoast SEO plugin. -->","yoast_head_json":{"title":"TEE-EI EDELSTAHL GRO\u00df - Dutch Harvest","description":"Tee- Ei aus Edelstahl f\u00fcr losen Tee. Praktisch f\u00fcr in einer gro\u00dfen Teekanne.","robots":{"index":"index","follow":"follow","max-snippet":"max-snippet:-1","max-image-preview":"max-image-preview:large","max-video-preview":"max-video-preview:-1"},"canonical":"https:\/\/dutchharvest.org\/de\/webshop\/tee-ei-edelstahl-gross\/","og_locale":"de_DE","og_type":"article","og_title":"TEE-EI EDELSTAHL GRO\u00df - Dutch Harvest","og_description":"Tee- Ei aus Edelstahl f\u00fcr losen Tee. Praktisch f\u00fcr in einer gro\u00dfen Teekanne.","og_url":"https:\/\/dutchharvest.org\/de\/webshop\/tee-ei-edelstahl-gross\/","og_site_name":"Dutch Harvest","article_publisher":"https:\/\/www.facebook.com\/DutchHarvestHennepThee\/","article_modified_time":"2021-01-26T09:08:28+00:00","og_image":[{"width":422,"height":366,"url":"https:\/\/dutchharvest.org\/wp-content\/uploads\/2020\/11\/THee-ei-RVS-11.jpg","type":"image\/jpeg"}],"twitter_card":"summary_large_image","schema":{"@context":"https:\/\/schema.org","@graph":[{"@type":"WebPage","@id":"https:\/\/dutchharvest.org\/de\/webshop\/tee-ei-edelstahl-gross\/","url":"https:\/\/dutchharvest.org\/de\/webshop\/tee-ei-edelstahl-gross\/","name":"TEE-EI EDELSTAHL GRO\u00df - Dutch Harvest","isPartOf":{"@id":"https:\/\/dutchharvest.org\/de\/#website"},"primaryImageOfPage":{"@id":"https:\/\/dutchharvest.org\/de\/webshop\/tee-ei-edelstahl-gross\/#primaryimage"},"image":{"@id":"https:\/\/dutchharvest.org\/de\/webshop\/tee-ei-edelstahl-gross\/#primaryimage"},"thumbnailUrl":"https:\/\/dutchharvest.org\/wp-content\/uploads\/2020\/11\/THee-ei-RVS-11.jpg","datePublished":"2020-11-04T10:54:06+00:00","dateModified":"2021-01-26T09:08:28+00:00","description":"Tee- Ei aus Edelstahl f\u00fcr losen Tee. Praktisch f\u00fcr in einer gro\u00dfen Teekanne.","breadcrumb":{"@id":"https:\/\/dutchharvest.org\/de\/webshop\/tee-ei-edelstahl-gross\/#breadcrumb"},"inLanguage":"de","potentialAction":[{"@type":"ReadAction","target":["https:\/\/dutchharvest.org\/de\/webshop\/tee-ei-edelstahl-gross\/"]}]},{"@type":"ImageObject","inLanguage":"de","@id":"https:\/\/dutchharvest.org\/de\/webshop\/tee-ei-edelstahl-gross\/#primaryimage","url":"https:\/\/dutchharvest.org\/wp-content\/uploads\/2020\/11\/THee-ei-RVS-11.jpg","contentUrl":"https:\/\/dutchharvest.org\/wp-content\/uploads\/2020\/11\/THee-ei-RVS-11.jpg","width":422,"height":366},{"@type":"BreadcrumbList","@id":"https:\/\/dutchharvest.org\/de\/webshop\/tee-ei-edelstahl-gross\/#breadcrumb","itemListElement":[{"@type":"ListItem","position":1,"name":"Home","item":"https:\/\/dutchharvest.org\/de\/"},{"@type":"ListItem","position":2,"name":"Winkel","item":"https:\/\/dutchharvest.org\/nl\/winkel\/"},{"@type":"ListItem","position":3,"name":"TEE-EI EDELSTAHL GRO\u00df"}]},{"@type":"WebSite","@id":"https:\/\/dutchharvest.org\/de\/#website","url":"https:\/\/dutchharvest.org\/de\/","name":"Dutch Harvest","description":"Milde hennepthee van Nederlandse bodem","potentialAction":[{"@type":"SearchAction","target":{"@type":"EntryPoint","urlTemplate":"https:\/\/dutchharvest.org\/de\/?s={search_term_string}"},"query-input":{"@type":"PropertyValueSpecification","valueRequired":true,"valueName":"search_term_string"}}],"inLanguage":"de"}]}},"_links":{"self":[{"href":"https:\/\/dutchharvest.org\/de\/wp-json\/wp\/v2\/product\/6148","targetHints":{"allow":["GET"]}}],"collection":[{"href":"https:\/\/dutchharvest.org\/de\/wp-json\/wp\/v2\/product"}],"about":[{"href":"https:\/\/dutchharvest.org\/de\/wp-json\/wp\/v2\/types\/product"}],"replies":[{"embeddable":true,"href":"https:\/\/dutchharvest.org\/de\/wp-json\/wp\/v2\/comments?post=6148"}],"wp:featuredmedia":[{"embeddable":true,"href":"https:\/\/dutchharvest.org\/de\/wp-json\/wp\/v2\/media\/6045"}],"wp:attachment":[{"href":"https:\/\/dutchharvest.org\/de\/wp-json\/wp\/v2\/media?parent=6148"}],"wp:term":[{"taxonomy":"product_brand","embeddable":true,"href":"https:\/\/dutchharvest.org\/de\/wp-json\/wp\/v2\/product_brand?post=6148"},{"taxonomy":"product_cat","embeddable":true,"href":"https:\/\/dutchharvest.org\/de\/wp-json\/wp\/v2\/product_cat?post=6148"},{"taxonomy":"product_tag","embeddable":true,"href":"https:\/\/dutchharvest.org\/de\/wp-json\/wp\/v2\/product_tag?post=6148"}],"curies":[{"name":"wp","href":"https:\/\/api.w.org\/{rel}","templated":true}]}}