{"id":6149,"date":"2020-11-04T10:52:29","date_gmt":"2020-11-04T10:52:29","guid":{"rendered":"https:\/\/dutchharvest.org\/webshop\/teefilter-edelstahl\/"},"modified":"2021-01-26T09:18:25","modified_gmt":"2021-01-26T09:18:25","slug":"teefilter-edelstahl","status":"publish","type":"product","link":"https:\/\/dutchharvest.org\/de\/webshop\/teefilter-edelstahl\/","title":{"rendered":"TEEFILTER EDELSTAHL"},"content":{"rendered":"","protected":false},"excerpt":{"rendered":"<p>Teefilter aus Edelstahl mit Tropfschale. Praktisch f\u00fcr eine Tasse, kann aber auch in einer Teekanne verwendet werden. In diesem Filter wird der Geruch und Geschmack des losen Tees gut freigesetzt. Und das Sch\u00f6ne daran ist: keine Verschwendung! Keine Teebeutel, Schn\u00fcre, Klammern. Der Filter kann geleert, gesp\u00fclt und auf unbestimmte Zeit verwendet werden.<\/p>\n<ul>\n<li>Abmessungen Teefilter: Durchmesser: 5,5 cm, H\u00f6he: 7 cm. Durchmesser Au\u00dfenrand Griffe 10,5 cm.<\/li>\n<li>Material: Edelstahl, rostfrei<\/li>\n<li>Sp\u00fclmaschinenfest<\/li>\n<\/ul>\n","protected":false},"featured_media":6041,"comment_status":"closed","ping_status":"closed","template":"","meta":{"_links_to":"","_links_to_target":""},"product_brand":[],"product_cat":[42],"product_tag":[],"class_list":{"0":"post-6149","1":"product","2":"type-product","3":"status-publish","4":"has-post-thumbnail","6":"product_cat-zubehor","7":"description-off","9":"first","10":"instock","11":"taxable","12":"shipping-taxable","13":"purchasable","14":"product-type-simple"},"yoast_head":"<!-- This site is optimized with the Yoast SEO plugin v27.3 - https:\/\/yoast.com\/product\/yoast-seo-wordpress\/ -->\n<title>TEEFILTER EDELSTAHL - Dutch Harvest<\/title>\n<meta name=\"description\" content=\"Teefilter aus Edelstahl mit Tropfschale. Praktisch f\u00fcr eine Tasse, kann aber auch in einer Teekanne verwendet werden.\" \/>\n<meta name=\"robots\" content=\"index, follow, max-snippet:-1, max-image-preview:large, max-video-preview:-1\" \/>\n<link rel=\"canonical\" href=\"https:\/\/dutchharvest.org\/de\/webshop\/teefilter-edelstahl\/\" \/>\n<meta property=\"og:locale\" content=\"de_DE\" \/>\n<meta property=\"og:type\" content=\"article\" \/>\n<meta property=\"og:title\" content=\"TEEFILTER EDELSTAHL - Dutch Harvest\" \/>\n<meta property=\"og:description\" content=\"Teefilter aus Edelstahl mit Tropfschale. Praktisch f\u00fcr eine Tasse, kann aber auch in einer Teekanne verwendet werden.\" \/>\n<meta property=\"og:url\" content=\"https:\/\/dutchharvest.org\/de\/webshop\/teefilter-edelstahl\/\" \/>\n<meta property=\"og:site_name\" content=\"Dutch Harvest\" \/>\n<meta property=\"article:publisher\" content=\"https:\/\/www.facebook.com\/DutchHarvestHennepThee\/\" \/>\n<meta property=\"article:modified_time\" content=\"2021-01-26T09:18:25+00:00\" \/>\n<meta property=\"og:image\" content=\"https:\/\/dutchharvest.org\/wp-content\/uploads\/2020\/11\/Theefilter-RVS-887.jpg\" \/>\n\t<meta property=\"og:image:width\" content=\"887\" \/>\n\t<meta property=\"og:image:height\" content=\"767\" \/>\n\t<meta property=\"og:image:type\" content=\"image\/jpeg\" \/>\n<meta name=\"twitter:card\" content=\"summary_large_image\" \/>\n<script type=\"application\/ld+json\" class=\"yoast-schema-graph\">{\"@context\":\"https:\\\/\\\/schema.org\",\"@graph\":[{\"@type\":\"WebPage\",\"@id\":\"https:\\\/\\\/dutchharvest.org\\\/de\\\/webshop\\\/teefilter-edelstahl\\\/\",\"url\":\"https:\\\/\\\/dutchharvest.org\\\/de\\\/webshop\\\/teefilter-edelstahl\\\/\",\"name\":\"TEEFILTER EDELSTAHL - Dutch Harvest\",\"isPartOf\":{\"@id\":\"https:\\\/\\\/dutchharvest.org\\\/de\\\/#website\"},\"primaryImageOfPage\":{\"@id\":\"https:\\\/\\\/dutchharvest.org\\\/de\\\/webshop\\\/teefilter-edelstahl\\\/#primaryimage\"},\"image\":{\"@id\":\"https:\\\/\\\/dutchharvest.org\\\/de\\\/webshop\\\/teefilter-edelstahl\\\/#primaryimage\"},\"thumbnailUrl\":\"https:\\\/\\\/dutchharvest.org\\\/wp-content\\\/uploads\\\/2020\\\/11\\\/Theefilter-RVS-887.jpg\",\"datePublished\":\"2020-11-04T10:52:29+00:00\",\"dateModified\":\"2021-01-26T09:18:25+00:00\",\"description\":\"Teefilter aus Edelstahl mit Tropfschale. Praktisch f\u00fcr eine Tasse, kann aber auch in einer Teekanne verwendet werden.\",\"breadcrumb\":{\"@id\":\"https:\\\/\\\/dutchharvest.org\\\/de\\\/webshop\\\/teefilter-edelstahl\\\/#breadcrumb\"},\"inLanguage\":\"de\",\"potentialAction\":[{\"@type\":\"ReadAction\",\"target\":[\"https:\\\/\\\/dutchharvest.org\\\/de\\\/webshop\\\/teefilter-edelstahl\\\/\"]}]},{\"@type\":\"ImageObject\",\"inLanguage\":\"de\",\"@id\":\"https:\\\/\\\/dutchharvest.org\\\/de\\\/webshop\\\/teefilter-edelstahl\\\/#primaryimage\",\"url\":\"https:\\\/\\\/dutchharvest.org\\\/wp-content\\\/uploads\\\/2020\\\/11\\\/Theefilter-RVS-887.jpg\",\"contentUrl\":\"https:\\\/\\\/dutchharvest.org\\\/wp-content\\\/uploads\\\/2020\\\/11\\\/Theefilter-RVS-887.jpg\",\"width\":887,\"height\":767},{\"@type\":\"BreadcrumbList\",\"@id\":\"https:\\\/\\\/dutchharvest.org\\\/de\\\/webshop\\\/teefilter-edelstahl\\\/#breadcrumb\",\"itemListElement\":[{\"@type\":\"ListItem\",\"position\":1,\"name\":\"Home\",\"item\":\"https:\\\/\\\/dutchharvest.org\\\/de\\\/\"},{\"@type\":\"ListItem\",\"position\":2,\"name\":\"Winkel\",\"item\":\"https:\\\/\\\/dutchharvest.org\\\/nl\\\/winkel\\\/\"},{\"@type\":\"ListItem\",\"position\":3,\"name\":\"TEEFILTER EDELSTAHL\"}]},{\"@type\":\"WebSite\",\"@id\":\"https:\\\/\\\/dutchharvest.org\\\/de\\\/#website\",\"url\":\"https:\\\/\\\/dutchharvest.org\\\/de\\\/\",\"name\":\"Dutch Harvest\",\"description\":\"Milde hennepthee van Nederlandse bodem\",\"potentialAction\":[{\"@type\":\"SearchAction\",\"target\":{\"@type\":\"EntryPoint\",\"urlTemplate\":\"https:\\\/\\\/dutchharvest.org\\\/de\\\/?s={search_term_string}\"},\"query-input\":{\"@type\":\"PropertyValueSpecification\",\"valueRequired\":true,\"valueName\":\"search_term_string\"}}],\"inLanguage\":\"de\"}]}<\/script>\n<!-- \/ Yoast SEO plugin. -->","yoast_head_json":{"title":"TEEFILTER EDELSTAHL - Dutch Harvest","description":"Teefilter aus Edelstahl mit Tropfschale. Praktisch f\u00fcr eine Tasse, kann aber auch in einer Teekanne verwendet werden.","robots":{"index":"index","follow":"follow","max-snippet":"max-snippet:-1","max-image-preview":"max-image-preview:large","max-video-preview":"max-video-preview:-1"},"canonical":"https:\/\/dutchharvest.org\/de\/webshop\/teefilter-edelstahl\/","og_locale":"de_DE","og_type":"article","og_title":"TEEFILTER EDELSTAHL - Dutch Harvest","og_description":"Teefilter aus Edelstahl mit Tropfschale. Praktisch f\u00fcr eine Tasse, kann aber auch in einer Teekanne verwendet werden.","og_url":"https:\/\/dutchharvest.org\/de\/webshop\/teefilter-edelstahl\/","og_site_name":"Dutch Harvest","article_publisher":"https:\/\/www.facebook.com\/DutchHarvestHennepThee\/","article_modified_time":"2021-01-26T09:18:25+00:00","og_image":[{"width":887,"height":767,"url":"https:\/\/dutchharvest.org\/wp-content\/uploads\/2020\/11\/Theefilter-RVS-887.jpg","type":"image\/jpeg"}],"twitter_card":"summary_large_image","schema":{"@context":"https:\/\/schema.org","@graph":[{"@type":"WebPage","@id":"https:\/\/dutchharvest.org\/de\/webshop\/teefilter-edelstahl\/","url":"https:\/\/dutchharvest.org\/de\/webshop\/teefilter-edelstahl\/","name":"TEEFILTER EDELSTAHL - Dutch Harvest","isPartOf":{"@id":"https:\/\/dutchharvest.org\/de\/#website"},"primaryImageOfPage":{"@id":"https:\/\/dutchharvest.org\/de\/webshop\/teefilter-edelstahl\/#primaryimage"},"image":{"@id":"https:\/\/dutchharvest.org\/de\/webshop\/teefilter-edelstahl\/#primaryimage"},"thumbnailUrl":"https:\/\/dutchharvest.org\/wp-content\/uploads\/2020\/11\/Theefilter-RVS-887.jpg","datePublished":"2020-11-04T10:52:29+00:00","dateModified":"2021-01-26T09:18:25+00:00","description":"Teefilter aus Edelstahl mit Tropfschale. Praktisch f\u00fcr eine Tasse, kann aber auch in einer Teekanne verwendet werden.","breadcrumb":{"@id":"https:\/\/dutchharvest.org\/de\/webshop\/teefilter-edelstahl\/#breadcrumb"},"inLanguage":"de","potentialAction":[{"@type":"ReadAction","target":["https:\/\/dutchharvest.org\/de\/webshop\/teefilter-edelstahl\/"]}]},{"@type":"ImageObject","inLanguage":"de","@id":"https:\/\/dutchharvest.org\/de\/webshop\/teefilter-edelstahl\/#primaryimage","url":"https:\/\/dutchharvest.org\/wp-content\/uploads\/2020\/11\/Theefilter-RVS-887.jpg","contentUrl":"https:\/\/dutchharvest.org\/wp-content\/uploads\/2020\/11\/Theefilter-RVS-887.jpg","width":887,"height":767},{"@type":"BreadcrumbList","@id":"https:\/\/dutchharvest.org\/de\/webshop\/teefilter-edelstahl\/#breadcrumb","itemListElement":[{"@type":"ListItem","position":1,"name":"Home","item":"https:\/\/dutchharvest.org\/de\/"},{"@type":"ListItem","position":2,"name":"Winkel","item":"https:\/\/dutchharvest.org\/nl\/winkel\/"},{"@type":"ListItem","position":3,"name":"TEEFILTER EDELSTAHL"}]},{"@type":"WebSite","@id":"https:\/\/dutchharvest.org\/de\/#website","url":"https:\/\/dutchharvest.org\/de\/","name":"Dutch Harvest","description":"Milde hennepthee van Nederlandse bodem","potentialAction":[{"@type":"SearchAction","target":{"@type":"EntryPoint","urlTemplate":"https:\/\/dutchharvest.org\/de\/?s={search_term_string}"},"query-input":{"@type":"PropertyValueSpecification","valueRequired":true,"valueName":"search_term_string"}}],"inLanguage":"de"}]}},"_links":{"self":[{"href":"https:\/\/dutchharvest.org\/de\/wp-json\/wp\/v2\/product\/6149","targetHints":{"allow":["GET"]}}],"collection":[{"href":"https:\/\/dutchharvest.org\/de\/wp-json\/wp\/v2\/product"}],"about":[{"href":"https:\/\/dutchharvest.org\/de\/wp-json\/wp\/v2\/types\/product"}],"replies":[{"embeddable":true,"href":"https:\/\/dutchharvest.org\/de\/wp-json\/wp\/v2\/comments?post=6149"}],"wp:featuredmedia":[{"embeddable":true,"href":"https:\/\/dutchharvest.org\/de\/wp-json\/wp\/v2\/media\/6041"}],"wp:attachment":[{"href":"https:\/\/dutchharvest.org\/de\/wp-json\/wp\/v2\/media?parent=6149"}],"wp:term":[{"taxonomy":"product_brand","embeddable":true,"href":"https:\/\/dutchharvest.org\/de\/wp-json\/wp\/v2\/product_brand?post=6149"},{"taxonomy":"product_cat","embeddable":true,"href":"https:\/\/dutchharvest.org\/de\/wp-json\/wp\/v2\/product_cat?post=6149"},{"taxonomy":"product_tag","embeddable":true,"href":"https:\/\/dutchharvest.org\/de\/wp-json\/wp\/v2\/product_tag?post=6149"}],"curies":[{"name":"wp","href":"https:\/\/api.w.org\/{rel}","templated":true}]}}