{"id":6150,"date":"2020-11-04T10:50:36","date_gmt":"2020-11-04T10:50:36","guid":{"rendered":"https:\/\/dutchharvest.org\/webshop\/teekanne-mit-filter-1-liter\/"},"modified":"2021-01-26T09:15:58","modified_gmt":"2021-01-26T09:15:58","slug":"teekanne-mit-filter-1-liter","status":"publish","type":"product","link":"https:\/\/dutchharvest.org\/de\/webshop\/teekanne-mit-filter-1-liter\/","title":{"rendered":"TEEKANNE MIT FILTER 1 LITER"},"content":{"rendered":"","protected":false},"excerpt":{"rendered":"<p>Glasteekanne mit Filter zur Zubereitung von losem Tee.<\/p>\n<p>Mit gro\u00dfem, herausnehmbarem Filter, in den Sie den losen Tee einf\u00fcllen k\u00f6nnen. Darin k\u00f6nnen sich die Bl\u00e4tter sch\u00f6n entfalten, so dass alle Aromen zur Geltung kommen. Und das Sch\u00f6ne daran ist: Mit dieser Teekanne haben Sie keinen Abfall! Keine Teebeutel, Schn\u00fcre, Klipps. Der Glasfilter kann entleert, gesp\u00fclt und unbegrenzt verwendet werden.<\/p>\n<p>Diese Teekanne enth\u00e4lt 1 Liter, ca. 6 Tassen Tee.<\/p>\n<p>Durch das Glas kann man besonders sch\u00f6n sehen, wie sich die Teebl\u00e4tter entfalten.<\/p>\n<ul>\n<li>Material: Glas<\/li>\n<li>Sp\u00fclmaschinenfest<\/li>\n<li>Inhalt: 1 Liter<\/li>\n<\/ul>\n","protected":false},"featured_media":6048,"comment_status":"closed","ping_status":"closed","template":"","meta":{"_links_to":"","_links_to_target":""},"product_brand":[],"product_cat":[42],"product_tag":[],"class_list":{"0":"post-6150","1":"product","2":"type-product","3":"status-publish","4":"has-post-thumbnail","6":"product_cat-zubehor","7":"description-off","9":"first","10":"instock","11":"sale","12":"taxable","13":"shipping-taxable","14":"purchasable","15":"product-type-simple"},"yoast_head":"<!-- This site is optimized with the Yoast SEO plugin v27.4 - https:\/\/yoast.com\/product\/yoast-seo-wordpress\/ -->\n<title>TEEKANNE MIT FILTER 1 LITER - Dutch Harvest<\/title>\n<meta name=\"description\" content=\"Glasteekanne mit Filter zur Zubereitung von losem Tee. Inklusive gro\u00dfem, herausnehmbarem Filter, in den Sie den losen Tee einf\u00fcllen k\u00f6nnen.\" \/>\n<meta name=\"robots\" content=\"index, follow, max-snippet:-1, max-image-preview:large, max-video-preview:-1\" \/>\n<link rel=\"canonical\" href=\"https:\/\/dutchharvest.org\/de\/webshop\/teekanne-mit-filter-1-liter\/\" \/>\n<meta property=\"og:locale\" content=\"de_DE\" \/>\n<meta property=\"og:type\" content=\"article\" \/>\n<meta property=\"og:title\" content=\"TEEKANNE MIT FILTER 1 LITER - Dutch Harvest\" \/>\n<meta property=\"og:description\" content=\"Glasteekanne mit Filter zur Zubereitung von losem Tee. Inklusive gro\u00dfem, herausnehmbarem Filter, in den Sie den losen Tee einf\u00fcllen k\u00f6nnen.\" \/>\n<meta property=\"og:url\" content=\"https:\/\/dutchharvest.org\/de\/webshop\/teekanne-mit-filter-1-liter\/\" \/>\n<meta property=\"og:site_name\" content=\"Dutch Harvest\" \/>\n<meta property=\"article:publisher\" content=\"https:\/\/www.facebook.com\/DutchHarvestHennepThee\/\" \/>\n<meta property=\"article:modified_time\" content=\"2021-01-26T09:15:58+00:00\" \/>\n<meta property=\"og:image\" content=\"https:\/\/dutchharvest.org\/wp-content\/uploads\/2020\/11\/Theepot-glas-1liter-aa.jpg\" \/>\n\t<meta property=\"og:image:width\" content=\"491\" \/>\n\t<meta property=\"og:image:height\" content=\"425\" \/>\n\t<meta property=\"og:image:type\" content=\"image\/jpeg\" \/>\n<meta name=\"twitter:card\" content=\"summary_large_image\" \/>\n<script type=\"application\/ld+json\" class=\"yoast-schema-graph\">{\"@context\":\"https:\\\/\\\/schema.org\",\"@graph\":[{\"@type\":\"WebPage\",\"@id\":\"https:\\\/\\\/dutchharvest.org\\\/de\\\/webshop\\\/teekanne-mit-filter-1-liter\\\/\",\"url\":\"https:\\\/\\\/dutchharvest.org\\\/de\\\/webshop\\\/teekanne-mit-filter-1-liter\\\/\",\"name\":\"TEEKANNE MIT FILTER 1 LITER - Dutch Harvest\",\"isPartOf\":{\"@id\":\"https:\\\/\\\/dutchharvest.org\\\/de\\\/#website\"},\"primaryImageOfPage\":{\"@id\":\"https:\\\/\\\/dutchharvest.org\\\/de\\\/webshop\\\/teekanne-mit-filter-1-liter\\\/#primaryimage\"},\"image\":{\"@id\":\"https:\\\/\\\/dutchharvest.org\\\/de\\\/webshop\\\/teekanne-mit-filter-1-liter\\\/#primaryimage\"},\"thumbnailUrl\":\"https:\\\/\\\/dutchharvest.org\\\/wp-content\\\/uploads\\\/2020\\\/11\\\/Theepot-glas-1liter-aa.jpg\",\"datePublished\":\"2020-11-04T10:50:36+00:00\",\"dateModified\":\"2021-01-26T09:15:58+00:00\",\"description\":\"Glasteekanne mit Filter zur Zubereitung von losem Tee. Inklusive gro\u00dfem, herausnehmbarem Filter, in den Sie den losen Tee einf\u00fcllen k\u00f6nnen.\",\"breadcrumb\":{\"@id\":\"https:\\\/\\\/dutchharvest.org\\\/de\\\/webshop\\\/teekanne-mit-filter-1-liter\\\/#breadcrumb\"},\"inLanguage\":\"de\",\"potentialAction\":[{\"@type\":\"ReadAction\",\"target\":[\"https:\\\/\\\/dutchharvest.org\\\/de\\\/webshop\\\/teekanne-mit-filter-1-liter\\\/\"]}]},{\"@type\":\"ImageObject\",\"inLanguage\":\"de\",\"@id\":\"https:\\\/\\\/dutchharvest.org\\\/de\\\/webshop\\\/teekanne-mit-filter-1-liter\\\/#primaryimage\",\"url\":\"https:\\\/\\\/dutchharvest.org\\\/wp-content\\\/uploads\\\/2020\\\/11\\\/Theepot-glas-1liter-aa.jpg\",\"contentUrl\":\"https:\\\/\\\/dutchharvest.org\\\/wp-content\\\/uploads\\\/2020\\\/11\\\/Theepot-glas-1liter-aa.jpg\",\"width\":491,\"height\":425},{\"@type\":\"BreadcrumbList\",\"@id\":\"https:\\\/\\\/dutchharvest.org\\\/de\\\/webshop\\\/teekanne-mit-filter-1-liter\\\/#breadcrumb\",\"itemListElement\":[{\"@type\":\"ListItem\",\"position\":1,\"name\":\"Home\",\"item\":\"https:\\\/\\\/dutchharvest.org\\\/de\\\/\"},{\"@type\":\"ListItem\",\"position\":2,\"name\":\"Winkel\",\"item\":\"https:\\\/\\\/dutchharvest.org\\\/nl\\\/winkel\\\/\"},{\"@type\":\"ListItem\",\"position\":3,\"name\":\"TEEKANNE MIT FILTER 1 LITER\"}]},{\"@type\":\"WebSite\",\"@id\":\"https:\\\/\\\/dutchharvest.org\\\/de\\\/#website\",\"url\":\"https:\\\/\\\/dutchharvest.org\\\/de\\\/\",\"name\":\"Dutch Harvest\",\"description\":\"Milde hennepthee van Nederlandse bodem\",\"potentialAction\":[{\"@type\":\"SearchAction\",\"target\":{\"@type\":\"EntryPoint\",\"urlTemplate\":\"https:\\\/\\\/dutchharvest.org\\\/de\\\/?s={search_term_string}\"},\"query-input\":{\"@type\":\"PropertyValueSpecification\",\"valueRequired\":true,\"valueName\":\"search_term_string\"}}],\"inLanguage\":\"de\"}]}<\/script>\n<!-- \/ Yoast SEO plugin. -->","yoast_head_json":{"title":"TEEKANNE MIT FILTER 1 LITER - Dutch Harvest","description":"Glasteekanne mit Filter zur Zubereitung von losem Tee. Inklusive gro\u00dfem, herausnehmbarem Filter, in den Sie den losen Tee einf\u00fcllen k\u00f6nnen.","robots":{"index":"index","follow":"follow","max-snippet":"max-snippet:-1","max-image-preview":"max-image-preview:large","max-video-preview":"max-video-preview:-1"},"canonical":"https:\/\/dutchharvest.org\/de\/webshop\/teekanne-mit-filter-1-liter\/","og_locale":"de_DE","og_type":"article","og_title":"TEEKANNE MIT FILTER 1 LITER - Dutch Harvest","og_description":"Glasteekanne mit Filter zur Zubereitung von losem Tee. Inklusive gro\u00dfem, herausnehmbarem Filter, in den Sie den losen Tee einf\u00fcllen k\u00f6nnen.","og_url":"https:\/\/dutchharvest.org\/de\/webshop\/teekanne-mit-filter-1-liter\/","og_site_name":"Dutch Harvest","article_publisher":"https:\/\/www.facebook.com\/DutchHarvestHennepThee\/","article_modified_time":"2021-01-26T09:15:58+00:00","og_image":[{"width":491,"height":425,"url":"https:\/\/dutchharvest.org\/wp-content\/uploads\/2020\/11\/Theepot-glas-1liter-aa.jpg","type":"image\/jpeg"}],"twitter_card":"summary_large_image","schema":{"@context":"https:\/\/schema.org","@graph":[{"@type":"WebPage","@id":"https:\/\/dutchharvest.org\/de\/webshop\/teekanne-mit-filter-1-liter\/","url":"https:\/\/dutchharvest.org\/de\/webshop\/teekanne-mit-filter-1-liter\/","name":"TEEKANNE MIT FILTER 1 LITER - Dutch Harvest","isPartOf":{"@id":"https:\/\/dutchharvest.org\/de\/#website"},"primaryImageOfPage":{"@id":"https:\/\/dutchharvest.org\/de\/webshop\/teekanne-mit-filter-1-liter\/#primaryimage"},"image":{"@id":"https:\/\/dutchharvest.org\/de\/webshop\/teekanne-mit-filter-1-liter\/#primaryimage"},"thumbnailUrl":"https:\/\/dutchharvest.org\/wp-content\/uploads\/2020\/11\/Theepot-glas-1liter-aa.jpg","datePublished":"2020-11-04T10:50:36+00:00","dateModified":"2021-01-26T09:15:58+00:00","description":"Glasteekanne mit Filter zur Zubereitung von losem Tee. Inklusive gro\u00dfem, herausnehmbarem Filter, in den Sie den losen Tee einf\u00fcllen k\u00f6nnen.","breadcrumb":{"@id":"https:\/\/dutchharvest.org\/de\/webshop\/teekanne-mit-filter-1-liter\/#breadcrumb"},"inLanguage":"de","potentialAction":[{"@type":"ReadAction","target":["https:\/\/dutchharvest.org\/de\/webshop\/teekanne-mit-filter-1-liter\/"]}]},{"@type":"ImageObject","inLanguage":"de","@id":"https:\/\/dutchharvest.org\/de\/webshop\/teekanne-mit-filter-1-liter\/#primaryimage","url":"https:\/\/dutchharvest.org\/wp-content\/uploads\/2020\/11\/Theepot-glas-1liter-aa.jpg","contentUrl":"https:\/\/dutchharvest.org\/wp-content\/uploads\/2020\/11\/Theepot-glas-1liter-aa.jpg","width":491,"height":425},{"@type":"BreadcrumbList","@id":"https:\/\/dutchharvest.org\/de\/webshop\/teekanne-mit-filter-1-liter\/#breadcrumb","itemListElement":[{"@type":"ListItem","position":1,"name":"Home","item":"https:\/\/dutchharvest.org\/de\/"},{"@type":"ListItem","position":2,"name":"Winkel","item":"https:\/\/dutchharvest.org\/nl\/winkel\/"},{"@type":"ListItem","position":3,"name":"TEEKANNE MIT FILTER 1 LITER"}]},{"@type":"WebSite","@id":"https:\/\/dutchharvest.org\/de\/#website","url":"https:\/\/dutchharvest.org\/de\/","name":"Dutch Harvest","description":"Milde hennepthee van Nederlandse bodem","potentialAction":[{"@type":"SearchAction","target":{"@type":"EntryPoint","urlTemplate":"https:\/\/dutchharvest.org\/de\/?s={search_term_string}"},"query-input":{"@type":"PropertyValueSpecification","valueRequired":true,"valueName":"search_term_string"}}],"inLanguage":"de"}]}},"_links":{"self":[{"href":"https:\/\/dutchharvest.org\/de\/wp-json\/wp\/v2\/product\/6150","targetHints":{"allow":["GET"]}}],"collection":[{"href":"https:\/\/dutchharvest.org\/de\/wp-json\/wp\/v2\/product"}],"about":[{"href":"https:\/\/dutchharvest.org\/de\/wp-json\/wp\/v2\/types\/product"}],"replies":[{"embeddable":true,"href":"https:\/\/dutchharvest.org\/de\/wp-json\/wp\/v2\/comments?post=6150"}],"wp:featuredmedia":[{"embeddable":true,"href":"https:\/\/dutchharvest.org\/de\/wp-json\/wp\/v2\/media\/6048"}],"wp:attachment":[{"href":"https:\/\/dutchharvest.org\/de\/wp-json\/wp\/v2\/media?parent=6150"}],"wp:term":[{"taxonomy":"product_brand","embeddable":true,"href":"https:\/\/dutchharvest.org\/de\/wp-json\/wp\/v2\/product_brand?post=6150"},{"taxonomy":"product_cat","embeddable":true,"href":"https:\/\/dutchharvest.org\/de\/wp-json\/wp\/v2\/product_cat?post=6150"},{"taxonomy":"product_tag","embeddable":true,"href":"https:\/\/dutchharvest.org\/de\/wp-json\/wp\/v2\/product_tag?post=6150"}],"curies":[{"name":"wp","href":"https:\/\/api.w.org\/{rel}","templated":true}]}}