{"id":6687,"date":"2021-08-07T12:47:14","date_gmt":"2021-08-07T12:47:15","guid":{"rendered":"https:\/\/dutchharvest.org\/?post_type=product&#038;p=6687"},"modified":"2023-07-27T18:27:53","modified_gmt":"2023-07-27T18:27:53","slug":"sleepy-hemp-tea","status":"publish","type":"product","link":"https:\/\/dutchharvest.org\/de\/webshop\/sleepy-hemp-tea\/","title":{"rendered":"SLEEPY HEMP TEA BIO"},"content":{"rendered":"","protected":false},"excerpt":{"rendered":"<div class=\"wpb_text_column wpb_content_element tekst-onder-afbeelding\">\n<div class=\"wpb_wrapper\">\n<div class=\"page\" title=\"Page 4\">\n<div class=\"section\">\n<div class=\"layoutArea\">\n<div class=\"column\">\n<h5>Ein harmonischer Abendtee f\u00fcr n\u00e4chtliche Ruhe<\/h5>\n<\/div>\n<\/div>\n<\/div>\n<\/div>\n<\/div>\n<\/div>\n<div class=\"wpb_text_column wpb_content_element tekst-onder-afbeelding\">\n<div class=\"wpb_wrapper\">\n<div class=\"page\" title=\"Page 4\">\n<div class=\"section\">\n<div class=\"layoutArea\">\n<div class=\"column\">\n<p>Unser Hanf bekommt Gesellschaft von seinem traumhaften Bruder, dem Hopfen! Beruhigender Baldrian und duftender Lavendel begleiten dich in einen nat\u00fcrlichen Schlaf. Abgerundet mit s\u00fc\u00dfem Anis und w\u00e4rmender Kamille haben wir eine entspannende Melange gezaubert die dich sanft ins Reich der Tr\u00e4ume wiegt.<\/p>\n<\/div>\n<\/div>\n<\/div>\n<\/div>\n<\/div>\n<\/div>\n<div class=\"wpb_text_column wpb_content_element \">\n<div class=\"wpb_wrapper\">\n<div class=\"page\" title=\"Page 4\">\n<div class=\"section\">\n<div class=\"layoutArea\">\n<div class=\"column\">\n<p><strong>Zutaten: <\/strong><\/p>\n<p>Hanfbl\u00e4tter und -bl\u00fcten (53%), Anissamen (19%), Kamille, Hopfen, Malve, Baldrian (4%), Lavendel. 100% biozertifizierte Zutaten.<\/p>\n<p><strong>Zubereitung:<\/strong><\/p>\n<div>\n<ul>\n<li>Verwenden Sie 2 Essl\u00f6ffel Hanf pro Liter Wasser oder 1 Teel\u00f6ffel f\u00fcr 1 Tasse Tee.<\/li>\n<li>Kochendes Wasser aufgie\u00dfen<\/li>\n<li>5 bis 7 Minuten ziehen lassen.<\/li>\n<\/ul>\n<p>40 Gramm, fu\u0308r 40 Tassen Tee<\/p>\n<\/div>\n<\/div>\n<\/div>\n<\/div>\n<\/div>\n<\/div>\n<\/div>\n","protected":false},"featured_media":7546,"comment_status":"closed","ping_status":"closed","template":"","meta":{"_links_to":"","_links_to_target":""},"product_brand":[],"product_cat":[44],"product_tag":[],"class_list":{"0":"post-6687","1":"product","2":"type-product","3":"status-publish","4":"has-post-thumbnail","6":"product_cat-tee","7":"description-off","9":"first","10":"instock","11":"taxable","12":"shipping-taxable","13":"purchasable","14":"product-type-simple"},"yoast_head":"<!-- This site is optimized with the Yoast SEO plugin v27.4 - https:\/\/yoast.com\/product\/yoast-seo-wordpress\/ -->\n<title>SLEEPY HEMP TEA BIO - Dutch Harvest<\/title>\n<meta name=\"description\" content=\"Harmonischer Abendtee f\u00fcr n\u00e4chtliche Ruhe. Unser Hanf mit beruhigender Baldrian begleiten dich in einen nat\u00fcrlichen Schlaf.\" \/>\n<meta name=\"robots\" content=\"index, follow, max-snippet:-1, max-image-preview:large, max-video-preview:-1\" \/>\n<link rel=\"canonical\" href=\"https:\/\/dutchharvest.org\/de\/webshop\/sleepy-hemp-tea\/\" \/>\n<meta property=\"og:locale\" content=\"de_DE\" \/>\n<meta property=\"og:type\" content=\"article\" \/>\n<meta property=\"og:title\" content=\"SLEEPY HEMP TEA BIO - Dutch Harvest\" \/>\n<meta property=\"og:description\" content=\"Harmonischer Abendtee f\u00fcr n\u00e4chtliche Ruhe. Unser Hanf mit beruhigender Baldrian begleiten dich in einen nat\u00fcrlichen Schlaf.\" \/>\n<meta property=\"og:url\" content=\"https:\/\/dutchharvest.org\/de\/webshop\/sleepy-hemp-tea\/\" \/>\n<meta property=\"og:site_name\" content=\"Dutch Harvest\" \/>\n<meta property=\"article:publisher\" content=\"https:\/\/www.facebook.com\/DutchHarvestHennepThee\/\" \/>\n<meta property=\"article:modified_time\" content=\"2023-07-27T18:27:53+00:00\" \/>\n<meta property=\"og:image\" content=\"https:\/\/dutchharvest.org\/wp-content\/uploads\/2022\/03\/Dutch-Harvest_SleepyHemp_tea.png\" \/>\n\t<meta property=\"og:image:width\" content=\"600\" \/>\n\t<meta property=\"og:image:height\" content=\"600\" \/>\n\t<meta property=\"og:image:type\" content=\"image\/png\" \/>\n<meta name=\"twitter:card\" content=\"summary_large_image\" \/>\n<script type=\"application\/ld+json\" class=\"yoast-schema-graph\">{\"@context\":\"https:\\\/\\\/schema.org\",\"@graph\":[{\"@type\":\"WebPage\",\"@id\":\"https:\\\/\\\/dutchharvest.org\\\/de\\\/webshop\\\/sleepy-hemp-tea\\\/\",\"url\":\"https:\\\/\\\/dutchharvest.org\\\/de\\\/webshop\\\/sleepy-hemp-tea\\\/\",\"name\":\"SLEEPY HEMP TEA BIO - Dutch Harvest\",\"isPartOf\":{\"@id\":\"https:\\\/\\\/dutchharvest.org\\\/de\\\/#website\"},\"primaryImageOfPage\":{\"@id\":\"https:\\\/\\\/dutchharvest.org\\\/de\\\/webshop\\\/sleepy-hemp-tea\\\/#primaryimage\"},\"image\":{\"@id\":\"https:\\\/\\\/dutchharvest.org\\\/de\\\/webshop\\\/sleepy-hemp-tea\\\/#primaryimage\"},\"thumbnailUrl\":\"https:\\\/\\\/dutchharvest.org\\\/wp-content\\\/uploads\\\/2022\\\/03\\\/Dutch-Harvest_SleepyHemp_tea.png\",\"datePublished\":\"2021-08-07T12:47:15+00:00\",\"dateModified\":\"2023-07-27T18:27:53+00:00\",\"description\":\"Harmonischer Abendtee f\u00fcr n\u00e4chtliche Ruhe. Unser Hanf mit beruhigender Baldrian begleiten dich in einen nat\u00fcrlichen Schlaf.\",\"breadcrumb\":{\"@id\":\"https:\\\/\\\/dutchharvest.org\\\/de\\\/webshop\\\/sleepy-hemp-tea\\\/#breadcrumb\"},\"inLanguage\":\"de\",\"potentialAction\":[{\"@type\":\"ReadAction\",\"target\":[\"https:\\\/\\\/dutchharvest.org\\\/de\\\/webshop\\\/sleepy-hemp-tea\\\/\"]}]},{\"@type\":\"ImageObject\",\"inLanguage\":\"de\",\"@id\":\"https:\\\/\\\/dutchharvest.org\\\/de\\\/webshop\\\/sleepy-hemp-tea\\\/#primaryimage\",\"url\":\"https:\\\/\\\/dutchharvest.org\\\/wp-content\\\/uploads\\\/2022\\\/03\\\/Dutch-Harvest_SleepyHemp_tea.png\",\"contentUrl\":\"https:\\\/\\\/dutchharvest.org\\\/wp-content\\\/uploads\\\/2022\\\/03\\\/Dutch-Harvest_SleepyHemp_tea.png\",\"width\":600,\"height\":600,\"caption\":\"Dutch-Harvest_SleepyHemp_tea_hennepthee\"},{\"@type\":\"BreadcrumbList\",\"@id\":\"https:\\\/\\\/dutchharvest.org\\\/de\\\/webshop\\\/sleepy-hemp-tea\\\/#breadcrumb\",\"itemListElement\":[{\"@type\":\"ListItem\",\"position\":1,\"name\":\"Home\",\"item\":\"https:\\\/\\\/dutchharvest.org\\\/de\\\/\"},{\"@type\":\"ListItem\",\"position\":2,\"name\":\"Winkel\",\"item\":\"https:\\\/\\\/dutchharvest.org\\\/nl\\\/winkel\\\/\"},{\"@type\":\"ListItem\",\"position\":3,\"name\":\"SLEEPY HEMP TEA BIO\"}]},{\"@type\":\"WebSite\",\"@id\":\"https:\\\/\\\/dutchharvest.org\\\/de\\\/#website\",\"url\":\"https:\\\/\\\/dutchharvest.org\\\/de\\\/\",\"name\":\"Dutch Harvest\",\"description\":\"Milde hennepthee van Nederlandse bodem\",\"potentialAction\":[{\"@type\":\"SearchAction\",\"target\":{\"@type\":\"EntryPoint\",\"urlTemplate\":\"https:\\\/\\\/dutchharvest.org\\\/de\\\/?s={search_term_string}\"},\"query-input\":{\"@type\":\"PropertyValueSpecification\",\"valueRequired\":true,\"valueName\":\"search_term_string\"}}],\"inLanguage\":\"de\"}]}<\/script>\n<!-- \/ Yoast SEO plugin. -->","yoast_head_json":{"title":"SLEEPY HEMP TEA BIO - Dutch Harvest","description":"Harmonischer Abendtee f\u00fcr n\u00e4chtliche Ruhe. Unser Hanf mit beruhigender Baldrian begleiten dich in einen nat\u00fcrlichen Schlaf.","robots":{"index":"index","follow":"follow","max-snippet":"max-snippet:-1","max-image-preview":"max-image-preview:large","max-video-preview":"max-video-preview:-1"},"canonical":"https:\/\/dutchharvest.org\/de\/webshop\/sleepy-hemp-tea\/","og_locale":"de_DE","og_type":"article","og_title":"SLEEPY HEMP TEA BIO - Dutch Harvest","og_description":"Harmonischer Abendtee f\u00fcr n\u00e4chtliche Ruhe. Unser Hanf mit beruhigender Baldrian begleiten dich in einen nat\u00fcrlichen Schlaf.","og_url":"https:\/\/dutchharvest.org\/de\/webshop\/sleepy-hemp-tea\/","og_site_name":"Dutch Harvest","article_publisher":"https:\/\/www.facebook.com\/DutchHarvestHennepThee\/","article_modified_time":"2023-07-27T18:27:53+00:00","og_image":[{"width":600,"height":600,"url":"https:\/\/dutchharvest.org\/wp-content\/uploads\/2022\/03\/Dutch-Harvest_SleepyHemp_tea.png","type":"image\/png"}],"twitter_card":"summary_large_image","schema":{"@context":"https:\/\/schema.org","@graph":[{"@type":"WebPage","@id":"https:\/\/dutchharvest.org\/de\/webshop\/sleepy-hemp-tea\/","url":"https:\/\/dutchharvest.org\/de\/webshop\/sleepy-hemp-tea\/","name":"SLEEPY HEMP TEA BIO - Dutch Harvest","isPartOf":{"@id":"https:\/\/dutchharvest.org\/de\/#website"},"primaryImageOfPage":{"@id":"https:\/\/dutchharvest.org\/de\/webshop\/sleepy-hemp-tea\/#primaryimage"},"image":{"@id":"https:\/\/dutchharvest.org\/de\/webshop\/sleepy-hemp-tea\/#primaryimage"},"thumbnailUrl":"https:\/\/dutchharvest.org\/wp-content\/uploads\/2022\/03\/Dutch-Harvest_SleepyHemp_tea.png","datePublished":"2021-08-07T12:47:15+00:00","dateModified":"2023-07-27T18:27:53+00:00","description":"Harmonischer Abendtee f\u00fcr n\u00e4chtliche Ruhe. Unser Hanf mit beruhigender Baldrian begleiten dich in einen nat\u00fcrlichen Schlaf.","breadcrumb":{"@id":"https:\/\/dutchharvest.org\/de\/webshop\/sleepy-hemp-tea\/#breadcrumb"},"inLanguage":"de","potentialAction":[{"@type":"ReadAction","target":["https:\/\/dutchharvest.org\/de\/webshop\/sleepy-hemp-tea\/"]}]},{"@type":"ImageObject","inLanguage":"de","@id":"https:\/\/dutchharvest.org\/de\/webshop\/sleepy-hemp-tea\/#primaryimage","url":"https:\/\/dutchharvest.org\/wp-content\/uploads\/2022\/03\/Dutch-Harvest_SleepyHemp_tea.png","contentUrl":"https:\/\/dutchharvest.org\/wp-content\/uploads\/2022\/03\/Dutch-Harvest_SleepyHemp_tea.png","width":600,"height":600,"caption":"Dutch-Harvest_SleepyHemp_tea_hennepthee"},{"@type":"BreadcrumbList","@id":"https:\/\/dutchharvest.org\/de\/webshop\/sleepy-hemp-tea\/#breadcrumb","itemListElement":[{"@type":"ListItem","position":1,"name":"Home","item":"https:\/\/dutchharvest.org\/de\/"},{"@type":"ListItem","position":2,"name":"Winkel","item":"https:\/\/dutchharvest.org\/nl\/winkel\/"},{"@type":"ListItem","position":3,"name":"SLEEPY HEMP TEA BIO"}]},{"@type":"WebSite","@id":"https:\/\/dutchharvest.org\/de\/#website","url":"https:\/\/dutchharvest.org\/de\/","name":"Dutch Harvest","description":"Milde hennepthee van Nederlandse bodem","potentialAction":[{"@type":"SearchAction","target":{"@type":"EntryPoint","urlTemplate":"https:\/\/dutchharvest.org\/de\/?s={search_term_string}"},"query-input":{"@type":"PropertyValueSpecification","valueRequired":true,"valueName":"search_term_string"}}],"inLanguage":"de"}]}},"_links":{"self":[{"href":"https:\/\/dutchharvest.org\/de\/wp-json\/wp\/v2\/product\/6687","targetHints":{"allow":["GET"]}}],"collection":[{"href":"https:\/\/dutchharvest.org\/de\/wp-json\/wp\/v2\/product"}],"about":[{"href":"https:\/\/dutchharvest.org\/de\/wp-json\/wp\/v2\/types\/product"}],"replies":[{"embeddable":true,"href":"https:\/\/dutchharvest.org\/de\/wp-json\/wp\/v2\/comments?post=6687"}],"wp:featuredmedia":[{"embeddable":true,"href":"https:\/\/dutchharvest.org\/de\/wp-json\/wp\/v2\/media\/7546"}],"wp:attachment":[{"href":"https:\/\/dutchharvest.org\/de\/wp-json\/wp\/v2\/media?parent=6687"}],"wp:term":[{"taxonomy":"product_brand","embeddable":true,"href":"https:\/\/dutchharvest.org\/de\/wp-json\/wp\/v2\/product_brand?post=6687"},{"taxonomy":"product_cat","embeddable":true,"href":"https:\/\/dutchharvest.org\/de\/wp-json\/wp\/v2\/product_cat?post=6687"},{"taxonomy":"product_tag","embeddable":true,"href":"https:\/\/dutchharvest.org\/de\/wp-json\/wp\/v2\/product_tag?post=6687"}],"curies":[{"name":"wp","href":"https:\/\/api.w.org\/{rel}","templated":true}]}}