{"id":57,"date":"2019-07-15T07:39:25","date_gmt":"2019-07-15T07:39:25","guid":{"rendered":"https:\/\/get-responsive.com\/dutchharvest-nieuw\/?page_id=57"},"modified":"2020-03-08T14:33:00","modified_gmt":"2020-03-08T14:33:00","slug":"duurzame-verpakking","status":"publish","type":"page","link":"https:\/\/dutchharvest.org\/nl\/hennepthee\/duurzame-verpakking\/","title":{"rendered":"Duurzame verpakking"},"content":{"rendered":"<div class=\"wpb-content-wrapper\"><p>[vc_row css=&#8221;.vc_custom_1568662242933{margin-top: 50px !important;}&#8221;][vc_column][vc_column_text]<\/p>\n<h4>Een van de lastigste vraagstukken bij de opzet van Dutch Harvest: hoe kunnen we een \u00e9cht duurzame verpakking maken? En, tegelijk zorgen dat deze een goede barri\u00e8re heeft tegen lucht en licht, zodat de thee lang houdbaar blijft? Flink hebben we gezocht, meestal was het het \u00e9\u00e9n of het ander. En toen kwamen twee materialen tegen die we hiervoor konden combineren. .<\/h4>\n<p>[\/vc_column_text][\/vc_column][\/vc_row][vc_row gap=&#8221;35&#8243;][vc_column width=&#8221;1\/3&#8243;][vc_column_text]<\/p>\n<h2>Papier van landbouwafval<\/h2>\n<p>[\/vc_column_text][vc_single_image image=&#8221;5130&#8243; img_size=&#8221;full&#8221; css=&#8221;.vc_custom_1570629738926{margin-top: -25px !important;}&#8221;][vc_column_text el_class=&#8221;.tekst-onder-afbeelding&#8221;]Vanuit het motto \u201cde natuur kent geen afval\u201d maakt <a href=\"http:\/\/www.paperwise.eu\/\" target=\"_blank\" rel=\"noopener noreferrer\">PaperWise<\/a> papier van landbouwafval. Denk dan bijvoorbeeld aan de resten die overblijven bij de suikerriet productie. Op deze manier komen van dezelfde landbouwgrond en zelfs van hetzelfde gewas twee producten: voedsel \u00e9n grondstof voor papier. Daarmee heeft het papier zelfs nog een aanzienlijk lagere eco-footprint dan FSC papier of gerecycled papier. En zo kunnen we de bomen gewoon laten staan. Uitstekend materiaal dus voor een duurzame verpakking.[\/vc_column_text][\/vc_column][vc_column width=&#8221;1\/3&#8243;][vc_column_text]<\/p>\n<h2>Bioplastic op cellulosebasis<\/h2>\n<p>[\/vc_column_text][vc_single_image image=&#8221;5133&#8243; img_size=&#8221;full&#8221; css=&#8221;.vc_custom_1570629778783{margin-top: -25px !important;}&#8221;][vc_column_text el_class=&#8221;.tekst-onder-afbeelding&#8221;]Toch moest er ook een plastic laag in de verpakking om de thee goed houdbaar te houden \u00e9n een kijkvenstertje te maken. Maar voor een duurzame verpakking gebruikten we natuurlijk liever geen plastic op basis van aardolie. We vonden een &#8216;bioplastic&#8217;, op basis van cellulose, die composteerbaar is. En we vonden een drukker bereid om speciaal voor ons deze materialen tot een duurzame verpakking te combineren.[\/vc_column_text][\/vc_column][vc_column width=&#8221;1\/3&#8243;][vc_column_text]<\/p>\n<h2>Plasticvrij en composteerbaar<\/h2>\n<p>[\/vc_column_text][vc_single_image image=&#8221;5136&#8243; img_size=&#8221;full&#8221; css=&#8221;.vc_custom_1570629820759{margin-top: -25px !important;}&#8221;][vc_column_text el_class=&#8221;.tekst-onder-afbeelding&#8221;]Door deze combinatie van verpakkingsmaterialen is de verpakking composteerbaar volgens de norm 7P0466. Deze is te composteren in industri\u00eble composteerinstallaties, maar ook bij thuiscompost. De verpakking kan dus bij het GFT afval (let op: het hersluitbare clipje is van ijzer. Dit kan dus niet bij de compost! U kunt dit hergebruiken of scheiden met het oud ijzer). Door het gebruik van bioplastic kan het label &#8216;Plastic free&#8217; in de winkel bij het product geplaatst worden.[\/vc_column_text][\/vc_column][\/vc_row][vc_row gap=&#8221;35&#8243; content_placement=&#8221;middle&#8221;][vc_column width=&#8221;1\/4&#8243;][vc_single_image image=&#8221;5139&#8243; img_size=&#8221;full&#8221; alignment=&#8221;center&#8221;][\/vc_column][vc_column width=&#8221;3\/4&#8243;][vc_column_text]<\/p>\n<h2>And the winner is&#8230;<\/h2>\n<p>[\/vc_column_text][vc_column_text el_class=&#8221;.tekst-onder-afbeelding&#8221;]Deze verpakkingsinnovatie leverde ons de HOW design award op! Natuurlijk niet in de laatste plaats door het originele design van onze ontwerper Arjan van Woensel.[\/vc_column_text][\/vc_column][\/vc_row][vc_row][vc_column][vc_column_text]<\/p>\n<p>[\/vc_column_text][\/vc_column][\/vc_row][vc_row][vc_column][vc_empty_space height=&#8221;80px&#8221;][\/vc_column][\/vc_row][vc_row equal_height=&#8221;yes&#8221; rtl_reverse=&#8221;yes&#8221; content_placement=&#8221;top&#8221;][vc_column width=&#8221;1\/2&#8243;][vc_row_inner content_placement=&#8221;top&#8221;][vc_column_inner width=&#8221;1\/2&#8243; offset=&#8221;vc_hidden-sm vc_hidden-xs&#8221;][vc_single_image image=&#8221;5142&#8243; img_size=&#8221;200&#215;200&#8243; alignment=&#8221;right&#8221; style=&#8221;vc_box_circle&#8221; onclick=&#8221;custom_link&#8221; css=&#8221;.vc_custom_1571511367250{margin-top: -20px !important;}&#8221; link=&#8221;http:\/\/dutchharvest.org\/nl\/over-ons\/missie\/&#8221;][\/vc_column_inner][vc_column_inner width=&#8221;1\/2&#8243; offset=&#8221;vc_hidden-sm vc_hidden-xs&#8221;][vc_column_text]<\/p>\n<h5>Een thee met een missie<\/h5>\n<p>[\/vc_column_text][vc_column_text el_class=&#8221;.tekst-onder-afbeelding&#8221;]Een prachtig duurzaam gewas met vele toepassingen&#8230;[\/vc_column_text]<style type=\"text\/css\" data-type=\"the7_shortcodes-inline-css\">#default-btn-b266a3dd2c1cacc1c82b054cdd5d1245.ico-right-side > i {\n  margin-right: 0px;\n  margin-left: 8px;\n}\n#default-btn-b266a3dd2c1cacc1c82b054cdd5d1245 > i {\n  margin-right: 8px;\n}<\/style><a href=\"https:\/\/dutchharvest.org\/nl\/over-ons\/missie\/\" class=\"default-btn-shortcode dt-btn dt-btn-l link-hover-off btn-inline-left  vc_custom_1571733821762\" id=\"default-btn-b266a3dd2c1cacc1c82b054cdd5d1245\" title=\"Missie\"><span>Onze missie<\/span><\/a>[\/vc_column_inner][\/vc_row_inner][\/vc_column][vc_column width=&#8221;1\/2&#8243;][vc_row_inner][vc_column_inner width=&#8221;1\/2&#8243; offset=&#8221;vc_hidden-sm vc_hidden-xs&#8221;][vc_single_image image=&#8221;5059&#8243; img_size=&#8221;200&#215;200&#8243; alignment=&#8221;right&#8221; style=&#8221;vc_box_circle&#8221; onclick=&#8221;custom_link&#8221; css=&#8221;.vc_custom_1571511456480{margin-top: -20px !important;}&#8221; link=&#8221;http:\/\/dutchharvest.org\/nl\/voor-winkels\/&#8221;][\/vc_column_inner][vc_column_inner width=&#8221;1\/2&#8243; offset=&#8221;vc_hidden-sm vc_hidden-xs&#8221;][vc_column_text]<\/p>\n<h5>Hennepthee verkopen?<\/h5>\n<p>[\/vc_column_text][vc_column_text el_class=&#8221;.tekst-onder-afbeelding&#8221;]Wilt u hennepthee in uw winkel verkopen? Tof![\/vc_column_text]<style type=\"text\/css\" data-type=\"the7_shortcodes-inline-css\">#default-btn-8cb8260febcbdf1a09571fc6d34e3590.ico-right-side > i {\n  margin-right: 0px;\n  margin-left: 8px;\n}\n#default-btn-8cb8260febcbdf1a09571fc6d34e3590 > i {\n  margin-right: 8px;\n}<\/style><a href=\"https:\/\/dutchharvest.org\/nl\/voor-winkels\/\" class=\"default-btn-shortcode dt-btn dt-btn-l link-hover-off btn-inline-left  vc_custom_1571733844525\" id=\"default-btn-8cb8260febcbdf1a09571fc6d34e3590\" title=\"Voor winkels\"><span>Info voor winkels<\/span><\/a>[\/vc_column_inner][\/vc_row_inner][\/vc_column][\/vc_row][vc_row equal_height=&#8221;yes&#8221; rtl_reverse=&#8221;yes&#8221; content_placement=&#8221;top&#8221;][vc_column width=&#8221;1\/2&#8243;][vc_row_inner content_placement=&#8221;top&#8221;][vc_column_inner width=&#8221;1\/2&#8243; offset=&#8221;vc_hidden-lg vc_hidden-md&#8221;][vc_single_image image=&#8221;5142&#8243; img_size=&#8221;200&#215;200&#8243; alignment=&#8221;center&#8221; style=&#8221;vc_box_circle&#8221; onclick=&#8221;custom_link&#8221; css=&#8221;.vc_custom_1571511379371{margin-top: -20px !important;}&#8221; link=&#8221;http:\/\/dutchharvest.org\/nl\/over-ons\/missie\/&#8221;][\/vc_column_inner][vc_column_inner width=&#8221;1\/2&#8243; offset=&#8221;vc_hidden-lg vc_hidden-md&#8221;][vc_column_text]<\/p>\n<h5>Een thee met een missie<\/h5>\n<p>[\/vc_column_text][vc_column_text el_class=&#8221;.tekst-onder-afbeelding&#8221;]Een prachtig duurzaam gewas met vele toepassingen[\/vc_column_text]<style type=\"text\/css\" data-type=\"the7_shortcodes-inline-css\">#default-btn-91c3ad3a322959bbfcd898161fc26502.ico-right-side > i {\n  margin-right: 0px;\n  margin-left: 8px;\n}\n#default-btn-91c3ad3a322959bbfcd898161fc26502 > i {\n  margin-right: 8px;\n}<\/style><div class=\"btn-align-center\"><a href=\"https:\/\/dutchharvest.org\/nl\/over-ons\/missie\/\" class=\"default-btn-shortcode dt-btn dt-btn-l link-hover-off  vc_custom_1572163379582\" id=\"default-btn-91c3ad3a322959bbfcd898161fc26502\" title=\"Missie\"><span>Onze missie<\/span><\/a><\/div>[vc_empty_space height=&#8221;40px&#8221;][\/vc_column_inner][\/vc_row_inner][\/vc_column][vc_column width=&#8221;1\/2&#8243;][vc_row_inner][vc_column_inner width=&#8221;1\/2&#8243; offset=&#8221;vc_hidden-lg vc_hidden-md&#8221;][vc_single_image image=&#8221;5059&#8243; img_size=&#8221;200&#215;200&#8243; alignment=&#8221;center&#8221; style=&#8221;vc_box_circle&#8221; onclick=&#8221;custom_link&#8221; css=&#8221;.vc_custom_1571511434396{margin-top: -20px !important;}&#8221; link=&#8221;http:\/\/dutchharvest.org\/nl\/voor-winkels\/&#8221;][\/vc_column_inner][vc_column_inner width=&#8221;1\/2&#8243; offset=&#8221;vc_hidden-lg vc_hidden-md&#8221;][vc_column_text]<\/p>\n<h5>Hennepthee verkopen?<\/h5>\n<p>[\/vc_column_text][vc_column_text el_class=&#8221;.tekst-onder-afbeelding&#8221;]Wilt u hennepthee in uw winkel verkopen? Tof![\/vc_column_text]<style type=\"text\/css\" data-type=\"the7_shortcodes-inline-css\">#default-btn-d5a535d72ebf274ab7f321d3c76b1318.ico-right-side > i {\n  margin-right: 0px;\n  margin-left: 8px;\n}\n#default-btn-d5a535d72ebf274ab7f321d3c76b1318 > i {\n  margin-right: 8px;\n}<\/style><div class=\"btn-align-center\"><a href=\"https:\/\/dutchharvest.org\/nl\/voor-winkels\/\" class=\"default-btn-shortcode dt-btn dt-btn-l link-hover-off  vc_custom_1572163387578\" id=\"default-btn-d5a535d72ebf274ab7f321d3c76b1318\" title=\"Voor winkels\"><span>Info voor winkels<\/span><\/a><\/div>[vc_empty_space height=&#8221;40px&#8221;][\/vc_column_inner][\/vc_row_inner][\/vc_column][\/vc_row]<\/p>\n<\/div>","protected":false},"excerpt":{"rendered":"<p>[vc_row css=&#8221;.vc_custom_1568662242933{margin-top: 50px !important;}&#8221;][vc_column][vc_column_text] Een van de lastigste vraagstukken bij de opzet van Dutch Harvest: hoe kunnen we een \u00e9cht duurzame verpakking maken? En, tegelijk zorgen dat deze een goede barri\u00e8re heeft tegen lucht en licht, zodat de thee lang houdbaar blijft? Flink hebben we gezocht, meestal was het het \u00e9\u00e9n of het ander. En&hellip;<\/p>\n","protected":false},"author":1,"featured_media":0,"parent":4633,"menu_order":10,"comment_status":"closed","ping_status":"closed","template":"","meta":{"footnotes":"","_links_to":"","_links_to_target":""},"class_list":["post-57","page","type-page","status-publish","hentry","description-off"],"yoast_head":"<!-- This site is optimized with the Yoast SEO plugin v27.4 - https:\/\/yoast.com\/product\/yoast-seo-wordpress\/ -->\n<title>Duurzame verpakking - Dutch Harvest hennepthee<\/title>\n<meta name=\"description\" content=\"Dutch Harvest hennepthee is verpakt in een duurzame verpakking. We verpakken de hennepbladeren en -bloemen als losse thee, voor optimale smaakontwikkeling.\" \/>\n<meta name=\"robots\" content=\"index, follow, max-snippet:-1, max-image-preview:large, max-video-preview:-1\" \/>\n<link rel=\"canonical\" href=\"https:\/\/dutchharvest.org\/nl\/hennepthee\/duurzame-verpakking\/\" \/>\n<meta property=\"og:locale\" content=\"nl_NL\" \/>\n<meta property=\"og:type\" content=\"article\" \/>\n<meta property=\"og:title\" content=\"Duurzame verpakking - Dutch Harvest hennepthee\" \/>\n<meta property=\"og:description\" content=\"Dutch Harvest hennepthee is verpakt in een duurzame verpakking. We verpakken de hennepbladeren en -bloemen als losse thee, voor optimale smaakontwikkeling.\" \/>\n<meta property=\"og:url\" content=\"https:\/\/dutchharvest.org\/nl\/hennepthee\/duurzame-verpakking\/\" \/>\n<meta property=\"og:site_name\" content=\"Dutch Harvest\" \/>\n<meta property=\"article:publisher\" content=\"https:\/\/www.facebook.com\/DutchHarvestHennepThee\/\" \/>\n<meta property=\"article:modified_time\" content=\"2020-03-08T14:33:00+00:00\" \/>\n<meta name=\"twitter:card\" content=\"summary_large_image\" \/>\n<meta name=\"twitter:label1\" content=\"Geschatte leestijd\" \/>\n\t<meta name=\"twitter:data1\" content=\"5 minuten\" \/>\n<script type=\"application\/ld+json\" class=\"yoast-schema-graph\">{\"@context\":\"https:\\\/\\\/schema.org\",\"@graph\":[{\"@type\":\"WebPage\",\"@id\":\"https:\\\/\\\/dutchharvest.org\\\/nl\\\/hennepthee\\\/duurzame-verpakking\\\/\",\"url\":\"https:\\\/\\\/dutchharvest.org\\\/nl\\\/hennepthee\\\/duurzame-verpakking\\\/\",\"name\":\"Duurzame verpakking - Dutch Harvest hennepthee\",\"isPartOf\":{\"@id\":\"https:\\\/\\\/dutchharvest.org\\\/nl\\\/#website\"},\"datePublished\":\"2019-07-15T07:39:25+00:00\",\"dateModified\":\"2020-03-08T14:33:00+00:00\",\"description\":\"Dutch Harvest hennepthee is verpakt in een duurzame verpakking. We verpakken de hennepbladeren en -bloemen als losse thee, voor optimale smaakontwikkeling.\",\"breadcrumb\":{\"@id\":\"https:\\\/\\\/dutchharvest.org\\\/nl\\\/hennepthee\\\/duurzame-verpakking\\\/#breadcrumb\"},\"inLanguage\":\"nl-NL\",\"potentialAction\":[{\"@type\":\"ReadAction\",\"target\":[\"https:\\\/\\\/dutchharvest.org\\\/nl\\\/hennepthee\\\/duurzame-verpakking\\\/\"]}]},{\"@type\":\"BreadcrumbList\",\"@id\":\"https:\\\/\\\/dutchharvest.org\\\/nl\\\/hennepthee\\\/duurzame-verpakking\\\/#breadcrumb\",\"itemListElement\":[{\"@type\":\"ListItem\",\"position\":1,\"name\":\"Home\",\"item\":\"https:\\\/\\\/dutchharvest.org\\\/nl\\\/\"},{\"@type\":\"ListItem\",\"position\":2,\"name\":\"Producten\",\"item\":\"https:\\\/\\\/dutchharvest.org\\\/nl\\\/hennepthee\\\/\"},{\"@type\":\"ListItem\",\"position\":3,\"name\":\"Duurzame verpakking\"}]},{\"@type\":\"WebSite\",\"@id\":\"https:\\\/\\\/dutchharvest.org\\\/nl\\\/#website\",\"url\":\"https:\\\/\\\/dutchharvest.org\\\/nl\\\/\",\"name\":\"Dutch Harvest\",\"description\":\"Milde hennepthee van Nederlandse bodem\",\"potentialAction\":[{\"@type\":\"SearchAction\",\"target\":{\"@type\":\"EntryPoint\",\"urlTemplate\":\"https:\\\/\\\/dutchharvest.org\\\/nl\\\/?s={search_term_string}\"},\"query-input\":{\"@type\":\"PropertyValueSpecification\",\"valueRequired\":true,\"valueName\":\"search_term_string\"}}],\"inLanguage\":\"nl-NL\"}]}<\/script>\n<!-- \/ Yoast SEO plugin. -->","yoast_head_json":{"title":"Duurzame verpakking - Dutch Harvest hennepthee","description":"Dutch Harvest hennepthee is verpakt in een duurzame verpakking. We verpakken de hennepbladeren en -bloemen als losse thee, voor optimale smaakontwikkeling.","robots":{"index":"index","follow":"follow","max-snippet":"max-snippet:-1","max-image-preview":"max-image-preview:large","max-video-preview":"max-video-preview:-1"},"canonical":"https:\/\/dutchharvest.org\/nl\/hennepthee\/duurzame-verpakking\/","og_locale":"nl_NL","og_type":"article","og_title":"Duurzame verpakking - Dutch Harvest hennepthee","og_description":"Dutch Harvest hennepthee is verpakt in een duurzame verpakking. We verpakken de hennepbladeren en -bloemen als losse thee, voor optimale smaakontwikkeling.","og_url":"https:\/\/dutchharvest.org\/nl\/hennepthee\/duurzame-verpakking\/","og_site_name":"Dutch Harvest","article_publisher":"https:\/\/www.facebook.com\/DutchHarvestHennepThee\/","article_modified_time":"2020-03-08T14:33:00+00:00","twitter_card":"summary_large_image","twitter_misc":{"Geschatte leestijd":"5 minuten"},"schema":{"@context":"https:\/\/schema.org","@graph":[{"@type":"WebPage","@id":"https:\/\/dutchharvest.org\/nl\/hennepthee\/duurzame-verpakking\/","url":"https:\/\/dutchharvest.org\/nl\/hennepthee\/duurzame-verpakking\/","name":"Duurzame verpakking - Dutch Harvest hennepthee","isPartOf":{"@id":"https:\/\/dutchharvest.org\/nl\/#website"},"datePublished":"2019-07-15T07:39:25+00:00","dateModified":"2020-03-08T14:33:00+00:00","description":"Dutch Harvest hennepthee is verpakt in een duurzame verpakking. We verpakken de hennepbladeren en -bloemen als losse thee, voor optimale smaakontwikkeling.","breadcrumb":{"@id":"https:\/\/dutchharvest.org\/nl\/hennepthee\/duurzame-verpakking\/#breadcrumb"},"inLanguage":"nl-NL","potentialAction":[{"@type":"ReadAction","target":["https:\/\/dutchharvest.org\/nl\/hennepthee\/duurzame-verpakking\/"]}]},{"@type":"BreadcrumbList","@id":"https:\/\/dutchharvest.org\/nl\/hennepthee\/duurzame-verpakking\/#breadcrumb","itemListElement":[{"@type":"ListItem","position":1,"name":"Home","item":"https:\/\/dutchharvest.org\/nl\/"},{"@type":"ListItem","position":2,"name":"Producten","item":"https:\/\/dutchharvest.org\/nl\/hennepthee\/"},{"@type":"ListItem","position":3,"name":"Duurzame verpakking"}]},{"@type":"WebSite","@id":"https:\/\/dutchharvest.org\/nl\/#website","url":"https:\/\/dutchharvest.org\/nl\/","name":"Dutch Harvest","description":"Milde hennepthee van Nederlandse bodem","potentialAction":[{"@type":"SearchAction","target":{"@type":"EntryPoint","urlTemplate":"https:\/\/dutchharvest.org\/nl\/?s={search_term_string}"},"query-input":{"@type":"PropertyValueSpecification","valueRequired":true,"valueName":"search_term_string"}}],"inLanguage":"nl-NL"}]}},"_links":{"self":[{"href":"https:\/\/dutchharvest.org\/nl\/wp-json\/wp\/v2\/pages\/57","targetHints":{"allow":["GET"]}}],"collection":[{"href":"https:\/\/dutchharvest.org\/nl\/wp-json\/wp\/v2\/pages"}],"about":[{"href":"https:\/\/dutchharvest.org\/nl\/wp-json\/wp\/v2\/types\/page"}],"author":[{"embeddable":true,"href":"https:\/\/dutchharvest.org\/nl\/wp-json\/wp\/v2\/users\/1"}],"replies":[{"embeddable":true,"href":"https:\/\/dutchharvest.org\/nl\/wp-json\/wp\/v2\/comments?post=57"}],"version-history":[{"count":56,"href":"https:\/\/dutchharvest.org\/nl\/wp-json\/wp\/v2\/pages\/57\/revisions"}],"predecessor-version":[{"id":5822,"href":"https:\/\/dutchharvest.org\/nl\/wp-json\/wp\/v2\/pages\/57\/revisions\/5822"}],"up":[{"embeddable":true,"href":"https:\/\/dutchharvest.org\/nl\/wp-json\/wp\/v2\/pages\/4633"}],"wp:attachment":[{"href":"https:\/\/dutchharvest.org\/nl\/wp-json\/wp\/v2\/media?parent=57"}],"curies":[{"name":"wp","href":"https:\/\/api.w.org\/{rel}","templated":true}]}}